{"id":2550,"date":"2016-08-23T08:14:12","date_gmt":"2016-08-23T06:14:12","guid":{"rendered":"http:\/\/semmelweis.hu\/fogpotlastan\/?page_id=2550"},"modified":"2025-03-20T14:22:04","modified_gmt":"2025-03-20T13:22:04","slug":"konig-janos","status":"publish","type":"page","link":"https:\/\/semmelweis.hu\/fogpotlastan\/munkatarsak-terv\/konig-janos\/","title":{"rendered":"Dr. K\u00f6nig J\u00e1nos"},"content":{"rendered":"<p><span style=\"font-size: 12pt\"><strong>Tanulm\u00e1nyok, szakk\u00e9pes\u00edt\u00e9s<\/strong><a href=\"https:\/\/semmelweis.hu\/fogpotlastan\/files\/2019\/10\/Dr.-K\u00f6nig-J\u00e1nos.jpg\"><img loading=\"lazy\" decoding=\"async\" class=\"size-medium wp-image-5576 alignright\" src=\"https:\/\/semmelweis.hu\/fogpotlastan\/files\/2019\/10\/Dr.-K\u00f6nig-J\u00e1nos-200x300.jpg\" alt=\"\" width=\"200\" height=\"300\" srcset=\"https:\/\/semmelweis.hu\/fogpotlastan\/files\/2019\/10\/Dr.-K\u00f6nig-J\u00e1nos-200x300.jpg 200w, https:\/\/semmelweis.hu\/fogpotlastan\/files\/2019\/10\/Dr.-K\u00f6nig-J\u00e1nos.jpg 500w\" sizes=\"auto, (max-width: 200px) 100vw, 200px\" \/><\/a><\/span><br \/>\n<span style=\"font-size: 12pt\">2016 fogorvosi diploma \u2013 Semmelweis Egyetem Fogorvostudom\u00e1nyi Kar<br \/>\n<\/span><span style=\"font-size: 12pt\">2019 Konzerv\u00e1l\u00f3 fog\u00e1szat \u00e9s fogp\u00f3tl\u00e1stan szakvizsga<\/span><\/p>\n<p><span style=\"font-size: 12pt\"><strong>Szakmai tapasztalat \/ klinikai el\u0151menetel<\/strong><\/span><br \/>\n<span style=\"font-size: 12pt\">2016- Fogp\u00f3tl\u00e1stan Klinika \u2013 k\u00f6zponti gyakornok<br \/>\n2019- Fogp\u00f3tl\u00e1stani Klinika &#8211; klinikai szakorvos<\/p>\n<p><\/span><span style=\"font-size: 12pt\"><strong>Tudom\u00e1nyos tev\u00e9kenys\u00e9g<\/strong><\/span><br \/>\n<span style=\"font-size: 12pt\">munkacsoport: Helyre\u00e1ll\u00edt\u00f3 protetikai munkacsoport, Implant\u00e1ci\u00f3s protetikai munkacsoport<\/span><br \/>\n<span style=\"font-size: 12pt\"><br \/>\n<strong>Szakmai tov\u00e1bbk\u00e9pz\u00e9sek r\u00e9szvev\u0151k\u00e9nt<\/strong><\/span><br \/>\n<span style=\"font-size: 12pt\">\u00dcvegionomer cementek A-t\u00f3l Z-ig (GCEEO Hungary, 2017) <\/span><br \/>\n<span style=\"font-size: 12pt\">Biomechanikai elveken alapul\u00f3 prepar\u00e1ci\u00f3s technik\u00e1k I. &#8211; Anterior r\u00e9gi\u00f3 (Dr. Grosz J\u00e1nos, IvoDent Magyarorsz\u00e1g Kft., 2017) <\/span><br \/>\n<span style=\"font-size: 12pt\">Endodoncia napjainkban (Semmelweis Egyetem Konzerv\u00e1l\u00f3 Fog\u00e1szati Klinika, 2017) <\/span><br \/>\n<span style=\"font-size: 12pt\"><br \/>\n<strong>Nyelvismeret<\/strong><\/span><br \/>\n<span style=\"font-size: 12pt\">magyar anyanyelv<\/span><br \/>\n<span style=\"font-size: 12pt\">angol k\u00f6z\u00e9pfok (\u201eC\u201d)<\/span><br \/>\n<span style=\"font-size: 12pt\">n\u00e9met k\u00f6z\u00e9pfok (\u201eA\u201d, \u201eB\u201d)<\/span><\/p>\n<p><a href=\"https:\/\/m2.mtmt.hu\/gui2\/?type=authors&amp;mode=browse&amp;sel=10069604\"><span style=\"font-size: 12pt\">Tudom\u00e1nyos k\u00f6zlem\u00e9nyek<\/span><\/a><\/p>\n<p><span style=\"font-size: 12pt\"><em>Az el\u00e9rhet\u0151s\u00e9gi adatok nem haszn\u00e1lhat\u00f3k fel az 1995. \u00e9vi CXIX. t\u00f6rv\u00e9ny szerinti kutat\u00e1s \u00e9s k\u00f6zvetlen \u00fczletszerz\u00e9s c\u00e9lj\u00e1ra.<\/em><\/span><\/p>\n","protected":false},"excerpt":{"rendered":"<p>Tanulm\u00e1nyok, szakk\u00e9pes\u00edt\u00e9s <a href=\"https:\/\/semmelweis.hu\/fogpotlastan\/files\/2019\/10\/Dr.-K\u00f6nig-J\u00e1nos.jpg\"><\/a> 2016 fogorvosi diploma \u2013 Semmelweis Egyetem Fogorvostudom\u00e1nyi Kar 2019 Konzerv\u00e1l\u00f3 fog\u00e1szat \u00e9s fogp\u00f3tl\u00e1stan szakvizsga Szakmai tapasztalat \/ klinikai el\u0151menetel 2016- Fogp\u00f3tl\u00e1stan Klinika \u2013 k\u00f6zponti gyakornok 2019- Fogp\u00f3tl\u00e1stani Klinika &#8211; klinikai szakorvos Tudom\u00e1nyos tev\u00e9kenys\u00e9g munkacsoport: Helyre\u00e1ll\u00edt\u00f3 protetikai munkacsoport, Implant\u00e1ci\u00f3s protetikai munkacsoport Szakmai tov\u00e1bbk\u00e9pz\u00e9sek r\u00e9szvev\u0151k\u00e9nt \u00dcvegionomer cementek A-t\u00f3l Z-ig (GCEEO Hungary, 2017) Biomechanikai elveken alapul\u00f3 &hellip;<\/p>\n","protected":false},"author":38,"featured_media":0,"parent":9019,"menu_order":1,"comment_status":"closed","ping_status":"closed","template":"","meta":{"_acf_changed":false,"footnotes":""},"categories":[],"tags":[],"class_list":["post-2550","page","type-page","status-publish","hentry"],"acf":[],"_links":{"self":[{"href":"https:\/\/semmelweis.hu\/fogpotlastan\/wp-json\/wp\/v2\/pages\/2550","targetHints":{"allow":["GET"]}}],"collection":[{"href":"https:\/\/semmelweis.hu\/fogpotlastan\/wp-json\/wp\/v2\/pages"}],"about":[{"href":"https:\/\/semmelweis.hu\/fogpotlastan\/wp-json\/wp\/v2\/types\/page"}],"author":[{"embeddable":true,"href":"https:\/\/semmelweis.hu\/fogpotlastan\/wp-json\/wp\/v2\/users\/38"}],"replies":[{"embeddable":true,"href":"https:\/\/semmelweis.hu\/fogpotlastan\/wp-json\/wp\/v2\/comments?post=2550"}],"version-history":[{"count":11,"href":"https:\/\/semmelweis.hu\/fogpotlastan\/wp-json\/wp\/v2\/pages\/2550\/revisions"}],"predecessor-version":[{"id":9537,"href":"https:\/\/semmelweis.hu\/fogpotlastan\/wp-json\/wp\/v2\/pages\/2550\/revisions\/9537"}],"up":[{"embeddable":true,"href":"https:\/\/semmelweis.hu\/fogpotlastan\/wp-json\/wp\/v2\/pages\/9019"}],"wp:attachment":[{"href":"https:\/\/semmelweis.hu\/fogpotlastan\/wp-json\/wp\/v2\/media?parent=2550"}],"wp:term":[{"taxonomy":"category","embeddable":true,"href":"https:\/\/semmelweis.hu\/fogpotlastan\/wp-json\/wp\/v2\/categories?post=2550"},{"taxonomy":"post_tag","embeddable":true,"href":"https:\/\/semmelweis.hu\/fogpotlastan\/wp-json\/wp\/v2\/tags?post=2550"}],"curies":[{"name":"wp","href":"https:\/\/api.w.org\/{rel}","templated":true}]}}