{"id":2380,"date":"2016-06-15T08:03:45","date_gmt":"2016-06-15T06:03:45","guid":{"rendered":"http:\/\/semmelweis.hu\/fogpotlastan\/?page_id=2380"},"modified":"2024-05-28T14:19:57","modified_gmt":"2024-05-28T12:19:57","slug":"torok-greta","status":"publish","type":"page","link":"https:\/\/semmelweis.hu\/fogpotlastan\/munkatarsak-terv\/torok-greta\/","title":{"rendered":"Dr. T\u00f6r\u00f6k Gr\u00e9ta"},"content":{"rendered":"<p><span style=\"font-size: 12pt\"><strong>Tanulm\u00e1nyok, szakk\u00e9pes\u00edt\u00e9s<img loading=\"lazy\" decoding=\"async\" class=\"size-medium wp-image-5593 alignright\" src=\"https:\/\/semmelweis.hu\/fogpotlastan\/files\/2019\/10\/Dr.-T\u00f6r\u00f6k-Gr\u00e9ta-200x300.jpg\" alt=\"\" width=\"200\" height=\"300\" srcset=\"https:\/\/semmelweis.hu\/fogpotlastan\/files\/2019\/10\/Dr.-T\u00f6r\u00f6k-Gr\u00e9ta-200x300.jpg 200w, https:\/\/semmelweis.hu\/fogpotlastan\/files\/2019\/10\/Dr.-T\u00f6r\u00f6k-Gr\u00e9ta.jpg 500w\" sizes=\"auto, (max-width: 200px) 100vw, 200px\" \/><\/strong><br \/>\n<\/span><span style=\"font-size: 12pt\">2018 Konzerv\u00e1l\u00f3 fog\u00e1szat \u00e9s fogp\u00f3tl\u00e1stan szakvizsga<\/span><br \/>\n<span style=\"font-size: 12pt\">2016- Doktori Iskola, Klinikai Orvostudom\u00e1nyok, Fogorvostudom\u00e1nyi kutat\u00e1sok<\/span><br \/>\n<span style=\"font-size: 12pt\">2015 Fogorvos diploma \u2013 Semmelweis Egyetem Fogorvostudom\u00e1nyi Kar<\/span><br \/>\n<span style=\"font-size: 12pt\"><br \/>\n<strong>Szakmai tapasztalat \/ klinikai el\u0151menetel<\/strong><\/span><br \/>\n<span style=\"font-size: 12pt\">2020- Fogp\u00f3tl\u00e1stani Klinika &#8211; egyetemi tan\u00e1rseg\u00e9d<br \/>\n2018- Fogp\u00f3tl\u00e1stani Klinika &#8211; klinikai szakorvos<\/span><br \/>\n<span style=\"font-size: 12pt\">2015-2018 Fogp\u00f3tl\u00e1stan Klinika \u2013 klinikai orvos<\/span><br \/>\n<span style=\"font-size: 12pt\"><br \/>\n<strong>Tudom\u00e1nyos tev\u00e9kenys\u00e9g<\/strong><\/span><br \/>\n<span style=\"font-size: 12pt\">PhD: \u201eA fog\u00e1szati navig\u00e1ci\u00f3s implantol\u00f3gi\u00e1ban haszn\u00e1lt f\u00far\u00f3sablonok in vitro vizsg\u00e1lata\u201d<\/span><br \/>\n<span style=\"font-size: 12pt\">Klinikai Orvostudom\u00e1nyok Doktori Iskola, Fogorvostudom\u00e1nyi kutat\u00e1sok<\/span><br \/>\n<span style=\"font-size: 12pt\"><br \/>\n<strong>Tudom\u00e1nyos k\u00f6zlem\u00e9nyek<\/strong><\/span><br \/>\n<span style=\"font-size: 12pt\"><br \/>\n<\/span><span style=\"font-size: 12pt\"><strong>El\u0151ad\u00e1sok<\/strong> <\/span><br \/>\n<span style=\"font-size: 12pt\">2015. szeptember. Magyar Fogorvosok Egyes\u00fclet\u00e9nek Fogp\u00f3tl\u00e1stani T\u00e1rsas\u00e1g\u00e1nak XXI. Kongresszus\u00e1n Steriliz\u00e1ci\u00f3s elj\u00e1r\u00e1sok anyagszerkezettani vizsg\u00e1lata k\u00fcl\u00f6n\u00f6s tekintettel a 3D technol\u00f3gi\u00e1val nyomtatott fog\u00e1szati implant\u00e1ci\u00f3s f\u00far\u00f3sablonokra c\u00edmmel el\u0151ad\u00e1s<br \/>\n<\/span><span style=\"font-size: 12pt\">2016. m\u00e1jus. \u00c1rk\u00f6vy v\u00e1ndorgy\u0171l\u00e9s, poszter szekci\u00f3ban Steriliz\u00e1ci\u00f3s elj\u00e1r\u00e1sok anyagszerkezettani vizsg\u00e1lata k\u00fcl\u00f6n\u00f6s tekintettel a 3D technol\u00f3gi\u00e1val nyomtatott fog\u00e1szati implant\u00e1ci\u00f3s f\u00far\u00f3sablonokra c\u00edmmel<br \/>\n<\/span><span style=\"font-size: 12pt\">2017.szeptember. Magyar Fogorvosok Egyes\u00fclete Fogp\u00f3tl\u00e1stani T\u00e1rsas\u00e1g\u00e1nak XXII. Kongresszus\u00e1n el\u0151ad\u00e1s Fog\u00e1szati navig\u00e1ci\u00f3s implant\u00e1ci\u00f3s rendszer pontoss\u00e1g\u00e1nak vizsg\u00e1lata c\u00edmmel el\u0151ad\u00e1s<br \/>\n<\/span><span style=\"font-size: 12pt\">2017. szeptember CED-IADR\/NOF Oral Health Research Congress (B\u00e9cs), poszter szekci\u00f3ban Comparison of sterilization procedures in 3D-printed dental implant drill guide templates c\u00edmmel<\/span><\/p>\n<p><strong><span style=\"font-size: 12pt\">Szakmai tov\u00e1bbk\u00e9pz\u00e9sek el\u0151ad\u00f3k\u00e9nt<\/span><\/strong><br \/>\n<span style=\"font-size: 12pt\">2018. m\u00e1rcius. Magyar Orvosi Kamara Fogorvosok Ter\u00fcleti Szervezete \u00e1ltal rendezett \u201eA fogorvostudom\u00e1ny aktu\u00e1lis k\u00e9rd\u00e9sei\u201d tov\u00e1bbk\u00e9pz\u00e9s (Gy\u0151r)<\/span><br \/>\n<span style=\"font-size: 12pt\">2018. j\u00fanius. Magyar Orvosi Kamara Fogorvosok Ter\u00fcleti Szervezete \u00e1ltal rendezett \u201eA fogorvostudom\u00e1ny aktu\u00e1lis k\u00e9rd\u00e9sei\u201d tov\u00e1bbk\u00e9pz\u00e9s (Miskolc)<\/span><\/p>\n<p><strong><span style=\"font-size: 12pt\">Szakmai tov\u00e1bbk\u00e9pz\u00e9sek r\u00e9szvev\u0151k\u00e9nt<\/span><\/strong><br \/>\n<span style=\"font-size: 12pt\">2017. szeptember. CED-IADR\/NOF Oral Health Research Congress (B\u00e9cs)<\/span><br \/>\n<span style=\"font-size: 12pt\">2017.m\u00e1jus. GCEEO Hungary, Modern \u00fcvegionomer technol\u00f3gia<\/span><br \/>\n<span style=\"font-size: 12pt\">2018. szeptember. MORITA endokurzus<\/span><\/p>\n<p><strong><span style=\"font-size: 12pt\">Szakmai szervezeti tags\u00e1gok<\/span><\/strong><br \/>\n<span style=\"font-size: 12pt\">MFE Fogp\u00f3tl\u00e1stani T\u00e1rsas\u00e1g <\/span><br \/>\n<span style=\"font-size: 12pt\">Magyar Orvosi Kamara<\/span><br \/>\n<span style=\"font-size: 12pt\"><br \/>\n<strong>Nyelvismeret<\/strong><\/span><br \/>\n<span style=\"font-size: 12pt\">magyar anyanyelv<\/span><br \/>\n<span style=\"font-size: 12pt\">angol fels\u0151fok<\/span><\/p>\n<p><strong><span style=\"font-size: 12pt\">Egy\u00e9b<\/span><\/strong><br \/>\n<span style=\"font-size: 12pt\">Szabadid\u0151mben sportolok \u00e9s olvasok.<\/span><\/p>\n<p><a href=\"https:\/\/m2.mtmt.hu\/gui2\/?type=authors&amp;mode=browse&amp;sel=10059494\"><span style=\"font-size: 12pt\">Tudom\u00e1nyos k\u00f6zlem\u00e9nyek<\/span><\/a><\/p>\n<p><span style=\"font-size: 10pt\"><em>Az el\u00e9rhet\u0151s\u00e9gi adatok nem haszn\u00e1lhat\u00f3k fel az 1995. \u00e9vi CXIX. t\u00f6rv\u00e9ny szerinti kutat\u00e1s \u00e9s k\u00f6zvetlen \u00fczletszerz\u00e9s c\u00e9lj\u00e1ra.<\/em><\/span><\/p>\n","protected":false},"excerpt":{"rendered":"<p>Tanulm\u00e1nyok, szakk\u00e9pes\u00edt\u00e9s 2018 Konzerv\u00e1l\u00f3 fog\u00e1szat \u00e9s fogp\u00f3tl\u00e1stan szakvizsga 2016- Doktori Iskola, Klinikai Orvostudom\u00e1nyok, Fogorvostudom\u00e1nyi kutat\u00e1sok 2015 Fogorvos diploma \u2013 Semmelweis Egyetem Fogorvostudom\u00e1nyi Kar Szakmai tapasztalat \/ klinikai el\u0151menetel 2020- Fogp\u00f3tl\u00e1stani Klinika &#8211; egyetemi tan\u00e1rseg\u00e9d 2018- Fogp\u00f3tl\u00e1stani Klinika &#8211; klinikai szakorvos 2015-2018 Fogp\u00f3tl\u00e1stan Klinika \u2013 klinikai orvos Tudom\u00e1nyos tev\u00e9kenys\u00e9g PhD: \u201eA fog\u00e1szati navig\u00e1ci\u00f3s implantol\u00f3gi\u00e1ban haszn\u00e1lt f\u00far\u00f3sablonok &hellip;<\/p>\n","protected":false},"author":38,"featured_media":0,"parent":9019,"menu_order":1,"comment_status":"closed","ping_status":"closed","template":"","meta":{"_acf_changed":false,"footnotes":""},"categories":[],"tags":[],"class_list":["post-2380","page","type-page","status-publish","hentry"],"acf":[],"_links":{"self":[{"href":"https:\/\/semmelweis.hu\/fogpotlastan\/wp-json\/wp\/v2\/pages\/2380","targetHints":{"allow":["GET"]}}],"collection":[{"href":"https:\/\/semmelweis.hu\/fogpotlastan\/wp-json\/wp\/v2\/pages"}],"about":[{"href":"https:\/\/semmelweis.hu\/fogpotlastan\/wp-json\/wp\/v2\/types\/page"}],"author":[{"embeddable":true,"href":"https:\/\/semmelweis.hu\/fogpotlastan\/wp-json\/wp\/v2\/users\/38"}],"replies":[{"embeddable":true,"href":"https:\/\/semmelweis.hu\/fogpotlastan\/wp-json\/wp\/v2\/comments?post=2380"}],"version-history":[{"count":11,"href":"https:\/\/semmelweis.hu\/fogpotlastan\/wp-json\/wp\/v2\/pages\/2380\/revisions"}],"predecessor-version":[{"id":8538,"href":"https:\/\/semmelweis.hu\/fogpotlastan\/wp-json\/wp\/v2\/pages\/2380\/revisions\/8538"}],"up":[{"embeddable":true,"href":"https:\/\/semmelweis.hu\/fogpotlastan\/wp-json\/wp\/v2\/pages\/9019"}],"wp:attachment":[{"href":"https:\/\/semmelweis.hu\/fogpotlastan\/wp-json\/wp\/v2\/media?parent=2380"}],"wp:term":[{"taxonomy":"category","embeddable":true,"href":"https:\/\/semmelweis.hu\/fogpotlastan\/wp-json\/wp\/v2\/categories?post=2380"},{"taxonomy":"post_tag","embeddable":true,"href":"https:\/\/semmelweis.hu\/fogpotlastan\/wp-json\/wp\/v2\/tags?post=2380"}],"curies":[{"name":"wp","href":"https:\/\/api.w.org\/{rel}","templated":true}]}}