{"id":2319,"date":"2016-06-13T13:03:24","date_gmt":"2016-06-13T11:03:24","guid":{"rendered":"http:\/\/semmelweis.hu\/fogpotlastan\/?page_id=2319"},"modified":"2024-05-28T14:23:36","modified_gmt":"2024-05-28T12:23:36","slug":"czigola-alexandra","status":"publish","type":"page","link":"https:\/\/semmelweis.hu\/fogpotlastan\/munkatarsak-terv\/czigola-alexandra\/","title":{"rendered":"Dr. Laki-Czigola Alexandra"},"content":{"rendered":"<p><span style=\"font-size: 12pt\"><strong>Tanulm\u00e1nyok, szakk\u00e9pes\u00edt\u00e9s<a href=\"https:\/\/semmelweis.hu\/fogpotlastan\/files\/2019\/10\/Dr.-Czigola-Alexandra.jpg\"><img loading=\"lazy\" decoding=\"async\" class=\"size-medium wp-image-5559 alignright\" src=\"https:\/\/semmelweis.hu\/fogpotlastan\/files\/2019\/10\/Dr.-Czigola-Alexandra-200x300.jpg\" alt=\"\" width=\"200\" height=\"300\" srcset=\"https:\/\/semmelweis.hu\/fogpotlastan\/files\/2019\/10\/Dr.-Czigola-Alexandra-200x300.jpg 200w, https:\/\/semmelweis.hu\/fogpotlastan\/files\/2019\/10\/Dr.-Czigola-Alexandra.jpg 500w\" sizes=\"auto, (max-width: 200px) 100vw, 200px\" \/><\/a><\/strong><\/span><br \/>\n<span style=\"font-size: 12pt\">2018 Konzerv\u00e1l\u00f3 Fog\u00e1szat \u00e9s Fogp\u00f3tl\u00e1stan szakfogorvosa<\/span><br \/>\n<span style=\"font-size: 12pt\">2015 Fogorvos diploma \u2013 Semmelweis Egyetem Fogorvostudom\u00e1nyi Kar<\/span><\/p>\n<p><span style=\"font-size: 12pt\"><strong>Szakmai tapasztalat<\/strong> <\/span><br \/>\n<span style=\"font-size: 12pt\">2020- Semmelweis Egyetem, Fogorvostudom\u00e1nyi kar, Fogp\u00f3tl\u00e1stan Klinika \u2013 egyetemi tan\u00e1rseg\u00e9d<br \/>\n2018- Semmelweis Egyetem, Fogorvostudom\u00e1nyi kar, Fogp\u00f3tl\u00e1stan Klinika \u2013 klinikai szakorvos<\/span><br \/>\n<span style=\"font-size: 12pt\">2015-2018 Semmelweis Egyetem, Fogorvostudom\u00e1nyi kar, Fogp\u00f3tl\u00e1stan Klinika &#8211; k\u00f6zponti gyakornok<\/span><\/p>\n<p><span style=\"font-size: 12pt\"><strong>Tudom\u00e1nyos tev\u00e9kenys\u00e9g<\/strong><\/span><br \/>\n<span style=\"font-size: 12pt\">2016 &#8211; PhD hallgat\u00f3: Monolitikus ker\u00e1mia restaur\u00e1ci\u00f3k optikai tulajdons\u00e1gainak vizsg\u00e1lata (t\u00e9mavezet\u0151: Dr. Borb\u00e9ly Judit) <\/span><br \/>\n<span style=\"font-size: 12pt\">2015 &#8211; Digit\u00e1lis Fog\u00e1szati Munkacsoport tagja<\/span><\/p>\n<p><span style=\"font-size: 12pt\"><strong>El\u0151ad\u00e1sok:<\/strong><\/span><br \/>\n<span style=\"font-size: 12pt\">Fogsz\u00edn-meghat\u00e1roz\u00e1s c. el\u0151d\u00e1s tart\u00e1sa a \u2019K\u00f6telez\u0151 szakmacsoportos tov\u00e1bbk\u00e9pz\u00e9sen fog\u00e1szati ell\u00e1t\u00e1s szakmacsoport r\u00e9sz\u00e9re\u2019 2017-<\/span><br \/>\n<span style=\"font-size: 12pt\">KTP (klinikai tehets\u00e9ggondoz\u00f3 program) el\u0151ad\u00e1s a fogp\u00f3tl\u00e1stani klinik\u00e1n: Digit\u00e1lis \u00e9s hagyom\u00e1nyos fogsz\u00edn-meghat\u00e1roz\u00e1s, Shade-Assist 2017-<\/span><br \/>\n<span style=\"font-size: 12pt\">Odontotechnologie \u2013 Protetische Propedeutik II. 2016-<\/span><br \/>\n<span style=\"font-size: 12pt\">Die Bestimmung der Zahnfarbe <\/span><br \/>\n<span style=\"font-size: 12pt\">Die Herstellung der pr\u00e4zisions-situations Abformung und des S\u00e4geschnittmodells<\/span><\/p>\n<p><span style=\"font-size: 12pt\"><strong>Szakmai tov\u00e1bbk\u00e9pz\u00e9sek el\u0151ad\u00f3k\u00e9nt<\/strong><\/span><br \/>\n<span style=\"font-size: 12pt\">A. Czigola: Effect of substrate, ceramic thickness, translucency and cement shade on the color of CAD\/CAM lithium-disilicate crowns 2018 PhD. napok Budapest<\/span><br \/>\n<span style=\"font-size: 12pt\">Czigola A.: Monolitikus CAD\/CAM e.max ker\u00e1mia koron\u00e1k optikai tulajdons\u00e1gainak vizsg\u00e1lata 2018 Fogp\u00f3tl\u00e1stani napok, Debrecen<\/span><br \/>\n<span style=\"font-size: 12pt\">Czigola A. : \u00dcvegker\u00e1mia fogp\u00f3tl\u00e1sok sz\u00edn\u00e9t befoly\u00e1sol\u00f3 t\u00e9nyez\u0151k 2015 Fogp\u00f3tl\u00e1stani napok, P\u00e9cs<\/span><\/p>\n<p>\n<span style=\"font-size: 12pt\"><strong>Nyelvismeret<\/strong><\/span><br \/>\n<span style=\"font-size: 12pt\">magyar anyanyelv<\/span><br \/>\n<span style=\"font-size: 12pt\">angol fels\u0151fok : C t\u00edpus\u00fa nyelvvizsga<\/span><br \/>\n<span style=\"font-size: 12pt\">n\u00e9met k\u00f6z\u00e9pfok: B t\u00edpus\u00fa nyelvvizsga<\/span><\/p>\n<p><span style=\"font-size: 12pt\"><strong>Egy\u00e9b<\/strong> <\/span><br \/>\n<span style=\"font-size: 12pt\">Szabadid\u0151mben sz\u00edvesen vagyok bar\u00e1taimmal \u00e9s csal\u00e1dommal, s\u00fct\u00f6k, \u00e9s aerobik \u00f3r\u00e1kra j\u00e1rok.<\/span><\/p>\n<p><a href=\"https:\/\/m2.mtmt.hu\/gui2\/?mode=search&amp;query=publication;labelOrMtid;eq;Czigola\"><span style=\"font-size: 12pt\">Tudom\u00e1nyos k\u00f6zlem\u00e9nyek<\/span><\/a><\/p>\n<p><span style=\"font-size: 12pt\"><em>Az el\u00e9rhet\u0151s\u00e9gi adatok nem haszn\u00e1lhat\u00f3k fel az 1995. \u00e9vi CXIX. t\u00f6rv\u00e9ny szerinti kutat\u00e1s \u00e9s k\u00f6zvetlen \u00fczletszerz\u00e9s c\u00e9lj\u00e1ra.<\/em><\/span><\/p>\n<p>&nbsp;<\/p>\n<p>&nbsp;<\/p>\n<p>&nbsp;<\/p>\n","protected":false},"excerpt":{"rendered":"<p>Tanulm\u00e1nyok, szakk\u00e9pes\u00edt\u00e9s <a href=\"https:\/\/semmelweis.hu\/fogpotlastan\/files\/2019\/10\/Dr.-Czigola-Alexandra.jpg\"><\/a> 2018 Konzerv\u00e1l\u00f3 Fog\u00e1szat \u00e9s Fogp\u00f3tl\u00e1stan szakfogorvosa 2015 Fogorvos diploma \u2013 Semmelweis Egyetem Fogorvostudom\u00e1nyi Kar Szakmai tapasztalat 2020- Semmelweis Egyetem, Fogorvostudom\u00e1nyi kar, Fogp\u00f3tl\u00e1stan Klinika \u2013 egyetemi tan\u00e1rseg\u00e9d 2018- Semmelweis Egyetem, Fogorvostudom\u00e1nyi kar, Fogp\u00f3tl\u00e1stan Klinika \u2013 klinikai szakorvos 2015-2018 Semmelweis Egyetem, Fogorvostudom\u00e1nyi kar, Fogp\u00f3tl\u00e1stan Klinika &#8211; k\u00f6zponti gyakornok Tudom\u00e1nyos tev\u00e9kenys\u00e9g 2016 &#8211; PhD hallgat\u00f3: Monolitikus &hellip;<\/p>\n","protected":false},"author":38,"featured_media":0,"parent":9019,"menu_order":1,"comment_status":"closed","ping_status":"closed","template":"","meta":{"_acf_changed":false,"footnotes":""},"categories":[],"tags":[],"class_list":["post-2319","page","type-page","status-publish","hentry"],"acf":[],"_links":{"self":[{"href":"https:\/\/semmelweis.hu\/fogpotlastan\/wp-json\/wp\/v2\/pages\/2319","targetHints":{"allow":["GET"]}}],"collection":[{"href":"https:\/\/semmelweis.hu\/fogpotlastan\/wp-json\/wp\/v2\/pages"}],"about":[{"href":"https:\/\/semmelweis.hu\/fogpotlastan\/wp-json\/wp\/v2\/types\/page"}],"author":[{"embeddable":true,"href":"https:\/\/semmelweis.hu\/fogpotlastan\/wp-json\/wp\/v2\/users\/38"}],"replies":[{"embeddable":true,"href":"https:\/\/semmelweis.hu\/fogpotlastan\/wp-json\/wp\/v2\/comments?post=2319"}],"version-history":[{"count":10,"href":"https:\/\/semmelweis.hu\/fogpotlastan\/wp-json\/wp\/v2\/pages\/2319\/revisions"}],"predecessor-version":[{"id":9118,"href":"https:\/\/semmelweis.hu\/fogpotlastan\/wp-json\/wp\/v2\/pages\/2319\/revisions\/9118"}],"up":[{"embeddable":true,"href":"https:\/\/semmelweis.hu\/fogpotlastan\/wp-json\/wp\/v2\/pages\/9019"}],"wp:attachment":[{"href":"https:\/\/semmelweis.hu\/fogpotlastan\/wp-json\/wp\/v2\/media?parent=2319"}],"wp:term":[{"taxonomy":"category","embeddable":true,"href":"https:\/\/semmelweis.hu\/fogpotlastan\/wp-json\/wp\/v2\/categories?post=2319"},{"taxonomy":"post_tag","embeddable":true,"href":"https:\/\/semmelweis.hu\/fogpotlastan\/wp-json\/wp\/v2\/tags?post=2319"}],"curies":[{"name":"wp","href":"https:\/\/api.w.org\/{rel}","templated":true}]}}