{"id":2313,"date":"2016-06-13T12:48:17","date_gmt":"2016-06-13T10:48:17","guid":{"rendered":"http:\/\/semmelweis.hu\/fogpotlastan\/?page_id=2313"},"modified":"2025-03-26T15:19:57","modified_gmt":"2025-03-26T14:19:57","slug":"kormendi-szandra","status":"publish","type":"page","link":"https:\/\/semmelweis.hu\/fogpotlastan\/munkatarsak-terv\/kormendi-szandra\/","title":{"rendered":"Dr. K\u00f6rmendi Szandra"},"content":{"rendered":"<p><span style=\"font-size: 12pt\"><strong>Tanulm\u00e1nyok, szakk\u00e9pes\u00edt\u00e9s<\/strong><a href=\"https:\/\/semmelweis.hu\/fogpotlastan\/files\/2019\/10\/Dr.-K\u00f6rmendi-Szandra.jpg\"><img loading=\"lazy\" decoding=\"async\" class=\"size-medium wp-image-5577 alignright\" src=\"https:\/\/semmelweis.hu\/fogpotlastan\/files\/2019\/10\/Dr.-K\u00f6rmendi-Szandra-200x300.jpg\" alt=\"\" width=\"200\" height=\"300\" srcset=\"https:\/\/semmelweis.hu\/fogpotlastan\/files\/2019\/10\/Dr.-K\u00f6rmendi-Szandra-200x300.jpg 200w, https:\/\/semmelweis.hu\/fogpotlastan\/files\/2019\/10\/Dr.-K\u00f6rmendi-Szandra.jpg 500w\" sizes=\"auto, (max-width: 200px) 100vw, 200px\" \/><\/a><\/span><br \/>\n<span style=\"font-size: 12pt\">2022 PhD v\u00e9d\u00e9s<br \/>\n2019 Fogp\u00f3tl\u00e1stan szakvizsga<br \/>\n2007 Konzerv\u00e1l\u00f3 fog\u00e1szat \u00e9s fogp\u00f3tl\u00e1stan szakvizsga<\/span><br \/>\n<span style=\"font-size: 12pt\">2005 Fog- \u00e9s sz\u00e1jbetegs\u00e9gek szakvizsga<\/span><br \/>\n<span style=\"font-size: 12pt\">2003 Fogorvos diploma \u2013 Semmelweis Egyetem Fogorvostudom\u00e1nyi Kar<\/span><br \/>\n<span style=\"font-size: 12pt\"><br \/>\n<strong>Szakmai tapasztalat \/ klinikai el\u0151menetel<\/strong><\/span><br \/>\n<span style=\"font-size: 12pt\">2025- Fogp\u00f3tl\u00e1stani Klinika &#8211; egyetemi docens<br \/>\n2023 Semmelweis Egyetem Fogorvostudom\u00e1nyi Kar Digit\u00e1lis Fog\u00e1szati Tervez\u00e9s szak &#8211; szakvezet\u0151 helyettes<br \/>\n2022-2025. Fogp\u00f3tl\u00e1stani Klinika &#8211; egyetemi adjunktus<br \/>\n2007-2022. Fogp\u00f3tl\u00e1stani Klinika \u2013 egyetemi tan\u00e1rseg\u00e9d a c\u00edm haszn\u00e1lata n\u00e9lk\u00fcl<\/span><br \/>\n<span style=\"font-size: 12pt\">2005-2007 Semmelweis Egyetem K\u00fatv\u00f6lgyi Klinika \u2013 klinikai szakorvos<\/span><br \/>\n<span style=\"font-size: 12pt\">2003-2005 Semmelweis Egyetem K\u00fatv\u00f6lgyi Klinika \u2013 klinikai orvos<\/span><br \/>\n<span style=\"font-size: 12pt\"><br \/>\n<strong>Tudom\u00e1nyos tev\u00e9kenys\u00e9g<\/strong><\/span><br \/>\n<span style=\"font-size: 12pt\">munkacsoport: Digit\u00e1lis Fog\u00e1szati munkacsoport, TMI munkacsoport<\/span><\/p>\n<p><strong><span style=\"font-size: 12pt\">Szakmai szervezeti tags\u00e1gok<\/span><\/strong><br \/>\n<span style=\"font-size: 12pt\">MFE, MOOT<\/span><br \/>\n<span style=\"font-size: 12pt\"><br \/>\n<strong>Nyelvismeret<\/strong><\/span><br \/>\n<span style=\"font-size: 12pt\">magyar anyanyelv<\/span><br \/>\n<span style=\"font-size: 12pt\">francia k\u00f6z\u00e9pfok<\/span><br \/>\n<span style=\"font-size: 12pt\">angol alapfok<\/span><\/p>\n<p><a href=\"https:\/\/m2.mtmt.hu\/gui2\/?mode=search&amp;query=publication;labelOrMtid;eq;k%C3%B6rmendi%20szandra\"><span style=\"font-size: 12pt\">Tudom\u00e1nyos k\u00f6zlem\u00e9nyek<\/span><\/a><\/p>\n<p><span style=\"font-size: 12pt\"><em>Az el\u00e9rhet\u0151s\u00e9gi adatok nem haszn\u00e1lhat\u00f3k fel az 1995. \u00e9vi CXIX. t\u00f6rv\u00e9ny szerinti kutat\u00e1s \u00e9s k\u00f6zvetlen \u00fczletszerz\u00e9s c\u00e9lj\u00e1ra.<\/em><\/span><\/p>\n<p>&nbsp;<\/p>\n<p>&nbsp;<\/p>\n","protected":false},"excerpt":{"rendered":"<p>Tanulm\u00e1nyok, szakk\u00e9pes\u00edt\u00e9s <a href=\"https:\/\/semmelweis.hu\/fogpotlastan\/files\/2019\/10\/Dr.-K\u00f6rmendi-Szandra.jpg\"><\/a> 2022 PhD v\u00e9d\u00e9s 2019 Fogp\u00f3tl\u00e1stan szakvizsga 2007 Konzerv\u00e1l\u00f3 fog\u00e1szat \u00e9s fogp\u00f3tl\u00e1stan szakvizsga 2005 Fog- \u00e9s sz\u00e1jbetegs\u00e9gek szakvizsga 2003 Fogorvos diploma \u2013 Semmelweis Egyetem Fogorvostudom\u00e1nyi Kar Szakmai tapasztalat \/ klinikai el\u0151menetel 2025- Fogp\u00f3tl\u00e1stani Klinika &#8211; egyetemi docens 2023 Semmelweis Egyetem Fogorvostudom\u00e1nyi Kar Digit\u00e1lis Fog\u00e1szati Tervez\u00e9s szak &#8211; szakvezet\u0151 helyettes 2022-2025. Fogp\u00f3tl\u00e1stani Klinika &#8211; egyetemi &hellip;<\/p>\n","protected":false},"author":38,"featured_media":0,"parent":9019,"menu_order":1,"comment_status":"closed","ping_status":"closed","template":"","meta":{"_acf_changed":false,"footnotes":""},"categories":[],"tags":[],"class_list":["post-2313","page","type-page","status-publish","hentry"],"acf":[],"_links":{"self":[{"href":"https:\/\/semmelweis.hu\/fogpotlastan\/wp-json\/wp\/v2\/pages\/2313","targetHints":{"allow":["GET"]}}],"collection":[{"href":"https:\/\/semmelweis.hu\/fogpotlastan\/wp-json\/wp\/v2\/pages"}],"about":[{"href":"https:\/\/semmelweis.hu\/fogpotlastan\/wp-json\/wp\/v2\/types\/page"}],"author":[{"embeddable":true,"href":"https:\/\/semmelweis.hu\/fogpotlastan\/wp-json\/wp\/v2\/users\/38"}],"replies":[{"embeddable":true,"href":"https:\/\/semmelweis.hu\/fogpotlastan\/wp-json\/wp\/v2\/comments?post=2313"}],"version-history":[{"count":10,"href":"https:\/\/semmelweis.hu\/fogpotlastan\/wp-json\/wp\/v2\/pages\/2313\/revisions"}],"predecessor-version":[{"id":9578,"href":"https:\/\/semmelweis.hu\/fogpotlastan\/wp-json\/wp\/v2\/pages\/2313\/revisions\/9578"}],"up":[{"embeddable":true,"href":"https:\/\/semmelweis.hu\/fogpotlastan\/wp-json\/wp\/v2\/pages\/9019"}],"wp:attachment":[{"href":"https:\/\/semmelweis.hu\/fogpotlastan\/wp-json\/wp\/v2\/media?parent=2313"}],"wp:term":[{"taxonomy":"category","embeddable":true,"href":"https:\/\/semmelweis.hu\/fogpotlastan\/wp-json\/wp\/v2\/categories?post=2313"},{"taxonomy":"post_tag","embeddable":true,"href":"https:\/\/semmelweis.hu\/fogpotlastan\/wp-json\/wp\/v2\/tags?post=2313"}],"curies":[{"name":"wp","href":"https:\/\/api.w.org\/{rel}","templated":true}]}}