{"id":221,"date":"2012-04-02T08:23:28","date_gmt":"2012-04-02T06:23:28","guid":{"rendered":"http:\/\/semmelweis-egyetem.hu\/fogpotlastan\/?page_id=221"},"modified":"2024-02-01T13:02:50","modified_gmt":"2024-02-01T12:02:50","slug":"nemet","status":"publish","type":"page","link":"https:\/\/semmelweis.hu\/fogpotlastan\/de\/nemet\/","title":{"rendered":"Lehre"},"content":{"rendered":"<p style=\"text-align: justify\">In der Lehre bilden wir Zahnmedizin-Studenten in drei Sprachen (Ungarisch, Englisch und Deutsch) sowohl wissenschaftlich, als auch praktisch nach den neuesten Behandlungsverfahren. Wir bieten Studentenkurse \u2013 die durch die Mitarbeiter der Klinik f\u00fcr zahn\u00e4rztliche Prothetik gehalten werden \u2013 \u00a0im Bereich der Materialkunde, Odontotechnologie, zahn\u00e4rztlichen Prothetik und Gnathologie.<\/p>\n<p style=\"text-align: justify\">Sie finden Informationen zu Ablauf und Inhalt der Studentenkurse nach Studienjahr geordnet.<\/p>\n<p>Hier finden Sie einen tabellarischen \u00dcberblick des Curriculums der Klinik f\u00fcr Zahn\u00e4rztliche Prothetik:<\/p>\n<table style=\"border-collapse: collapse;width: 100%;height: 466px\" border=\"1\">\n<tbody>\n<tr style=\"height: 33px\">\n<td style=\"width: 12.3469%;height: 33px;text-align: center\"><strong>Semester<\/strong><\/td>\n<td style=\"width: 50.3061%;height: 33px;text-align: center\"><strong>Fach<\/strong><\/td>\n<td style=\"width: 13.4354%;height: 33px;text-align: center\"><strong>Seminar<\/strong><\/td>\n<td style=\"width: 11.4116%;height: 33px;text-align: center\"><strong>Praktika<\/strong><\/td>\n<td style=\"width: 12.5%;height: 33px\"><strong>Pr\u00fcfungsform<\/strong><\/td>\n<\/tr>\n<tr style=\"height: 33px\">\n<td style=\"width: 12.3469%;height: 33px;text-align: center\">2.<\/td>\n<td style=\"width: 50.3061%;height: 33px\">Zahn\u00e4rztliche Materialkunde<\/td>\n<td style=\"width: 13.4354%;height: 33px;text-align: center\">1<\/td>\n<td style=\"width: 11.4116%;height: 33px;text-align: center\">0<\/td>\n<td style=\"width: 12.5%;height: 33px\">Kolloquium<\/td>\n<\/tr>\n<tr style=\"height: 33px\">\n<td style=\"width: 12.3469%;height: 33px;text-align: center\">\u00a0<\/td>\n<td style=\"width: 50.3061%;height: 33px\">Odontotechologisches Praktikum (im Sommer)<\/td>\n<td style=\"width: 13.4354%;height: 33px;text-align: center\">0<\/td>\n<td style=\"width: 11.4116%;height: 33px;text-align: center\">60<\/td>\n<td style=\"width: 12.5%;height: 33px\">Unterschrift<\/td>\n<\/tr>\n<tr style=\"height: 33px\">\n<td style=\"width: 12.3469%;height: 33px;text-align: center\">3.<\/td>\n<td style=\"width: 50.3061%;height: 33px\">Odontotechnologie und Prothetische Prop\u00e4deutik I.<\/td>\n<td style=\"width: 13.4354%;height: 33px;text-align: center\">1<\/td>\n<td style=\"width: 11.4116%;height: 33px;text-align: center\">2<\/td>\n<td style=\"width: 12.5%;height: 33px\">Prakt.Note<\/td>\n<\/tr>\n<tr style=\"height: 33px\">\n<td style=\"width: 12.3469%;height: 33px;text-align: center\">4.<\/td>\n<td style=\"width: 50.3061%;height: 33px\">Odontotechnologie und Prothetische Prop\u00e4deutik II.<\/td>\n<td style=\"width: 13.4354%;height: 33px;text-align: center\">1<\/td>\n<td style=\"width: 11.4116%;height: 33px;text-align: center\">3<\/td>\n<td style=\"width: 12.5%;height: 33px\">Prakt.Note<\/td>\n<\/tr>\n<tr style=\"height: 33px\">\n<td style=\"width: 12.3469%;height: 33px;text-align: center\">5.<\/td>\n<td style=\"width: 50.3061%;height: 33px\">Odontotechnologie und Prothetische Prop\u00e4deutik III.<\/td>\n<td style=\"width: 13.4354%;height: 33px;text-align: center\">0<\/td>\n<td style=\"width: 11.4116%;height: 33px;text-align: center\">3<\/td>\n<td style=\"width: 12.5%;height: 33px\">Rigorosum<\/td>\n<\/tr>\n<tr style=\"height: 33px\">\n<td style=\"width: 12.3469%;height: 33px;text-align: center\">6.<\/td>\n<td style=\"width: 50.3061%;height: 33px\">Zahn\u00e4rztliche Prothetik I.<\/td>\n<td style=\"width: 13.4354%;height: 33px;text-align: center\">1<\/td>\n<td style=\"width: 11.4116%;height: 33px;text-align: center\">3<\/td>\n<td style=\"width: 12.5%;height: 33px\">Prakt.Note<\/td>\n<\/tr>\n<tr style=\"height: 33px\">\n<td style=\"width: 12.3469%;text-align: center;height: 33px\">7.<\/td>\n<td style=\"width: 50.3061%;height: 33px\">Gnatologie<\/td>\n<td style=\"width: 13.4354%;text-align: center;height: 33px\">1<\/td>\n<td style=\"width: 11.4116%;text-align: center;height: 33px\">2<\/td>\n<td style=\"width: 12.5%;height: 33px\">Rigorosum<\/td>\n<\/tr>\n<tr style=\"height: 33px\">\n<td style=\"width: 12.3469%;height: 33px;text-align: center\">7.<\/td>\n<td style=\"width: 50.3061%;height: 33px\">Zahn\u00e4rztliche Prothetik II.<\/td>\n<td style=\"width: 13.4354%;height: 33px;text-align: center\">1<\/td>\n<td style=\"width: 11.4116%;height: 33px;text-align: center\">6<\/td>\n<td style=\"width: 12.5%;height: 33px\">Kolloquium<\/td>\n<\/tr>\n<tr style=\"height: 33px\">\n<td style=\"width: 12.3469%;height: 37px;text-align: center\">8.<\/td>\n<td style=\"width: 50.3061%;height: 37px\">Zahn\u00e4rztliche Prothetik III.<\/td>\n<td style=\"width: 13.4354%;height: 37px;text-align: center\">1<\/td>\n<td style=\"width: 11.4116%;height: 37px;text-align: center\">4<\/td>\n<td style=\"width: 12.5%;height: 37px\">Prakt.Note<\/td>\n<\/tr>\n<tr>\n<td style=\"width: 12.3469%;text-align: center\">\u00a0<\/td>\n<td style=\"width: 50.3061%\">Allgemeines zahn\u00e4ztliches Praktikum<\/td>\n<td style=\"width: 13.4354%;text-align: center\">0<\/td>\n<td style=\"width: 11.4116%;text-align: center\">120<\/td>\n<td style=\"width: 12.5%\">\u00a0<\/td>\n<\/tr>\n<tr style=\"height: 33px\">\n<td style=\"width: 12.3469%;height: 33px;text-align: center\">9.<\/td>\n<td style=\"width: 50.3061%;height: 33px\">Zahn\u00e4rztliche Prothetik IV.<\/td>\n<td style=\"width: 13.4354%;height: 33px;text-align: center\">0<\/td>\n<td style=\"width: 11.4116%;height: 33px;text-align: center\">4<\/td>\n<td style=\"width: 12.5%;height: 33px\">Prakt.Note<\/td>\n<\/tr>\n<tr style=\"height: 33px\">\n<td style=\"width: 12.3469%;text-align: center;height: 33px\">9.<\/td>\n<td style=\"width: 50.3061%;height: 33px\">Klinische Zahnheilkunde I.<\/td>\n<td style=\"width: 13.4354%;text-align: center;height: 33px\">0<\/td>\n<td style=\"width: 11.4116%;text-align: center;height: 33px\">5<\/td>\n<td style=\"width: 12.5%;height: 33px\">Prakt.Note<\/td>\n<\/tr>\n<tr style=\"height: 33px\">\n<td style=\"width: 12.3469%;text-align: center;height: 33px\">10.<\/td>\n<td style=\"width: 50.3061%;height: 33px\">Zahn\u00e4rztliche Prothetik V.<\/td>\n<td style=\"width: 13.4354%;text-align: center;height: 33px\">0<\/td>\n<td style=\"width: 11.4116%;text-align: center;height: 33px\">3<\/td>\n<td style=\"width: 12.5%;height: 33px\">Rigorosum<\/td>\n<\/tr>\n<tr style=\"height: 33px\">\n<td style=\"width: 12.3469%;text-align: center;height: 33px\">10.<\/td>\n<td style=\"width: 50.3061%;height: 33px\">Klinische Zahnheilkunde II.<\/td>\n<td style=\"width: 13.4354%;text-align: center;height: 33px\">0<\/td>\n<td style=\"width: 11.4116%;text-align: center;height: 33px\">5<\/td>\n<td style=\"width: 12.5%;height: 33px\">Prakt.Note<\/td>\n<\/tr>\n<\/tbody>\n<\/table>\n<p>&nbsp;<\/p>\n<p><a href=\"https:\/\/semmelweis.hu\/fogpotlastan\/files\/2019\/02\/RS87524_IMG_6920-scr.jpg\"><img loading=\"lazy\" decoding=\"async\" class=\"alignnone  wp-image-5032\" src=\"https:\/\/semmelweis.hu\/fogpotlastan\/files\/2019\/02\/RS87524_IMG_6920-scr-300x200.jpg\" alt=\"\" width=\"701\" height=\"467\" srcset=\"https:\/\/semmelweis.hu\/fogpotlastan\/files\/2019\/02\/RS87524_IMG_6920-scr-300x200.jpg 300w, https:\/\/semmelweis.hu\/fogpotlastan\/files\/2019\/02\/RS87524_IMG_6920-scr-768x512.jpg 768w, https:\/\/semmelweis.hu\/fogpotlastan\/files\/2019\/02\/RS87524_IMG_6920-scr-753x502.jpg 753w, https:\/\/semmelweis.hu\/fogpotlastan\/files\/2019\/02\/RS87524_IMG_6920-scr-203x135.jpg 203w, https:\/\/semmelweis.hu\/fogpotlastan\/files\/2019\/02\/RS87524_IMG_6920-scr.jpg 950w\" sizes=\"auto, (max-width: 701px) 100vw, 701px\" \/><\/a><\/p>\n","protected":false},"excerpt":{"rendered":"<p>In der Lehre bilden wir Zahnmedizin-Studenten in drei Sprachen (Ungarisch, Englisch und Deutsch) sowohl wissenschaftlich, als auch praktisch nach den neuesten Behandlungsverfahren. Wir bieten Studentenkurse \u2013 die durch die Mitarbeiter der Klinik f\u00fcr zahn\u00e4rztliche Prothetik gehalten werden \u2013 \u00a0im Bereich der Materialkunde, Odontotechnologie, zahn\u00e4rztlichen Prothetik und Gnathologie. Sie finden Informationen zu Ablauf und Inhalt der &hellip;<\/p>\n","protected":false},"author":38,"featured_media":0,"parent":0,"menu_order":2,"comment_status":"open","ping_status":"closed","template":"","meta":{"_acf_changed":false,"footnotes":""},"categories":[],"tags":[],"class_list":["post-221","page","type-page","status-publish","hentry"],"acf":[],"_links":{"self":[{"href":"https:\/\/semmelweis.hu\/fogpotlastan\/wp-json\/wp\/v2\/pages\/221","targetHints":{"allow":["GET"]}}],"collection":[{"href":"https:\/\/semmelweis.hu\/fogpotlastan\/wp-json\/wp\/v2\/pages"}],"about":[{"href":"https:\/\/semmelweis.hu\/fogpotlastan\/wp-json\/wp\/v2\/types\/page"}],"author":[{"embeddable":true,"href":"https:\/\/semmelweis.hu\/fogpotlastan\/wp-json\/wp\/v2\/users\/38"}],"replies":[{"embeddable":true,"href":"https:\/\/semmelweis.hu\/fogpotlastan\/wp-json\/wp\/v2\/comments?post=221"}],"version-history":[{"count":10,"href":"https:\/\/semmelweis.hu\/fogpotlastan\/wp-json\/wp\/v2\/pages\/221\/revisions"}],"predecessor-version":[{"id":8974,"href":"https:\/\/semmelweis.hu\/fogpotlastan\/wp-json\/wp\/v2\/pages\/221\/revisions\/8974"}],"wp:attachment":[{"href":"https:\/\/semmelweis.hu\/fogpotlastan\/wp-json\/wp\/v2\/media?parent=221"}],"wp:term":[{"taxonomy":"category","embeddable":true,"href":"https:\/\/semmelweis.hu\/fogpotlastan\/wp-json\/wp\/v2\/categories?post=221"},{"taxonomy":"post_tag","embeddable":true,"href":"https:\/\/semmelweis.hu\/fogpotlastan\/wp-json\/wp\/v2\/tags?post=221"}],"curies":[{"name":"wp","href":"https:\/\/api.w.org\/{rel}","templated":true}]}}