{"id":2196,"date":"2016-05-10T08:15:35","date_gmt":"2016-05-10T06:15:35","guid":{"rendered":"http:\/\/semmelweis.hu\/fogpotlastan\/?page_id=2196"},"modified":"2024-05-28T15:10:13","modified_gmt":"2024-05-28T13:10:13","slug":"vegh-daniel","status":"publish","type":"page","link":"https:\/\/semmelweis.hu\/fogpotlastan\/munkatarsak-terv\/vegh-daniel\/","title":{"rendered":"Dr. V\u00e9gh D\u00e1niel"},"content":{"rendered":"<p style=\"text-align: justify\"><strong><span style=\"font-size: 12pt\">Tanulm\u00e1nyok, szakk\u00e9pes\u00edt\u00e9s<img loading=\"lazy\" decoding=\"async\" class=\"size-medium wp-image-6985 alignright\" src=\"https:\/\/semmelweis.hu\/fogpotlastan\/files\/2021\/03\/Dr.-V\u00e9gh-D\u00e1niel-267x400.jpg\" alt=\"\" width=\"267\" height=\"400\" srcset=\"https:\/\/semmelweis.hu\/fogpotlastan\/files\/2021\/03\/Dr.-V\u00e9gh-D\u00e1niel-267x400.jpg 267w, https:\/\/semmelweis.hu\/fogpotlastan\/files\/2021\/03\/Dr.-V\u00e9gh-D\u00e1niel-683x1024.jpg 683w, https:\/\/semmelweis.hu\/fogpotlastan\/files\/2021\/03\/Dr.-V\u00e9gh-D\u00e1niel-768x1152.jpg 768w, https:\/\/semmelweis.hu\/fogpotlastan\/files\/2021\/03\/Dr.-V\u00e9gh-D\u00e1niel-1024x1536.jpg 1024w, https:\/\/semmelweis.hu\/fogpotlastan\/files\/2021\/03\/Dr.-V\u00e9gh-D\u00e1niel-1365x2048.jpg 1365w, https:\/\/semmelweis.hu\/fogpotlastan\/files\/2021\/03\/Dr.-V\u00e9gh-D\u00e1niel-753x1129.jpg 753w, https:\/\/semmelweis.hu\/fogpotlastan\/files\/2021\/03\/Dr.-V\u00e9gh-D\u00e1niel-scaled.jpg 1707w\" sizes=\"auto, (max-width: 267px) 100vw, 267px\" \/><\/span><\/strong><br \/>\n<span style=\"font-size: 12pt\">2015 Fogorvos diploma \u2013 Semmelweis Egyetem Fogorvostudom\u00e1nyi Kar<\/span><br \/>\n<span style=\"font-size: 12pt\">2018 Konzerv\u00e1l\u00f3 fog\u00e1szat \u00e9s fogp\u00f3tl\u00e1stan szakvizsga<\/span><br \/>\n<span style=\"font-size: 12pt\">2019 Ph.D. fokozat \u2013 summa cum laude \u2013 Semmelweis Egyetem Doktori Iskola<\/span><br \/>\n<span style=\"font-size: 12pt\">2021-2022 ITI \u00f6szt\u00f6nd\u00edj, 1 \u00e9ves tanulm\u00e1ny\u00fat implantol\u00f3giai ter\u00fcleten \u2013 Medical University Graz, Austria<\/span><\/p>\n<p><strong><span style=\"font-size: 12pt\">Szakmai tapasztalat \/ klinikai el\u0151menetel:<\/span><\/strong><br \/>\n<span style=\"font-size: 12pt\">2015 \u2014 Fogp\u00f3tl\u00e1stani Klinika \u2013 klinikai szakorvosjel\u00f6lt<\/span><br \/>\n<span style=\"font-size: 12pt\">2018 \u2014 Fogp\u00f3tl\u00e1stani Klinika \u2013 szakorvos<\/span><br \/>\n<span style=\"font-size: 12pt\">2020 \u2014 Fogp\u00f3tl\u00e1stani Klinika \u2013 egyetemi tan\u00e1rseg\u00e9d<\/span><br \/>\n<span style=\"font-size: 12pt\">2021 \u2013 Fogp\u00f3tl\u00e1stani Klinika \u2013 egyetemi adjunktus<\/span><br \/>\n<span style=\"font-size: 12pt\">2021-2022 \u2013 Medical University of Graz, Austria \u2013 clinical fellow \u2013 K\u00fclf\u00f6ldi tanulm\u00e1ny\u00fat \u2013 ITI Scholarship<\/span><\/p>\n<p style=\"text-align: justify\"><strong><span style=\"font-size: 12pt\">Tudom\u00e1nyos teljes\u00edtm\u00e9ny:<\/span><\/strong><br \/>\n<span style=\"font-size: 12pt\">Impakt faktor: 66.754<\/span><\/p>\n<p><strong><span style=\"font-size: 12pt\">Saj\u00e1t Munkacsoport: Diab\u00e9teszes fog\u00e1szati munkacsoport <\/span><\/strong><br \/>\n<span style=\"font-size: 12pt\">\u2013 fogorvosi sz\u0171r\u0151vizsg\u00e1latok szervez\u00e9se az 1-es, 2-es \u00e9s terhess\u00e9gi diab\u00e9teszes p\u00e1ciensek sz\u00e1m\u00e1ra a Semmelweis Egyetem t\u00e1rsklinik\u00e1inak \u00e9s a Magyar Diabetes T\u00e1rsas\u00e1g egy\u00fcttm\u0171k\u00f6d\u00e9s\u00e9vel. <\/span><br \/>\n<span style=\"font-size: 12pt\">kapcsolatfelv\u00e9tel: sediabdent@gmail.com<\/span><br \/>\n<span style=\"font-size: 12pt\"><br \/>\n<strong>Kor\u00e1bbi \u00e9s jelenlegi TDK hallgat\u00f3k \u00e9s munkacsoport tagok:<\/strong><\/span><br \/>\n<span style=\"font-size: 12pt\">1. Dr. Kammerhofer G\u00e1bor<\/span><br \/>\n<span style=\"font-size: 12pt\">2. Dr. Bicz\u00f3 Zita<\/span><br \/>\n<span style=\"font-size: 12pt\">3. Dr. Somogyi Kata S\u00e1ra<\/span><br \/>\n<span style=\"font-size: 12pt\">4. Dr. V\u00f6r\u00f6s Bal\u00e1zs<\/span><br \/>\n<span style=\"font-size: 12pt\">5. Triebl Zsuzsanna<\/span><br \/>\n<span style=\"font-size: 12pt\">6. Kreuter Patrik<\/span><\/p>\n<p style=\"text-align: justify\"><strong><span style=\"font-size: 12pt\">PhD hallgat\u00f3k:<\/span><\/strong><br \/>\n<span style=\"font-size: 12pt\">1. Dr. Bencze Bulcs\u00fa<\/span><br \/>\n<span style=\"font-size: 12pt\">2. Dr. Somogyi Andrea <\/span><br \/>\n<span style=\"font-size: 12pt\">3. Dr. Kammerhofer G\u00e1bor<\/span><\/p>\n<p style=\"text-align: justify\"><strong><span style=\"font-size: 12pt\">Betegeduk\u00e1ci\u00f3s kiadv\u00e1ny: <\/span><\/strong><br \/>\n<span style=\"font-size: 12pt\">Sz\u00e1jhigi\u00e9ne fejezet: L\u00e9p\u00e9sr\u0151l L\u00e9p\u00e9sre \u2013 Tudnival\u00f3k a cukorbetegs\u00e9gr\u0151l \u2013 CEOSZ betegeduk\u00e1ci\u00f3s k\u00f6nyv 2018<\/span><br \/>\n<span style=\"font-size: 12pt\">Tudom\u00e1nyos tev\u00e9kenys\u00e9g<\/span><br \/>\n<span style=\"font-size: 12pt\">El\u0151ad\u00e1sok<\/span><br \/>\n<span style=\"font-size: 12pt\">2015-t\u0151l el\u0151ad\u00e1sok a Semmelweis Egyetem Fogorvostudom\u00e1nyi Kar\u00e1n a n\u00e9met \u00e9s magyar hallgat\u00f3knak gradu\u00e1lis, illetve K\u00f6zponti Tehets\u00e9gkutat\u00f3 Program (KTP)-ban.<\/span><br \/>\n<span style=\"font-size: 12pt\">T\u00e9m\u00e1k: \u2013 Fog\u00e1szati f\u00e9nyk\u00e9pez\u00e9s, Fogp\u00f3tl\u00e1sok t\u00edpusai, Teleszk\u00f3pelhorgonyz\u00e1s\u00fa fogp\u00f3tl\u00e1sok, stb.<\/span><\/p>\n<p><span style=\"font-size: 12pt\"><strong>Szakmai tov\u00e1bbk\u00e9pz\u00e9sek el\u0151ad\u00f3k\u00e9nt:<\/strong><br \/>\n<\/span><span style=\"font-size: 12pt\">1. V\u00e9gh D: Cukorbetegs\u00e9g a fogorvosi rendel\u0151ben; X. Magyar Fogorvosnapok; Budapest, 2015.04.24.<br \/>\n<\/span><span style=\"font-size: 12pt\">2. V\u00e9gh D, Hermann P, Vizi ES: Sz\u00e1j\u00fcregi eg\u00e9szs\u00e9g vizsg\u00e1lata a k\u00fcl\u00f6nb\u00f6z\u0151 m\u00f3don kezelt diab\u00e9teszesek k\u00f6r\u00e9ben Magyarorsz\u00e1gon, Semmelweis Egyetem Fogorvostudom\u00e1nyi Kari P\u00e1ly\u00e1zat Minikonferencia, Budapest, 2016.01.26.<br \/>\n<\/span><span style=\"font-size: 12pt\">3. V\u00e9gh D: Diab\u00e9tesz jelent\u0151s\u00e9ge a fogorvosi gyakorlatban, Magyar Fogorvosi Kamara Nyugat-Dun\u00e1nt\u00fali Tov\u00e1bbk\u00e9pz\u00e9se Gy\u0151r, 2016.03.19.<br \/>\n<\/span><span style=\"font-size: 12pt\">4. V\u00e9gh D: Diab\u00e9tesz jelent\u0151s\u00e9ge a fogorvosi gyakorlatban, Magyar Fogorvosi Kamara Kelet-Magyarorsz\u00e1gi Tov\u00e1bbk\u00e9pz\u00e9se Miskolc, 2016.06.04.<br \/>\n<\/span><span style=\"font-size: 12pt\">5. V\u00e9gh D: Diab\u00e9tesz jelent\u0151s\u00e9ge a fogorvosi gyakorlatban, Magyar Fogorvosi Kamara D\u00e9l-Magyarorsz\u00e1gi Tov\u00e1bbk\u00e9pz\u00e9se Szeksz\u00e1rd, 2016.11.19.<br \/>\n<\/span><span style=\"font-size: 12pt\">6. V\u00e9gh D, B\u00e1nyai D, Ujp\u00e1l M, Hermann P, Vizi ES: Diab\u00e9tesz szerepe a sz\u00e1j\u00fcregi megbeteged\u00e9sekben: interdiszciplin\u00e1ris, multicentrikus sz\u0171r\u0151vizsg\u00e1lat a Semmelweis Egyetemen, Semmelweis Egyetem Fogorvostudom\u00e1nyi Kari P\u00e1ly\u00e1zat Minikonferencia, Budapest, 2017.01.25.<br \/>\n<\/span><span style=\"font-size: 12pt\">7. V\u00e9gh D, B\u00e1nyai D, Hermann P, Ujp\u00e1l M: A diabetes mellitus el\u0151fordul\u00e1si gyakoris\u00e1g\u00e1nak v\u00e1ltoz\u00e1sa a malignus sz\u00e1j\u00fcregi daganatos betegek k\u00f6r\u00e9ben \u2013 hossz\u00fat\u00e1v\u00fa \u00f6sszehasonl\u00edt\u00f3 vizsg\u00e1lat alapj\u00e1n. P\u00e9cs, Magyar Diabetes T\u00e1rsas\u00e1g Kongresszusa 2017.<br \/>\n<\/span><span style=\"font-size: 12pt\">8. V\u00e9gh D: Diabeteses betegek sz\u0171r\u0151vizsg\u00e1lata a Semmelweis Egyetem Fogorvostudom\u00e1nyi Kar\u00e1n. \u00d6sszef\u00fcgg\u00e9sek a diabetes mellitus \u00e9s a daganatos betegs\u00e9gek el\u0151fordul\u00e1sa k\u00f6z\u00f6tt \u2013 Interdiszciplin\u00e1ris F\u00f3rum. Budapest, 2017.09.20.<br \/>\n<\/span><span style=\"font-size: 12pt\">9. V\u00e9gh D: Oral health and diabetes. Abu Dhabi, UAE, International Diabetes Federation Young Leaders in Diabetes Training Summit, 2017.<br \/>\n<\/span><span style=\"font-size: 12pt\">10. V\u00e9gh D: V\u00e1rand\u00f3s \u00e9s lakt\u00e1ci\u00f3s id\u0151szak fogorvosi ell\u00e1t\u00e1snak ir\u00e1nyelvei, Magyar Fogorvosi Kamara Nyugat Dun\u00e1nt\u00fali Tov\u00e1bbk\u00e9pz\u00e9se, Gy\u0151r, 2018.03.03.<br \/>\n<\/span><span style=\"font-size: 12pt\">11. V\u00e9gh D: Diabetes and oral health complications, PhD Scientific Days 2018, Budapest, 2018.04.20.<br \/>\n<\/span><span style=\"font-size: 12pt\">12. V\u00e9gh D: Madridi konszenzus: cukorbeteg p\u00e1ciensek fogorvosi ell\u00e1t\u00e1s\u00e1nak alapelvei, Magyar Diabetes T\u00e1rsas\u00e1g Kongresszusa 2018., Szeged.<br \/>\n<\/span><span style=\"font-size: 12pt\">13. V\u00e9gh D, B\u00e1nyai D, G\u00e9czi Z, V\u00e9gh \u00c1, Hermann P, Ujp\u00e1l M: Oral health Care Unit for People Living With Diabetes, FDI World Dental Congress, 2018, Buenos Aires, Argentina.<\/span><br \/>\n<span style=\"font-size: 12pt\">14. V\u00e9gh D: Cukorbetegs\u00e9g \u00e9s diab\u00e9tesz, Kutat\u00f3k \u00e9jszak\u00e1ja 2019, Budapest, 2019.09.27.<\/span><br \/>\n<span style=\"font-size: 12pt\">15. V\u00e9gh D: Cukorbetegs\u00e9g sz\u00e1j\u00fcregi sz\u00f6v\u0151dm\u00e9nyei, Dental World 2019, Budapest, 2019.10.10.<\/span><br \/>\n<span style=\"font-size: 12pt\">16. V\u00e9gh D: A cukorbetegs\u00e9g stomatol\u00f3giai vonatkoz\u00e1sai. A jelen \u00e9s a j\u00f6v\u0151 kih\u00edv\u00e1sai a diabetol\u00f3gi\u00e1ban interdisciplinary forum (MOTESZ, Hungarian Diabetes Association), Hungarian Academy of Sciences 2019.10.28., Budapest, Hungary.<\/span><br \/>\n<span style=\"font-size: 12pt\">17. V\u00e9gh D: Diabetes \u00e9s fog\u00e1szati betegs\u00e9gek. Diab\u00e9tesz Betegk\u00f6zpont\u00fa kezel\u00e9s a 21.sz\u00e1zadban. Budapest, 2019.11.09.<\/span><br \/>\n<span style=\"font-size: 12pt\">18. V\u00e9gh D: Oral Health and diabetes. Magyar Imre EASD Clinical Postgraduate Course, 2019.11.15., Budapest, Hungary<\/span><br \/>\n<span style=\"font-size: 12pt\">19. V\u00e9gh D: 3D printing in dental office. Semmelweis Summer University 2020 \u2013 Budapest<\/span><br \/>\n<span style=\"font-size: 12pt\">20. V\u00e9gh D: 3D printing in dental office. Semmelweis Ph.D. postgraduate event . 2020 &#8211; Budapest Hungary<\/span><br \/>\n<span style=\"font-size: 12pt\">21. V\u00e9gh D: 3D printing in dental office. Semmelweis University Department of Prosthodontics &#8211; postgraduate course, 2021 &#8211; Budapest, Hungary<\/span><br \/>\n<span style=\"font-size: 12pt\">22. V\u00e9gh D: Diabetes and oral health . FID -CEDA congress 2021. Budapest, Hungary<\/span><br \/>\n<span style=\"font-size: 12pt\">23. V\u00e9gh D: Diabetes and oral complications. Medizinische Universit\u00e4t Graz 2021. Graz, Austria<\/span><br \/>\n<span style=\"font-size: 12pt\">24. V\u00e9gh D: Pr\u00e4operative Erhebung von HbA1C- und Blutzuckerwerten im Rahmen oralchirurgischer Behandlungen. Medizinische Universit\u00e4t Graz 2021. Graz, Austria<\/span><br \/>\n<span style=\"font-size: 12pt\">25. V\u00e9gh D: Implantology and international experiences: Semmelweis Summer University 2022 \u2013 Budapest, Hungary<\/span><\/p>\n<p style=\"text-align: justify\"><strong><span style=\"font-size: 12pt\">Szakmai tov\u00e1bbk\u00e9pz\u00e9sek r\u00e9szvev\u0151k\u00e9nt<\/span><\/strong><br \/>\n<span style=\"font-size: 12pt\">1. Joslin Sunstar Diabetes Education Initiative (associated with Harvard University Boston USA)\u2013 Diabetes and Oral Health and Nutrition konferencia \u2013 Barcelona,Spanyolorsz\u00e1g, 2015<\/span><br \/>\n<span style=\"font-size: 12pt\">2. Ivoclar Vivadent AG- BPS System Prosthetics 3 napos kurzus \u2013 Schaan, Liechtenstein, 2016<\/span><br \/>\n<span style=\"font-size: 12pt\">3. Volom Dental High Five 5 napos tov\u00e1bbk\u00e9pz\u0151 kurzus \u2013 Budapest \u2013 2015<\/span><br \/>\n<span style=\"font-size: 12pt\">4. IDF World Diabetes Congress \u2013 Vancouver, Kanada \u2013 2015<\/span><br \/>\n<span style=\"font-size: 12pt\">5. Ivoclar Vivadent fog\u00e1szati f\u00e9nyk\u00e9pez\u00e9s alapjai kurzus \u2013 Budapest \u2013 2016<\/span><br \/>\n<span style=\"font-size: 12pt\">6. Dentis implantol\u00f3giai hands-on kurzus Valid Kft. Budapest \u2013 2016<\/span><br \/>\n<span style=\"font-size: 12pt\">7. Alpha Bio implantol\u00f3giai hands-on kurzus \u2013 Budapest \u2013 2016<\/span><br \/>\n<span style=\"font-size: 12pt\">8. EASD Congress M\u00fcnchen, N\u00e9metorsz\u00e1g, 2017<\/span><br \/>\n<span style=\"font-size: 12pt\">9. EFP \u2013IDF perio \u2013 diabetes \u2013 konszenzus esem\u00e9ny- Madrid, Spanyolorsz\u00e1g, 2017<\/span><br \/>\n<span style=\"font-size: 12pt\">10. G\u00e9pi gy\u00f6k\u00e9rkezel\u00e9s kurzus \u2013 Semmelweis Egyetem \u2013 2017<\/span><br \/>\n<span style=\"font-size: 12pt\">11. IDF 2017 Congress, Abu Dhabi, UAE, 2017<\/span><br \/>\n<span style=\"font-size: 12pt\">12. UCL Sport Dentistry for Elite Athletes course, London, Egyes\u00fclt Kir\u00e1lys\u00e1g, 2017<\/span><br \/>\n<span style=\"font-size: 12pt\">13. FDI World Dental Congress, Buenos Aires, Argentina, 2018<\/span><br \/>\n<span style=\"font-size: 12pt\">14. EASD Congress Berlin, N\u00e9metorsz\u00e1g ,2018<\/span><br \/>\n<span style=\"font-size: 12pt\">15. CED IADR\/NOF Congress Madrid, Spain, 2019<\/span><br \/>\n<span style=\"font-size: 12pt\">16. Semmelweis Summer University &#8211; 2020<\/span><br \/>\n<span style=\"font-size: 12pt\">17. ITI Annual Meeting &#8211; Vienna, Austria &#8211; 2021<\/span><br \/>\n<span style=\"font-size: 12pt\">18. Sinus Lift &#8211; Human Cadaver Course &#8211; Graz, Austria &#8211; 2022<\/span><br \/>\n<span style=\"font-size: 12pt\">19. ITI Annual Congress &#8211; Rome, Italy &#8211; 2022<\/span><br \/>\n<span style=\"font-size: 12pt\">20. Osteology Practical Academy &#8211; London, UK \u2013 2022<\/span><br \/>\n<span style=\"font-size: 12pt\">21. Young Dentist Forum 2022 \u2013 Vienna, Austria<\/span><br \/>\n<span style=\"font-size: 12pt\">22. ITI Annual Section Meeting &#8211; Atlanta, USA &#8211; 2022<\/span><br \/>\n<span style=\"font-size: 12pt\">23. EAO Spring Break &#8211; Cascais, Portugal- 2022<\/span><br \/>\n<span style=\"font-size: 12pt\">24. ITI Educational Week \u2013 Harvard School of Dental Medicine \u2013 Boston, USA- 2022<\/span><\/p>\n<p style=\"text-align: justify\"><strong><span style=\"font-size: 12pt\">Egyetemi k\u00f6nyvfejezet:<\/span><\/strong><br \/>\n<span style=\"font-size: 12pt\">1. V\u00e9gh, D Diab\u00e9tesszel \u00e9l\u0151 betegek fog\u00e1szati probl\u00e9m\u00e1i \u00e9s speci\u00e1lis kezel\u00e9si lehet\u0151s\u00e9gei In: Jo\u00f3b-Fancsaly, \u00c1 (eds.) Fog\u00e1szati p\u00e1ciensek ell\u00e1t\u00e1s\u00e1t befoly\u00e1sol\u00f3 \u00e1llapotok \u00e9s betegs\u00e9gek Bp, Hungary : Semmelweis Kiad\u00f3 \u00e9s Multim\u00e9dia St\u00fadi\u00f3 (2022) 184 p. pp. 169-178. , 10 p. Part of textbook for Higher Education (Chapter in Book) | Educational<\/span><br \/>\n<span style=\"font-size: 12pt\">2. T\u00f6r\u00f6k, G ; V\u00e9gh, D ; Kisp\u00e9lyi, B Addit\u00edv technol\u00f3gia In: Hermann, P; Kisp\u00e9lyi, B (eds.) Fogp\u00f3tl\u00e1stan 1-2 Bp, Hungary : Semmelweis Kiad\u00f3 \u00e9s Multim\u00e9dia St\u00fadi\u00f3 (2022) pp. 1088-1104. , 17 p. Part of textbook for Higher Education (Chapter in Book) | Educational<\/span><\/p>\n<p style=\"text-align: justify\"><strong><span style=\"font-size: 12pt\">Fogorvosi rendezv\u00e9nyek szervez\u00e9se:<\/span><\/strong><br \/>\n<span style=\"font-size: 12pt\">1. Eg\u00e9szs\u00e9ges Sz\u00e1j Napja 2015 \u2013 Semmelweis Egyetem<\/span><br \/>\n<span style=\"font-size: 12pt\">2. Egy Csepp Figyelem Vil\u00e1gnap 2018 \u2013 Sz\u00e1j\u00fcregi sz\u0171r\u00e9s \u00e9s konzult\u00e1ci\u00f3<\/span><br \/>\n<span style=\"font-size: 12pt\">3. Egy Csepp Figyelem Vil\u00e1gnap 2019 &#8211; Sz\u00e1j\u00fcregi sz\u0171r\u00e9s \u00e9s konzult\u00e1ci\u00f3<\/span><br \/>\n<span style=\"font-size: 12pt\">4. Kutat\u00f3k \u00e9jszak\u00e1ja 2019 &#8211; Sz\u00e1j\u00fcregi sz\u0171r\u00e9s \u00e9s konzult\u00e1ci\u00f3<\/span><br \/>\n<span style=\"font-size: 12pt\">5. Egy Csepp Figyelem Vil\u00e1gnap 2021 &#8211; Sz\u00e1j\u00fcregi sz\u0171r\u00e9s \u00e9s konzult\u00e1ci\u00f3<\/span><\/p>\n<p><span style=\"font-size: 12pt\"><strong>Szakmai szervezeti tags\u00e1gok<\/strong><br \/>\n<\/span><span style=\"font-size: 12pt\">1. Magyar Orvosi Kamara (2015-)<\/span><br \/>\n<span style=\"font-size: 12pt\">2. Magyar Diabetes T\u00e1rsas\u00e1g (2013- )<\/span><br \/>\n<span style=\"font-size: 12pt\">3. International Diabetes Federation Young Leaders Program \u2013 European Representative (2015-)<\/span><br \/>\n<span style=\"font-size: 12pt\">4. European Patients Academy for Therapeutic Innovations fellow (2015- 2016)<\/span><br \/>\n<span style=\"font-size: 12pt\">5. Magyar Fogp\u00f3tl\u00e1stani T\u00e1rsas\u00e1g Tag (2018-)<\/span><br \/>\n<span style=\"font-size: 12pt\">6. Magyar Fogorvosok Egyes\u00fclete Tag (2015-)<\/span><br \/>\n<span style=\"font-size: 12pt\">7. ITI &#8211; International Team for Implantology (2020-)<\/span><br \/>\n<span style=\"font-size: 12pt\">8. EAO- European Association for Osseointegration (2020-)<\/span><\/p>\n<p style=\"text-align: justify\"><strong><span style=\"font-size: 12pt\">Nyelvismeret<\/span><\/strong><br \/>\n<span style=\"font-size: 12pt\">magyar anyanyelv<\/span><br \/>\n<span style=\"font-size: 12pt\">angol fels\u0151fok, fogorvosi szaknyelv k\u00f6z\u00e9pfok (Profex)<\/span><br \/>\n<span style=\"font-size: 12pt\">n\u00e9met fels\u0151fok<\/span><\/p>\n<p style=\"text-align: justify\"><a href=\"https:\/\/m2.mtmt.hu\/gui2\/?type=authors&amp;mode=browse&amp;sel=10059531\"><span style=\"font-size: 12pt\">Tudom\u00e1nyos k\u00f6zlem\u00e9nyek<\/span><\/a><\/p>\n<p><span style=\"font-size: 12pt\"><em>Az el\u00e9rhet\u0151s\u00e9gi adatok nem haszn\u00e1lhat\u00f3k fel az 1995. \u00e9vi CXIX. t\u00f6rv\u00e9ny szerinti kutat\u00e1s \u00e9s k\u00f6zvetlen \u00fczletszerz\u00e9s c\u00e9lj\u00e1ra.<\/em><\/span><\/p>\n","protected":false},"excerpt":{"rendered":"<p>Tanulm\u00e1nyok, szakk\u00e9pes\u00edt\u00e9s 2015 Fogorvos diploma \u2013 Semmelweis Egyetem Fogorvostudom\u00e1nyi Kar 2018 Konzerv\u00e1l\u00f3 fog\u00e1szat \u00e9s fogp\u00f3tl\u00e1stan szakvizsga 2019 Ph.D. fokozat \u2013 summa cum laude \u2013 Semmelweis Egyetem Doktori Iskola 2021-2022 ITI \u00f6szt\u00f6nd\u00edj, 1 \u00e9ves tanulm\u00e1ny\u00fat implantol\u00f3giai ter\u00fcleten \u2013 Medical University Graz, Austria Szakmai tapasztalat \/ klinikai el\u0151menetel: 2015 \u2014 Fogp\u00f3tl\u00e1stani Klinika \u2013 klinikai szakorvosjel\u00f6lt 2018 \u2014 &hellip;<\/p>\n","protected":false},"author":38,"featured_media":0,"parent":9019,"menu_order":1,"comment_status":"closed","ping_status":"closed","template":"","meta":{"_acf_changed":false,"footnotes":""},"categories":[],"tags":[],"class_list":["post-2196","page","type-page","status-publish","hentry"],"acf":[],"_links":{"self":[{"href":"https:\/\/semmelweis.hu\/fogpotlastan\/wp-json\/wp\/v2\/pages\/2196","targetHints":{"allow":["GET"]}}],"collection":[{"href":"https:\/\/semmelweis.hu\/fogpotlastan\/wp-json\/wp\/v2\/pages"}],"about":[{"href":"https:\/\/semmelweis.hu\/fogpotlastan\/wp-json\/wp\/v2\/types\/page"}],"author":[{"embeddable":true,"href":"https:\/\/semmelweis.hu\/fogpotlastan\/wp-json\/wp\/v2\/users\/38"}],"replies":[{"embeddable":true,"href":"https:\/\/semmelweis.hu\/fogpotlastan\/wp-json\/wp\/v2\/comments?post=2196"}],"version-history":[{"count":10,"href":"https:\/\/semmelweis.hu\/fogpotlastan\/wp-json\/wp\/v2\/pages\/2196\/revisions"}],"predecessor-version":[{"id":9138,"href":"https:\/\/semmelweis.hu\/fogpotlastan\/wp-json\/wp\/v2\/pages\/2196\/revisions\/9138"}],"up":[{"embeddable":true,"href":"https:\/\/semmelweis.hu\/fogpotlastan\/wp-json\/wp\/v2\/pages\/9019"}],"wp:attachment":[{"href":"https:\/\/semmelweis.hu\/fogpotlastan\/wp-json\/wp\/v2\/media?parent=2196"}],"wp:term":[{"taxonomy":"category","embeddable":true,"href":"https:\/\/semmelweis.hu\/fogpotlastan\/wp-json\/wp\/v2\/categories?post=2196"},{"taxonomy":"post_tag","embeddable":true,"href":"https:\/\/semmelweis.hu\/fogpotlastan\/wp-json\/wp\/v2\/tags?post=2196"}],"curies":[{"name":"wp","href":"https:\/\/api.w.org\/{rel}","templated":true}]}}