{"id":2166,"date":"2016-04-12T12:07:00","date_gmt":"2016-04-12T10:07:00","guid":{"rendered":"http:\/\/semmelweis.hu\/fogpotlastan\/?page_id=2166"},"modified":"2025-03-14T14:10:36","modified_gmt":"2025-03-14T13:10:36","slug":"abafalvi-lilla","status":"publish","type":"page","link":"https:\/\/semmelweis.hu\/fogpotlastan\/munkatarsak-terv\/abafalvi-lilla\/","title":{"rendered":"Dr. Hauzer &#8211; Abafalvi Lilla"},"content":{"rendered":"<p style=\"text-align: justify\"><strong><span style=\"font-size: 12pt\">Tanulm\u00e1nyok, szakk\u00e9pes\u00edt\u00e9s<a href=\"https:\/\/semmelweis.hu\/fogpotlastan\/files\/2024\/07\/Dr.-Hauzer-Abafalvi-Lilla-scaled.jpg\"><img loading=\"lazy\" decoding=\"async\" class=\" wp-image-9160 alignright\" src=\"https:\/\/semmelweis.hu\/fogpotlastan\/files\/2024\/07\/Dr.-Hauzer-Abafalvi-Lilla-267x400.jpg\" alt=\"\" width=\"199\" height=\"298\" srcset=\"https:\/\/semmelweis.hu\/fogpotlastan\/files\/2024\/07\/Dr.-Hauzer-Abafalvi-Lilla-267x400.jpg 267w, https:\/\/semmelweis.hu\/fogpotlastan\/files\/2024\/07\/Dr.-Hauzer-Abafalvi-Lilla-683x1024.jpg 683w, https:\/\/semmelweis.hu\/fogpotlastan\/files\/2024\/07\/Dr.-Hauzer-Abafalvi-Lilla-768x1152.jpg 768w, https:\/\/semmelweis.hu\/fogpotlastan\/files\/2024\/07\/Dr.-Hauzer-Abafalvi-Lilla-1024x1536.jpg 1024w, https:\/\/semmelweis.hu\/fogpotlastan\/files\/2024\/07\/Dr.-Hauzer-Abafalvi-Lilla-1365x2048.jpg 1365w, https:\/\/semmelweis.hu\/fogpotlastan\/files\/2024\/07\/Dr.-Hauzer-Abafalvi-Lilla-753x1130.jpg 753w, https:\/\/semmelweis.hu\/fogpotlastan\/files\/2024\/07\/Dr.-Hauzer-Abafalvi-Lilla-scaled.jpg 1707w\" sizes=\"auto, (max-width: 199px) 100vw, 199px\" \/><\/a><\/span><\/strong><br \/>\n<span style=\"font-size: 12pt\">2024 Fogp\u00f3tl\u00e1stan szakvizsga<br \/>\n2016 Konzerv\u00e1l\u00f3 fog\u00e1szat \u00e9s fogp\u00f3tl\u00e1stan szakvizsga<\/span><br \/>\n<span style=\"font-size: 12pt\">2015- Semmelweis Egyetem Doktori Iskol\u00e1j\u00e1nak hallgat\u00f3ja<\/span><br \/>\n<span style=\"font-size: 12pt\">2013 Fogorvos diploma \u2013 Semmelweis Egyetem Fogorvostudom\u00e1nyi Kar<br \/>\n<\/span><br \/>\n<strong><span style=\"font-size: 12pt\">Szakmai tapasztalat \/ klinikai el\u0151menetel<\/span><\/strong><br \/>\n<span style=\"font-size: 12pt\">2018- Fogp\u00f3tl\u00e1stan Klinika \u2013 egyetemi tan\u00e1rseg\u00e9d<\/span><br \/>\n<span style=\"font-size: 12pt\">2016-2018. Fogp\u00f3tl\u00e1stan Klinika \u2013 klinikai szakorvos<\/span><br \/>\n<span style=\"font-size: 12pt\">2013-2016. Fogp\u00f3tl\u00e1stan Klinika \u2013 klinikai orvos<br \/>\n<\/span><br \/>\n<strong><span style=\"font-size: 12pt\">Tudom\u00e1nyos tev\u00e9kenys\u00e9g<\/span><\/strong><br \/>\n<span style=\"font-size: 12pt\">munkacsoport: Elektronikus cigaretta munkacsoport<\/span><br \/>\n<span style=\"font-size: 12pt\">PhD: Elektromos cigarettafogyaszt\u00e1s epidemiol\u00f3giai vizsg\u00e1lata<\/span><br \/>\n<span style=\"font-size: 12pt\"><br \/>\n<strong>El\u0151ad\u00e1sok<\/strong><\/span><br \/>\n<span style=\"font-size: 12pt\">\u00c1rk\u00f6vy V\u00e1ndorgy\u0171l\u00e9s \u2013 Perspekt\u00edv\u00e1k a Paro-Implantol\u00f3gi\u00e1ban \u00e9s a Komprehenz\u00edv Fog\u00e1szatban c. tudom\u00e1nyos tov\u00e1bbk\u00e9pz\u0151 konferencia (2016): Az elektromos cigaretta hazai epidemiol\u00f3gi\u00e1ja<\/span><br \/>\n<span style=\"font-size: 12pt\">Magyar Fogorvosok Egyes\u00fclete Fogp\u00f3tl\u00e1stani T\u00e1rsas\u00e1g\u00e1nak XXII. Kongresszusa (2017): Az e-cigaretta haszn\u00e1lat kedvez\u0151 \u00e9s \u00e1rtalmas hat\u00e1sai<\/span><br \/>\n<span style=\"font-size: 12pt\">Doh\u00e1nyz\u00e1sr\u00f3l leszoktat\u00f3 program: A doh\u00e1nyz\u00e1s epidemiol\u00f3gi\u00e1ja Magyarorsz\u00e1gon, A doh\u00e1nyz\u00e1s sz\u00e1j\u00fcregi hat\u00e1sai<\/span><br \/>\n<span style=\"font-size: 12pt\"><br \/>\n<strong>Szakmai tov\u00e1bbk\u00e9pz\u00e9sek el\u0151ad\u00f3k\u00e9nt<\/strong><br \/>\n<\/span><span style=\"font-size: 12pt\">2015., 2016. janu\u00e1r: Kari Kutat\u00e1si P\u00e1ly\u00e1zaton r\u00e9szv\u00e9tel el\u0151ad\u00f3k\u00e9nt <\/span><br \/>\n<span style=\"font-size: 12pt\">2017. szeptember: CED-IADR Konferencia (poszter szekci\u00f3)<\/span><br \/>\n<span style=\"font-size: 12pt\">2017 szeptember: Magyar Fogorvosok Egyes\u00fclete Fogp\u00f3tl\u00e1stani T\u00e1rsas\u00e1g\u00e1nak XXII. Kongresszusa<\/span><\/p>\n<p><strong><span style=\"font-size: 12pt\">Szakmai tov\u00e1bbk\u00e9pz\u00e9sek r\u00e9szvev\u0151k\u00e9nt<\/span><\/strong><br \/>\n<span style=\"font-size: 12pt\">2013. szeptember: Competence in aesthetics<\/span><br \/>\n<span style=\"font-size: 12pt\">2013. Style Italiano- eszt\u00e9tikus kompozitr\u00e9tegz\u00e9si technik\u00e1k<\/span><br \/>\n<span style=\"font-size: 12pt\">2013. ViDiCo Study<\/span><br \/>\n<span style=\"font-size: 12pt\">2014. m\u00e1jus \u00e9s 2016. m\u00e1jus: Perspekt\u00edv\u00e1k a Paro-Implantol\u00f3gi\u00e1ban \u00e9s a Komprehenz\u00edv Fog\u00e1szatban<\/span><br \/>\n<span style=\"font-size: 12pt\">2017. m\u00e1jus: SE Konzerv\u00e1l\u00f3 Fog\u00e1szati Klinika: G\u00e9pi gy\u00f6k\u00e9rkezel\u00e9s tanfolyam<\/span><br \/>\n<span style=\"font-size: 12pt\">2017. m\u00e1jus: GCEEO Hungary, Modern \u00fcvegionomer technol\u00f3gia<\/span><br \/>\n<span style=\"font-size: 12pt\">2017. szeptember: CED-IADR Konferencia<\/span><br \/>\n<span style=\"font-size: 12pt\">2017. szeptember: Magyar Fogorvosok Egyes\u00fclete Fogp\u00f3tl\u00e1stani T\u00e1rsas\u00e1g\u00e1nak XXII. Kongresszusa<\/span><br \/>\n<span style=\"font-size: 12pt\"><br \/>\n<strong>Szakmai szervezeti tags\u00e1gok<\/strong><\/span><br \/>\n<span style=\"font-size: 12pt\">Magyar Orvosi Kamara \u2013 Fogorvosi tagozata<\/span><br \/>\n<span style=\"font-size: 12pt\">Magyar Fogorvosok Egyes\u00fclete<\/span><br \/>\n<span style=\"font-size: 12pt\"><br \/>\n<strong>Nyelvismeret<\/strong><\/span><br \/>\n<span style=\"font-size: 12pt\">magyar &#8211; anyanyelv<\/span><br \/>\n<span style=\"font-size: 12pt\">angol &#8211; k\u00f6z\u00e9pfok<\/span><br \/>\n<span style=\"font-size: 12pt\">n\u00e9met &#8211; k\u00f6z\u00e9pfok<\/span><br \/>\n<span style=\"font-size: 12pt\"><br \/>\n<strong>Egy\u00e9b<\/strong><\/span><br \/>\n<span style=\"font-size: 12pt\">F\u00e9rjezett, k\u00e9t gyermek \u00e9desanyja<\/span><\/p>\n<p><span style=\"font-size: 12pt\"><a href=\"https:\/\/vm.mtmt.hu\/\/search\/slist.php?nwi=1&amp;inited=1&amp;ty_on=1&amp;url_on=1&amp;cite_type=2&amp;orderby=3D1a&amp;location=mtmt&amp;stn=1&amp;AuthorID=10053923\">Tudom\u00e1nyos k\u00f6zlem\u00e9nyek<\/a><\/span><\/p>\n<p><span style=\"font-size: 10pt\"><em>Az el\u00e9rhet\u0151s\u00e9gi adatok nem haszn\u00e1lhat\u00f3k fel az 1995. \u00e9vi CXIX. t\u00f6rv\u00e9ny szerinti kutat\u00e1s \u00e9s k\u00f6zvetlen \u00fczletszerz\u00e9s c\u00e9lj\u00e1ra.<\/em><\/span><\/p>\n","protected":false},"excerpt":{"rendered":"<p>Tanulm\u00e1nyok, szakk\u00e9pes\u00edt\u00e9s <a href=\"https:\/\/semmelweis.hu\/fogpotlastan\/files\/2024\/07\/Dr.-Hauzer-Abafalvi-Lilla-scaled.jpg\"><\/a> 2024 Fogp\u00f3tl\u00e1stan szakvizsga 2016 Konzerv\u00e1l\u00f3 fog\u00e1szat \u00e9s fogp\u00f3tl\u00e1stan szakvizsga 2015- Semmelweis Egyetem Doktori Iskol\u00e1j\u00e1nak hallgat\u00f3ja 2013 Fogorvos diploma \u2013 Semmelweis Egyetem Fogorvostudom\u00e1nyi Kar Szakmai tapasztalat \/ klinikai el\u0151menetel 2018- Fogp\u00f3tl\u00e1stan Klinika \u2013 egyetemi tan\u00e1rseg\u00e9d 2016-2018. Fogp\u00f3tl\u00e1stan Klinika \u2013 klinikai szakorvos 2013-2016. Fogp\u00f3tl\u00e1stan Klinika \u2013 klinikai orvos Tudom\u00e1nyos tev\u00e9kenys\u00e9g munkacsoport: Elektronikus cigaretta munkacsoport PhD: &hellip;<\/p>\n","protected":false},"author":38,"featured_media":0,"parent":9019,"menu_order":1,"comment_status":"closed","ping_status":"closed","template":"","meta":{"_acf_changed":false,"footnotes":""},"categories":[],"tags":[],"class_list":["post-2166","page","type-page","status-publish","hentry"],"acf":[],"_links":{"self":[{"href":"https:\/\/semmelweis.hu\/fogpotlastan\/wp-json\/wp\/v2\/pages\/2166","targetHints":{"allow":["GET"]}}],"collection":[{"href":"https:\/\/semmelweis.hu\/fogpotlastan\/wp-json\/wp\/v2\/pages"}],"about":[{"href":"https:\/\/semmelweis.hu\/fogpotlastan\/wp-json\/wp\/v2\/types\/page"}],"author":[{"embeddable":true,"href":"https:\/\/semmelweis.hu\/fogpotlastan\/wp-json\/wp\/v2\/users\/38"}],"replies":[{"embeddable":true,"href":"https:\/\/semmelweis.hu\/fogpotlastan\/wp-json\/wp\/v2\/comments?post=2166"}],"version-history":[{"count":11,"href":"https:\/\/semmelweis.hu\/fogpotlastan\/wp-json\/wp\/v2\/pages\/2166\/revisions"}],"predecessor-version":[{"id":9499,"href":"https:\/\/semmelweis.hu\/fogpotlastan\/wp-json\/wp\/v2\/pages\/2166\/revisions\/9499"}],"up":[{"embeddable":true,"href":"https:\/\/semmelweis.hu\/fogpotlastan\/wp-json\/wp\/v2\/pages\/9019"}],"wp:attachment":[{"href":"https:\/\/semmelweis.hu\/fogpotlastan\/wp-json\/wp\/v2\/media?parent=2166"}],"wp:term":[{"taxonomy":"category","embeddable":true,"href":"https:\/\/semmelweis.hu\/fogpotlastan\/wp-json\/wp\/v2\/categories?post=2166"},{"taxonomy":"post_tag","embeddable":true,"href":"https:\/\/semmelweis.hu\/fogpotlastan\/wp-json\/wp\/v2\/tags?post=2166"}],"curies":[{"name":"wp","href":"https:\/\/api.w.org\/{rel}","templated":true}]}}