{"id":2138,"date":"2016-04-07T08:44:43","date_gmt":"2016-04-07T06:44:43","guid":{"rendered":"http:\/\/semmelweis.hu\/fogpotlastan\/?page_id=2138"},"modified":"2025-03-14T14:22:56","modified_gmt":"2025-03-14T13:22:56","slug":"joos-kovacs-gellert","status":"publish","type":"page","link":"https:\/\/semmelweis.hu\/fogpotlastan\/munkatarsak-terv\/joos-kovacs-gellert\/","title":{"rendered":"Dr. Jo\u00f3s-Kov\u00e1cs Gell\u00e9rt"},"content":{"rendered":"<p><strong><span style=\"font-size: 12pt\">Tanulm\u00e1nyok, szakk\u00e9pes\u00edt\u00e9s<a href=\"https:\/\/semmelweis.hu\/fogpotlastan\/files\/2019\/10\/Dr.-Jo\u00f3s-Kov\u00e1cs-Gell\u00e9rt.jpg\"><img loading=\"lazy\" decoding=\"async\" class=\"size-medium wp-image-5568 alignright\" src=\"https:\/\/semmelweis.hu\/fogpotlastan\/files\/2019\/10\/Dr.-Jo\u00f3s-Kov\u00e1cs-Gell\u00e9rt-200x300.jpg\" alt=\"\" width=\"200\" height=\"300\" srcset=\"https:\/\/semmelweis.hu\/fogpotlastan\/files\/2019\/10\/Dr.-Jo\u00f3s-Kov\u00e1cs-Gell\u00e9rt-200x300.jpg 200w, https:\/\/semmelweis.hu\/fogpotlastan\/files\/2019\/10\/Dr.-Jo\u00f3s-Kov\u00e1cs-Gell\u00e9rt.jpg 500w\" sizes=\"auto, (max-width: 200px) 100vw, 200px\" \/><\/a><\/span><\/strong><br \/>\n<span style=\"font-size: 12pt\">2019 Fogp\u00f3tl\u00e1stan szakvizsga<br \/>\n2016 Konzerv\u00e1l\u00f3 fog\u00e1szat \u00e9s Fogp\u00f3tl\u00e1stan szakvizsga<\/span><br \/>\n<span style=\"font-size: 12pt\">2013 Fogorvos diploma \u2013 Semmelweis Egyetem Fogorvostudom\u00e1nyi Kar<br \/>\n<\/span><br \/>\n<strong><span style=\"font-size: 12pt\">Szakmai tapasztalat \/ klinikai el\u0151menetel<\/span><\/strong><br \/>\n<span style=\"font-size: 12pt\">2023- Fogp\u00f3tl\u00e1stan Klinika \u2013 egyetemi adjunktus<br \/>\n2018-2023. Fogp\u00f3tl\u00e1stan Klinika \u2013 egyetemi tan\u00e1rseg\u00e9d<\/span><br \/>\n<span style=\"font-size: 12pt\">2016-2018. Fogp\u00f3tl\u00e1stan Klinika \u2013 klinikai szakorvos<\/span><br \/>\n<span style=\"font-size: 12pt\">2013-2016. Fogp\u00f3tl\u00e1stan Klinika \u2013 klinikai orvos<br \/>\n<\/span><br \/>\n<strong><span style=\"font-size: 12pt\">Tudom\u00e1nyos tev\u00e9kenys\u00e9g<\/span><\/strong><br \/>\n<span style=\"font-size: 12pt\">Munkacsoport: Digit\u00e1lis fog\u00e1szati munkacsoport<\/span><\/p>\n<p style=\"text-align: justify\"><strong><span style=\"font-size: 12pt\">El\u0151ad\u00e1sok<\/span><\/strong><br \/>\n<span style=\"font-size: 12pt\">2018. \u00e1pr. 10. PhD Tudom\u00e1nyos Napok 2018 Budapest Laboratory Scanner Method &#8211; Accuracy of Indirect CAD\/CAM digitalization<\/span><br \/>\n<span style=\"font-size: 12pt\">2017. szept. 22-23. International Assotioation of Dental Research (IADR) \u2013 Central European Division (CED) Poszter ki\u00e1ll\u00edt\u00f3 B\u00e9csben \u201eLaboratory Scanner Method \u2013 Accuracy of Indirect CAD\/CAM digitalization\u201d c\u00edmmel<\/span><br \/>\n<span style=\"font-size: 12pt\">2017 szept. 28-30. Magyar Fogorvosok Egyes\u00fclet\u00e9nek Fogp\u00f3tl\u00e1stani T\u00e1rsas\u00e1ga XXII. kongresszus\u00e1n el\u0151ad\u00f3 \u201eIndirekt CAD\/CAM digitaliz\u00e1ci\u00f3 l\u00e9p\u00e9seinek in-vitro \u00f6sszehasonl\u00edt\u00e1sa\u201d c\u00edmmel<\/span><br \/>\n<span style=\"font-size: 12pt\">2017. jan 25. Kari Kutat\u00e1si P\u00e1ly\u00e1zaton r\u00e9szv\u00e9tel el\u0151ad\u00f3k\u00e9nt \u201eAz intraor\u00e1lis szkennel\u00e9s id\u0151tartam \u00e9s k\u00e9psz\u00e1m v\u00e1ltoz\u00e1sa a gyakorl\u00e1ssal \u00f6sszef\u00fcgg\u00e9sben- in vivo vizsg\u00e1lat\u201d c\u00edmmel<\/span><br \/>\n<span style=\"font-size: 12pt\">2016. nov. 19. Magyar Orvosi Kamara Fogorvosok Ter\u00fcleti Szervezete \u201eA fogorvostudom\u00e1ny aktu\u00e1lis k\u00e9rd\u00e9sei\u201d c. tov\u00e1bbk\u00e9pz\u0151 konferenci\u00e1j\u00e1n el\u0151ad\u00e1s \u201eCAD\/CAM technol\u00f3gia alkalmaz\u00e1sa a mindennapokban\u201d c\u00edmmel Szeksz\u00e1rdon<\/span><br \/>\n<span style=\"font-size: 12pt\">2016.szept.17. Dental-Trade c\u00e9g \u201eTrad\u00edci\u00f3 &amp; Innov\u00e1ci\u00f3, A fog\u00e1szati Szakmai F\u00f3rum\u201d c. tov\u00e1bbk\u00e9pz\u0151 konferenci\u00e1j\u00e1n el\u0151ad\u00e1s \u201eCAD\/CAM technol\u00f3gia alkalmaz\u00e1sa a mindennapokban\u201d c\u00edmmel Si\u00f3fokon<\/span><br \/>\n<span style=\"font-size: 12pt\">2016. j\u00fan 4. Magyar Orvosi Kamara Fogorvosok Ter\u00fcleti Szervezete \u201eA fogorvostudom\u00e1ny aktu\u00e1lis k\u00e9rd\u00e9sei\u201d c. tov\u00e1bbk\u00e9pz\u0151 konferenci\u00e1j\u00e1n el\u0151ad\u00e1s \u201eCAD\/CAM technol\u00f3gia alkalmaz\u00e1sa a mindennapokban\u201d c\u00edmmel Miskolcon<\/span><br \/>\n<span style=\"font-size: 12pt\">2016. m\u00e1rc 19. Magyar Orvosi Kamara Fogorvosok Ter\u00fcleti Szervezete \u201eA fogorvostudom\u00e1ny aktu\u00e1lis k\u00e9rd\u00e9sei\u201d c. tov\u00e1bbk\u00e9pz\u0151 konferenci\u00e1j\u00e1n el\u0151ad\u00e1s \u201eCAD\/CAM technol\u00f3gia alkalmaz\u00e1sa a mindennapokban\u201d c\u00edmmel Gy\u0151rben<\/span><br \/>\n<span style=\"font-size: 12pt\">2016. jan 27. Kari Kutat\u00e1si P\u00e1ly\u00e1zaton r\u00e9szv\u00e9tel el\u0151ad\u00f3k\u00e9nt \u201eIndirekt CAD\/CAM technol\u00f3gia vizsg\u00e1lata\u201dc. el\u0151ad\u00e1ssal<\/span><br \/>\n<span style=\"font-size: 12pt\">2015.szept 18. Magyar Fogorvosok Egyes\u00fclet\u00e9nek Fogp\u00f3tl\u00e1stani T\u00e1rsas\u00e1ga XXI. Kongresszus\u00e1n P\u00e9csen el\u0151ad\u00e1s CAD\/CAM technol\u00f3gia vizsg\u00e1lata c\u00edmmel<\/p>\n<p><\/span><strong><span style=\"font-size: 12pt\">Szakmai szervezeti tags\u00e1gok<\/span><\/strong><br \/>\n<span style=\"font-size: 12pt\">2018- Magyar Fogp\u00f3tl\u00e1stani T\u00e1rsas\u00e1g<\/span><br \/>\n<span style=\"font-size: 12pt\">2013- Magyar Orvosi Kamara Fogorvosi Tagozata<\/span><br \/>\n<span style=\"font-size: 12pt\"><br \/>\n<strong>Nyelvismeret<\/strong><\/span><br \/>\n<span style=\"font-size: 12pt\">magyar anyanyelv<\/span><br \/>\n<span style=\"font-size: 12pt\">angol k\u00f6z\u00e9pfok<\/span><br \/>\n<span style=\"font-size: 12pt\">n\u00e9met k\u00f6z\u00e9pfok<\/span><br \/>\n<span style=\"font-size: 12pt\"><br \/>\n<strong>Egy\u00e9b<\/strong><\/span><br \/>\n<span style=\"font-size: 12pt\">F\u0151 \u00e9rdekl\u0151d\u00e9si ter\u00fcletem a fogp\u00f3tl\u00e1sok, eszt\u00e9tikus fogrekonstrukci\u00f3k, digit\u00e1lis fog\u00e1szati megold\u00e1sok. PhD hallgat\u00f3k\u00e9nt tudom\u00e1nyos kutat\u00e1sokban veszek r\u00e9szt, valamint hallgat\u00f3knak seg\u00edtek TDK munk\u00e1juk v\u00e9gz\u00e9s\u00e9ben, szakdolgozatuk elk\u00e9sz\u00edt\u00e9s\u00e9ben.<\/span><\/p>\n<p><span style=\"font-size: 12pt\"><a href=\"https:\/\/vm.mtmt.hu\/\/search\/slist.php?nwi=1&amp;inited=1&amp;ty_on=1&amp;url_on=1&amp;cite_type=2&amp;orderby=3D1a&amp;location=mtmt&amp;stn=1&amp;AuthorID=10053153\">Tudom\u00e1nyos k\u00f6zlem\u00e9nyek<\/a><\/span><\/p>\n<p><span style=\"font-size: 12pt\"><em>Az el\u00e9rhet\u0151s\u00e9gi adatok nem haszn\u00e1lhat\u00f3k fel az 1995. \u00e9vi CXIX. t\u00f6rv\u00e9ny szerinti kutat\u00e1s \u00e9s k\u00f6zvetlen \u00fczletszerz\u00e9s c\u00e9lj\u00e1ra.<\/em><\/span><\/p>\n","protected":false},"excerpt":{"rendered":"<p>Tanulm\u00e1nyok, szakk\u00e9pes\u00edt\u00e9s <a href=\"https:\/\/semmelweis.hu\/fogpotlastan\/files\/2019\/10\/Dr.-Jo\u00f3s-Kov\u00e1cs-Gell\u00e9rt.jpg\"><\/a> 2019 Fogp\u00f3tl\u00e1stan szakvizsga 2016 Konzerv\u00e1l\u00f3 fog\u00e1szat \u00e9s Fogp\u00f3tl\u00e1stan szakvizsga 2013 Fogorvos diploma \u2013 Semmelweis Egyetem Fogorvostudom\u00e1nyi Kar Szakmai tapasztalat \/ klinikai el\u0151menetel 2023- Fogp\u00f3tl\u00e1stan Klinika \u2013 egyetemi adjunktus 2018-2023. Fogp\u00f3tl\u00e1stan Klinika \u2013 egyetemi tan\u00e1rseg\u00e9d 2016-2018. Fogp\u00f3tl\u00e1stan Klinika \u2013 klinikai szakorvos 2013-2016. Fogp\u00f3tl\u00e1stan Klinika \u2013 klinikai orvos Tudom\u00e1nyos tev\u00e9kenys\u00e9g Munkacsoport: Digit\u00e1lis fog\u00e1szati munkacsoport El\u0151ad\u00e1sok &hellip;<\/p>\n","protected":false},"author":38,"featured_media":0,"parent":9019,"menu_order":1,"comment_status":"closed","ping_status":"closed","template":"","meta":{"_acf_changed":false,"footnotes":""},"categories":[],"tags":[],"class_list":["post-2138","page","type-page","status-publish","hentry"],"acf":[],"_links":{"self":[{"href":"https:\/\/semmelweis.hu\/fogpotlastan\/wp-json\/wp\/v2\/pages\/2138","targetHints":{"allow":["GET"]}}],"collection":[{"href":"https:\/\/semmelweis.hu\/fogpotlastan\/wp-json\/wp\/v2\/pages"}],"about":[{"href":"https:\/\/semmelweis.hu\/fogpotlastan\/wp-json\/wp\/v2\/types\/page"}],"author":[{"embeddable":true,"href":"https:\/\/semmelweis.hu\/fogpotlastan\/wp-json\/wp\/v2\/users\/38"}],"replies":[{"embeddable":true,"href":"https:\/\/semmelweis.hu\/fogpotlastan\/wp-json\/wp\/v2\/comments?post=2138"}],"version-history":[{"count":10,"href":"https:\/\/semmelweis.hu\/fogpotlastan\/wp-json\/wp\/v2\/pages\/2138\/revisions"}],"predecessor-version":[{"id":9504,"href":"https:\/\/semmelweis.hu\/fogpotlastan\/wp-json\/wp\/v2\/pages\/2138\/revisions\/9504"}],"up":[{"embeddable":true,"href":"https:\/\/semmelweis.hu\/fogpotlastan\/wp-json\/wp\/v2\/pages\/9019"}],"wp:attachment":[{"href":"https:\/\/semmelweis.hu\/fogpotlastan\/wp-json\/wp\/v2\/media?parent=2138"}],"wp:term":[{"taxonomy":"category","embeddable":true,"href":"https:\/\/semmelweis.hu\/fogpotlastan\/wp-json\/wp\/v2\/categories?post=2138"},{"taxonomy":"post_tag","embeddable":true,"href":"https:\/\/semmelweis.hu\/fogpotlastan\/wp-json\/wp\/v2\/tags?post=2138"}],"curies":[{"name":"wp","href":"https:\/\/api.w.org\/{rel}","templated":true}]}}