{"id":193,"date":"2012-03-13T11:08:37","date_gmt":"2012-03-13T10:08:37","guid":{"rendered":"http:\/\/semmelweis-egyetem.hu\/fogpotlastan\/?page_id=193"},"modified":"2026-04-14T14:12:34","modified_gmt":"2026-04-14T12:12:34","slug":"oszlanszky-judit","status":"publish","type":"page","link":"https:\/\/semmelweis.hu\/fogpotlastan\/munkatarsak-terv\/oszlanszky-judit\/","title":{"rendered":"Dr. Oszl\u00e1nszky Judit"},"content":{"rendered":"<p style=\"text-align: justify\"><strong><span style=\"font-size: 12pt\">Tanulm\u00e1nyok, szakk\u00e9pes\u00edt\u00e9s<img loading=\"lazy\" decoding=\"async\" class=\" wp-image-6979 alignright\" src=\"https:\/\/semmelweis.hu\/fogpotlastan\/files\/2021\/03\/Dr.-Oszl\u00e1nszky-Judit-267x400.jpg\" alt=\"\" width=\"200\" height=\"300\" srcset=\"https:\/\/semmelweis.hu\/fogpotlastan\/files\/2021\/03\/Dr.-Oszl\u00e1nszky-Judit-267x400.jpg 267w, https:\/\/semmelweis.hu\/fogpotlastan\/files\/2021\/03\/Dr.-Oszl\u00e1nszky-Judit-683x1024.jpg 683w, https:\/\/semmelweis.hu\/fogpotlastan\/files\/2021\/03\/Dr.-Oszl\u00e1nszky-Judit-768x1152.jpg 768w, https:\/\/semmelweis.hu\/fogpotlastan\/files\/2021\/03\/Dr.-Oszl\u00e1nszky-Judit-1024x1536.jpg 1024w, https:\/\/semmelweis.hu\/fogpotlastan\/files\/2021\/03\/Dr.-Oszl\u00e1nszky-Judit-1365x2048.jpg 1365w, https:\/\/semmelweis.hu\/fogpotlastan\/files\/2021\/03\/Dr.-Oszl\u00e1nszky-Judit-753x1129.jpg 753w, https:\/\/semmelweis.hu\/fogpotlastan\/files\/2021\/03\/Dr.-Oszl\u00e1nszky-Judit-scaled.jpg 1707w\" sizes=\"auto, (max-width: 200px) 100vw, 200px\" \/><\/span><\/strong><br \/>\n<span style=\"font-size: 12pt\">2026 \u2013 Harvard Medical School, Posztgradu\u00e1lis Orvosk\u00e9pz\u00e9s, Clinical Science Scholars at Semmelweis Program, Boston<\/span><br \/>\n<span style=\"font-size: 12pt\">2025 \u2013 PhD (klinikai orvostudom\u00e1nyok), summa cum laude, Semmelweis Egyetem, Budapest<\/span><br \/>\n<span style=\"font-size: 12pt\">2023 \u2013 Fogp\u00f3tl\u00e1stan szakvizsga, Budapest<\/span><br \/>\n<span style=\"font-size: 12pt\">2014 \u2013 Konzerv\u00e1l\u00f3 fog\u00e1szat \u00e9s fogp\u00f3tl\u00e1stan szakvizsga, Budapest<\/span><br \/>\n<span style=\"font-size: 12pt\">2011 \u2013 Fogorvos (DMD), summa cum laude, Semmelweis Egyetem, Fogorvostudom\u00e1nyi Kar, Budapest<\/span><br \/>\n<strong><span style=\"font-size: 12pt\"><br \/>\nSzakmai tapasztalat<\/span><\/strong><br \/>\n<span style=\"font-size: 12pt\">Semmelweis Egyetem, Fogorvostudom\u00e1nyi Kar, Fogp\u00f3tl\u00e1stani Klinika<\/span><br \/>\n<span style=\"font-size: 12pt\">2011 \u2013 jelenleg<\/span><br \/>\n<span style=\"font-size: 12pt\">Egyetemi tan\u00e1rseg\u00e9d | 2026 \u2013 jelenleg<\/span><br \/>\n<span style=\"font-size: 12pt\">Min\u0151s\u00e9gir\u00e1ny\u00edt\u00e1si rendszer megb\u00edzott vezet\u0151 | 2025 \u2013 jelenleg<\/span><br \/>\n<span style=\"font-size: 12pt\">Klinikai szakorvos (fogp\u00f3tl\u00e1stan) | 2014 \u2013 jelenleg<\/span><br \/>\n<span style=\"font-size: 12pt\">Fogorvos | 2011 \u2013 2014<\/span><br \/>\n<span style=\"font-size: 12pt\"><br \/>\n<strong>Kutat\u00e1si tev\u00e9kenys\u00e9g<\/strong><\/span><br \/>\n<span style=\"font-size: 12pt\">Egy\u00fcttm\u0171k\u00f6d\u00e9s az Eg\u00e9szs\u00e9g-gazdas\u00e1gtani Kutat\u00f3k\u00f6zponttal (\u00d3budai Egyetem), beteg \u00e1ltal jelentett kimenetelek \u00e9s m\u00e9r\u0151eszk\u00f6z-valid\u00e1ci\u00f3 t\u00e9m\u00e1ban (2023\u2013jelenleg)<\/span><br \/>\n<span style=\"font-size: 12pt\">Tagja a Temporomandibul\u00e1ris Diszfunkci\u00f3 (TMD) Kutat\u00f3csoportnak, klinikai \u00e9s kutat\u00e1si tev\u00e9kenys\u00e9g (2011\u2013jelenleg)<\/span><br \/>\n<span style=\"font-size: 12pt\">Oktat\u00e1si tev\u00e9kenys\u00e9g<\/span><br \/>\n<span style=\"font-size: 12pt\">Fogorvostanhallgat\u00f3k (3\u20135. \u00e9vfolyam) oktat\u00e1sa \u00e9s klinikai gyakorlatainak vezet\u00e9se fogp\u00f3tl\u00e1stanb\u00f3l magyar \u00e9s angol nyelven (2011\u2013jelenleg)<\/span><br \/>\n<span style=\"font-size: 12pt\">El\u0151ad\u00f3 az Odontotechnol\u00f3gia \u00e9s fogp\u00f3tl\u00e1stani propedeutika, valamint Fogp\u00f3tl\u00e1stan tant\u00e1rgyakb\u00f3l magyar \u00e9s angol nyelven (2026\u2013jelenleg)<\/span><br \/>\n<span style=\"font-size: 12pt\">Szemin\u00e1riumok \u00e9s gyakorlatok tart\u00e1sa magas hallgat\u00f3i el\u00e9gedetts\u00e9ggel<\/span><br \/>\n<span style=\"font-size: 12pt\">Hallgat\u00f3i \u00e9rt\u00e9kel\u00e9s (2025\/26 tavaszi f\u00e9l\u00e9v): \u00e1tlag 4,91\/5 (109 \u00e9rt\u00e9kel\u00e9s alapj\u00e1n)<\/span><\/p>\n<p><strong><span style=\"font-size: 12pt\">Felk\u00e9rt el\u0151ad\u00e1sok<\/span><\/strong><br \/>\n<span style=\"font-size: 12pt\">2013. augusztus 12. \u2013 Budapest, V. ASTRA Szimp\u00f3zium (Teljes als\u00f3 foghi\u00e1ny implant\u00e1ci\u00f3s rehabilit\u00e1ci\u00f3ja)<\/span><br \/>\n<span style=\"font-size: 12pt\">2014. febru\u00e1r 22. \u2013 Sopron, Aktu\u00e1lis k\u00e9rd\u00e9sek a fog\u00e1szatban (Teljes als\u00f3 foghi\u00e1ny implant\u00e1ci\u00f3s ell\u00e1t\u00e1sa)<\/span><br \/>\n<span style=\"font-size: 12pt\">2014. m\u00e1jus 31. \u2013 Debrecen, Aktu\u00e1lis k\u00e9rd\u00e9sek a fog\u00e1szatban (Teljes als\u00f3 foghi\u00e1ny implant\u00e1ci\u00f3s ell\u00e1t\u00e1sa)<\/span><br \/>\n<span style=\"font-size: 12pt\"><br \/>\n<strong>Szakmai tags\u00e1gok<\/strong><\/span><br \/>\n<span style=\"font-size: 12pt\">Harvard Medical School alumni | 2026\u2013jelenleg<\/span><br \/>\n<span style=\"font-size: 12pt\">Magyar Gnatol\u00f3giai T\u00e1rsas\u00e1g tagja | 2023\u2013jelenleg<\/span><br \/>\n<span style=\"font-size: 12pt\">Magyar Orvosi Kamara tagja | 2011\u2013jelenleg<\/span><br \/>\n<span style=\"font-size: 12pt\">Semmelweis Egyetem alumni | 2011\u2013jelenleg<\/span><br \/>\n<span style=\"font-size: 12pt\"><br \/>\n<strong>Akad\u00e9miai tev\u00e9kenys\u00e9g<\/strong><\/span><br \/>\n<span style=\"font-size: 12pt\">B\u00edr\u00e1l\u00f3i tev\u00e9kenys\u00e9g<\/span><br \/>\n<span style=\"font-size: 12pt\">Springer Nature foly\u00f3iratok b\u00edr\u00e1l\u00f3ja (BMC Oral Health, BMC Anesthesiology, Scientific Reports)<\/span><br \/>\n<span style=\"font-size: 12pt\">2025 \u2013 5 b\u00edr\u00e1lat<\/span><br \/>\n<span style=\"font-size: 12pt\">2026 \u2013<\/span><br \/>\n<span style=\"font-size: 12pt\">Szakdolgozat b\u00edr\u00e1lat<\/span><br \/>\n<span style=\"font-size: 12pt\">2025 \u2013 angol nyelven: 1<\/span><br \/>\n<span style=\"font-size: 12pt\">2026 \u2013 magyar nyelven: 1<\/span><br \/>\n<span style=\"font-size: 12pt\">PhD v\u00e9d\u00e9si bizotts\u00e1gi tags\u00e1g<\/span><br \/>\n<span style=\"font-size: 12pt\">2026 \u2013 PhD v\u00e9d\u00e9si bizotts\u00e1gi tag (2 alkalom), angol \u00e9s magyar nyelven<\/span><br \/>\n<span style=\"font-size: 12pt\"><br \/>\n<strong>Nyelvismeret<\/strong><\/span><br \/>\n<span style=\"font-size: 12pt\">Magyar \u2013 anyanyelv<\/span><br \/>\n<span style=\"font-size: 12pt\">Angol \u2013 t\u00e1rgyal\u00f3k\u00e9pes<\/span><br \/>\n<span style=\"font-size: 12pt\">N\u00e9met \u2013 t\u00e1rgyal\u00f3k\u00e9pes<\/span><\/p>\n<p style=\"text-align: justify\"><span style=\"font-size: 12pt\"><a href=\"https:\/\/vm.mtmt.hu\/\/search\/slist.php?nwi=1&amp;inited=1&amp;ty_on=1&amp;url_on=1&amp;cite_type=2&amp;orderby=3D1a&amp;location=mtmt&amp;stn=1&amp;AuthorID=10045572\">Tudom\u00e1nyos k\u00f6zlem\u00e9nyek<\/a><\/span><\/p>\n<p style=\"text-align: justify\"><span style=\"font-size: 10pt\"><em>Az el\u00e9rhet\u0151s\u00e9gi adatok nem haszn\u00e1lhat\u00f3k fel az 1995. \u00e9vi CXIX. t\u00f6rv\u00e9ny szerinti kutat\u00e1s \u00e9s k\u00f6zvetlen \u00fczletszerz\u00e9s c\u00e9lj\u00e1ra.<\/em><\/span><\/p>\n","protected":false},"excerpt":{"rendered":"<p>Tanulm\u00e1nyok, szakk\u00e9pes\u00edt\u00e9s 2026 \u2013 Harvard Medical School, Posztgradu\u00e1lis Orvosk\u00e9pz\u00e9s, Clinical Science Scholars at Semmelweis Program, Boston 2025 \u2013 PhD (klinikai orvostudom\u00e1nyok), summa cum laude, Semmelweis Egyetem, Budapest 2023 \u2013 Fogp\u00f3tl\u00e1stan szakvizsga, Budapest 2014 \u2013 Konzerv\u00e1l\u00f3 fog\u00e1szat \u00e9s fogp\u00f3tl\u00e1stan szakvizsga, Budapest 2011 \u2013 Fogorvos (DMD), summa cum laude, Semmelweis Egyetem, Fogorvostudom\u00e1nyi Kar, Budapest Szakmai tapasztalat Semmelweis &hellip;<\/p>\n","protected":false},"author":38,"featured_media":0,"parent":9019,"menu_order":1,"comment_status":"closed","ping_status":"closed","template":"","meta":{"_acf_changed":false,"footnotes":""},"categories":[],"tags":[],"class_list":["post-193","page","type-page","status-publish","hentry"],"acf":[],"_links":{"self":[{"href":"https:\/\/semmelweis.hu\/fogpotlastan\/wp-json\/wp\/v2\/pages\/193","targetHints":{"allow":["GET"]}}],"collection":[{"href":"https:\/\/semmelweis.hu\/fogpotlastan\/wp-json\/wp\/v2\/pages"}],"about":[{"href":"https:\/\/semmelweis.hu\/fogpotlastan\/wp-json\/wp\/v2\/types\/page"}],"author":[{"embeddable":true,"href":"https:\/\/semmelweis.hu\/fogpotlastan\/wp-json\/wp\/v2\/users\/38"}],"replies":[{"embeddable":true,"href":"https:\/\/semmelweis.hu\/fogpotlastan\/wp-json\/wp\/v2\/comments?post=193"}],"version-history":[{"count":10,"href":"https:\/\/semmelweis.hu\/fogpotlastan\/wp-json\/wp\/v2\/pages\/193\/revisions"}],"predecessor-version":[{"id":9979,"href":"https:\/\/semmelweis.hu\/fogpotlastan\/wp-json\/wp\/v2\/pages\/193\/revisions\/9979"}],"up":[{"embeddable":true,"href":"https:\/\/semmelweis.hu\/fogpotlastan\/wp-json\/wp\/v2\/pages\/9019"}],"wp:attachment":[{"href":"https:\/\/semmelweis.hu\/fogpotlastan\/wp-json\/wp\/v2\/media?parent=193"}],"wp:term":[{"taxonomy":"category","embeddable":true,"href":"https:\/\/semmelweis.hu\/fogpotlastan\/wp-json\/wp\/v2\/categories?post=193"},{"taxonomy":"post_tag","embeddable":true,"href":"https:\/\/semmelweis.hu\/fogpotlastan\/wp-json\/wp\/v2\/tags?post=193"}],"curies":[{"name":"wp","href":"https:\/\/api.w.org\/{rel}","templated":true}]}}