{"id":1886,"date":"2015-09-07T08:40:46","date_gmt":"2015-09-07T06:40:46","guid":{"rendered":"http:\/\/semmelweis.hu\/fogpotlastan\/?page_id=1886"},"modified":"2025-04-17T15:33:40","modified_gmt":"2025-04-17T13:33:40","slug":"tdk-temak","status":"publish","type":"page","link":"https:\/\/semmelweis.hu\/fogpotlastan\/oktatas\/tdk-temak\/","title":{"rendered":"TDK t\u00e9m\u00e1k"},"content":{"rendered":"<p>3D nyomtat\u00e1s &#8211; Dr. Borb\u00e9ly Judit<\/p>\n<p>3D nyomtat\u00e1s a fog\u00e1szatban &#8211; Dr. Jo\u00f3s-Kov\u00e1cs Gell\u00e9rt, Dr. N\u00e9meth Anna<\/p>\n<p>A CEREC Primescan intraor\u00e1lis szkenner \u00e1ltal detekt\u00e1lhat\u00f3 legnagyobb m\u00e9lys\u00e9g meghat\u00e1roz\u00e1sa &#8211; Dr. Jo\u00f3s-Kov\u00e1cs Gell\u00e9rt<\/p>\n<p>Ciszt\u00e1s fibr\u00f3zisban szenved\u0151 p\u00e1ciensek fog\u00e1szati ell\u00e1t\u00e1si lehet\u0151s\u00e9g\u00e9nek vizsg\u00e1lata &#8211; Dr. Heged\u0171s Tam\u00e1s<\/p>\n<p>Digit\u00e1lis fog\u00e1szat &#8211; Dr. Jo\u00f3s-Kov\u00e1cs Gell\u00e9rt<\/p>\n<p>Digit\u00e1lis lenyomatv\u00e9tel pontoss\u00e1g\u00e1nak vizsg\u00e1lata &#8211; Dr. Jo\u00f3s-Kov\u00e1cs Gell\u00e9rt<\/p>\n<p>Digit\u00e1lis lenyomatv\u00e9tel tanul\u00e1si g\u00f6rb\u00e9j\u00e9nek vizsg\u00e1lata korcsoportok szerint &#8211; Dr. R\u00f3th Yvett, Dr. P\u00e1l Adrienn<\/p>\n<p>Digit\u00e1lis mosolytervez\u00e9s, manu\u00e1lis \u00e9s a mesters\u00e9ges intelligencia \u00e1ltali mosolytervez\u00e9s \u00f6sszehasonl\u00edt\u00e1sa az eszt\u00e9tikai eredm\u00e9ny alapj\u00e1n &#8211; Dr. Borb\u00e9ly Judit<\/p>\n<p>Doh\u00e1nyterm\u00e9kek sz\u00e1j\u00fcregi hat\u00e1s\u00e1nak vizsg\u00e1lata &#8211; Dr. Kisp\u00e9lyi Barbara, Dr. V\u00e1mos Orsolya<\/p>\n<p>Fogorvosokat \u00e9rint\u0151 foglalkoz\u00e1si \u00e1rtalmak &#8211; Dr. Schmidt P\u00e9ter<\/p>\n<p>Gnatol\u00f3gia &#8211; Dr. J\u00e1sz M\u00e1t\u00e9<\/p>\n<p>Implant\u00e1tum k\u00f6r\u00fcli emergencia profil hagyom\u00e1nyos vs digit\u00e1lis lenyomatoz\u00e1s\u00e1nak \u00f6sszehasonl\u00edt\u00e1sa &#8211; Dr. Mikul\u00e1s Krisztina, Dr. Qian Xinyi<\/p>\n<p>Implanprotetikai minta- \u00e9s lenyomatk\u00e9sz\u00edt\u00e9s pontoss\u00e1g\u00e1nak vizsg\u00e1lata &#8211; Dr. Kisp\u00e9lyi Barbara, Dr. V\u00e1nkos Boldizs\u00e1r<\/p>\n<p>Intraoral scanners in dentistry &#8211; Dr. Borb\u00e9ly Judit, Dr. Vitai Vikt\u00f3ria, Dr. Vecsei B\u00e1lint<\/p>\n<p>Intraor\u00e1lis szkennerek \u00e9rt\u00e9kel\u00e9se &#8211; Dr. Schmalzl Judit<\/p>\n<p>Korai l\u00e1gysz\u00f6veti gy\u00f3gyul\u00e1s egyedi cirk\u00f3nium-dioxid\u00a0gy\u00f3gyul\u00e1si fejek k\u00f6r\u00fcl &#8211; Dr. Mikul\u00e1s Krisztina, Dr. Tajti P\u00e9ter<\/p>\n<p>Korai sebgy\u00f3gyul\u00e1s egyedi \u00e9s k\u00f6rszimmetrikus cirk\u00f3nium-dioxid\u00a0gy\u00f3gyul\u00e1si fejek k\u00f6r\u00fcl &#8211; Dr. Mikul\u00e1s Krisztina, Dr. Moln\u00e1r Eszter<\/p>\n<p>Korai kem\u00e9nysz\u00f6veti gy\u00f3gyul\u00e1s egyedi cirk\u00f3nium-dioxid\u00a0gy\u00f3gyul\u00e1si fejek k\u00f6r\u00fcl &#8211; Dr. Mikul\u00e1s Krisztina, Dr. Palkovics D\u00e1niel<\/p>\n<p>K\u00fcl\u00f6nb\u00f6z\u0151 3D konfigur\u00e1ci\u00f3j\u00fa gy\u00f3gyul\u00e1si fejek hat\u00e1sa a periimplant\u00e1lis l\u00e1gy- \u00e9s kem\u00e9nysz\u00f6veti gy\u00f3gyul\u00e1sra az eszt\u00e9tikai z\u00f3n\u00e1ban &#8211; 1 \u00e9ves k\u00f6vet\u00e9s \u2013 randomiz\u00e1lt kontroll\u00e1lt vizsg\u00e1lat &#8211; Dr. Mikul\u00e1s Krisztina, Dr. Moln\u00e1r B\u00e1lint<\/p>\n<p>K\u00fcl\u00f6nb\u00f6z\u0151 monolitikus cirk\u00f3nium-dioxid fogp\u00f3tl\u00e1sok k\u00e9szreviteli technik\u00e1inak \u00f6sszehasonl\u00edt\u00f3 \u00e9rt\u00e9kel\u00e9se \u2013 Dr. R\u00f3th Ivett, Dr. G\u00e9czi Zolt\u00e1n<\/p>\n<p>K\u00fcl\u00f6nb\u00f6z\u0151 t\u00edpus\u00fa cirk\u00f3nium-dioxid anyagokb\u00f3l k\u00e9sz\u00fclt h\u00e9jp\u00f3tl\u00e1sok \u00e9rt\u00e9kel\u00e9se \u2013 Dr. R\u00f3th Ivett, Dr. G\u00e9czi Zolt\u00e1n<\/p>\n<p>Multifunkci\u00f3s implantprotetikai fejek vizsg\u00e1lata &#8211; Dr. Kisp\u00e9lyi Barbara, Dr. V\u00e1nkos Boldizs\u00e1r<\/p>\n<p>Nanoez\u00fcst tartalm\u00fa akril\u00e1tok fizikai tulajdons\u00e1g\u00e1nak vizsg\u00e1lata\u2013 Dr. G\u00e9czi Zolt\u00e1n, Dr. Schmalzl Judit<\/p>\n<p>Teljes lemezes fogp\u00f3tl\u00e1sok progn\u00f3zis\u00e1t befoly\u00e1sol\u00f3 klinikai anat\u00f3miai t\u00e9nyez\u0151k &#8211; Dr. K\u0151nig J\u00e1nos<\/p>\n<p>TMD a primer fejf\u00e1j\u00e1sssal k\u00fczd\u0151 p\u00e1ciensek k\u00f6r\u00e9ben &#8211; Dr. Ambrus Szilvia<\/p>\n<p>Validation of intraoral scanners &#8211; Dr. Vitai Vikt\u00f3ria<\/p>\n<p>Vizsg\u00e1lati helyzet hat\u00e1sa a centr\u00e1lis rel\u00e1ci\u00f3s helyzetre &#8211; Dr. K\u00f6rmendi Szandra<\/p>\n<div dir=\"auto\" style=\"text-align: justify\"><strong>Az al\u00e1bbi t\u00e9m\u00e1khoz hallgat\u00f3k jelentkez\u00e9s\u00e9t v\u00e1rjuk:<\/strong><\/div>\n<div dir=\"auto\" style=\"text-align: justify\">\n<p><span style=\"font-size: 1rem\">A b\u0151rsz\u00edn meghat\u00e1roz\u00e1sa az epit\u00e9zisek k\u00e9sz\u00edt\u00e9sekor \u2013 Dr. K\u00f6nig J\u00e1nos<\/span><\/p>\n<p><span style=\"font-size: 1rem\">A szilikon epit\u00e9zisek pr\u00e9sform\u00e1inak digit\u00e1lis tervez\u00e9se \u00e9s addit\u00edv gy\u00e1rt\u00e1stechnol\u00f3gi\u00e1ja \u2013 Dr. K\u00f6nig J\u00e1nos<\/span><\/p>\n<p>Digit\u00e1lis vs hagyom\u00e1gyos peri-implantalis emergencia profil lek\u00e9pez\u00e9s \u00f6sszehasonl\u00edt\u00e1sa pontoss\u00e1g, id\u0151 \u00e9s p\u00e1ciens \u00e9rt\u00e9kel\u00e9s szempontj\u00e1b\u00f3l: in vivo kutat\u00e1s &#8211; Dr. Mikul\u00e1s Krisztina<\/p>\n<p>Digit\u00e1lisan \u00fatvonalon k\u00e9sz\u00fclt implant\u00e1ci\u00f3s sz\u00f3l\u00f3 teljes ker\u00e1mia fogp\u00f3tl\u00e1sok eszt\u00e9tikai \u00e9s funkcion\u00e1lis \u00e9rt\u00e9kel\u00e9se \u2013 Dr. Mikul\u00e1s Krisztina<\/p>\n<p><span style=\"font-size: 1rem\">\u00c9letmin\u0151s\u00e9gjavul\u00e1s helyre\u00e1ll\u00edt\u00f3 protetikai beavatkoz\u00e1sok eset\u00e9n \u2013 Dr. K\u00f6nig J\u00e1nos<\/span><\/p>\n<p><span style=\"font-size: 1rem\">Epit\u00e9zisek gy\u00e1rt\u00e1s\u00e1ban sz\u00f3ba j\u00f6v\u0151 szkennerek \u00f6sszehasonl\u00edt\u00e1sa az arc k\u00fcl\u00f6nb\u00f6z\u0151 r\u00e9gi\u00f3iban, illetve m\u0171k\u00f6d\u00e9si elv\u00fck szerint \u2013 Dr. K\u00f6nig J\u00e1nos<\/span><\/p>\n<p><span style=\"font-size: 1rem\">Implant\u00e1tum k\u00f6r\u00fcli emergencia profil hagyom\u00e1nyos vs digit\u00e1lis lenyomatoz\u00e1s\u00e1nak \u00f6sszehasonl\u00edt\u00e1sa &#8211; Dr. Mikul\u00e1s Krisztina<\/span><\/p>\n<p>K\u00fcl\u00f6nb\u00f6z\u0151 3D konfigur\u00e1ci\u00f3j\u00fa implant\u00e1tumfejek hat\u00e1sa a periimplant\u00e1lis l\u00e1gy- \u00e9s kem\u00e9nysz\u00f6veti gy\u00f3gyul\u00e1sra az eszt\u00e9tikai z\u00f3n\u00e1ban &#8211; hossz\u00fat\u00e1v\u00fa k\u00f6vet\u00e9s \u2013 randomiz\u00e1lt kontroll\u00e1lt vizsg\u00e1lat &#8211; Dr. Mikul\u00e1s Krisztina<\/p>\n<p>K\u00fcl\u00f6nb\u00f6z\u0151 3D konfigur\u00e1ci\u00f3j\u00fa implant\u00e1tumfejek hat\u00e1sa a periimplant\u00e1lis l\u00e1gy- \u00e9s kem\u00e9nysz\u00f6veti gy\u00f3gyul\u00e1sra az eszt\u00e9tikai z\u00f3n\u00e1ban &#8211; 1 \u00e9ves k\u00f6vet\u00e9s \u2013 randomiz\u00e1lt kontroll\u00e1lt vizsg\u00e1lat &#8211; Dr. Mikul\u00e1s Krisztina, Dr. Moln\u00e1r B\u00e1lint<\/p>\n<p><span style=\"font-size: 1rem\">L\u00e1gysz\u00e1jpadi protetikai eszk\u00f6z\u00f6k hat\u00e1sa: t\u00e9nyleg m\u0171k\u00f6dnek? \u2013 Dr. K\u00f6nig J\u00e1nos<\/span><\/p>\n<p>Peri-implant\u00e1lis l\u00e1gysz\u00f6veti gy\u00f3gyul\u00e1s a fels\u0151 \u00e1llcsonton &#8211; Dr. Mikul\u00e1s Krisztina, Dr. Moln\u00e1r Eszter<\/p>\n<p>Sz\u00f3l\u00f3 implant\u00e1tummal elhorgonyzott restaur\u00e1tumok hagyom\u00e1nyos \u00e9s 3D mint\u00e1inak \u00f6sszehasonl\u00edt\u00e1s in vivo hagyom\u00e1nyos \u00e9s digit\u00e1lis lenyomatoz\u00e1st k\u00f6vet\u0151en &#8211; Dr. Mikul\u00e1s Krisztina<\/p>\n<\/div>\n<div dir=\"auto\" style=\"text-align: justify\">\u00a0<\/div>\n","protected":false},"excerpt":{"rendered":"<p>3D nyomtat\u00e1s &#8211; Dr. Borb\u00e9ly Judit 3D nyomtat\u00e1s a fog\u00e1szatban &#8211; Dr. Jo\u00f3s-Kov\u00e1cs Gell\u00e9rt, Dr. N\u00e9meth Anna A CEREC Primescan intraor\u00e1lis szkenner \u00e1ltal detekt\u00e1lhat\u00f3 legnagyobb m\u00e9lys\u00e9g meghat\u00e1roz\u00e1sa &#8211; Dr. Jo\u00f3s-Kov\u00e1cs Gell\u00e9rt Ciszt\u00e1s fibr\u00f3zisban szenved\u0151 p\u00e1ciensek fog\u00e1szati ell\u00e1t\u00e1si lehet\u0151s\u00e9g\u00e9nek vizsg\u00e1lata &#8211; Dr. Heged\u0171s Tam\u00e1s Digit\u00e1lis fog\u00e1szat &#8211; Dr. Jo\u00f3s-Kov\u00e1cs Gell\u00e9rt Digit\u00e1lis lenyomatv\u00e9tel pontoss\u00e1g\u00e1nak vizsg\u00e1lata &#8211; Dr. &hellip;<\/p>\n","protected":false},"author":38,"featured_media":0,"parent":8,"menu_order":5,"comment_status":"closed","ping_status":"closed","template":"","meta":{"_acf_changed":false,"footnotes":""},"categories":[],"tags":[],"class_list":["post-1886","page","type-page","status-publish","hentry"],"acf":[],"_links":{"self":[{"href":"https:\/\/semmelweis.hu\/fogpotlastan\/wp-json\/wp\/v2\/pages\/1886","targetHints":{"allow":["GET"]}}],"collection":[{"href":"https:\/\/semmelweis.hu\/fogpotlastan\/wp-json\/wp\/v2\/pages"}],"about":[{"href":"https:\/\/semmelweis.hu\/fogpotlastan\/wp-json\/wp\/v2\/types\/page"}],"author":[{"embeddable":true,"href":"https:\/\/semmelweis.hu\/fogpotlastan\/wp-json\/wp\/v2\/users\/38"}],"replies":[{"embeddable":true,"href":"https:\/\/semmelweis.hu\/fogpotlastan\/wp-json\/wp\/v2\/comments?post=1886"}],"version-history":[{"count":11,"href":"https:\/\/semmelweis.hu\/fogpotlastan\/wp-json\/wp\/v2\/pages\/1886\/revisions"}],"predecessor-version":[{"id":9634,"href":"https:\/\/semmelweis.hu\/fogpotlastan\/wp-json\/wp\/v2\/pages\/1886\/revisions\/9634"}],"up":[{"embeddable":true,"href":"https:\/\/semmelweis.hu\/fogpotlastan\/wp-json\/wp\/v2\/pages\/8"}],"wp:attachment":[{"href":"https:\/\/semmelweis.hu\/fogpotlastan\/wp-json\/wp\/v2\/media?parent=1886"}],"wp:term":[{"taxonomy":"category","embeddable":true,"href":"https:\/\/semmelweis.hu\/fogpotlastan\/wp-json\/wp\/v2\/categories?post=1886"},{"taxonomy":"post_tag","embeddable":true,"href":"https:\/\/semmelweis.hu\/fogpotlastan\/wp-json\/wp\/v2\/tags?post=1886"}],"curies":[{"name":"wp","href":"https:\/\/api.w.org\/{rel}","templated":true}]}}