{"id":149,"date":"2012-03-05T14:11:31","date_gmt":"2012-03-05T13:11:31","guid":{"rendered":"http:\/\/semmelweis-egyetem.hu\/fogpotlastan\/?page_id=149"},"modified":"2025-03-26T10:59:47","modified_gmt":"2025-03-26T09:59:47","slug":"suveges-ibolya","status":"publish","type":"page","link":"https:\/\/semmelweis.hu\/fogpotlastan\/munkatarsak-terv\/suveges-ibolya\/","title":{"rendered":"Dr. S\u00fcveges Ibolya"},"content":{"rendered":"<p><span style=\"font-size: 12pt\"><strong>Tanulm\u00e1nyok, szakk\u00e9pes\u00edt\u00e9s<\/strong><a href=\"https:\/\/semmelweis.hu\/fogpotlastan\/files\/2019\/10\/Dr.-S\u00fcveges-Ibolya.jpg\"><img loading=\"lazy\" decoding=\"async\" class=\"size-medium wp-image-5590 alignright\" src=\"https:\/\/semmelweis.hu\/fogpotlastan\/files\/2019\/10\/Dr.-S\u00fcveges-Ibolya-200x300.jpg\" alt=\"\" width=\"200\" height=\"300\" srcset=\"https:\/\/semmelweis.hu\/fogpotlastan\/files\/2019\/10\/Dr.-S\u00fcveges-Ibolya-200x300.jpg 200w, https:\/\/semmelweis.hu\/fogpotlastan\/files\/2019\/10\/Dr.-S\u00fcveges-Ibolya.jpg 500w\" sizes=\"auto, (max-width: 200px) 100vw, 200px\" \/><\/a><\/span><br \/>\n<span style=\"font-size: 12pt\">1998-2003: Semmelweis Egyetem, Budapest<\/span><br \/>\n<span style=\"font-size: 12pt\">2003: Fogorvos (DMD), Semmelweis Egyetem, Budapest<\/span><br \/>\n<span style=\"font-size: 12pt\">2005: Fog-\u00e9s Sz\u00e1jbetegs\u00e9gek szakorvosa, Semmelweis Egyetem, Budapest <\/span><br \/>\n<span style=\"font-size: 12pt\">2008: Konzerv\u00e1l\u00f3 fog\u00e1szat, fogp\u00f3tl\u00e1stan szakorvosa, Semmelweis Egyetem, Budapest<br \/>\n2019 Fogp\u00f3tl\u00e1stan szakvizsga<br \/>\n2021 Endodontia szakvizsga<\/p>\n<p><\/span><span style=\"font-size: 12pt\"><strong>Szakmai tapasztalat \/ klinikai el\u0151menetel<\/strong><\/span><br \/>\n<span style=\"font-size: 12pt\">2004-2007: Semmelweis Egyetem Konzerv\u00e1l\u00f3 Fog\u00e1szati Klinika k\u00f6zponti gyakornok,<\/span><br \/>\n<span style=\"font-size: 12pt\">Semmelweis Egyetem Konzerv\u00e1l\u00f3 Fog\u00e1szati Klinika klinikai orvos<\/span><br \/>\n<span style=\"font-size: 12pt\">2009- : Semmelweis Egyetem Fogp\u00f3tl\u00e1stani Klinika klinikai szakorvos<\/span><br \/>\n<span style=\"font-size: 12pt\"><br \/>\n<strong>Tudom\u00e1nyos tev\u00e9kenys\u00e9g<\/strong><\/span><br \/>\n<span style=\"font-size: 12pt\">munkacsoport: TMI munkacsoport <\/span><\/p>\n<p><strong><span style=\"font-size: 12pt\">Nyelvismeret<\/span><\/strong><br \/>\n<span style=\"font-size: 12pt\">magyar anyanyelv<\/span><br \/>\n<span style=\"font-size: 12pt\">angol k\u00f6z\u00e9pfok<\/span><br \/>\n<span style=\"font-size: 12pt\">n\u00e9met alapfok<\/span><\/p>\n<p><strong><span style=\"font-size: 12pt\">Egy\u00e9b<\/span><\/strong><br \/>\n<span style=\"font-size: 12pt\">2012 \u00f3ta kezelek \u00e1llkapocs\u00edz\u00fcleti p\u00e1cienseket.<\/span><\/p>\n<p><span style=\"font-size: 12pt\"><a href=\"https:\/\/vm.mtmt.hu\/\/search\/slist.php?lang=0&amp;AuthorID=10020181\">Tudom\u00e1nyos k\u00f6zlem\u00e9nyek<\/a><\/span><\/p>\n<p><span style=\"font-size: 12pt\"><em>Az el\u00e9rhet\u0151s\u00e9gi adatok nem haszn\u00e1lhat\u00f3k fel az 1995. \u00e9vi CXIX. t\u00f6rv\u00e9ny szerinti kutat\u00e1s \u00e9s k\u00f6zvetlen \u00fczletszerz\u00e9s c\u00e9lj\u00e1ra.<\/em><\/span><\/p>\n<p>&nbsp;<\/p>\n<p>&nbsp;<\/p>\n","protected":false},"excerpt":{"rendered":"<p>Tanulm\u00e1nyok, szakk\u00e9pes\u00edt\u00e9s <a href=\"https:\/\/semmelweis.hu\/fogpotlastan\/files\/2019\/10\/Dr.-S\u00fcveges-Ibolya.jpg\"><\/a> 1998-2003: Semmelweis Egyetem, Budapest 2003: Fogorvos (DMD), Semmelweis Egyetem, Budapest 2005: Fog-\u00e9s Sz\u00e1jbetegs\u00e9gek szakorvosa, Semmelweis Egyetem, Budapest 2008: Konzerv\u00e1l\u00f3 fog\u00e1szat, fogp\u00f3tl\u00e1stan szakorvosa, Semmelweis Egyetem, Budapest 2019 Fogp\u00f3tl\u00e1stan szakvizsga 2021 Endodontia szakvizsga Szakmai tapasztalat \/ klinikai el\u0151menetel 2004-2007: Semmelweis Egyetem Konzerv\u00e1l\u00f3 Fog\u00e1szati Klinika k\u00f6zponti gyakornok, Semmelweis Egyetem Konzerv\u00e1l\u00f3 Fog\u00e1szati Klinika klinikai orvos 2009- : &hellip;<\/p>\n","protected":false},"author":38,"featured_media":0,"parent":9019,"menu_order":1,"comment_status":"closed","ping_status":"closed","template":"","meta":{"_acf_changed":false,"footnotes":""},"categories":[],"tags":[],"class_list":["post-149","page","type-page","status-publish","hentry"],"acf":[],"_links":{"self":[{"href":"https:\/\/semmelweis.hu\/fogpotlastan\/wp-json\/wp\/v2\/pages\/149","targetHints":{"allow":["GET"]}}],"collection":[{"href":"https:\/\/semmelweis.hu\/fogpotlastan\/wp-json\/wp\/v2\/pages"}],"about":[{"href":"https:\/\/semmelweis.hu\/fogpotlastan\/wp-json\/wp\/v2\/types\/page"}],"author":[{"embeddable":true,"href":"https:\/\/semmelweis.hu\/fogpotlastan\/wp-json\/wp\/v2\/users\/38"}],"replies":[{"embeddable":true,"href":"https:\/\/semmelweis.hu\/fogpotlastan\/wp-json\/wp\/v2\/comments?post=149"}],"version-history":[{"count":10,"href":"https:\/\/semmelweis.hu\/fogpotlastan\/wp-json\/wp\/v2\/pages\/149\/revisions"}],"predecessor-version":[{"id":9563,"href":"https:\/\/semmelweis.hu\/fogpotlastan\/wp-json\/wp\/v2\/pages\/149\/revisions\/9563"}],"up":[{"embeddable":true,"href":"https:\/\/semmelweis.hu\/fogpotlastan\/wp-json\/wp\/v2\/pages\/9019"}],"wp:attachment":[{"href":"https:\/\/semmelweis.hu\/fogpotlastan\/wp-json\/wp\/v2\/media?parent=149"}],"wp:term":[{"taxonomy":"category","embeddable":true,"href":"https:\/\/semmelweis.hu\/fogpotlastan\/wp-json\/wp\/v2\/categories?post=149"},{"taxonomy":"post_tag","embeddable":true,"href":"https:\/\/semmelweis.hu\/fogpotlastan\/wp-json\/wp\/v2\/tags?post=149"}],"curies":[{"name":"wp","href":"https:\/\/api.w.org\/{rel}","templated":true}]}}