{"id":142,"date":"2012-03-05T13:32:28","date_gmt":"2012-03-05T12:32:28","guid":{"rendered":"http:\/\/semmelweis-egyetem.hu\/fogpotlastan\/?page_id=142"},"modified":"2025-03-26T09:42:43","modified_gmt":"2025-03-26T08:42:43","slug":"mikulas-krisztina","status":"publish","type":"page","link":"https:\/\/semmelweis.hu\/fogpotlastan\/munkatarsak-terv\/mikulas-krisztina\/","title":{"rendered":"Dr. Mikul\u00e1s Krisztina"},"content":{"rendered":"<p><span style=\"font-size: 12pt\"><strong>Tanulm\u00e1nyok, szakk\u00e9pes\u00edt\u00e9s<\/strong><a href=\"https:\/\/semmelweis.hu\/fogpotlastan\/files\/2019\/10\/Dr.-Mikul\u00e1s-Krisztina.jpg\"><img loading=\"lazy\" decoding=\"async\" class=\"size-medium wp-image-5581 alignright\" src=\"https:\/\/semmelweis.hu\/fogpotlastan\/files\/2019\/10\/Dr.-Mikul\u00e1s-Krisztina-200x300.jpg\" alt=\"\" width=\"200\" height=\"300\" srcset=\"https:\/\/semmelweis.hu\/fogpotlastan\/files\/2019\/10\/Dr.-Mikul\u00e1s-Krisztina-200x300.jpg 200w, https:\/\/semmelweis.hu\/fogpotlastan\/files\/2019\/10\/Dr.-Mikul\u00e1s-Krisztina.jpg 500w\" sizes=\"auto, (max-width: 200px) 100vw, 200px\" \/><\/a><\/span><br \/>\n<span style=\"font-size: 12pt\">2003 Fogorvos diploma \u2013 Semmelweis Egyetem Fogorvostudom\u00e1nyi Kar<\/span><br \/>\n<span style=\"font-size: 12pt\">2005 Fog- \u00e9s sz\u00e1jbetegs\u00e9gek szakvizsga<\/span><br \/>\n<span style=\"font-size: 12pt\">2007 Konzerv\u00e1l\u00f3 fog\u00e1szat \u00e9s fogp\u00f3tl\u00e1stan szakvizsga <\/span><br \/>\n<span style=\"font-size: 12pt\">2014 Parodontol\u00f3gia szakvizsga<\/span><br \/>\n<span style=\"font-size: 12pt\">2018\/19 PhD fokozatszerz\u00e9s elj\u00e1r\u00e1s<br \/>\n2019 Fogp\u00f3tl\u00e1stan szakvizsga<\/span><br \/>\n<span style=\"font-size: 12pt\"><br \/>\n<strong>Szakmai tapasztalat \/ klinikai el\u0151menetel<\/strong><\/span><br \/>\n<span style=\"font-size: 12pt\">2023-Fogp\u00f3tl\u00e1stan Klinika \u2013 egyetemi docens<br \/>\n2020-2023. Fogp\u00f3tl\u00e1stan Klinika \u2013 egyetemi adjunktus<br \/>\n2018-2020. Fogp\u00f3tl\u00e1stan Klinika \u2013 egyetemi tan\u00e1rseg\u00e9d<\/span><br \/>\n<span style=\"font-size: 12pt\">2012 j\u00falius: Tanulm\u00e1ny\u00fat a SE szervez\u00e9s\u00e9ben \u00f6szt\u00f6nd\u00edj keret\u00e9ben P\u00e1rma, Olaszorsz\u00e1g<\/span><br \/>\n<span style=\"font-size: 12pt\">2013 augusztus: Tanulm\u00e1ny\u00fat a SE szervez\u00e9s\u00e9ben \u00f6szt\u00f6nd\u00edj keret\u00e9ben P\u00e1rma, Olaszorsz\u00e1g <\/span><br \/>\n<span style=\"font-size: 12pt\">2013 szeptember\u00e9t\u0151l kutat\u00e1s az Orvosi Biok\u00e9mia Int\u00e9zetben: kutat\u00e1si t\u00e9m\u00e1m a fog\u00e1szatban sz\u00e9les k\u00f6rben alkalmazott restaurat\u00edv anyagokban el\u0151fordul\u00f3 monomerek citotoxikus hat\u00e1s\u00e1nak vizsg\u00e1lata<\/span><br \/>\n<span style=\"font-size: 12pt\">2003-2010. Arc- \u00e9s \u00e1llcsont hasad\u00e9kos ill. tumor rezek\u00e1lt p\u00e1ciensek komplex protetikai rehabilit\u00e1ci\u00f3ja<\/span><br \/>\n<span style=\"font-size: 12pt\">2009 Bressanone, Olaszorsz\u00e1g, tanulm\u00e1nyi \u00fat, maxillo-facialis sz\u00e1jseb\u00e9szeti oszt\u00e1ly<\/span><br \/>\n<span style=\"font-size: 12pt\">2010-2012 Fogp\u00f3tl\u00e1stani Klinika, a TMD munkacsoport akt\u00edv r\u00e9sztvev\u0151je<\/span><br \/>\n<span style=\"font-size: 12pt\">2011 szeptember-2014 \u00e1prilis: Parodontol\u00f3gia Klinik\u00e1n szakmai gyakorlat <\/span><br \/>\n<span style=\"font-size: 12pt\">2012 Europerio B\u00e9cs<\/span><br \/>\n<span style=\"font-size: 12pt\">2005-2018. Fogp\u00f3tl\u00e1stan Klinika \u2013 klinikai szakorvos<\/span><br \/>\n<span style=\"font-size: 12pt\">2003- Fogp\u00f3tl\u00e1stan Klinika \u2013 klinikai orvos<\/span><br \/>\n<span style=\"font-size: 12pt\">2001-2002. Erasmus \u00f6szt\u00f6nd\u00edj Albert-Ludwigs Universit\u00e4t, Freiburg, N\u00e9metorsz\u00e1g, 3 szemeszter<\/span><\/p>\n<p><strong><span style=\"font-size: 12pt\">Tudom\u00e1nyos tev\u00e9kenys\u00e9g<\/span><\/strong><br \/>\n<span style=\"font-size: 12pt\">Kutat\u00e1si t\u00e9m\u00e1m az SE Fogp\u00f3tl\u00e1stani Klinik\u00e1n \u00e9s az Orvosi Biok\u00e9mia Int\u00e9zetben: A fog\u00e1szatban sz\u00e9les k\u00f6rben alkalmazott restaurat\u00edv anyagokban el\u0151fordul\u00f3 monomerek biol\u00f3giai hat\u00e1sai<\/span><\/p>\n<p><span style=\"font-size: 12pt\">Munkacsoport: Implant\u00e1ci\u00f3s protetika munkacsoport vezet\u0151<\/span><\/p>\n<p><span style=\"font-size: 12pt\">PhD: A fog\u00e1szatban sz\u00e9les k\u00f6rben alkalmazott restaurat\u00edv anyagokban el\u0151fordul\u00f3 monomerek biol\u00f3giai hat\u00e1sai 2018\/19<\/span><\/p>\n<p><strong><span style=\"font-size: 12pt\">El\u0151ad\u00e1sok<\/span><\/strong><br \/>\n<span style=\"font-size: 12pt\">Szakmai tov\u00e1bbk\u00e9pz\u00e9sek el\u0151ad\u00f3k\u00e9nt<\/span><br \/>\n<span style=\"font-size: 12pt\">2012 j\u00fanius: 14th INTERNATIONAL CONFERENCE &#8222;Dental Engineering &#8211; Biomaterials&#8221; Ustro\u0144 &#8211; POLAND : megh\u00edvott el\u0151ad\u00f3El\u0151ad\u00e1som c\u00edme: Complex prosthodontic treatments in oral rehabilitation of cleft lip palate patients<\/span><\/p>\n<p><span style=\"font-size: 12pt\">Mikul\u00e1s Krisztina, Bogd\u00e1n S\u00e1ndor, Windisch P\u00e9ter, Hermann P\u00e9ter, Moln\u00e1r B\u00e1lint. Komplex rehabilit\u00e1ci\u00f3 nagym\u00e9rt\u00e9k\u0171 kem\u00e9ny- \u00e9s l\u00e1gysz\u00f6vet vesztes\u00e9g eset\u00e9n. Fogp\u00f3tl\u00e1stani Napok, Magyar Fogorvosok Egyes\u00fclet\u00e9nek Fogp\u00f3tl\u00e1stani T\u00e1rsas\u00e1g\u00e1nak XXI. kongresszusa 2015, P\u00e9cs<\/span><br \/>\n<span style=\"font-size: 12pt\">Szakmai tov\u00e1bbk\u00e9pz\u00e9sek r\u00e9szvev\u0151k\u00e9nt<\/span><br \/>\n<span style=\"font-size: 12pt\">Europerio 8, London 2015<\/span><br \/>\n<span style=\"font-size: 12pt\">Mikulas K, Bogdan S , Windisch P , Hermann P , Molnar B. Implant therapy and reconstruction of lost hard- and soft tissues in the atrophic mandible: a case report<\/span><\/p>\n<p><span style=\"font-size: 12pt\">Bern 2016: Paro-Implant tov\u00e1bbk\u00e9pz\u00e9s<\/span><\/p>\n<p><span style=\"font-size: 12pt\">Europerio 9, Amszterdam 2018<\/span><br \/>\n<span style=\"font-size: 12pt\">Mikulas K, Borbely J, K\u00f6rm\u00f6czi K, Jo\u00f3b-Fancsaly A, Hermann P. A complete digital approach for implant-supported one-piece all-ceramic crown in the esthetic zone with one step supraimplant soft tissue conditioning by individualized CAD\/CAM hybrid provisional restoration: a clinical report. Europerio 2018, Amsterdam.<\/span><\/p>\n<p><strong><span style=\"font-size: 12pt\">Szakmai szervezeti tags\u00e1gok<\/span><\/strong><br \/>\n<span style=\"font-size: 12pt\">Magyar Orvosi Kamara<\/span><br \/>\n<span style=\"font-size: 12pt\">Magyar Fogp\u00f3tl\u00e1stani T\u00e1rsas\u00e1g<\/span><br \/>\n<span style=\"font-size: 12pt\">Magyar Parodontol\u00f3giai T\u00e1rsas\u00e1g<\/span><br \/>\n<span style=\"font-size: 12pt\">European Federeation of Periodontology<\/span><br \/>\n<span style=\"font-size: 12pt\">Magyar Fogorvosok Implantol\u00f3giai T\u00e1rsas\u00e1ga<\/span><br \/>\n<span style=\"font-size: 12pt\">Magyar Fogorvosok Egyes\u00fclete<\/span><\/p>\n<p><strong><span style=\"font-size: 12pt\">Nyelvismeret<\/span><\/strong><br \/>\n<span style=\"font-size: 12pt\">Angol : k\u00f6z\u00e9pfok\u00fa C nyelvvizsga<\/span><br \/>\n<span style=\"font-size: 12pt\">N\u00e9met : fels\u0151fok\u00fa C nyelvvizsga<\/span><br \/>\n<span style=\"font-size: 12pt\">Olasz : k\u00f6z\u00e9pfok\u00fa nyelvtud\u00e1s<\/span><br \/>\n<span style=\"font-size: 12pt\">Francia : alapfok<\/span><br \/>\n<span style=\"font-size: 12pt\">Ladin : t\u00e1rsalg\u00e1si szint<\/span><\/p>\n<p><span style=\"font-size: 12pt\"><a href=\"https:\/\/vm.mtmt.hu\/\/search\/slist.php?lang=0&amp;AuthorID=10018899\">Tudom\u00e1nyos k\u00f6zlem\u00e9nyek<\/a><\/span><\/p>\n<p><span style=\"font-size: 12pt\"><em>Az el\u00e9rhet\u0151s\u00e9gi adatok nem haszn\u00e1lhat\u00f3k fel az 1995. \u00e9vi CXIX. t\u00f6rv\u00e9ny szerinti kutat\u00e1s \u00e9s k\u00f6zvetlen \u00fczletszerz\u00e9s c\u00e9lj\u00e1ra.<\/em><\/span><\/p>\n","protected":false},"excerpt":{"rendered":"<p>Tanulm\u00e1nyok, szakk\u00e9pes\u00edt\u00e9s <a href=\"https:\/\/semmelweis.hu\/fogpotlastan\/files\/2019\/10\/Dr.-Mikul\u00e1s-Krisztina.jpg\"><\/a> 2003 Fogorvos diploma \u2013 Semmelweis Egyetem Fogorvostudom\u00e1nyi Kar 2005 Fog- \u00e9s sz\u00e1jbetegs\u00e9gek szakvizsga 2007 Konzerv\u00e1l\u00f3 fog\u00e1szat \u00e9s fogp\u00f3tl\u00e1stan szakvizsga 2014 Parodontol\u00f3gia szakvizsga 2018\/19 PhD fokozatszerz\u00e9s elj\u00e1r\u00e1s 2019 Fogp\u00f3tl\u00e1stan szakvizsga Szakmai tapasztalat \/ klinikai el\u0151menetel 2023-Fogp\u00f3tl\u00e1stan Klinika \u2013 egyetemi docens 2020-2023. Fogp\u00f3tl\u00e1stan Klinika \u2013 egyetemi adjunktus 2018-2020. Fogp\u00f3tl\u00e1stan Klinika \u2013 egyetemi tan\u00e1rseg\u00e9d 2012 j\u00falius: &hellip;<\/p>\n","protected":false},"author":38,"featured_media":0,"parent":9019,"menu_order":1,"comment_status":"closed","ping_status":"closed","template":"","meta":{"_acf_changed":false,"footnotes":""},"categories":[],"tags":[],"class_list":["post-142","page","type-page","status-publish","hentry"],"acf":[],"_links":{"self":[{"href":"https:\/\/semmelweis.hu\/fogpotlastan\/wp-json\/wp\/v2\/pages\/142","targetHints":{"allow":["GET"]}}],"collection":[{"href":"https:\/\/semmelweis.hu\/fogpotlastan\/wp-json\/wp\/v2\/pages"}],"about":[{"href":"https:\/\/semmelweis.hu\/fogpotlastan\/wp-json\/wp\/v2\/types\/page"}],"author":[{"embeddable":true,"href":"https:\/\/semmelweis.hu\/fogpotlastan\/wp-json\/wp\/v2\/users\/38"}],"replies":[{"embeddable":true,"href":"https:\/\/semmelweis.hu\/fogpotlastan\/wp-json\/wp\/v2\/comments?post=142"}],"version-history":[{"count":10,"href":"https:\/\/semmelweis.hu\/fogpotlastan\/wp-json\/wp\/v2\/pages\/142\/revisions"}],"predecessor-version":[{"id":9555,"href":"https:\/\/semmelweis.hu\/fogpotlastan\/wp-json\/wp\/v2\/pages\/142\/revisions\/9555"}],"up":[{"embeddable":true,"href":"https:\/\/semmelweis.hu\/fogpotlastan\/wp-json\/wp\/v2\/pages\/9019"}],"wp:attachment":[{"href":"https:\/\/semmelweis.hu\/fogpotlastan\/wp-json\/wp\/v2\/media?parent=142"}],"wp:term":[{"taxonomy":"category","embeddable":true,"href":"https:\/\/semmelweis.hu\/fogpotlastan\/wp-json\/wp\/v2\/categories?post=142"},{"taxonomy":"post_tag","embeddable":true,"href":"https:\/\/semmelweis.hu\/fogpotlastan\/wp-json\/wp\/v2\/tags?post=142"}],"curies":[{"name":"wp","href":"https:\/\/api.w.org\/{rel}","templated":true}]}}