{"id":137,"date":"2012-03-05T13:14:01","date_gmt":"2012-03-05T12:14:01","guid":{"rendered":"http:\/\/semmelweis-egyetem.hu\/fogpotlastan\/?page_id=137"},"modified":"2024-05-28T14:23:26","modified_gmt":"2024-05-28T12:23:26","slug":"linninger-mercedes","status":"publish","type":"page","link":"https:\/\/semmelweis.hu\/fogpotlastan\/munkatarsak-terv\/linninger-mercedes\/","title":{"rendered":"Dr. Linninger Mercedes"},"content":{"rendered":"<p style=\"text-align: justify\"><strong><span style=\"font-size: 12pt\">Tanulm\u00e1nyok, szakk\u00e9pes\u00edt\u00e9s<img loading=\"lazy\" decoding=\"async\" class=\" wp-image-7849 alignright\" src=\"https:\/\/semmelweis.hu\/fogpotlastan\/files\/2022\/02\/Dr.-Linninger-Mercedes-320x400.jpg\" alt=\"\" width=\"200\" height=\"250\" srcset=\"https:\/\/semmelweis.hu\/fogpotlastan\/files\/2022\/02\/Dr.-Linninger-Mercedes-320x400.jpg 320w, https:\/\/semmelweis.hu\/fogpotlastan\/files\/2022\/02\/Dr.-Linninger-Mercedes-819x1024.jpg 819w, https:\/\/semmelweis.hu\/fogpotlastan\/files\/2022\/02\/Dr.-Linninger-Mercedes-768x960.jpg 768w, https:\/\/semmelweis.hu\/fogpotlastan\/files\/2022\/02\/Dr.-Linninger-Mercedes-1229x1536.jpg 1229w, https:\/\/semmelweis.hu\/fogpotlastan\/files\/2022\/02\/Dr.-Linninger-Mercedes-1638x2048.jpg 1638w, https:\/\/semmelweis.hu\/fogpotlastan\/files\/2022\/02\/Dr.-Linninger-Mercedes-753x941.jpg 753w, https:\/\/semmelweis.hu\/fogpotlastan\/files\/2022\/02\/Dr.-Linninger-Mercedes-scaled.jpg 2048w\" sizes=\"auto, (max-width: 200px) 100vw, 200px\" \/><\/span><\/strong><br \/>\n<span style=\"font-size: 12pt\">2019. Fogp\u00f3tl\u00e1stan szakvizsga<\/span><br \/>\n<span style=\"font-size: 12pt\">2019. Mod\u2019Art \u2013 Okleveles sz\u00ednszak\u00e9rt\u0151<\/span><br \/>\n<span style=\"font-size: 12pt\">2018. Szegedi Tudom\u00e1nyegyetem Juh\u00e1sz Gyula Pedag\u00f3gusk\u00e9pz\u0151 Kar \u2013 Okleveles st\u00edluskommunik\u00e1tor<\/span><br \/>\n<span style=\"font-size: 12pt\">2015. Budapesti Divatiskola \u2013 stylist<\/span><br \/>\n<span style=\"font-size: 12pt\">2005. Konzerv\u00e1l\u00f3 fog\u00e1szat \u00e9s fogp\u00f3tl\u00e1stan szakvizsga<\/span><br \/>\n<span style=\"font-size: 12pt\">2006. K\u00e1roly R\u00f3bert F\u0151iskola Gazd\u00e1lkod\u00e1si Szak \u2013 v\u00e1llalkoz\u00e1sszervez\u0151 k\u00f6zgazd\u00e1sz szakir\u00e1ny<\/span><br \/>\n<span style=\"font-size: 12pt\">2000. Fog- \u00e9s sz\u00e1jbetegs\u00e9gek szakvizsga<\/span><br \/>\n<span style=\"font-size: 12pt\">2001. Janus Pannonius Tudom\u00e1nyegyetem \u00c1llam- \u00e9s Jogtudom\u00e1nyi kar \u2013 jog\u00e1sz szakoklev\u00e9l<\/span><br \/>\n<span style=\"font-size: 12pt\">1998. Semmelweis Orvostudom\u00e1nyi Egyetem Fogorvostudom\u00e1nyi Kar &#8211; Fogorvos<\/span><\/p>\n<p style=\"text-align: justify\"><strong><span style=\"font-size: 12pt\">Szakmai tapasztalat \/ klinikai el\u0151menetel<\/span><\/strong><br \/>\n<span style=\"font-size: 12pt\">2000- Fogp\u00f3tl\u00e1stan Klinika \u2013 egyetemi tan\u00e1rseg\u00e9d<\/span><br \/>\n<span style=\"font-size: 12pt\">1998- Fogp\u00f3tl\u00e1stan Klinika \u2013 klinikai orvos<br \/>\n<\/span><br \/>\n<strong><span style=\"font-size: 12pt\">Tudom\u00e1nyos tev\u00e9kenys\u00e9g<\/span><\/strong><br \/>\n<span style=\"font-size: 12pt\">PhD tanulm\u00e1nyok 2005 \u2013 2009.<\/span><\/p>\n<p style=\"text-align: justify\"><strong><span style=\"font-size: 12pt\">El\u0151ad\u00e1sok<\/span><\/strong><br \/>\n<span style=\"font-size: 12pt\">Gradu\u00e1lis \u00e9s posztgradu\u00e1lis el\u0151ad\u00e1sok magyar \u00e9s angol nyelven<\/span><br \/>\n<span style=\"font-size: 12pt\"><br \/>\n<strong>Szakmai szervezeti tags\u00e1gok<\/strong><\/span><br \/>\n<span style=\"font-size: 12pt\">1998. Magyar Orvosi Kamara Fogorvosi Tagozat<\/span><br \/>\n<span style=\"font-size: 12pt\">&#8211; Budapesti V\u00e1laszt\u00f3ker\u00fcleti Eln\u00f6k (2019)<\/span><br \/>\n<span style=\"font-size: 12pt\">&#8211; K\u00f6z\u00e9pmagyarorsz\u00e1gi Etikai Bizotts\u00e1gi tag ( 2012 )<\/span><br \/>\n<span style=\"font-size: 12pt\">1998. Magyar Fogorvosok Egyes\u00fclete<\/span><br \/>\n<span style=\"font-size: 12pt\">2000. Fogp\u00f3tl\u00e1stani T\u00e1rsas\u00e1g<\/span><br \/>\n<span style=\"font-size: 12pt\">2017. Council of European Dentists (CED)<\/span><br \/>\n<span style=\"font-size: 12pt\">&#8211; a MOK hazai k\u00e9pviselete<\/span><br \/>\n<span style=\"font-size: 12pt\"><br \/>\n<strong>Nyelvismeret<\/strong><\/span><br \/>\n<span style=\"font-size: 12pt\">magyar &#8211; anyanyelv<\/span><br \/>\n<span style=\"font-size: 12pt\">angol &#8211; k\u00f6z\u00e9pfok<\/span><br \/>\n<span style=\"font-size: 12pt\">n\u00e9met, olasz, orosz &#8211; alapfok<\/span><\/p>\n<p style=\"text-align: justify\"><strong><span style=\"font-size: 12pt\">Egy\u00e9b<\/span><\/strong><br \/>\n<span style=\"font-size: 12pt\">Gimnazista korom \u00f3ta tanulm\u00e1nyaim \u00e9s szakmai munk\u00e1m mellett folyamatosan dolgoztam a divatiparban is, ez\u00e9rt mindig is el\u0151kel\u0151 helyet foglalt el \u00e9rt\u00e9krendemben az eszt\u00e9tika. Szakmai munk\u00e1m sor\u00e1n a szab\u00e1lyok betart\u00e1sa mellett az eszt\u00e9tikus mosoly megteremt\u00e9s\u00e9n, \u00e9s annak a szem\u00e9lyis\u00e9ghez t\u00f6rt\u00e9n\u0151 harmoniz\u00e1l\u00e1s\u00e1n dolgozom.<\/span><br \/>\n<span style=\"font-size: 12pt\">Egyetemi munk\u00e1m sor\u00e1n \u00f6r\u00f6mmel veszek r\u00e9szt a gradu\u00e1lis \u00e9s posztgradu\u00e1lis oktat\u00e1sban, hiszem, hogy elm\u00e9nk fiatalon tart\u00e1s\u00e1ban nagy szerepe van az egyetemi k\u00f6z\u00f6ss\u00e9gben val\u00f3 akt\u00edv r\u00e9szv\u00e9telnek.<\/span><br \/>\n<span style=\"font-size: 12pt\">Szabadid\u0151mben a fut\u00e1snak \u00e9s a sportt\u00e1ncnak h\u00f3dolok.<\/span><br \/>\n<span style=\"font-size: 12pt\">Egy le\u00e1nygyermek b\u00fcszke \u00e9s boldog \u00e9desanyja vagyok.<\/span><\/p>\n<p style=\"text-align: justify\"><span style=\"font-size: 12pt\"><a href=\"https:\/\/vm.mtmt.hu\/\/search\/slist.php?lang=0&amp;AuthorID=10018898\">Tudom\u00e1nyos k\u00f6zlem\u00e9nyek<\/a><\/span><\/p>\n<p style=\"text-align: justify\"><span style=\"font-size: 10pt\"><em>Az el\u00e9rhet\u0151s\u00e9gi adatok nem haszn\u00e1lhat\u00f3k fel az 1995. \u00e9vi CXIX. t\u00f6rv\u00e9ny szerinti kutat\u00e1s \u00e9s k\u00f6zvetlen \u00fczletszerz\u00e9s c\u00e9lj\u00e1ra.<\/em><\/span><\/p>\n","protected":false},"excerpt":{"rendered":"<p>Tanulm\u00e1nyok, szakk\u00e9pes\u00edt\u00e9s 2019. Fogp\u00f3tl\u00e1stan szakvizsga 2019. Mod\u2019Art \u2013 Okleveles sz\u00ednszak\u00e9rt\u0151 2018. Szegedi Tudom\u00e1nyegyetem Juh\u00e1sz Gyula Pedag\u00f3gusk\u00e9pz\u0151 Kar \u2013 Okleveles st\u00edluskommunik\u00e1tor 2015. Budapesti Divatiskola \u2013 stylist 2005. Konzerv\u00e1l\u00f3 fog\u00e1szat \u00e9s fogp\u00f3tl\u00e1stan szakvizsga 2006. K\u00e1roly R\u00f3bert F\u0151iskola Gazd\u00e1lkod\u00e1si Szak \u2013 v\u00e1llalkoz\u00e1sszervez\u0151 k\u00f6zgazd\u00e1sz szakir\u00e1ny 2000. Fog- \u00e9s sz\u00e1jbetegs\u00e9gek szakvizsga 2001. Janus Pannonius Tudom\u00e1nyegyetem \u00c1llam- \u00e9s Jogtudom\u00e1nyi kar \u2013 &hellip;<\/p>\n","protected":false},"author":38,"featured_media":0,"parent":9019,"menu_order":1,"comment_status":"closed","ping_status":"closed","template":"","meta":{"_acf_changed":false,"footnotes":""},"categories":[],"tags":[],"class_list":["post-137","page","type-page","status-publish","hentry"],"acf":[],"_links":{"self":[{"href":"https:\/\/semmelweis.hu\/fogpotlastan\/wp-json\/wp\/v2\/pages\/137","targetHints":{"allow":["GET"]}}],"collection":[{"href":"https:\/\/semmelweis.hu\/fogpotlastan\/wp-json\/wp\/v2\/pages"}],"about":[{"href":"https:\/\/semmelweis.hu\/fogpotlastan\/wp-json\/wp\/v2\/types\/page"}],"author":[{"embeddable":true,"href":"https:\/\/semmelweis.hu\/fogpotlastan\/wp-json\/wp\/v2\/users\/38"}],"replies":[{"embeddable":true,"href":"https:\/\/semmelweis.hu\/fogpotlastan\/wp-json\/wp\/v2\/comments?post=137"}],"version-history":[{"count":11,"href":"https:\/\/semmelweis.hu\/fogpotlastan\/wp-json\/wp\/v2\/pages\/137\/revisions"}],"predecessor-version":[{"id":7877,"href":"https:\/\/semmelweis.hu\/fogpotlastan\/wp-json\/wp\/v2\/pages\/137\/revisions\/7877"}],"up":[{"embeddable":true,"href":"https:\/\/semmelweis.hu\/fogpotlastan\/wp-json\/wp\/v2\/pages\/9019"}],"wp:attachment":[{"href":"https:\/\/semmelweis.hu\/fogpotlastan\/wp-json\/wp\/v2\/media?parent=137"}],"wp:term":[{"taxonomy":"category","embeddable":true,"href":"https:\/\/semmelweis.hu\/fogpotlastan\/wp-json\/wp\/v2\/categories?post=137"},{"taxonomy":"post_tag","embeddable":true,"href":"https:\/\/semmelweis.hu\/fogpotlastan\/wp-json\/wp\/v2\/tags?post=137"}],"curies":[{"name":"wp","href":"https:\/\/api.w.org\/{rel}","templated":true}]}}