{"id":136,"date":"2012-03-05T13:10:07","date_gmt":"2012-03-05T12:10:07","guid":{"rendered":"http:\/\/semmelweis-egyetem.hu\/fogpotlastan\/?page_id=136"},"modified":"2025-03-14T14:13:09","modified_gmt":"2025-03-14T13:13:09","slug":"jahn-marianna","status":"publish","type":"page","link":"https:\/\/semmelweis.hu\/fogpotlastan\/munkatarsak-terv\/jahn-marianna\/","title":{"rendered":"Dr. J\u00e1hn Marianna"},"content":{"rendered":"<p><strong><span style=\"font-size: 12pt\">Tanulm\u00e1nyok, szakk\u00e9pes\u00edt\u00e9s<img loading=\"lazy\" decoding=\"async\" class=\"wp-image-7847 alignright\" src=\"https:\/\/semmelweis.hu\/fogpotlastan\/files\/2022\/02\/Dr.-Jahn-Marianna-320x400.jpg\" alt=\"\" width=\"197\" height=\"246\" srcset=\"https:\/\/semmelweis.hu\/fogpotlastan\/files\/2022\/02\/Dr.-Jahn-Marianna-320x400.jpg 320w, https:\/\/semmelweis.hu\/fogpotlastan\/files\/2022\/02\/Dr.-Jahn-Marianna-819x1024.jpg 819w, https:\/\/semmelweis.hu\/fogpotlastan\/files\/2022\/02\/Dr.-Jahn-Marianna-768x960.jpg 768w, https:\/\/semmelweis.hu\/fogpotlastan\/files\/2022\/02\/Dr.-Jahn-Marianna-1229x1536.jpg 1229w, https:\/\/semmelweis.hu\/fogpotlastan\/files\/2022\/02\/Dr.-Jahn-Marianna-1638x2048.jpg 1638w, https:\/\/semmelweis.hu\/fogpotlastan\/files\/2022\/02\/Dr.-Jahn-Marianna-753x941.jpg 753w, https:\/\/semmelweis.hu\/fogpotlastan\/files\/2022\/02\/Dr.-Jahn-Marianna-scaled.jpg 2048w\" sizes=\"auto, (max-width: 197px) 100vw, 197px\" \/><\/span><\/strong><br \/>\n<span style=\"font-size: 12pt\">2019 Fogp\u00f3tl\u00e1stan szakvizsga <\/span><br \/>\n<span style=\"font-size: 12pt\">2005 Konzerv\u00e1l\u00f3 fog\u00e1szat \u00e9s Fogp\u00f3tl\u00e1stan szakvizsga<\/span><br \/>\n<span style=\"font-size: 12pt\">1987 Fog- \u00e9s Sz\u00e1jbetegs\u00e9gek szakvizsga<\/span><br \/>\n<span style=\"font-size: 12pt\">1983 Fogorvos diploma \u2013 Semmelweis Egyetem Fogorvostudom\u00e1nyi Kar<\/span><br \/>\n<span style=\"font-size: 12pt\"><br \/>\n<strong>Szakmai tapasztalat \/ klinikai el\u0151menetel<\/strong><\/span><br \/>\n<span style=\"font-size: 12pt\">1995 &#8211; Fogp\u00f3tl\u00e1stan Klinika \u2013 egyetemi tan\u00e1rseg\u00e9d<\/span><br \/>\n<span style=\"font-size: 12pt\">1987 &#8211; Fogp\u00f3tl\u00e1stan Klinika \u2013 klinikai szakorvos<\/span><br \/>\n<span style=\"font-size: 12pt\">1984 &#8211; Fogp\u00f3tl\u00e1stan Klinika \u2013 klinikai orvos<\/span><br \/>\n<span style=\"font-size: 12pt\"><br \/>\n<strong>Tudom\u00e1nyos tev\u00e9kenys\u00e9g<\/strong><\/span><br \/>\n<span style=\"font-size: 12pt\">munkacsoport: epidemiol\u00f3giai sz\u0171r\u0151vizsg\u00e1latok 1987 \u00e9s 2003.<\/span><br \/>\n<span style=\"font-size: 12pt\">Csal\u00e1dbar\u00e1t Egyetem \u2013 sz\u0171r\u0151program: 2022 &#8211; t\u0151l<\/span><br \/>\n<span style=\"font-size: 12pt\"><br \/>\n<strong>Szakmai szervezeti tags\u00e1gok<\/strong><\/span><br \/>\n<span style=\"font-size: 12pt\">1983 &#8211; Magyar Orvosi Kamara Fogorvosok Ter\u00fcleti Szervezete<\/span><br \/>\n<span style=\"font-size: 12pt\"><br \/>\n<strong>Nyelvismeret<\/strong><\/span><br \/>\n<span style=\"font-size: 12pt\">magyar anyanyelv<\/span><br \/>\n<span style=\"font-size: 12pt\">angol k\u00f6z\u00e9pfok<\/span><\/p>\n<p><span style=\"font-size: 12pt\"><a href=\"https:\/\/vm.mtmt.hu\/\/search\/slist.php?lang=0&amp;AuthorID=10018893\">Tudom\u00e1nyos k\u00f6zlem\u00e9nyek<\/a><\/span><\/p>\n<p><span style=\"font-size: 10pt\"><em>Az el\u00e9rhet\u0151s\u00e9gi adatok nem haszn\u00e1lhat\u00f3k fel az 1995. \u00e9vi CXIX. t\u00f6rv\u00e9ny szerinti kutat\u00e1s \u00e9s k\u00f6zvetlen \u00fczletszerz\u00e9s c\u00e9lj\u00e1ra.<\/em><\/span><\/p>\n","protected":false},"excerpt":{"rendered":"<p>Tanulm\u00e1nyok, szakk\u00e9pes\u00edt\u00e9s 2019 Fogp\u00f3tl\u00e1stan szakvizsga 2005 Konzerv\u00e1l\u00f3 fog\u00e1szat \u00e9s Fogp\u00f3tl\u00e1stan szakvizsga 1987 Fog- \u00e9s Sz\u00e1jbetegs\u00e9gek szakvizsga 1983 Fogorvos diploma \u2013 Semmelweis Egyetem Fogorvostudom\u00e1nyi Kar Szakmai tapasztalat \/ klinikai el\u0151menetel 1995 &#8211; Fogp\u00f3tl\u00e1stan Klinika \u2013 egyetemi tan\u00e1rseg\u00e9d 1987 &#8211; Fogp\u00f3tl\u00e1stan Klinika \u2013 klinikai szakorvos 1984 &#8211; Fogp\u00f3tl\u00e1stan Klinika \u2013 klinikai orvos Tudom\u00e1nyos tev\u00e9kenys\u00e9g munkacsoport: epidemiol\u00f3giai sz\u0171r\u0151vizsg\u00e1latok &hellip;<\/p>\n","protected":false},"author":38,"featured_media":0,"parent":9019,"menu_order":1,"comment_status":"open","ping_status":"closed","template":"","meta":{"_acf_changed":false,"footnotes":""},"categories":[],"tags":[],"class_list":["post-136","page","type-page","status-publish","hentry"],"acf":[],"_links":{"self":[{"href":"https:\/\/semmelweis.hu\/fogpotlastan\/wp-json\/wp\/v2\/pages\/136","targetHints":{"allow":["GET"]}}],"collection":[{"href":"https:\/\/semmelweis.hu\/fogpotlastan\/wp-json\/wp\/v2\/pages"}],"about":[{"href":"https:\/\/semmelweis.hu\/fogpotlastan\/wp-json\/wp\/v2\/types\/page"}],"author":[{"embeddable":true,"href":"https:\/\/semmelweis.hu\/fogpotlastan\/wp-json\/wp\/v2\/users\/38"}],"replies":[{"embeddable":true,"href":"https:\/\/semmelweis.hu\/fogpotlastan\/wp-json\/wp\/v2\/comments?post=136"}],"version-history":[{"count":8,"href":"https:\/\/semmelweis.hu\/fogpotlastan\/wp-json\/wp\/v2\/pages\/136\/revisions"}],"predecessor-version":[{"id":9502,"href":"https:\/\/semmelweis.hu\/fogpotlastan\/wp-json\/wp\/v2\/pages\/136\/revisions\/9502"}],"up":[{"embeddable":true,"href":"https:\/\/semmelweis.hu\/fogpotlastan\/wp-json\/wp\/v2\/pages\/9019"}],"wp:attachment":[{"href":"https:\/\/semmelweis.hu\/fogpotlastan\/wp-json\/wp\/v2\/media?parent=136"}],"wp:term":[{"taxonomy":"category","embeddable":true,"href":"https:\/\/semmelweis.hu\/fogpotlastan\/wp-json\/wp\/v2\/categories?post=136"},{"taxonomy":"post_tag","embeddable":true,"href":"https:\/\/semmelweis.hu\/fogpotlastan\/wp-json\/wp\/v2\/tags?post=136"}],"curies":[{"name":"wp","href":"https:\/\/api.w.org\/{rel}","templated":true}]}}