{"id":130,"date":"2012-03-02T12:28:34","date_gmt":"2012-03-02T11:28:34","guid":{"rendered":"http:\/\/semmelweis-egyetem.hu\/fogpotlastan\/?page_id=130"},"modified":"2024-05-28T14:24:07","modified_gmt":"2024-05-28T12:24:07","slug":"kispelyi-barbara","status":"publish","type":"page","link":"https:\/\/semmelweis.hu\/fogpotlastan\/munkatarsak-terv\/kispelyi-barbara\/","title":{"rendered":"Dr. Kisp\u00e9lyi Barbara"},"content":{"rendered":"<p><strong><span style=\"font-size: 12pt\">Tanulm\u00e1nyok, szakk\u00e9pes\u00edt\u00e9s<a href=\"https:\/\/semmelweis.hu\/fogpotlastan\/files\/2019\/10\/Dr.-Kisp\u00e9lyi-Barbara.jpg\"><img loading=\"lazy\" decoding=\"async\" class=\"size-medium wp-image-5573 alignright\" src=\"https:\/\/semmelweis.hu\/fogpotlastan\/files\/2019\/10\/Dr.-Kisp\u00e9lyi-Barbara-200x300.jpg\" alt=\"\" width=\"200\" height=\"300\" srcset=\"https:\/\/semmelweis.hu\/fogpotlastan\/files\/2019\/10\/Dr.-Kisp\u00e9lyi-Barbara-200x300.jpg 200w, https:\/\/semmelweis.hu\/fogpotlastan\/files\/2019\/10\/Dr.-Kisp\u00e9lyi-Barbara-768x1152.jpg 768w, https:\/\/semmelweis.hu\/fogpotlastan\/files\/2019\/10\/Dr.-Kisp\u00e9lyi-Barbara-683x1024.jpg 683w, https:\/\/semmelweis.hu\/fogpotlastan\/files\/2019\/10\/Dr.-Kisp\u00e9lyi-Barbara-753x1130.jpg 753w\" sizes=\"auto, (max-width: 200px) 100vw, 200px\" \/><\/a><br \/>\n<\/span><\/strong><span style=\"font-size: 12pt\"><span style=\"font-size: 12pt;color: #000000\">2019 Fogp\u00f3tl\u00e1stan \u00e9s Or\u00e1lis Implantol\u00f3gia szakvizsga<\/span><br \/>\n2005 Konzerv\u00e1l\u00f3 fog\u00e1szat \u00e9s fogp\u00f3tl\u00e1stan szakvizsga<\/span><br \/>\n<span style=\"font-size: 12pt\">2001 Fog- \u00e9s sz\u00e1jbetegs\u00e9gek szakvizsga<\/span><br \/>\n<span style=\"font-size: 12pt\">2005 PhD fokozatszerz\u00e9s<\/span><br \/>\n<span style=\"font-size: 12pt\">1999 Fogorvosi diploma \u2013 Semmelweis Egyetem, Fogorvostudom\u00e1nyi Kar<\/span><\/p>\n<p><strong><span style=\"font-size: 12pt\">Szakmai tapasztalat \/ klinikai el\u0151menetel<\/span><\/strong><br \/>\n<span style=\"font-size: 12pt\">2013 &#8211; Fogp\u00f3tl\u00e1stani Klinika \u2013 igazgat\u00f3helyettes<\/span><br \/>\n<span style=\"font-size: 12pt\">2013 &#8211; Fogp\u00f3tl\u00e1stani Klinika \u2013 egyetemi docens<\/span><br \/>\n<span style=\"font-size: 12pt\">2007 &#8211; Fogp\u00f3tl\u00e1stani Klinika \u2013 egyetemi adjunktus<\/span><br \/>\n<span style=\"font-size: 12pt\">2004 &#8211; Fogp\u00f3tl\u00e1stani Klinika \u2013 egyetemi tan\u00e1rseg\u00e9d<\/span><br \/>\n<span style=\"font-size: 12pt\">2001 &#8211; Fogp\u00f3tl\u00e1stani Klinika \u2013 klinikai szakorvos<\/span><br \/>\n<span style=\"font-size: 12pt\">1999 &#8211; Fogp\u00f3tl\u00e1stani Klinika \u2013 rezidens<\/span><\/p>\n<p><strong><span style=\"font-size: 12pt\">Tudom\u00e1nyos tev\u00e9kenys\u00e9g<\/span><\/strong><br \/>\n<span style=\"font-size: 12pt\">PhD: A k\u00e9mia csonkv\u00e9delem sor\u00e1n alkalmazott anyagok hat\u00e1sa patk\u00e1nyfogak pulp\u00e1lis ereinek bels\u0151 \u00e9r\u00e1tm\u00e9r\u0151j\u00e9re \u2013 vit\u00e1lmikroszk\u00f3pos modellen 2005.<\/span><br \/>\n<span style=\"font-size: 12pt\"><br \/>\n<strong>Munkacsoport:<\/strong><\/span><br \/>\n<span style=\"font-size: 12pt\">1. Munkacsoport vezet\u0151: Navig\u00e1ci\u00f3s implant\u00e1ci\u00f3t vizsg\u00e1l\u00f3 protetikai munkacsoport<\/span><br \/>\n<span style=\"font-size: 12pt\">2. Munkacsoport vezet\u0151: Elektronikus cigaretta munkacsoport<\/span><\/p>\n<p><strong><span style=\"font-size: 12pt\">Gradu\u00e1lis k\u00e9pz\u00e9s<\/span><\/strong><br \/>\n<strong><span style=\"font-size: 12pt\">Tant\u00e1rgyi el\u0151ad\u00f3<\/span><\/strong><br \/>\n<span style=\"font-size: 12pt\">1. Odontotechnol\u00f3gia \u00e9s fogp\u00f3tl\u00e1stani propedeutika I., II. \u00e9s III. II., III. \u00e9ves magyar, angol \u00e9s n\u00e9met nyelv\u0171 fogorvostanhallghat\u00f3k r\u00e9sz\u00e9re 2014-\u00e1t\u0151l<\/span><br \/>\n<span style=\"font-size: 12pt\">2. Doh\u00e1nyz\u00e1sr\u00f3l leszoktat\u00f3 program &#8211; szabadon v\u00e1laszthat\u00f3 tant\u00e1rgy III., IV. \u00e9s V. \u00e9ves magyar nyelv\u0171 fogorvostanhallgat\u00f3k r\u00e9sz\u00e9re 2013-t\u00f3l<\/span><br \/>\n<span style=\"font-size: 12pt\"><br \/>\n<strong>El\u0151ad\u00e1sok \u00e9s gyakorlatok tart\u00e1sa<\/strong><\/span><br \/>\n<span style=\"font-size: 12pt\">2001. szeptember\u00e9t\u0151l magyar nyelven \u00e9s 2002. szeptember\u00e9t\u0151l angol nyelven is oktatom a I., II., III., IV. \u00e9s V. \u00e9ves fogorvostanhallgat\u00f3kat fogp\u00f3tl\u00e1stan, odontotechnol\u00f3gia \u00e9s anyagtan tant\u00e1rgyakb\u00f3l <\/span><br \/>\n<span style=\"font-size: 12pt\"><br \/>\n<strong>Vizsg\u00e1ztat\u00e1s<\/strong><\/span><br \/>\n<span style=\"font-size: 12pt\">2011 &#8211; magyar nyelven IV. \u00e9ves kollokvium fogp\u00f3tl\u00e1stan tant\u00e1rgy<\/span><br \/>\n<span style=\"font-size: 12pt\">2012 &#8211; magyar \u00e9s angol nyelven IV. \u00e9ves kollokvium fogp\u00f3tl\u00e1stan tant\u00e1rgy<\/span><br \/>\n<span style=\"font-size: 12pt\">2012 &#8211; szakorvosjel\u00f6ltek r\u00e9szvizsg\u00e1ztat\u00e1sa (konzerv\u00e1l\u00f3 fog\u00e1szat, fogp\u00f3tl\u00e1stan szakvizsga)<\/span><br \/>\n<span style=\"font-size: 12pt\">2013 &#8211; angol \u00e9s magyar nyelven fogp\u00f3tl\u00e1stan tant\u00e1rgy szigorlat V. \u00e9v<\/span><br \/>\n<span style=\"font-size: 12pt\">2013 &#8211; angol nyelven I. \u00e9v Fog\u00e1szati \u00e1ltal\u00e1nos anyagtan \u2013 kollokvium<\/span><br \/>\n<span style=\"font-size: 12pt\">2014 &#8211; magyar \u00e9s angol nyelv\u0171 szigorlatoztat\u00e1s Odontotechnol\u00f3gia \u00e9s fogp\u00f3tl\u00e1stani propredeutika tant\u00e1rgyb\u00f3l<\/span><br \/>\n<span style=\"font-size: 12pt\">2014 &#8211; \u00e1llamvizsga bizotts\u00e1gi tag (magyar-, angol- \u00e9s n\u00e9met nyelven)<\/span><\/p>\n<p><strong><span style=\"font-size: 12pt\">Postgradu\u00e1lis k\u00e9pz\u00e9s<\/span><\/strong><br \/>\n<span style=\"font-size: 12pt\">2017 &#8211; titk\u00e1rs\u00e1gvezet\u0151 helyettes &#8211; Szak- \u00e9s Tov\u00e1bbk\u00e9pz\u00e9si Titk\u00e1rs\u00e1g<\/span><br \/>\n<span style=\"font-size: 12pt\">Szakmai tov\u00e1bbk\u00e9pz\u00e9sek el\u0151ad\u00f3k\u00e9nt<\/span><br \/>\n<span style=\"font-size: 12pt\">2013 &#8211; \u00e9vi k\u00e9t el\u0151ad\u00e1s tart\u00e1sa szakorvosok r\u00e9sz\u00e9re k\u00f6telez\u0151 szintentart\u00f3 tov\u00e1bbk\u00e9pz\u00e9sen <\/span><br \/>\n<span style=\"font-size: 12pt\">2013 &#8211; MOK tov\u00e1bbk\u00e9pz\u00e9sein el\u0151ad\u00e1sok tart\u00e1sa<\/span><br \/>\n<span style=\"font-size: 12pt\">2014 &#8211; \u00e9vente egyszer szakorvos jel\u00f6ltek r\u00e9sz\u00e9re t\u00f6rzsk\u00e9pz\u00e9si tov\u00e1bbk\u00e9pz\u00e9sen el\u0151ad\u00e1s tart\u00e1sa<\/span><br \/>\n<span style=\"font-size: 12pt\">2014 &#8211; sz\u00e1mos szakmai tov\u00e1bbk\u00e9pz\u00e9sen felk\u00e9rt el\u0151ad\u00f3 (Dental world, Guide Show stb.)<\/span><br \/>\n<span style=\"font-size: 12pt\">Tutor, konzulens<\/span><br \/>\n<span style=\"font-size: 12pt\">2011 &#8211; tutor<\/span><br \/>\n<span style=\"font-size: 12pt\">2012 &#8211; mentor\/konzulens<\/span><\/p>\n<p><span style=\"font-size: 12pt\"><strong>Tudom\u00e1nyos p\u00e1ly\u00e1zatok \/ \u00f6szt\u00f6nd\u00edjak<\/strong> <\/span><br \/>\n<span style=\"font-size: 12pt\">Kutat\u00e1si-fejleszt\u00e9si p\u00e1ly\u00e1zat: <\/span><br \/>\n<span style=\"font-size: 12pt\">OTKA T 023937: A fogorvosi szekunder ill. tercier prevenci\u00f3 sor\u00e1n alkalmazott anyagok n\u00e9h\u00e1ny k\u00e9pvisel\u0151j\u00e9nek hat\u00e1sa patk\u00e1nyfogak fogb\u00e9l-kering\u00e9s\u00e9re \u2013r\u00e9sztvev\u0151k\u00e9nt (1997-2001)<\/span><br \/>\n<span style=\"font-size: 12pt\">OTKA T 037262: A fogb\u00e9l v\u00e1laszreakci\u00f3inak, kompenz\u00e1l\u00f3 mechanizmusainak vizsg\u00e1lata patk\u00e1nyfogak pulp\u00e1lis erein \u2013 vit\u00e1lmikroszk\u00f3pos modellen \u2013 r\u00e9sztvev\u0151k\u00e9nt (2002-2006)<\/span><br \/>\n<span style=\"font-size: 12pt\">OTKA F046793: : Fog extracellul\u00e1ris m\u00e1trix\u00e1nak \u00e9s mikrocircul\u00e1ci\u00f3j\u00e1nak vizsg\u00e1lata \u2013 megb\u00edzott t\u00e9mavezet\u0151k\u00e9nt (2004-2007) <\/span><br \/>\n<span style=\"font-size: 12pt\">T\u00c1MOP-4.2.6.-15\/1\/2015-0006 jel\u0171 p\u00e1ly\u00e1zat &#8211; \u201eEg\u00e9szs\u00e9ges \u00c9let &#8211; Innov\u00e1ci\u00f3s k\u00f6rnyezet \u00e9s szakmai h\u00e1l\u00f3zat fejleszt\u00e9se az Eszterh\u00e1zy K\u00e1roly F\u0151iskola \u00e9s a Semmelweis Egyetem egy\u00fcttm\u0171k\u00f6d\u00e9s\u00e9ben\u201d \u2013 r\u00e9sztvev\u0151<\/span><\/p>\n<p><strong><span style=\"font-size: 12pt\">Bels\u0151 kari kutat\u00e1si p\u00e1ly\u00e1zat:<\/span><\/strong><br \/>\n<span style=\"font-size: 12pt\">Az eddig \u00f6t bels\u0151 kari (Semmelweis Egyetem, Fogorvostudom\u00e1nyi Kar) p\u00e1ly\u00e1zaton (2001., 2002., 2003., 2004) nyertem tudom\u00e1nyos munk\u00e1mhoz t\u00e1mogat\u00e1st. <\/span><br \/>\n<span style=\"font-size: 12pt\">2012. t\u00e1rsszerz\u0151k\u00e9nt (dr. Vecsei B\u00e1lint \u00e9s Dr Borb\u00e9ly Judit mellett) nyertem bels\u0151 kari p\u00e1ly\u00e1zaton 500000 Ft-ot<\/span><br \/>\n<span style=\"font-size: 12pt\">2013. t\u00e1rsszerz\u0151k\u00e9nt (dr. Vecsei B\u00e1lint \u00e9s Dr Borb\u00e9ly Judit mellett) nyertem bels\u0151 kari p\u00e1ly\u00e1zaton 500000 Ft-ot<\/span><\/p>\n<p><strong><span style=\"font-size: 12pt\">\u00d6szt\u00f6nd\u00edj t\u00e1mogat\u00e1sok:<\/span><\/strong><br \/>\n<span style=\"font-size: 12pt\">Continental European Division (CED) of the International Association for Dental Research (IADR) Travel Stipend 2001.<\/span><br \/>\n<span style=\"font-size: 12pt\">Continental European Division (CED) of the International Association for Dental Research (IADR) Travel Stipend 2002.<\/span><br \/>\n<span style=\"font-size: 12pt\">Oktat\u00e1si Miniszt\u00e9rium Posztdoktori \u00d6szt\u00f6nd\u00edja 2006.<\/span><\/p>\n<p><strong><span style=\"font-size: 12pt\">Szakmai szervezeti tags\u00e1gok<\/span><\/strong><br \/>\n<span style=\"font-size: 12pt\">1999 MOK<\/span><br \/>\n<span style=\"font-size: 12pt\">2002 IADR<\/span><br \/>\n<span style=\"font-size: 12pt\">2003 MFE Fogp\u00f3tl\u00e1stani T\u00e1rsas\u00e1g <\/span><br \/>\n<span style=\"font-size: 12pt\">2006 MFE<\/span><\/p>\n<p><strong><span style=\"font-size: 12pt\">Nyelvismeret<\/span><\/strong><br \/>\n<span style=\"font-size: 12pt\">magyar anyanyelv<\/span><br \/>\n<span style=\"font-size: 12pt\">angol k\u00f6z\u00e9pfok<\/span><br \/>\n<span style=\"font-size: 12pt\">n\u00e9met alapfok<\/span><\/p>\n<p><strong><span style=\"font-size: 12pt\">Egy\u00e9b<\/span><\/strong><br \/>\n<span style=\"font-size: 12pt\">F\u00e9rjezett, egy gyermek \u00e9desanyja<\/span><\/p>\n<p><span style=\"font-size: 12pt\"><a href=\"https:\/\/vm.mtmt.hu\/\/search\/slist.php?lang=0&amp;AuthorID=10012275\">Tudom\u00e1nyos k\u00f6zlem\u00e9nyek<\/a><\/span><\/p>\n<p><span style=\"font-size: 12pt\"><em>Az el\u00e9rhet\u0151s\u00e9gi adatok nem haszn\u00e1lhat\u00f3k fel az 1995. \u00e9vi CXIX. t\u00f6rv\u00e9ny szerinti kutat\u00e1s \u00e9s k\u00f6zvetlen \u00fczletszerz\u00e9s c\u00e9lj\u00e1ra.<\/em><\/span><\/p>\n<p>&nbsp;<\/p>\n","protected":false},"excerpt":{"rendered":"<p>Tanulm\u00e1nyok, szakk\u00e9pes\u00edt\u00e9s <a href=\"https:\/\/semmelweis.hu\/fogpotlastan\/files\/2019\/10\/Dr.-Kisp\u00e9lyi-Barbara.jpg\"><\/a> 2019 Fogp\u00f3tl\u00e1stan \u00e9s Or\u00e1lis Implantol\u00f3gia szakvizsga 2005 Konzerv\u00e1l\u00f3 fog\u00e1szat \u00e9s fogp\u00f3tl\u00e1stan szakvizsga 2001 Fog- \u00e9s sz\u00e1jbetegs\u00e9gek szakvizsga 2005 PhD fokozatszerz\u00e9s 1999 Fogorvosi diploma \u2013 Semmelweis Egyetem, Fogorvostudom\u00e1nyi Kar Szakmai tapasztalat \/ klinikai el\u0151menetel 2013 &#8211; Fogp\u00f3tl\u00e1stani Klinika \u2013 igazgat\u00f3helyettes 2013 &#8211; Fogp\u00f3tl\u00e1stani Klinika \u2013 egyetemi docens 2007 &#8211; Fogp\u00f3tl\u00e1stani Klinika \u2013 egyetemi adjunktus &hellip;<\/p>\n","protected":false},"author":38,"featured_media":0,"parent":9019,"menu_order":1,"comment_status":"closed","ping_status":"closed","template":"","meta":{"_acf_changed":false,"footnotes":""},"categories":[],"tags":[],"class_list":["post-130","page","type-page","status-publish","hentry"],"acf":[],"_links":{"self":[{"href":"https:\/\/semmelweis.hu\/fogpotlastan\/wp-json\/wp\/v2\/pages\/130","targetHints":{"allow":["GET"]}}],"collection":[{"href":"https:\/\/semmelweis.hu\/fogpotlastan\/wp-json\/wp\/v2\/pages"}],"about":[{"href":"https:\/\/semmelweis.hu\/fogpotlastan\/wp-json\/wp\/v2\/types\/page"}],"author":[{"embeddable":true,"href":"https:\/\/semmelweis.hu\/fogpotlastan\/wp-json\/wp\/v2\/users\/38"}],"replies":[{"embeddable":true,"href":"https:\/\/semmelweis.hu\/fogpotlastan\/wp-json\/wp\/v2\/comments?post=130"}],"version-history":[{"count":11,"href":"https:\/\/semmelweis.hu\/fogpotlastan\/wp-json\/wp\/v2\/pages\/130\/revisions"}],"predecessor-version":[{"id":7309,"href":"https:\/\/semmelweis.hu\/fogpotlastan\/wp-json\/wp\/v2\/pages\/130\/revisions\/7309"}],"up":[{"embeddable":true,"href":"https:\/\/semmelweis.hu\/fogpotlastan\/wp-json\/wp\/v2\/pages\/9019"}],"wp:attachment":[{"href":"https:\/\/semmelweis.hu\/fogpotlastan\/wp-json\/wp\/v2\/media?parent=130"}],"wp:term":[{"taxonomy":"category","embeddable":true,"href":"https:\/\/semmelweis.hu\/fogpotlastan\/wp-json\/wp\/v2\/categories?post=130"},{"taxonomy":"post_tag","embeddable":true,"href":"https:\/\/semmelweis.hu\/fogpotlastan\/wp-json\/wp\/v2\/tags?post=130"}],"curies":[{"name":"wp","href":"https:\/\/api.w.org\/{rel}","templated":true}]}}