{"id":128,"date":"2012-03-02T12:21:37","date_gmt":"2012-03-02T11:21:37","guid":{"rendered":"http:\/\/semmelweis-egyetem.hu\/fogpotlastan\/?page_id=128"},"modified":"2024-05-28T14:24:26","modified_gmt":"2024-05-28T12:24:26","slug":"karolyhazy-katalin","status":"publish","type":"page","link":"https:\/\/semmelweis.hu\/fogpotlastan\/munkatarsak-terv\/karolyhazy-katalin\/","title":{"rendered":"Dr. K\u00e1rolyh\u00e1zy Katalin"},"content":{"rendered":"<p><strong><span style=\"font-size: 12pt\">Tanulm\u00e1nyok, szakk\u00e9pes\u00edt\u00e9s:<img loading=\"lazy\" decoding=\"async\" class=\"size-medium wp-image-5571 alignright\" src=\"https:\/\/semmelweis.hu\/fogpotlastan\/files\/2019\/10\/Dr.-K\u00e1rolyh\u00e1zy-Katalin-200x300.jpg\" alt=\"\" width=\"200\" height=\"300\" srcset=\"https:\/\/semmelweis.hu\/fogpotlastan\/files\/2019\/10\/Dr.-K\u00e1rolyh\u00e1zy-Katalin-200x300.jpg 200w, https:\/\/semmelweis.hu\/fogpotlastan\/files\/2019\/10\/Dr.-K\u00e1rolyh\u00e1zy-Katalin.jpg 500w\" sizes=\"auto, (max-width: 200px) 100vw, 200px\" \/><\/span><\/strong><br \/>\n<span style=\"font-size: 12pt\">2019. Fogp\u00f3tl\u00e1stan szakvizsga <\/span><br \/>\n<span style=\"font-size: 12pt\">2005. PhD fokozatszerz\u00e9s: (c\u00edm)<\/span><br \/>\n<span style=\"font-size: 12pt\">2005. Konzerv\u00e1l\u00f3 fog\u00e1szat \u00e9s fogp\u00f3tl\u00e1stan szakvizsga<\/span><br \/>\n<span style=\"font-size: 12pt\">1983. Fogorvos diploma \u2013 Semmelweis Egyetem Fogorvostudom\u00e1nyi Kar<br \/>\n<\/span><br \/>\n<strong><span style=\"font-size: 12pt\">Szakmai tapasztalat \/ klinikai el\u0151menetel:<\/span><\/strong><br \/>\n<span style=\"font-size: 12pt\">1983- Fogp\u00f3tl\u00e1stan Klinika \u2013 egyetemi tan\u00e1rseg\u00e9d<\/span><br \/>\n<span style=\"font-size: 12pt\">2006- Fogp\u00f3tl\u00e1stan Klinika \u2013 klinikai szakorvos<\/span><br \/>\n<span style=\"font-size: 12pt\">2008- Fogp\u00f3tl\u00e1stan Klinika \u2013 egyetemi adjunktus<\/span><br \/>\n<span style=\"font-size: 12pt\">2019- Fogp\u00f3tl\u00e1stani Klinika- egyetemi docens<br \/>\n<\/span><br \/>\n<strong><span style=\"font-size: 12pt\">Tudom\u00e1nyos tev\u00e9kenys\u00e9g:<\/span><\/strong><br \/>\n<span style=\"font-size: 12pt\">munkacsoport: Neurol\u00f3giai <\/span><br \/>\n<span style=\"font-size: 12pt\">PhD:2005.<\/span><\/p>\n<p><strong><span style=\"font-size: 12pt\">El\u0151ad\u00e1sok: Tantermi el\u0151ad\u00e1sok:<\/span><\/strong><br \/>\n<span style=\"font-size: 12pt\">Kezel\u00e9si terv k\u00e9sz\u00edt\u00e9s\u00e9t befoly\u00e1sol\u00f3 t\u00e9nyez\u0151k (magyar \u00e9s angol nyelven)<\/span><br \/>\n<span style=\"font-size: 12pt\">Nemes \u00e9s nem nemes f\u00e9mek (magyar \u00e9s angol nyelven)<\/span><br \/>\n<span style=\"font-size: 12pt\">Teljes kivehet\u0151 lemezes fogp\u00f3tl\u00e1s k\u00e9sz\u00edt\u00e9s\u00e9nek klinikai \u00e9s laborat\u00f3riumi munkaf\u00e1zisai (magyar \u00e9s angol nyelven)<\/span><br \/>\n<span style=\"font-size: 12pt\">Funkci\u00f3s lenyomat k\u00e9sz\u00edt\u00e9se (magyar \u00e9s angol nyelven) <\/span><br \/>\n<span style=\"font-size: 12pt\">Szakmai tov\u00e1bbk\u00e9pz\u00e9sek el\u0151ad\u00f3k\u00e9nt : Postgradu\u00e1lis k\u00e9pz\u00e9s:<\/span><br \/>\n<span style=\"font-size: 12pt\">Dental treatment of epileptic patients<\/span><br \/>\n<span style=\"font-size: 12pt\"><br \/>\n<strong>Szakmai tov\u00e1bbk\u00e9pz\u00e9sek r\u00e9szvev\u0151k\u00e9nt:<\/strong><\/span><br \/>\n<span style=\"font-size: 12pt\">Bels\u0151 Kari Tov\u00e1bbk\u00e9pz\u00e9s<br \/>\n<\/span><br \/>\n<strong><span style=\"font-size: 12pt\">Nyelvismeret<\/span><\/strong><br \/>\n<span style=\"font-size: 12pt\">magyar &#8211; anyanyelv<\/span><br \/>\n<span style=\"font-size: 12pt\">angol &#8211; k\u00f6z\u00e9pfok<\/span><br \/>\n<span style=\"font-size: 12pt\">n\u00e9met &#8211; alapfok<\/span><br \/>\n<span style=\"font-size: 12pt\"><br \/>\n<strong>Egy\u00e9b:<\/strong><\/span><br \/>\n<span style=\"font-size: 12pt\">Egy gyermek \u00e9desanyja vagyok.<\/span><\/p>\n<p><span style=\"font-size: 12pt\"><a href=\"https:\/\/vm.mtmt.hu\/\/search\/slist.php?lang=0&amp;AuthorID=10018896\">Tudom\u00e1nyos k\u00f6zlem\u00e9nyek<\/a><\/span><\/p>\n<p><span style=\"font-size: 10pt\"><em>Az el\u00e9rhet\u0151s\u00e9gi adatok nem haszn\u00e1lhat\u00f3k fel az 1995. \u00e9vi CXIX. t\u00f6rv\u00e9ny szerinti kutat\u00e1s \u00e9s k\u00f6zvetlen \u00fczletszerz\u00e9s c\u00e9lj\u00e1ra.<\/em><\/span><\/p>\n","protected":false},"excerpt":{"rendered":"<p>Tanulm\u00e1nyok, szakk\u00e9pes\u00edt\u00e9s: 2019. Fogp\u00f3tl\u00e1stan szakvizsga 2005. PhD fokozatszerz\u00e9s: (c\u00edm) 2005. Konzerv\u00e1l\u00f3 fog\u00e1szat \u00e9s fogp\u00f3tl\u00e1stan szakvizsga 1983. Fogorvos diploma \u2013 Semmelweis Egyetem Fogorvostudom\u00e1nyi Kar Szakmai tapasztalat \/ klinikai el\u0151menetel: 1983- Fogp\u00f3tl\u00e1stan Klinika \u2013 egyetemi tan\u00e1rseg\u00e9d 2006- Fogp\u00f3tl\u00e1stan Klinika \u2013 klinikai szakorvos 2008- Fogp\u00f3tl\u00e1stan Klinika \u2013 egyetemi adjunktus 2019- Fogp\u00f3tl\u00e1stani Klinika- egyetemi docens Tudom\u00e1nyos tev\u00e9kenys\u00e9g: munkacsoport: Neurol\u00f3giai &hellip;<\/p>\n","protected":false},"author":38,"featured_media":0,"parent":9019,"menu_order":1,"comment_status":"closed","ping_status":"closed","template":"","meta":{"_acf_changed":false,"footnotes":""},"categories":[],"tags":[],"class_list":["post-128","page","type-page","status-publish","hentry"],"acf":[],"_links":{"self":[{"href":"https:\/\/semmelweis.hu\/fogpotlastan\/wp-json\/wp\/v2\/pages\/128","targetHints":{"allow":["GET"]}}],"collection":[{"href":"https:\/\/semmelweis.hu\/fogpotlastan\/wp-json\/wp\/v2\/pages"}],"about":[{"href":"https:\/\/semmelweis.hu\/fogpotlastan\/wp-json\/wp\/v2\/types\/page"}],"author":[{"embeddable":true,"href":"https:\/\/semmelweis.hu\/fogpotlastan\/wp-json\/wp\/v2\/users\/38"}],"replies":[{"embeddable":true,"href":"https:\/\/semmelweis.hu\/fogpotlastan\/wp-json\/wp\/v2\/comments?post=128"}],"version-history":[{"count":11,"href":"https:\/\/semmelweis.hu\/fogpotlastan\/wp-json\/wp\/v2\/pages\/128\/revisions"}],"predecessor-version":[{"id":6569,"href":"https:\/\/semmelweis.hu\/fogpotlastan\/wp-json\/wp\/v2\/pages\/128\/revisions\/6569"}],"up":[{"embeddable":true,"href":"https:\/\/semmelweis.hu\/fogpotlastan\/wp-json\/wp\/v2\/pages\/9019"}],"wp:attachment":[{"href":"https:\/\/semmelweis.hu\/fogpotlastan\/wp-json\/wp\/v2\/media?parent=128"}],"wp:term":[{"taxonomy":"category","embeddable":true,"href":"https:\/\/semmelweis.hu\/fogpotlastan\/wp-json\/wp\/v2\/categories?post=128"},{"taxonomy":"post_tag","embeddable":true,"href":"https:\/\/semmelweis.hu\/fogpotlastan\/wp-json\/wp\/v2\/tags?post=128"}],"curies":[{"name":"wp","href":"https:\/\/api.w.org\/{rel}","templated":true}]}}