{"id":126,"date":"2012-03-02T12:14:54","date_gmt":"2012-03-02T11:14:54","guid":{"rendered":"http:\/\/semmelweis-egyetem.hu\/fogpotlastan\/?page_id=126"},"modified":"2024-05-28T14:24:35","modified_gmt":"2024-05-28T12:24:35","slug":"kadar-laszlo","status":"publish","type":"page","link":"https:\/\/semmelweis.hu\/fogpotlastan\/munkatarsak-terv\/kadar-laszlo\/","title":{"rendered":"Dr. K\u00e1d\u00e1r L\u00e1szl\u00f3"},"content":{"rendered":"<p><strong><span style=\"font-size: 12pt\">Tanulm\u00e1nyok, szakk\u00e9pes\u00edt\u00e9s<img loading=\"lazy\" decoding=\"async\" class=\"size-medium wp-image-5570 alignright\" src=\"https:\/\/semmelweis.hu\/fogpotlastan\/files\/2019\/10\/Dr.-K\u00e1d\u00e1r-L\u00e1szl\u00f3-200x300.jpg\" alt=\"\" width=\"200\" height=\"300\" srcset=\"https:\/\/semmelweis.hu\/fogpotlastan\/files\/2019\/10\/Dr.-K\u00e1d\u00e1r-L\u00e1szl\u00f3-200x300.jpg 200w, https:\/\/semmelweis.hu\/fogpotlastan\/files\/2019\/10\/Dr.-K\u00e1d\u00e1r-L\u00e1szl\u00f3.jpg 500w\" sizes=\"auto, (max-width: 200px) 100vw, 200px\" \/><\/span><\/strong><br \/>\n<span style=\"font-size: 12pt\">2019 Fogp\u00f3tl\u00e1stan szakvizsga<\/span><br \/>\n<span style=\"font-size: 12pt\">2019 Implantol\u00f3gia szakvizsga <\/span><br \/>\n<span style=\"font-size: 12pt\">2004 Konzerv\u00e1l\u00f3 fog\u00e1szat \u00e9s fogp\u00f3tl\u00e1stan szakvizsga<\/span><br \/>\n<span style=\"font-size: 12pt\">1975 Fog \u00e9s sz\u00e1jbetegs\u00e9gek szakvizsga<\/span><br \/>\n<span style=\"font-size: 12pt\">1973 Fogorvos diploma \u2013 Semmelweis Egyetem Fogorvostudom\u00e1nyi Kar<\/span><\/p>\n<p><strong><span style=\"font-size: 12pt\">Szakmai tapasztalat \/ klinikai el\u0151menetel<\/span><\/strong><br \/>\n<span style=\"font-size: 12pt\">1973- Tudom\u00e1nyos \u00f6szt\u00f6nd\u00edjas &#8211; Fogp\u00f3tl\u00e1stan Klinika <\/span><br \/>\n<span style=\"font-size: 12pt\">1974- Klinikai orvos &#8211; Fogp\u00f3tl\u00e1stan Klinika <\/span><br \/>\n<span style=\"font-size: 12pt\">1975- Egyetemi tan\u00e1rseg\u00e9d &#8211; Fogp\u00f3tl\u00e1stan Klinika <\/span><br \/>\n<span style=\"font-size: 12pt\">1987- Egyetemi adjunktus &#8211; Fogp\u00f3tl\u00e1stani Klinika<\/span><br \/>\n<span style=\"font-size: 12pt\">2007- Klinikai f\u0151orvos &#8211; Fogp\u00f3tl\u00e1stani Klinika<\/span><\/p>\n<p><strong><span style=\"font-size: 12pt\">Tudom\u00e1nyos tev\u00e9kenys\u00e9g<\/span><\/strong><br \/>\n<span style=\"font-size: 12pt\">munkacsoport: <\/span><br \/>\n<span style=\"font-size: 12pt\">Implant\u00e1ci\u00f3s protetikai munkacsoport, <\/span><br \/>\n<span style=\"font-size: 12pt\">Maxillofaci\u00e1lis protetikai munkacsoport <\/span><\/p>\n<p><strong><span style=\"font-size: 12pt\">Szakmai szervezeti tags\u00e1gok<\/span><\/strong><br \/>\n<span style=\"font-size: 12pt\">Magyar Fogorvosok Egyes\u00fclete<\/span><br \/>\n<span style=\"font-size: 12pt\">Fogp\u00f3tl\u00e1stani T\u00e1rsas\u00e1g<\/span><br \/>\n<span style=\"font-size: 12pt\">Implant\u00e1ci\u00f3s t\u00e1rsas\u00e1g<\/span><\/p>\n<p><strong><span style=\"font-size: 12pt\">Nyelvismeret<\/span><\/strong><br \/>\n<span style=\"font-size: 12pt\">magyar &#8211; anyanyelv<\/span><br \/>\n<span style=\"font-size: 12pt\">n\u00e9met &#8211; k\u00f6z\u00e9pfok<\/span><\/p>\n<p><strong><span style=\"font-size: 12pt\">Egy\u00e9b<\/span><\/strong><br \/>\n<span style=\"font-size: 12pt\">Egy feln\u0151tt gyermek \u00e9desapja<\/span><\/p>\n<p><span style=\"font-size: 12pt\"><a href=\"https:\/\/vm.mtmt.hu\/\/search\/slist.php?lang=0&amp;AuthorID=10018895\">Tudom\u00e1nyos k\u00f6zlem\u00e9nyek<\/a><\/span><\/p>\n<p><span style=\"font-size: 10pt\"><em>Az el\u00e9rhet\u0151s\u00e9gi adatok nem haszn\u00e1lhat\u00f3k fel az 1995. \u00e9vi CXIX. t\u00f6rv\u00e9ny szerinti kutat\u00e1s \u00e9s k\u00f6zvetlen \u00fczletszerz\u00e9s c\u00e9lj\u00e1ra.<\/em><\/span><\/p>\n","protected":false},"excerpt":{"rendered":"<p>Tanulm\u00e1nyok, szakk\u00e9pes\u00edt\u00e9s 2019 Fogp\u00f3tl\u00e1stan szakvizsga 2019 Implantol\u00f3gia szakvizsga 2004 Konzerv\u00e1l\u00f3 fog\u00e1szat \u00e9s fogp\u00f3tl\u00e1stan szakvizsga 1975 Fog \u00e9s sz\u00e1jbetegs\u00e9gek szakvizsga 1973 Fogorvos diploma \u2013 Semmelweis Egyetem Fogorvostudom\u00e1nyi Kar Szakmai tapasztalat \/ klinikai el\u0151menetel 1973- Tudom\u00e1nyos \u00f6szt\u00f6nd\u00edjas &#8211; Fogp\u00f3tl\u00e1stan Klinika 1974- Klinikai orvos &#8211; Fogp\u00f3tl\u00e1stan Klinika 1975- Egyetemi tan\u00e1rseg\u00e9d &#8211; Fogp\u00f3tl\u00e1stan Klinika 1987- Egyetemi adjunktus &#8211; Fogp\u00f3tl\u00e1stani &hellip;<\/p>\n","protected":false},"author":38,"featured_media":0,"parent":9019,"menu_order":1,"comment_status":"closed","ping_status":"closed","template":"","meta":{"_acf_changed":false,"footnotes":""},"categories":[],"tags":[],"class_list":["post-126","page","type-page","status-publish","hentry"],"acf":[],"_links":{"self":[{"href":"https:\/\/semmelweis.hu\/fogpotlastan\/wp-json\/wp\/v2\/pages\/126","targetHints":{"allow":["GET"]}}],"collection":[{"href":"https:\/\/semmelweis.hu\/fogpotlastan\/wp-json\/wp\/v2\/pages"}],"about":[{"href":"https:\/\/semmelweis.hu\/fogpotlastan\/wp-json\/wp\/v2\/types\/page"}],"author":[{"embeddable":true,"href":"https:\/\/semmelweis.hu\/fogpotlastan\/wp-json\/wp\/v2\/users\/38"}],"replies":[{"embeddable":true,"href":"https:\/\/semmelweis.hu\/fogpotlastan\/wp-json\/wp\/v2\/comments?post=126"}],"version-history":[{"count":10,"href":"https:\/\/semmelweis.hu\/fogpotlastan\/wp-json\/wp\/v2\/pages\/126\/revisions"}],"predecessor-version":[{"id":6753,"href":"https:\/\/semmelweis.hu\/fogpotlastan\/wp-json\/wp\/v2\/pages\/126\/revisions\/6753"}],"up":[{"embeddable":true,"href":"https:\/\/semmelweis.hu\/fogpotlastan\/wp-json\/wp\/v2\/pages\/9019"}],"wp:attachment":[{"href":"https:\/\/semmelweis.hu\/fogpotlastan\/wp-json\/wp\/v2\/media?parent=126"}],"wp:term":[{"taxonomy":"category","embeddable":true,"href":"https:\/\/semmelweis.hu\/fogpotlastan\/wp-json\/wp\/v2\/categories?post=126"},{"taxonomy":"post_tag","embeddable":true,"href":"https:\/\/semmelweis.hu\/fogpotlastan\/wp-json\/wp\/v2\/tags?post=126"}],"curies":[{"name":"wp","href":"https:\/\/api.w.org\/{rel}","templated":true}]}}