{"id":6,"date":"2025-07-28T13:12:21","date_gmt":"2025-07-28T11:12:21","guid":{"rendered":"https:\/\/semmelweis.hu\/foglalkozasegeszsegugy\/?page_id=6"},"modified":"2025-10-21T13:44:04","modified_gmt":"2025-10-21T11:44:04","slug":"kapcsolat","status":"publish","type":"page","link":"https:\/\/semmelweis.hu\/foglalkozasegeszsegugy\/kapcsolat\/","title":{"rendered":"Kapcsolat"},"content":{"rendered":"<h2 style=\"text-align: center;\">FOGLAKOZ\u00c1S-EG\u00c9SZS\u00c9G\u00dcGYI SZOLG\u00c1LAT<\/h2>\n<h4 style=\"text-align: center;\">SEMMELWEIS EGYETEM,Eg\u00e9szs\u00e9g\u00fcgyi Szolg\u00e1ltat\u00e1si Igazgat\u00f3s\u00e1g<\/p>\n<\/h4>\n<div class=\"keretes w-100\">\n<h6>A Szakrendel\u0151 Int\u00e9zet fel\u00faj\u00edt\u00e1s\u00e1nak idej\u00e9re\u00a0<b>\u00e1tmenetileg \u00e1tk\u00f6lt\u00f6zt\u00fcnk<\/b>\u00a0a Szent R\u00f3kus Klinikai T\u00f6mb k\u00f3rh\u00e1zi sz\u00e1rny\u00e1ba<\/h6>\n<h6>A foglalkoz\u00e1s-orvosi rendel\u00e9sek <strong>a m\u00e1sodik emeleten tal\u00e1lhat\u00f3k, a 209., 210., 211., 212. sz\u00e1m\u00fa rendel\u0151kben<\/strong><\/h6>\n<h6><b><span data-olk-copy-source=\"MessageBody\">C\u00edm:<\/span><\/b> <b>1085 Budapest, Gyulai P\u00e1l. 2.<\/b><\/h6>\n<\/div>\n<p><iframe loading=\"lazy\" src=\"https:\/\/www.google.com\/maps\/embed?pb=!1m18!1m12!1m3!1d2695.7167185411995!2d19.065288426582025!3d47.49543169564738!2m3!1f0!2f0!3f0!3m2!1i1024!2i768!4f13.1!3m3!1m2!1s0x4741dc5d77a0d067%3A0x97ddbd2cecc1c5d!2sBudapest%2C%20Gyulai%20P%C3%A1l%20u.%202%2C%201085!5e0!3m2!1shu!2shu!4v1759760027596!5m2!1shu!2shu\" width=\"100%\" height=\"450\"><span data-mce-type=\"bookmark\" style=\"width: 0px; overflow: hidden; line-height: 0;\" class=\"mce_SELRES_start\">\ufeff<\/span><\/iframe><\/p>\n","protected":false},"excerpt":{"rendered":"<p>FOGLAKOZ\u00c1S-EG\u00c9SZS\u00c9G\u00dcGYI SZOLG\u00c1LAT<br \/>\nSEMMELWEIS EGYETEM,Eg\u00e9szs\u00e9g\u00fcgyi Szolg\u00e1ltat\u00e1si Igazgat\u00f3s\u00e1g<\/p>\n<p>A Szakrendel\u0151 Int\u00e9zet fel\u00faj\u00edt\u00e1s\u00e1nak idej\u00e9re\u00a0\u00e1tmenetileg \u00e1tk\u00f6lt\u00f6zt\u00fcnk\u00a0a Szent R\u00f3kus Klinikai T\u00f6mb k\u00f3rh\u00e1zi sz\u00e1rny\u00e1ba<br \/>\nA foglalkoz\u00e1s-orvosi rendel\u00e9sek a m\u00e1sodik emeleten tal\u00e1lhat\u00f3k, a 209., 210., 211., 212. sz\u00e1m\u00fa rendel\u0151kben<br \/>\nC\u00edm: 1085 Budapest, Gyulai P\u00e1l. 2.<\/p>\n<p>\ufeff<\/p>\n","protected":false},"author":102484,"featured_media":0,"parent":0,"menu_order":8,"comment_status":"closed","ping_status":"closed","template":"","meta":{"_acf_changed":false,"footnotes":""},"categories":[],"tags":[],"class_list":["post-6","page","type-page","status-publish","hentry"],"acf":[],"_links":{"self":[{"href":"https:\/\/semmelweis.hu\/foglalkozasegeszsegugy\/wp-json\/wp\/v2\/pages\/6","targetHints":{"allow":["GET"]}}],"collection":[{"href":"https:\/\/semmelweis.hu\/foglalkozasegeszsegugy\/wp-json\/wp\/v2\/pages"}],"about":[{"href":"https:\/\/semmelweis.hu\/foglalkozasegeszsegugy\/wp-json\/wp\/v2\/types\/page"}],"author":[{"embeddable":true,"href":"https:\/\/semmelweis.hu\/foglalkozasegeszsegugy\/wp-json\/wp\/v2\/users\/102484"}],"replies":[{"embeddable":true,"href":"https:\/\/semmelweis.hu\/foglalkozasegeszsegugy\/wp-json\/wp\/v2\/comments?post=6"}],"version-history":[{"count":10,"href":"https:\/\/semmelweis.hu\/foglalkozasegeszsegugy\/wp-json\/wp\/v2\/pages\/6\/revisions"}],"predecessor-version":[{"id":481,"href":"https:\/\/semmelweis.hu\/foglalkozasegeszsegugy\/wp-json\/wp\/v2\/pages\/6\/revisions\/481"}],"wp:attachment":[{"href":"https:\/\/semmelweis.hu\/foglalkozasegeszsegugy\/wp-json\/wp\/v2\/media?parent=6"}],"wp:term":[{"taxonomy":"category","embeddable":true,"href":"https:\/\/semmelweis.hu\/foglalkozasegeszsegugy\/wp-json\/wp\/v2\/categories?post=6"},{"taxonomy":"post_tag","embeddable":true,"href":"https:\/\/semmelweis.hu\/foglalkozasegeszsegugy\/wp-json\/wp\/v2\/tags?post=6"}],"curies":[{"name":"wp","href":"https:\/\/api.w.org\/{rel}","templated":true}]}}