{"id":4,"date":"2025-07-28T13:11:54","date_gmt":"2025-07-28T11:11:54","guid":{"rendered":"https:\/\/semmelweis.hu\/foglalkozasegeszsegugy\/?page_id=4"},"modified":"2025-10-20T11:54:49","modified_gmt":"2025-10-20T09:54:49","slug":"rolunk","status":"publish","type":"page","link":"https:\/\/semmelweis.hu\/foglalkozasegeszsegugy\/rolunk\/","title":{"rendered":"Foglalkoz\u00e1s-eg\u00e9szs\u00e9g\u00fcgyi Szolg\u00e1lat bemutat\u00e1sa"},"content":{"rendered":"<h3>Tisztelt L\u00e1togat\u00f3!<\/h3>\n<h3>K\u00f6sz\u00f6nt\u00f6m \u00d6nt a Semmelweis Egyetem Foglalkoz\u00e1s-eg\u00e9szs\u00e9g\u00fcgyi Szolg\u00e1lat\u00e1nak honlapj\u00e1n!<\/h3>\n<div class=\"keretes w-100\">\n<p>Szolg\u00e1latunk c\u00e9lja az, hogy a Semmelweis Polg\u00e1rok eg\u00e9szs\u00e9g\u00e9nek meg\u0151rz\u00e9s\u00e9hez, munkak\u00e9pess\u00e9g\u00fck fenntarthat\u00f3s\u00e1g\u00e1hoz, valamint a munkak\u00f6rnyezet biztons\u00e1goss\u00e1 t\u00e9tel\u00e9hez j\u00e1ruljunk hozz\u00e1, nemcsak a jogszab\u00e1lyi el\u0151\u00edr\u00e1sok alapj\u00e1n, hanem a legjobb szakmai gyakorlatok folyamatos be\u00e9p\u00edt\u00e9s\u00e9vel.<\/p>\n<\/div>\n<p>Fontosnak tartom, hogy hallgat\u00f3ink \u00e9s munkav\u00e1llal\u00f3ink ne csup\u00e1n megfeleljenek a k\u00f6telez\u0151 munkaeg\u00e9szs\u00e9g\u00fcgyi k\u00f6vetelm\u00e9nyeknek, hanem val\u00f3ban javuljon az \u00e9letmin\u0151s\u00e9g\u00fck, megel\u0151zhet\u0151k legyenek a kr\u00f3nikus vagy munkav\u00e9gz\u00e9sb\u0151l ered\u0151 esetleges eg\u00e9szs\u00e9gk\u00e1rosod\u00e1sok.<\/p>\n<blockquote>\n<p>Az egyetemi k\u00f6z\u00f6ss\u00e9g eg\u00e9szs\u00e9ge \u2013 k\u00f6z\u00f6s siker\u00fcnk alapja.<\/p>\n<\/blockquote>\n<p>A Szolg\u00e1lat els\u0151dlegesen az Egyetem <a href=\"https:\/\/semmelweis.hu\/foglalkozasegeszsegugy\/munkatarsaknak\/\">munkav\u00e1llal\u00f3inak<\/a> \u00e9s <a href=\"https:\/\/semmelweis.hu\/foglalkozasegeszsegugy\/hallgatoknak\/\">hallgat\u00f3inak, tanul\u00f3inak<\/a> k\u00f6telez\u0151 foglalkoz\u00e1s-orvosi sz\u0171r\u00e9seit v\u00e9gzi. Emellett egyre b\u0151v\u00fcl k\u00fcls\u0151 partnereink k\u00f6re is. \u00c9vente 25-30 ezer f\u0151 ell\u00e1t\u00e1s\u00e1t biztos\u00edtjuk.<\/p>\n<div class=\"fontos_div\">\n<p>A<strong> foglalkoz\u00e1s-orvostan a klinikai orvostudom\u00e1ny egyik megel\u0151z\u0151, prevent\u00edv szeml\u00e9let\u0171 szakter\u00fclete<\/strong>, amelynek k\u00f6zponti c\u00e9lja a munkav\u00e9gz\u00e9s sor\u00e1n jelentkez\u0151 testi \u00e9s lelki megterhel\u00e9sek, valamint a munkak\u00f6rnyezetben el\u0151fordul\u00f3 (fizikai, k\u00e9miai, biol\u00f3giai, pszichoszoci\u00e1lis, ergon\u00f3miai) k\u00e1ros\u00edt\u00f3 t\u00e9nyez\u0151k felismer\u00e9se, folyamatos monitoroz\u00e1sa \u00e9s azok eg\u00e9szs\u00e9get nem vesz\u00e9lyeztet\u0151 szinten tart\u00e1s\u00e1nak el\u0151seg\u00edt\u00e9se.<\/p>\n<\/div>\n<p>A szolg\u00e1ltat\u00e1st a szakter\u00fclet szakorvosai \u00e9s szak\u00e1pol\u00f3i v\u00e9gzik. A munkav\u00e1llal\u00f3k eg\u00e9szs\u00e9g\u00e9nek v\u00e9delme \u00e9s a munkak\u00e9pess\u00e9g fenntart\u00e1sa azt jelenti a gyakorlatban, hogy a foglalkoz\u00e1s-orvos figyeli a dolgoz\u00f3k eg\u00e9szs\u00e9g\u00e9t (el\u0151zetes-, id\u0151szakos-, soron k\u00edv\u00fcli \u00e9s z\u00e1r\u00f3 vizsg\u00e1latok), felm\u00e9ri, ki\u00e9rt\u00e9keli a munkahelyi kock\u00e1zatokat, tan\u00e1csot ad mind a munkav\u00e1llal\u00f3nak, mind a munk\u00e1ltat\u00f3nak, beavatkozik, ha eg\u00e9szs\u00e9gk\u00e1ros\u00edt\u00f3 t\u00e9nyez\u0151t tal\u00e1l, \u00e9s seg\u00edt a betegs\u00e9gek vagy balesetek ut\u00e1n a visszat\u00e9r\u00e9sben.<\/p>\n<p style=\"text-align: justify\">A Foglalkoz\u00e1s-eg\u00e9szs\u00e9g\u00fcgyi Szolg\u00e1lat a <a href=\"https:\/\/semmelweis.hu\/szakrendelo\/\" target=\"_blank\" rel=\"noopener\">Szakrendel\u0151 Int\u00e9zet<\/a> keretein bel\u00fcl v\u00e9gzi feladat\u00e1t, szoros egy\u00fcttm\u0171k\u00f6d\u00e9sben az alap- \u00e9s szakell\u00e1t\u00e1s m\u00e1s szolg\u00e1ltat\u00e1saival: megel\u0151z\u0151 orvostan, csal\u00e1dorvosl\u00e1s, klinikai szakpszichol\u00f3gia, ment\u00e1lhigi\u00e9n\u00e9, dietetika, gy\u00f3gytorna, nemzetk\u00f6zi olt\u00f3pont, melyek mind a Semmelweis Praxisk\u00f6z\u00f6ss\u00e9gi Modell r\u00e9szei. Emellett a Szolg\u00e1lat jogszab\u00e1lyokban meghat\u00e1rozott feladataiban egy\u00fcttm\u0171k\u00f6dik az Egyetem K\u00f3rh\u00e1zhigi\u00e9n\u00e9s oszt\u00e1ly\u00e1val, Sug\u00e1rv\u00e9delmi Szolg\u00e1lat\u00e1val \u00e9s a Biztons\u00e1gtechnikai Igazgat\u00f3s\u00e1ggal is.\u00a0\u00a0<\/p>\n<p>Szolg\u00e1ltat\u00e1saink min\u0151s\u00e9g\u00e9t folyamatosan fejlesztj\u00fck, akt\u00edv szerepet v\u00e1llalunk a\u00a0gradu\u00e1lis, posztgradu\u00e1lis, illetve a foglalkoz\u00e1s-orvostan szakorvosk\u00e9pz\u00e9sben\u00a0is \u00e9s klinikai kutat\u00e1sokban is r\u00e9szt vesz\u00fcnk.<\/p>\n<p>Dr. Varga P\u00e9ter<br \/>\nigazgat\u00f3<\/p>\n","protected":false},"excerpt":{"rendered":"<p>Tisztelt L\u00e1togat\u00f3!<br \/>\nK\u00f6sz\u00f6nt\u00f6m \u00d6nt a Semmelweis Egyetem Foglalkoz\u00e1s-eg\u00e9szs\u00e9g\u00fcgyi Szolg\u00e1lat honlapj\u00e1n!<br \/>\nSzolg\u00e1latunk c\u00e9lja az, hogy a Semmelweis Polg\u00e1rok eg\u00e9szs\u00e9g\u00e9nek meg\u0151rz\u00e9s\u00e9hez, munkak\u00e9pess\u00e9g\u00fck fenntarthat\u00f3s\u00e1g\u00e1hoz, valamint a munkak\u00f6rnyezet biztons\u00e1goss\u00e1 t\u00e9tel\u00e9hez j\u00e1ruljunk hozz\u00e1, nemcsak a jogszab\u00e1lyi el\u0151\u00edr\u00e1sok alapj\u00e1n, hanem a legjobb szakmai gyakorlatok folyamatos be\u00e9p\u00edt\u00e9s\u00e9vel. Fontosnak tartom, hogy hallgat\u00f3ink \u00e9s munkav\u00e1llal\u00f3ink ne csup\u00e1n megfeleljenek a k\u00f6telez\u0151 munkaeg\u00e9szs\u00e9g\u00fcgyi k\u00f6vetelm\u00e9nyeknek, hanem val\u00f3ban javuljon az \u00e9letmin\u0151s\u00e9g\u00fck, megel\u0151zhet\u0151k legyenek a kr\u00f3nikus vagy munkav\u00e9gz\u00e9sb\u0151l ered\u0151 esetleges eg\u00e9szs\u00e9gk\u00e1rosod\u00e1sok.<\/p>\n","protected":false},"author":102484,"featured_media":256,"parent":0,"menu_order":1,"comment_status":"closed","ping_status":"closed","template":"","meta":{"_acf_changed":false,"footnotes":""},"categories":[],"tags":[],"class_list":["post-4","page","type-page","status-publish","has-post-thumbnail","hentry"],"acf":[],"_links":{"self":[{"href":"https:\/\/semmelweis.hu\/foglalkozasegeszsegugy\/wp-json\/wp\/v2\/pages\/4","targetHints":{"allow":["GET"]}}],"collection":[{"href":"https:\/\/semmelweis.hu\/foglalkozasegeszsegugy\/wp-json\/wp\/v2\/pages"}],"about":[{"href":"https:\/\/semmelweis.hu\/foglalkozasegeszsegugy\/wp-json\/wp\/v2\/types\/page"}],"author":[{"embeddable":true,"href":"https:\/\/semmelweis.hu\/foglalkozasegeszsegugy\/wp-json\/wp\/v2\/users\/102484"}],"replies":[{"embeddable":true,"href":"https:\/\/semmelweis.hu\/foglalkozasegeszsegugy\/wp-json\/wp\/v2\/comments?post=4"}],"version-history":[{"count":11,"href":"https:\/\/semmelweis.hu\/foglalkozasegeszsegugy\/wp-json\/wp\/v2\/pages\/4\/revisions"}],"predecessor-version":[{"id":435,"href":"https:\/\/semmelweis.hu\/foglalkozasegeszsegugy\/wp-json\/wp\/v2\/pages\/4\/revisions\/435"}],"wp:featuredmedia":[{"embeddable":true,"href":"https:\/\/semmelweis.hu\/foglalkozasegeszsegugy\/wp-json\/wp\/v2\/media\/256"}],"wp:attachment":[{"href":"https:\/\/semmelweis.hu\/foglalkozasegeszsegugy\/wp-json\/wp\/v2\/media?parent=4"}],"wp:term":[{"taxonomy":"category","embeddable":true,"href":"https:\/\/semmelweis.hu\/foglalkozasegeszsegugy\/wp-json\/wp\/v2\/categories?post=4"},{"taxonomy":"post_tag","embeddable":true,"href":"https:\/\/semmelweis.hu\/foglalkozasegeszsegugy\/wp-json\/wp\/v2\/tags?post=4"}],"curies":[{"name":"wp","href":"https:\/\/api.w.org\/{rel}","templated":true}]}}