{"id":37,"date":"2025-07-28T15:20:32","date_gmt":"2025-07-28T13:20:32","guid":{"rendered":"https:\/\/semmelweis.hu\/foglalkozasegeszsegugy\/?page_id=37"},"modified":"2026-03-02T15:32:40","modified_gmt":"2026-03-02T14:32:40","slug":"munkatarsaknak","status":"publish","type":"page","link":"https:\/\/semmelweis.hu\/foglalkozasegeszsegugy\/munkatarsaknak\/","title":{"rendered":"Munkat\u00e1rsaknak"},"content":{"rendered":"<p>&nbsp;<\/p>\n<div class=\"keretes w-100\">\n<p><strong>A foglalkoz\u00e1s-eg\u00e9szs\u00e9g\u00fcgyi orvosi vizsg\u00e1laton t\u00f6rt\u00e9n\u0151 megjelen\u00e9s a munkav\u00e9gz\u00e9s egyik el\u0151felt\u00e9tele.<\/strong> Minden Semmelweis Egyetemen dolgoz\u00f3 munkav\u00e1llal\u00f3 sz\u00e1m\u00e1ra k\u00f6telez\u0151 a munkak\u00f6ri alkalmass\u00e1gi vizsg\u00e1lat, a hat\u00e1lyos jogszab\u00e1lyok \u00e9s munkav\u00e9delmi el\u0151\u00edr\u00e1sok alapj\u00e1n. A Foglalkoz\u00e1s-eg\u00e9szs\u00e9g\u00fcgyi Szolg\u00e1lat els\u0151dleges feladata a Semmelweis Egyetem polg\u00e1rainak ell\u00e1t\u00e1sa, sz\u0171r\u00e9se.<\/p>\n<p><strong><span style=\"color: #ff6600\">Fontos! <\/span><b><span data-olk-copy-source=\"MessageBody\">A foglalkoz\u00e1s-eg\u00e9szs\u00e9g\u00fcgyi orvosi sz\u0171r\u00e9sre k\u00f6telez\u0151 <a href=\"https:\/\/njt.hu\/jogszabaly\/1998-33-20-3D\">beutal\u00f3t<\/a><\/span><\/b>(14. sz\u00e1m\u00fa mell\u00e9klet a 33\/1998. (VI. 24.) NM rendelethez)\u00a0<b>hozni!\u00a0<\/b><\/strong>Az adott\u00a0munkak\u00f6rt \u00e9rint\u0151 kock\u00e1zati t\u00e9nyez\u0151kkel <strong><b>kit\u00f6lt\u00f6tt<\/b><\/strong>\u00a0beutal\u00f3t<strong> a\u00a0<b>munk\u00e1ltat\u00f3 adja<\/b>, b<\/strong>\u00e9lyegz\u0151vel \u00e9s munka\u00e1ltat\u00f3i al\u00e1\u00edr\u00e1ssal hiteles\u00edtve.<\/p>\n<\/div>\n<p>&nbsp;<\/p>\n<p>&nbsp;<\/p>\n<p>A Szakrendel\u0151 Int\u00e9zet \u00e9p\u00fclet\u00e9nek fel\u00faj\u00edt\u00e1si munk\u00e1latai miatt <strong>az ell\u00e1t\u00e1sok \u00e1tmenetileg a Szent R\u00f3kus Klinikai T\u00f6mb \u00e9p\u00fclet\u00e9ben folynak (Gyulai P\u00e1l u. 2.).<\/strong><\/p>\n<h2>Milyen sz\u0171r\u0151vizsg\u00e1latokra ker\u00fclhet sor?<\/h2>\n<div class=\"exp-col-content-holder\"><a class=\"expand-cnt-link\" href=\"#\">El\u0151zetes vizsg\u00e1lat &#8211; \u00a0munk\u00e1ba \u00e1ll\u00e1s el\u0151tt (\u00faj bel\u00e9p\u0151knek)<\/a><\/p>\n<div class=\"hidden-content\">\n<p><strong>\u00daj bel\u00e9p\u0151 dolgoz\u00f3k el\u0151zetes vizsg\u00e1lata \u2013 munk\u00e1ba \u00e1ll\u00e1s el\u0151tt:<\/strong><\/p>\n<p>A munk\u00e1ltat\u00f3 \u00e1ltal ki\u00e1ll\u00edtott beutal\u00f3val, <strong>id\u0151pontfoglal\u00e1s n\u00e9lk\u00fcl,<\/strong> <strong>munkanapokon 8:30-12:00 k\u00f6z\u00f6tt j\u00f6hetnek,<\/strong> (sz\u00fcks\u00e9ges v\u00e1rakozni).<\/p>\n<p>Az, hogy \u00faj bel\u00e9p\u0151k\u00e9nt, munk\u00e1ba \u00e1ll\u00e1s el\u0151tt milyen vizsg\u00e1latokra van sz\u00fcks\u00e9ged, munkak\u00f6r\u00f6nk\u00e9nt v\u00e1ltoz\u00f3 lehet.<\/p>\n<\/div>\n<\/div>\n<div class=\"exp-col-content-holder\"><a class=\"expand-cnt-link\" href=\"#\">Id\u0151szakos vizsg\u00e1lat: dolgoz\u00f3inknak (pl. \u00e9vente \/ k\u00e9t\u00e9vente)<\/a><\/p>\n<div class=\"hidden-content\">\n<p><strong>Dolgoz\u00f3k rendszeres, id\u0151szaki vizsg\u00e1lata &#8211; munkak\u00f6ri kock\u00e1zat alapj\u00e1n, pl. \u00e9vente \/ k\u00e9t\u00e9vente: <\/strong>\u00a0<\/p>\n<p><strong>Az id\u0151szakos\u00a0<\/strong>alkalmass\u00e1gi vizsg\u00e1latokat\u00a0<strong>\u00e9ves \u00fctemez\u00e9sben,\u00a0szervezetten<\/strong> v\u00e9gezz\u00fck. A vizsg\u00e1latokhoz sz\u00fcks\u00e9ges dokumentumokat a munkav\u00e1llal\u00f3 munkak\u00f6r\u00e9hez tartoz\u00f3 kock\u00e1zati t\u00e9nyez\u0151k hat\u00e1rozz\u00e1k meg.<\/p>\n<\/div>\n<\/div>\n<div class=\"exp-col-content-holder\"><a class=\"expand-cnt-link\" href=\"#\">Soron k\u00edv\u00fcli vizsg\u00e1lat:\u00a0eg\u00e9szs\u00e9gi panasz, baleset, 30 napon t\u00fali keres\u0151k\u00e9ptelens\u00e9g vagy munkak\u00f6r v\u00e1lt\u00e1s eset\u00e9n<\/a><\/p>\n<div class=\"hidden-content\">\n<p><strong>\u00a0Id\u0151pontfoglal\u00e1s n\u00e9lk\u00fcl vehet\u0151k ig\u00e9nybe, munkanapokon 8:30 \u2013 12:00 k\u00f6z\u00f6tt<\/strong>.<\/p>\n<\/div>\n<\/div>\n<div class=\"exp-col-content-holder\"><a class=\"expand-cnt-link\" href=\"#\">Z\u00e1r\u00f3vizsg\u00e1lat:\u00a0egyes munkak\u00f6r\u00f6k eset\u00e9n\u00a0(pl. t\u00fcd\u0151gy\u00f3gy\u00e1szaton dolgoz\u00f3k) a munkaviszony megsz\u0171n\u00e9sekor<\/a><\/p>\n<div class=\"hidden-content\">\n<p><strong>\u00a0Id\u0151pontfoglal\u00e1s n\u00e9lk\u00fcl vehet\u0151k ig\u00e9nybe, munkanapokon 8:30 \u2013 12:00 k\u00f6z\u00f6tt<\/strong>.<\/p>\n<\/div>\n<\/div>\n<h4><strong>\u00a0<\/strong><strong>Tov\u00e1bbi szolg\u00e1ltat\u00e1sok<\/strong><\/h4>\n<ul>\n<li>K\u00f6telez\u0151 \u00e9s aj\u00e1nlott\u00a0<strong>v\u00e9d\u0151olt\u00e1sok bead\u00e1sa<\/strong><\/li>\n<li><strong>Foglalkoz\u00e1si megbeteged\u00e9sek kivizsg\u00e1l\u00e1sa<\/strong><\/li>\n<li>Tan\u00e1csad\u00e1s\u00a0<strong>v\u00e9d\u0151eszk\u00f6z\u00f6kr\u0151l, munkak\u00f6rnyezeti kock\u00e1zatokr\u00f3l<\/strong><\/li>\n<li>Munkahelyi\u00a0<strong>munkahigi\u00e9n\u00e9s szeml\u00e9k<\/strong>, vesz\u00e9lyforr\u00e1sok felt\u00e1r\u00e1sa<\/li>\n<\/ul>\n<div class=\"fontos_div\">\n<p>A Semmelweis\u00a0<a href=\"https:\/\/semmelweis.hu\/csaladbarat\/egeszseg\/szurovizsgalatok\/\">Csal\u00e1dbar\u00e1t Egyetem Programban<\/a> meghirdetett sz\u0171r\u0151vizsg\u00e1latok szervez\u00e9s\u00e9vel egyre ink\u00e1bb el\u0151t\u00e9rbe helyezz\u00fck a prevenci\u00f3t, el\u0151seg\u00edtve munkav\u00e1llal\u00f3ink eg\u00e9szs\u00e9g\u00e9nek meg\u0151rz\u00e9s\u00e9t.<\/p>\n<\/div>\n<p><span data-olk-copy-source=\"MessageBody\">A szolg\u00e1ltat\u00e1si palett\u00e1nk a magasabb progresszivit\u00e1si szint\u0171 szakell\u00e1t\u00e1st is tartalmazza, melynek keret\u00e9ben szakmai alkalmass\u00e1gi \u00e9s m\u00e1sodfok\u00fa vizsg\u00e1latokat is v\u00e9gz\u00fcnk.<\/span><\/p>\n<p>Amennyiben k\u00e9rd\u00e9s\u00e9re az oldalon nem tal\u00e1lta meg a v\u00e1laszt, seg\u00edts\u00e9get kaphat\u00a0<b>munkanapokon, 8.00-13.00 k\u00f6z\u00f6tt\u00a0<\/b>a\u00a0<b>06-30-016-4575<\/b>-\u00f6s sz\u00e1mon a Szolg\u00e1lat vezet\u0151 \u00e1pol\u00f3j\u00e1t\u00f3l, Balogn\u00e9 Kosik Mariann\u00e1t\u00f3l. Felmer\u00fcl\u0151 k\u00e9rd\u00e9seiket a\u00a0<a href=\"mailto:titkarsag.foglalkozasegeszsegugy@semmelweis-univ.hu\"><b>titkarsag.foglalkozasegeszsegugy@semmelweis.hu<\/b><\/a>\u00a0e-mail c\u00edmre is megk\u00fcldhetik, melyre igyeksz\u00fcnk mihamarabb v\u00e1laszolni.<\/p>\n<div class=\"keretes w-100\">\n<p><a href=\"https:\/\/forms.office.com\/e\/z6yDYcmBZW?origin=lprLink\"><img loading=\"lazy\" decoding=\"async\" class=\"wp-image-327 alignright\" src=\"https:\/\/semmelweis.hu\/foglalkozasegeszsegugy\/files\/2025\/10\/Dolgozoi-kerdoiv-400x378.jpg\" alt=\"\" width=\"229\" height=\"216\" srcset=\"https:\/\/semmelweis.hu\/foglalkozasegeszsegugy\/files\/2025\/10\/Dolgozoi-kerdoiv-400x378.jpg 400w, https:\/\/semmelweis.hu\/foglalkozasegeszsegugy\/files\/2025\/10\/Dolgozoi-kerdoiv-768x725.jpg 768w, https:\/\/semmelweis.hu\/foglalkozasegeszsegugy\/files\/2025\/10\/Dolgozoi-kerdoiv-753x711.jpg 753w, https:\/\/semmelweis.hu\/foglalkozasegeszsegugy\/files\/2025\/10\/Dolgozoi-kerdoiv.jpg 1008w\" sizes=\"auto, (max-width: 229px) 100vw, 229px\" \/><\/a><\/p>\n<p><span data-olk-copy-source=\"MessageBody\">Kedves Munkat\u00e1rsunk!<\/span><\/p>\n<p>K\u00e9rj\u00fck, hogy a vizsg\u00e1latot k\u00f6vet\u0151en t\u00f6ltse ki a dolgoz\u00f3i el\u00e9gedetts\u00e9gi k\u00e9rd\u0151\u00edvet, seg\u00edtve ezzel a munk\u00e1nkat! Csak egy percet vesz ig\u00e9nybe \u00e9s anonim! K\u00f6sz\u00f6nj\u00fck!<\/p>\n<p style=\"text-align: center\"><a class=\"btn btn-secondary\" href=\"https:\/\/forms.office.com\/e\/z6yDYcmBZW?origin=lprLink\" target=\"_blank\" rel=\"noopener\">kit\u00f6lt\u00f6m<\/a><\/p>\n<\/div>\n","protected":false},"excerpt":{"rendered":"<p>&nbsp; A foglalkoz\u00e1s-eg\u00e9szs\u00e9g\u00fcgyi orvosi vizsg\u00e1laton t\u00f6rt\u00e9n\u0151 megjelen\u00e9s a munkav\u00e9gz\u00e9s egyik el\u0151felt\u00e9tele. Minden Semmelweis Egyetemen dolgoz\u00f3 munkav\u00e1llal\u00f3 sz\u00e1m\u00e1ra k\u00f6telez\u0151 a munkak\u00f6ri alkalmass\u00e1gi vizsg\u00e1lat, a hat\u00e1lyos jogszab\u00e1lyok \u00e9s munkav\u00e9delmi el\u0151\u00edr\u00e1sok alapj\u00e1n. A Foglalkoz\u00e1s-eg\u00e9szs\u00e9g\u00fcgyi Szolg\u00e1lat els\u0151dleges feladata a Semmelweis Egyetem polg\u00e1rainak ell\u00e1t\u00e1sa, sz\u0171r\u00e9se. Fontos! A foglalkoz\u00e1s-eg\u00e9szs\u00e9g\u00fcgyi orvosi sz\u0171r\u00e9sre k\u00f6telez\u0151 <a href=\"https:\/\/njt.hu\/jogszabaly\/1998-33-20-3D\">beutal\u00f3t<\/a> (14. sz\u00e1m\u00fa mell\u00e9klet a 33\/1998. (VI. 24.) NM rendelethez)\u00a0hozni!\u00a0Az &hellip;<\/p>\n","protected":false},"author":102515,"featured_media":273,"parent":0,"menu_order":3,"comment_status":"closed","ping_status":"closed","template":"","meta":{"_acf_changed":false,"footnotes":""},"categories":[],"tags":[],"class_list":["post-37","page","type-page","status-publish","has-post-thumbnail","hentry"],"acf":[],"_links":{"self":[{"href":"https:\/\/semmelweis.hu\/foglalkozasegeszsegugy\/wp-json\/wp\/v2\/pages\/37","targetHints":{"allow":["GET"]}}],"collection":[{"href":"https:\/\/semmelweis.hu\/foglalkozasegeszsegugy\/wp-json\/wp\/v2\/pages"}],"about":[{"href":"https:\/\/semmelweis.hu\/foglalkozasegeszsegugy\/wp-json\/wp\/v2\/types\/page"}],"author":[{"embeddable":true,"href":"https:\/\/semmelweis.hu\/foglalkozasegeszsegugy\/wp-json\/wp\/v2\/users\/102515"}],"replies":[{"embeddable":true,"href":"https:\/\/semmelweis.hu\/foglalkozasegeszsegugy\/wp-json\/wp\/v2\/comments?post=37"}],"version-history":[{"count":11,"href":"https:\/\/semmelweis.hu\/foglalkozasegeszsegugy\/wp-json\/wp\/v2\/pages\/37\/revisions"}],"predecessor-version":[{"id":518,"href":"https:\/\/semmelweis.hu\/foglalkozasegeszsegugy\/wp-json\/wp\/v2\/pages\/37\/revisions\/518"}],"wp:featuredmedia":[{"embeddable":true,"href":"https:\/\/semmelweis.hu\/foglalkozasegeszsegugy\/wp-json\/wp\/v2\/media\/273"}],"wp:attachment":[{"href":"https:\/\/semmelweis.hu\/foglalkozasegeszsegugy\/wp-json\/wp\/v2\/media?parent=37"}],"wp:term":[{"taxonomy":"category","embeddable":true,"href":"https:\/\/semmelweis.hu\/foglalkozasegeszsegugy\/wp-json\/wp\/v2\/categories?post=37"},{"taxonomy":"post_tag","embeddable":true,"href":"https:\/\/semmelweis.hu\/foglalkozasegeszsegugy\/wp-json\/wp\/v2\/tags?post=37"}],"curies":[{"name":"wp","href":"https:\/\/api.w.org\/{rel}","templated":true}]}}