{"id":8,"date":"2022-08-03T10:53:41","date_gmt":"2022-08-03T08:53:41","guid":{"rendered":"https:\/\/semmelweis.hu\/fibrosis\/?page_id=8"},"modified":"2025-12-09T16:36:14","modified_gmt":"2025-12-09T15:36:14","slug":"about","status":"publish","type":"page","link":"https:\/\/semmelweis.hu\/fibrosis\/about\/","title":{"rendered":"About us"},"content":{"rendered":"<div class=\"responsive-tabs\">\n<h2 class=\"tabtitle\">About<\/h2>\n<div class=\"tabcontent\">\n\n<h1>About the Fibrosis Research Group<\/h1>\n<div class=\"keretes\">\n<p class=\"wnd-align-justify\" style=\"text-align: justify\">\n<a href=\"https:\/\/semmelweis.hu\/fibrosis\/files\/2022\/08\/RS150680_KSZ_220898_HN-20220303_026-scr.jpg\"><img loading=\"lazy\" decoding=\"async\" class=\"aligncenter wp-image-41 size-full\" src=\"https:\/\/semmelweis.hu\/fibrosis\/files\/2022\/08\/RS150680_KSZ_220898_HN-20220303_026-scr-e1765294547521.jpg\" alt=\"\" width=\"962\" height=\"800\" srcset=\"https:\/\/semmelweis.hu\/fibrosis\/files\/2022\/08\/RS150680_KSZ_220898_HN-20220303_026-scr-e1765294547521.jpg 962w, https:\/\/semmelweis.hu\/fibrosis\/files\/2022\/08\/RS150680_KSZ_220898_HN-20220303_026-scr-e1765294547521-400x333.jpg 400w, https:\/\/semmelweis.hu\/fibrosis\/files\/2022\/08\/RS150680_KSZ_220898_HN-20220303_026-scr-e1765294547521-768x639.jpg 768w, https:\/\/semmelweis.hu\/fibrosis\/files\/2022\/08\/RS150680_KSZ_220898_HN-20220303_026-scr-e1765294547521-753x626.jpg 753w\" sizes=\"auto, (max-width: 962px) 100vw, 962px\" \/><\/a><\/p>\n<\/div>\n<p class=\"wnd-align-justify\" style=\"text-align: justify\">Our group consists of researchers from various scientific fields, including medical doctors, biologists, biochemical engineers and experienced technicians complementing each other\u2019s knowledge in order to enhance the efficiency of our work. The main goal of our research group is to investigate the pathomechanism of tissue fibrosis.<br \/>\nBeside basic research, we put a great emphasis on collaborations with industrial companies to develop antifibrotic drugs. As a part of Semmelweis University we also take our share in scientific education, ensuring possibilities for undergraduate and postgraduate students. We hope that our experiments contribute to the better understanding of the underlying cellular and molecular mechanisms of fibrosis, revealing novel therapeutic targets and anti-fibrotic drugs.<\/p>\n<hr \/>\n<div class=\"w-100 fontos_div\">\n<p>HUN-REN &#8211; SU Pediatrics and Nephrology Research group is a member of <a href=\"https:\/\/hun-ren.hu\/en\" target=\"_blank\" rel=\"noopener\">Hungarian Research Network<\/a> Supported Research Groups<\/p>\n<p><a href=\"https:\/\/semmelweis.hu\/fibrosis\/files\/2023\/09\/HUN-REN-logo-horizontal-blue-PNG-1.png\"><img loading=\"lazy\" decoding=\"async\" class=\"wp-image-375 size-medium aligncenter\" src=\"https:\/\/semmelweis.hu\/fibrosis\/files\/2023\/09\/HUN-REN-logo-horizontal-blue-PNG-1-400x98.png\" alt=\"\" width=\"400\" height=\"98\" srcset=\"https:\/\/semmelweis.hu\/fibrosis\/files\/2023\/09\/HUN-REN-logo-horizontal-blue-PNG-1-400x98.png 400w, https:\/\/semmelweis.hu\/fibrosis\/files\/2023\/09\/HUN-REN-logo-horizontal-blue-PNG-1-1024x251.png 1024w, https:\/\/semmelweis.hu\/fibrosis\/files\/2023\/09\/HUN-REN-logo-horizontal-blue-PNG-1-768x188.png 768w, https:\/\/semmelweis.hu\/fibrosis\/files\/2023\/09\/HUN-REN-logo-horizontal-blue-PNG-1-1536x377.png 1536w, https:\/\/semmelweis.hu\/fibrosis\/files\/2023\/09\/HUN-REN-logo-horizontal-blue-PNG-1-2048x502.png 2048w, https:\/\/semmelweis.hu\/fibrosis\/files\/2023\/09\/HUN-REN-logo-horizontal-blue-PNG-1-753x185.png 753w\" sizes=\"auto, (max-width: 400px) 100vw, 400px\" \/><\/a><\/p>\n<\/div>\n<hr \/>\n<h1>INFRASTRUCTURE<\/h1>\n<div class=\"keretes\">\n<h2 class=\"wnd-align-left\" style=\"padding-left: 40px\"><strong><span class=\"wnd-font-size-80\"><a href=\"https:\/\/semmelweis.hu\/fibrosis\/files\/2022\/08\/SzJA.jpg\"><img loading=\"lazy\" decoding=\"async\" class=\"alignright wp-image-48\" src=\"https:\/\/semmelweis.hu\/fibrosis\/files\/2022\/08\/SzJA-272x400.jpg\" alt=\"\" width=\"253\" height=\"372\" srcset=\"https:\/\/semmelweis.hu\/fibrosis\/files\/2022\/08\/SzJA-272x400.jpg 272w, https:\/\/semmelweis.hu\/fibrosis\/files\/2022\/08\/SzJA.jpg 510w\" sizes=\"auto, (max-width: 253px) 100vw, 253px\" \/><\/a><\/span><\/strong><\/h2>\n<h2 class=\"wnd-align-left\"><a href=\"https:\/\/semmelweis.hu\/telefonkonyv\/?emp_id=1649\" target=\"_blank\" rel=\"noopener\"><span class=\"wnd-font-size-80\">Attila Szab\u00f3, MD, PhD, Med Habil, DSc<\/span><\/a><\/h2>\n<p>Vice-Rector for Clinical Affairs, president of Clinical Center, Semmelweis University. Director of 1st Department of Pediatrics. Leader of HUN-REN &#8211; SU Pediatrics and Nephrology Research Group.<\/p>\n<\/div>\n<p class=\"wnd-align-justify\" style=\"text-align: justify\">The <a href=\"https:\/\/semmelweis.hu\/gyermekklinika1\/introduction\/\">1<sup>st<\/sup> Department of Paediatrics<\/a> is responsible for the healthcare of more than 30,000 children in central Hungary and is also a treatment center for several chronic illnesses including kidney and urinary tract diseases, diabetes, neonatal hypoxia, inflammatory bowel diseases and congenital metabolic disorders.<br \/>\nIn addition to patient care and education of medical students, our Department is also engaged in clinical and basic research. Numerous working groups operate in the research laboratory, including the Fibrosis research group supported by various academic and government grants. In our research group there is a strong collaboration between basic scientists, laboratory experts and clinicians that created a strongly focused and innovative milieu which enables the complex investigation of the pathomechanism, therapy and outcome of a diseases in a single institute.<\/p>\n<p class=\"wnd-align-justify\" style=\"text-align: justify\">Our research laboratory has excellent infrastructural background. For the in vivo experiments a special animal house was built in the past years where the suitable ventilation, sterile filtered air, temperation and cyclic lighting of the animals are insured. We perform a wide range of molecular biological techniques that are needed for translational fucosed research studies from bench-to-bedside and the technical equipment includes all tools that are essential for basic molecular biology (PCR, Western blot, immunohistochemistry, ELISA, FACS, in vitro techniques and genetic engineering methods). Through core facilities at the Semmelweis University and in cooperation with the E\u00f6tv\u00f6s L\u00f3r\u00e1nd University, additional techniques e.g. confocal imaging, are also available if needed. Our research team collaborates with several Hungarian and international research centers. Our senior researchers were guest researchers in the USA, England and Germany. These collaborations continue to provide excellent opportunities to build international relations.<\/p>\n\n<\/div><h2 class=\"tabtitle\">Team<\/h2>\n<div class=\"tabcontent\">\n\n<h1>SENIOR RESEARCHERS<\/h1>\n<h2><a href=\"https:\/\/semmelweis.hu\/fibrosis\/files\/2022\/08\/RS150688_KSZ_220890_HN-20220303_018-scr.jpg\"><img loading=\"lazy\" decoding=\"async\" class=\"alignright wp-image-44 size-medium\" src=\"https:\/\/semmelweis.hu\/fibrosis\/files\/2022\/08\/RS150688_KSZ_220890_HN-20220303_018-scr-400x267.jpg\" alt=\"\" width=\"400\" height=\"267\" srcset=\"https:\/\/semmelweis.hu\/fibrosis\/files\/2022\/08\/RS150688_KSZ_220890_HN-20220303_018-scr-400x267.jpg 400w, https:\/\/semmelweis.hu\/fibrosis\/files\/2022\/08\/RS150688_KSZ_220890_HN-20220303_018-scr-1024x683.jpg 1024w, https:\/\/semmelweis.hu\/fibrosis\/files\/2022\/08\/RS150688_KSZ_220890_HN-20220303_018-scr-768x512.jpg 768w, https:\/\/semmelweis.hu\/fibrosis\/files\/2022\/08\/RS150688_KSZ_220890_HN-20220303_018-scr-753x502.jpg 753w, https:\/\/semmelweis.hu\/fibrosis\/files\/2022\/08\/RS150688_KSZ_220890_HN-20220303_018-scr-203x135.jpg 203w, https:\/\/semmelweis.hu\/fibrosis\/files\/2022\/08\/RS150688_KSZ_220890_HN-20220303_018-scr.jpg 1200w\" sizes=\"auto, (max-width: 400px) 100vw, 400px\" \/><\/a><a href=\"https:\/\/semmelweis.hu\/telefonkonyv\/?emp_id=8300\" target=\"_blank\" rel=\"noopener\">\u00c1d\u00e1m Vannay, PhD<\/a><\/h2>\n<p style=\"text-align: justify\"><span style=\"font-size: 12pt\"><a href=\"https:\/\/m2.mtmt.hu\/gui2\/?type=authors&amp;mode=browse&amp;sel=10015708\" target=\"_blank\" rel=\"noopener\"><img loading=\"lazy\" decoding=\"async\" style=\"float: left;margin-right: 8px\" src=\"https:\/\/semmelweis.hu\/fibrosis\/files\/2022\/08\/mtmt.png\" alt=\"\" width=\"30\" height=\"30\" \/><\/a>\u00a0<a href=\"https:\/\/scholar.google.hu\/citations?user=qHTTl20AAAAJ&amp;hl=hu&amp;oi=ao\" target=\"_blank\" rel=\"noopener\"><img loading=\"lazy\" decoding=\"async\" style=\"float: left;margin-right: 8px\" src=\"https:\/\/semmelweis.hu\/fibrosis\/files\/2022\/08\/scholar-400x400.png\" alt=\"\" width=\"30\" height=\"30\" \/><\/a>\u00a0 <a href=\"https:\/\/www.researchgate.net\/profile\/Adam-Vannay\" target=\"_blank\" rel=\"noopener\"><img loading=\"lazy\" decoding=\"async\" style=\"float: left;margin-right: 8px\" src=\"https:\/\/semmelweis.hu\/fibrosis\/files\/2022\/08\/researchgate.png\" alt=\"\" width=\"30\" height=\"30\" \/><\/a>\u00a0<a href=\"https:\/\/www.linkedin.com\/in\/%C3%A1d%C3%A1m-vannay-8137a315\/\" target=\"_blank\" rel=\"noopener\"><img loading=\"lazy\" decoding=\"async\" style=\"float: left\" src=\"https:\/\/semmelweis.hu\/fibrosis\/files\/2022\/08\/linkedin.png\" alt=\"\" width=\"30\" height=\"30\" \/><\/a><\/span><\/p>\n<p>Head of the research group, CEO and founder of biotech companies. Graduated as a medical doctor. Earned more than 20 years&#8217; experience in basic science and drug development. Holder of numerous scientific awards, including Semmelweis Innovation Awards, Merit Award, J\u00e1nos Bolyai Scholarship, Prima Primissima &#8211; Junior Prima Award. Main focus of his interest is the treatment of tissue fibrosis.<\/p>\n<hr \/>\n<h2><a href=\"https:\/\/semmelweis.hu\/fibrosis\/files\/2022\/08\/RS150702_KSZ_220876_HN-20220303_004-scr.jpg\"><img loading=\"lazy\" decoding=\"async\" class=\"alignright wp-image-42 size-medium\" src=\"https:\/\/semmelweis.hu\/fibrosis\/files\/2022\/08\/RS150702_KSZ_220876_HN-20220303_004-scr-400x267.jpg\" alt=\"\" width=\"400\" height=\"267\" srcset=\"https:\/\/semmelweis.hu\/fibrosis\/files\/2022\/08\/RS150702_KSZ_220876_HN-20220303_004-scr-400x267.jpg 400w, https:\/\/semmelweis.hu\/fibrosis\/files\/2022\/08\/RS150702_KSZ_220876_HN-20220303_004-scr-1024x683.jpg 1024w, https:\/\/semmelweis.hu\/fibrosis\/files\/2022\/08\/RS150702_KSZ_220876_HN-20220303_004-scr-768x512.jpg 768w, https:\/\/semmelweis.hu\/fibrosis\/files\/2022\/08\/RS150702_KSZ_220876_HN-20220303_004-scr-753x502.jpg 753w, https:\/\/semmelweis.hu\/fibrosis\/files\/2022\/08\/RS150702_KSZ_220876_HN-20220303_004-scr-203x135.jpg 203w, https:\/\/semmelweis.hu\/fibrosis\/files\/2022\/08\/RS150702_KSZ_220876_HN-20220303_004-scr.jpg 1200w\" sizes=\"auto, (max-width: 400px) 100vw, 400px\" \/><\/a><a href=\"https:\/\/semmelweis.hu\/telefonkonyv\/?emp_id=15536\" target=\"_blank\" rel=\"noopener\">Be\u00e1ta Szebeni, PhD<\/a><\/h2>\n<p style=\"text-align: justify\"><span style=\"font-size: 12pt\"><a href=\"https:\/\/m2.mtmt.hu\/gui2\/?type=authors&amp;mode=browse&amp;sel=authors10015707\" target=\"_blank\" rel=\"noopener\"><img loading=\"lazy\" decoding=\"async\" style=\"float: left;margin-right: 8px\" src=\"https:\/\/semmelweis.hu\/fibrosis\/files\/2022\/08\/mtmt.png\" alt=\"\" width=\"30\" height=\"30\" \/><\/a> <a href=\"https:\/\/scholar.google.hu\/citations?user=8xKDSHgAAAAJ&amp;hl=hu&amp;oi=ao\" target=\"_blank\" rel=\"noopener\"><img loading=\"lazy\" decoding=\"async\" style=\"float: left;margin-right: 8px\" src=\"https:\/\/semmelweis.hu\/fibrosis\/files\/2022\/08\/scholar-400x400.png\" alt=\"\" width=\"30\" height=\"30\" \/><\/a> <a href=\"https:\/\/www.researchgate.net\/profile\/Beata-Szebeni-2\" target=\"_blank\" rel=\"noopener\"><img loading=\"lazy\" decoding=\"async\" style=\"float: left;margin-right: 8px\" src=\"https:\/\/semmelweis.hu\/fibrosis\/files\/2022\/08\/researchgate.png\" alt=\"\" width=\"30\" height=\"30\" \/><\/a> <a href=\"https:\/\/www.linkedin.com\/in\/be%C3%A1ta-szebeni-5451b7149\/\" target=\"_blank\" rel=\"noopener\"><img loading=\"lazy\" decoding=\"async\" style=\"float: left\" src=\"https:\/\/semmelweis.hu\/fibrosis\/files\/2022\/08\/linkedin.png\" alt=\"\" width=\"30\" height=\"30\" \/><\/a><\/span><\/p>\n<p>Graduated as a biologist. Senior research fellow with more than 15 years&#8217; experience in basic science. Holder of numerous scientific awards, including Semmelweis Innovation Award, Academic Youth Award of the Hungarian Academy of Sciences. Skilled in scientific writing, design and performance of molecular biologic measurements.<\/p>\n<hr \/>\n<p><a href=\"https:\/\/semmelweis.hu\/fibrosis\/files\/2022\/08\/RS150697_KSZ_220881_HN-20220303_009-scr.jpg\"><img loading=\"lazy\" decoding=\"async\" class=\"alignright wp-image-43 size-medium\" src=\"https:\/\/semmelweis.hu\/fibrosis\/files\/2022\/08\/RS150697_KSZ_220881_HN-20220303_009-scr-400x267.jpg\" alt=\"\" width=\"400\" height=\"267\" srcset=\"https:\/\/semmelweis.hu\/fibrosis\/files\/2022\/08\/RS150697_KSZ_220881_HN-20220303_009-scr-400x267.jpg 400w, https:\/\/semmelweis.hu\/fibrosis\/files\/2022\/08\/RS150697_KSZ_220881_HN-20220303_009-scr-1024x683.jpg 1024w, https:\/\/semmelweis.hu\/fibrosis\/files\/2022\/08\/RS150697_KSZ_220881_HN-20220303_009-scr-768x512.jpg 768w, https:\/\/semmelweis.hu\/fibrosis\/files\/2022\/08\/RS150697_KSZ_220881_HN-20220303_009-scr-753x502.jpg 753w, https:\/\/semmelweis.hu\/fibrosis\/files\/2022\/08\/RS150697_KSZ_220881_HN-20220303_009-scr-203x135.jpg 203w, https:\/\/semmelweis.hu\/fibrosis\/files\/2022\/08\/RS150697_KSZ_220881_HN-20220303_009-scr.jpg 1200w\" sizes=\"auto, (max-width: 400px) 100vw, 400px\" \/><\/a><\/p>\n<h2><a href=\"https:\/\/semmelweis.hu\/telefonkonyv\/?emp_id=15534\" target=\"_blank\" rel=\"noopener\">Domonkos Pap, PhD<\/a><\/h2>\n<p style=\"text-align: justify\"><a href=\"https:\/\/m2.mtmt.hu\/gui2\/?type=authors&amp;mode=browse&amp;sel=authors10032913\" target=\"_blank\" rel=\"noopener\"><img loading=\"lazy\" decoding=\"async\" style=\"float: left;margin-right: 8px\" src=\"https:\/\/semmelweis.hu\/fibrosis\/files\/2022\/08\/mtmt.png\" alt=\"\" width=\"30\" height=\"30\" \/><\/a> <a href=\"https:\/\/scholar.google.hu\/citations?user=OmNan2cAAAAJ&amp;hl=hu&amp;oi=ao\" target=\"_blank\" rel=\"noopener\"><img loading=\"lazy\" decoding=\"async\" style=\"float: left;margin-right: 8px\" src=\"https:\/\/semmelweis.hu\/fibrosis\/files\/2022\/08\/scholar-400x400.png\" alt=\"\" width=\"30\" height=\"30\" \/><\/a> <a href=\"https:\/\/www.researchgate.net\/profile\/Domonkos-Pap\" target=\"_blank\" rel=\"noopener\"><img loading=\"lazy\" decoding=\"async\" style=\"float: left;margin-right: 8px\" src=\"https:\/\/semmelweis.hu\/fibrosis\/files\/2022\/08\/researchgate.png\" alt=\"\" width=\"30\" height=\"30\" \/><\/a> <a href=\"https:\/\/www.linkedin.com\/in\/domonkos-pap-80442376\/\" target=\"_blank\" rel=\"noopener\"><img loading=\"lazy\" decoding=\"async\" style=\"float: left\" src=\"https:\/\/semmelweis.hu\/fibrosis\/files\/2022\/08\/linkedin.png\" alt=\"\" width=\"30\" height=\"30\" \/><\/a><\/p>\n<p>Graduated as a biologist. Senior research fellow with more than 10 years&#8217; experience in basic science and drug development. Holder of numerous scientific awards, including Semmelweis Innovation Award, Prima Primissima &#8211; Junior Prima Award, R\u00f3bert B\u00e1r\u00e1ny Award, J\u00e1nos Bolyai Scholarship. Skilled in scientific writing, design and performance of in vitro and in vivo experimental models.<\/p>\n<p>&nbsp;<\/p>\n<p>&nbsp;<\/p>\n<hr \/>\n<h1>Colleagues<\/h1>\n<h2>M\u00e1ria Bern\u00e1th &#8211; laboratory assistant<\/h2>\n<h2><a href=\"https:\/\/semmelweis.hu\/telefonkonyv\/?emp_id=18113\" target=\"_blank\" rel=\"noopener\">Eszter L\u00e9vai, MD<\/a> &#8211; PhD student<\/h2>\n<p style=\"text-align: justify\"><span style=\"font-size: 12pt\"><a href=\"https:\/\/m2.mtmt.hu\/gui2\/?type=authors&amp;mode=browse&amp;sel=10070229\" target=\"_blank\" rel=\"noopener\"><img loading=\"lazy\" decoding=\"async\" class=\"alignnone\" style=\"float: left;margin-right: 8px\" src=\"https:\/\/semmelweis.hu\/fibrosis\/files\/2022\/08\/mtmt.png\" alt=\"\" width=\"30\" height=\"30\" \/><\/a> <a href=\"https:\/\/scholar.google.com\/citations?user=Rdfr_Q0AAAAJ&amp;hl=hu\" target=\"_blank\" rel=\"noopener\"><img loading=\"lazy\" decoding=\"async\" class=\"alignnone\" style=\"float: left;margin-right: 8px\" src=\"https:\/\/semmelweis.hu\/fibrosis\/files\/2022\/08\/scholar-400x400.png\" alt=\"\" width=\"30\" height=\"30\" \/><\/a> <a href=\"https:\/\/www.researchgate.net\/profile\/Eszter-Levai\" target=\"_blank\" rel=\"noopener\"><img loading=\"lazy\" decoding=\"async\" class=\"alignnone\" style=\"float: left;margin-right: 8px\" src=\"https:\/\/semmelweis.hu\/fibrosis\/files\/2022\/08\/researchgate.png\" alt=\"\" width=\"30\" height=\"30\" \/><\/a> <a href=\"https:\/\/www.linkedin.com\/in\/eszter-levai-5a221320\/?originalSubdomain=hu\" target=\"_blank\" rel=\"noopener\"><img loading=\"lazy\" decoding=\"async\" class=\"alignnone\" style=\"float: left\" src=\"https:\/\/semmelweis.hu\/fibrosis\/files\/2022\/08\/linkedin.png\" alt=\"\" width=\"30\" height=\"30\" \/><\/a><\/span><\/p>\n<p>Graduated as a medical doctor, engaged in the field of peritoneal dialysis research since starting as a research student in 2013. Her research experience ranges from clinical registry work to practicing basic science methods (in vitro, in vivo experiments). She spent 2,5 years working in basic research in University Hospital Heidelberg with various exchange opportunities. Holder of numerous scholarships &#8211; Jellinek Harry Scholarship, EJP RD Research Mobility Scholarship, New National Excellence Program Awards.<\/p>\n<p>&nbsp;<\/p>\n<h2>Csenge Sz\u00e1sz, MD &#8211; PhD student<\/h2>\n<p><span style=\"font-size: 12pt\"><a href=\"https:\/\/m2.mtmt.hu\/gui2\/?type=authors&amp;mode=browse&amp;sel=authors10081451\" target=\"_blank\" rel=\"noopener\"><img loading=\"lazy\" decoding=\"async\" class=\"alignnone\" style=\"float: left;margin-right: 8px\" src=\"https:\/\/semmelweis.hu\/fibrosis\/files\/2022\/08\/mtmt.png\" alt=\"\" width=\"30\" height=\"30\" \/><\/a><a href=\"https:\/\/scholar.google.hu\/citations?user=Miq2DIUAAAAJ&amp;hl=hu&amp;oi=ao\" target=\"_blank\" rel=\"noopener\"><img loading=\"lazy\" decoding=\"async\" class=\"alignnone\" style=\"float: left;margin-right: 8px\" src=\"https:\/\/semmelweis.hu\/fibrosis\/files\/2022\/08\/scholar-400x400.png\" alt=\"\" width=\"30\" height=\"30\" \/><\/a><\/span><\/p>\n<p>Graduated as a medical doctor, participated in Students\u2019 Scientific Association for 3 years, practicing basic science methods. Became first place on Semmelweis University Students\u2019 Scientific Conference in pediatrics section.<\/p>\n<h2>P\u00e9ter Bokrossy &#8211; PhD student<\/h2>\n<p><span style=\"font-size: 12pt\"><a href=\"https:\/\/m2.mtmt.hu\/gui2\/?type=authors&amp;mode=browse&amp;sel=authors10088501\" target=\"_blank\" rel=\"noopener\"><img loading=\"lazy\" decoding=\"async\" class=\"alignnone\" style=\"float: left;margin-right: 8px\" src=\"https:\/\/semmelweis.hu\/fibrosis\/files\/2022\/08\/mtmt.png\" alt=\"\" width=\"30\" height=\"30\" \/><\/a><\/span><\/p>\n<p>Graduated as an environmental engineer and a pharmaceutical biotechnologist. During his studies and participation in the Students\u2019 Scientific Association, he got 5 years of practice in basic science. In his master&#8217;s thesis, he investigated the effect of peritoneal dialysis fluid-derived extracellular vesicles on the mechanism of fibrosis. He started his PhD in 2023 in the field of extracellular vesicles and fibrosis. Holder of numerous scholarships &#8211; Semmelweis 250+ scholarship, New National Excellence Program Scholarship. Skilled in graphical analysis and graphic design.<\/p>\n<\/div><\/div>\n<p>Photos: Semmelweis University<\/p>\n","protected":false},"excerpt":{"rendered":"<p>2025 &#8211; Faculty Excellence &#8211; Merit Award (\u00c1.V.)<br \/>\n<br \/>2025 &#8211; J\u00e1nos Bolyai Scholarship (B.Sz.)<br \/>\n<br \/>2023 &#8211; Faculty Excellence &#8211; Merit Award (\u00c1.V., A.V-Sz)<br \/>\n<br \/>2022 &#8211; MTA Center of Excellence<br \/>\n<br \/>2022 &#8211; J\u00e1nos Bolyai Scholarship (D.P.)<br \/>\n<br \/>2022 &#8211; New National Excellence Program Scholarship (A.V-Sz.)<br \/>\n<br \/>2021 &#8211; R\u00f3bert B\u00e1r\u00e1ny Award (D.P.)<br \/>\n<br \/>2021 &#8211; Semmelweis Innovation Award (research group)<br \/>\n<br \/>2019 &#8211; New National Excellence Program Scholarship (\u00c1.V.)<br \/>\n<br \/>2019 &#8211; New National Excellence Program Scholarship (A.V-Sz.)<br \/>\n<br \/>2018 &#8211; Prima Primissima Junior Award (D.P.)<br \/>\n<br \/>2018 &#8211; New National Excellence Program Scholarship (A.V-Sz.)<br \/>\n<br \/>2017 &#8211; New National Excellence Program Scholarship (B.Sz.)<br \/>\n<br \/>2017 &#8211; New National Excellence Program Scholarship (A.V-Sz.)<br \/>\n<br \/>2016 &#8211; Semmelweis Innovation Award (research group)<br \/>\n<br \/>2015 &#8211; J\u00e1nos Bolyai Scholarship (\u00c1.V.)<br \/>\n<br \/>2012 &#8211; &quot;Centre of Excellence&quot; Award of the HKF (research group)<br \/>\n<br \/>2011 &#8211; J\u00e1nos Bolyai Sholarship (\u00c1.V.)<br \/>\n<br \/>2008 &#8211; Academic Youth Award of the HAS (B.Sz.)<br \/>\n<br \/>2008 &#8211; Prima Primissima Junior Award (research group)<\/p>\n","protected":false},"author":101997,"featured_media":276,"parent":0,"menu_order":0,"comment_status":"closed","ping_status":"closed","template":"","meta":{"_acf_changed":false,"footnotes":""},"categories":[],"tags":[],"class_list":["post-8","page","type-page","status-publish","has-post-thumbnail","hentry"],"acf":[],"_links":{"self":[{"href":"https:\/\/semmelweis.hu\/fibrosis\/wp-json\/wp\/v2\/pages\/8","targetHints":{"allow":["GET"]}}],"collection":[{"href":"https:\/\/semmelweis.hu\/fibrosis\/wp-json\/wp\/v2\/pages"}],"about":[{"href":"https:\/\/semmelweis.hu\/fibrosis\/wp-json\/wp\/v2\/types\/page"}],"author":[{"embeddable":true,"href":"https:\/\/semmelweis.hu\/fibrosis\/wp-json\/wp\/v2\/users\/101997"}],"replies":[{"embeddable":true,"href":"https:\/\/semmelweis.hu\/fibrosis\/wp-json\/wp\/v2\/comments?post=8"}],"version-history":[{"count":11,"href":"https:\/\/semmelweis.hu\/fibrosis\/wp-json\/wp\/v2\/pages\/8\/revisions"}],"predecessor-version":[{"id":467,"href":"https:\/\/semmelweis.hu\/fibrosis\/wp-json\/wp\/v2\/pages\/8\/revisions\/467"}],"wp:featuredmedia":[{"embeddable":true,"href":"https:\/\/semmelweis.hu\/fibrosis\/wp-json\/wp\/v2\/media\/276"}],"wp:attachment":[{"href":"https:\/\/semmelweis.hu\/fibrosis\/wp-json\/wp\/v2\/media?parent=8"}],"wp:term":[{"taxonomy":"category","embeddable":true,"href":"https:\/\/semmelweis.hu\/fibrosis\/wp-json\/wp\/v2\/categories?post=8"},{"taxonomy":"post_tag","embeddable":true,"href":"https:\/\/semmelweis.hu\/fibrosis\/wp-json\/wp\/v2\/tags?post=8"}],"curies":[{"name":"wp","href":"https:\/\/api.w.org\/{rel}","templated":true}]}}