{"id":30,"date":"2022-08-04T09:29:10","date_gmt":"2022-08-04T07:29:10","guid":{"rendered":"https:\/\/semmelweis.hu\/fibrosis\/?page_id=30"},"modified":"2025-05-28T10:46:36","modified_gmt":"2025-05-28T08:46:36","slug":"research-focus","status":"publish","type":"page","link":"https:\/\/semmelweis.hu\/fibrosis\/research-focus\/","title":{"rendered":"Research focus"},"content":{"rendered":"<h1>WHAT IS FIBROSIS?<\/h1>\n<div class=\"keretes\">\n<figure id=\"attachment_140\" aria-describedby=\"caption-attachment-140\" style=\"width: 2560px\" class=\"wp-caption aligncenter\"><a href=\"https:\/\/semmelweis.hu\/fibrosis\/files\/2022\/08\/merge-scaled.jpg\"><img loading=\"lazy\" decoding=\"async\" class=\"wp-image-140 size-full\" src=\"https:\/\/semmelweis.hu\/fibrosis\/files\/2022\/08\/merge-scaled.jpg\" alt=\"\" width=\"2560\" height=\"1928\" srcset=\"https:\/\/semmelweis.hu\/fibrosis\/files\/2022\/08\/merge-scaled.jpg 2560w, https:\/\/semmelweis.hu\/fibrosis\/files\/2022\/08\/merge-400x301.jpg 400w, https:\/\/semmelweis.hu\/fibrosis\/files\/2022\/08\/merge-1024x771.jpg 1024w, https:\/\/semmelweis.hu\/fibrosis\/files\/2022\/08\/merge-768x578.jpg 768w, https:\/\/semmelweis.hu\/fibrosis\/files\/2022\/08\/merge-1536x1157.jpg 1536w, https:\/\/semmelweis.hu\/fibrosis\/files\/2022\/08\/merge-2048x1542.jpg 2048w, https:\/\/semmelweis.hu\/fibrosis\/files\/2022\/08\/merge-753x567.jpg 753w\" sizes=\"auto, (max-width: 2560px) 100vw, 2560px\" \/><\/a><figcaption id=\"caption-attachment-140\" class=\"wp-caption-text\">\u03b1-SMA stress fibers (green) in fibroblast cells.<\/figcaption><\/figure>\n<\/div>\n<p style=\"text-align: justify\">Fibrosis means a structural and functional alteration of a tissue, mostly developed on a basis of chronic inflammation. During the process independently from the aetiology, fibrosis shows similar cellular and molecular mechanisms. Injured cells and activated immune cells produce high amount of cytokines, chemokines and growth factors leading to the activation of fibroblasts. <strong>Fibroblasts<\/strong> are characterised by increased proliferation and decreased apoptosis rate, high motility, and the ability to produce extracellular matrix components, which are the non-cellular part of scar tissue. The excessive accumulation of extracellular matrix dramatically alters the architecture of the tissue, therefore reduces its functionality causing organ failure and high mortality.<\/p>\n<div class=\"fontos_div\">\n<h6 style=\"text-align: justify\">According to some estimates, 45% of deaths can be attributed to fibrosis in the developed countries. Despite the indisputable medical need, there is no effective therapy against fibrosis.<\/h6>\n<\/div>\n<h2>Examples for fibrotic diseases<\/h2>\n<div class=\"exp-col-content-holder\"><a class=\"expand-cnt-link\" href=\"#\">Idiopatic Pulmonary Fibrosis<\/a><\/p>\n<div class=\"hidden-content\">\n<p class=\"hiddenContentp\">Idiopathic pulmonary fibrosis (IPF) is the most aggressive form of interstitial pneumonias resulting in severe respiratory failure and high mortality rate. IPF affects 3 million people worldwide. The aetiology of IPF is unknown, however smoking, infections and genetic variants has been described as risk factors. The progression of IPF is very rapid, even a five-year survival rate can only be reached by lung transplantation. IPF is the only fibroproliferative disease that can be treated with FDA-approved antifibrotic drugs. Although nintedanib or pirfenidone are able to slow down the disease progression, their beneficial effect on long term organ\/lung function and survival is insufficient.<\/p>\n<\/div>\n<\/div>\n<div class=\"exp-col-content-holder\"><a class=\"expand-cnt-link\" href=\"#\">Chronic Kidney Diseases<\/a><\/p>\n<div class=\"hidden-content\">\n<p class=\"hiddenContentp\">The prevalence of chronic kidney disease (CKD) is estimated to be 8-16% worldwide, and is rapidly increasing. The key risk factors of CKD are the chronic \u201ediseases of civilization\u201d including hypertension, diabetes mellitus and autoimmune diseases, but acute kidney injury can also lead to long-term renal damage. CKD is characterized by the excessive deposition of extracellular matrix and gradual loss of kidney function over time. Severe CKD requires renal replacement therapies, like dialysis or kidney transplantation.<\/p>\n<\/div>\n<\/div>\n<div class=\"exp-col-content-holder\"><a class=\"expand-cnt-link\" href=\"#\">Inflammatory Bowel Diseases<\/a><\/p>\n<div class=\"hidden-content\">\n<p class=\"hiddenContentp\">Inflammatory bowel disease (IBD) is a chronic inflammatory disorder of the gastrointestinal tract of genetically susceptible individuals. The main forms are colitis ulcerosa and Crohn\u2019s disease. IBD is characterized by impaired mucosal remodeling, leading to intestinal ulceration or fibrosis. The increased submucosal accumulation of extracellular matrix leads to decreased intestinal motility, malabsorption and in severe cases critical narrowing of the lumen. Half of the IBD patients need one or more surgical intervention over their lifetime.<\/p>\n<\/div>\n<\/div>\n<div class=\"exp-col-content-holder\"><a class=\"expand-cnt-link\" href=\"#\">Peritoneal Fibrosis<\/a><\/p>\n<div class=\"hidden-content\">\n<p class=\"hiddenContentp\">Peritoneal dialysis (PD) is a widely used method of kidney replacement therapy, which is successfully applied to treat both acute and chronic kidney diseases (CKD). During PD, peritoneal mesothelial cells are exposed to a variety of insults, including glucose, uremic toxins and chronic inflammation. As a result of long-term PD treatment, the structure of the peritoneum changes through the decrease of the number of mesothelial cells, thickening of the mesothelial layer and occurring peritoneal fibrosis accompanied by changes in the structure and number of blood- and lymphatic vessels. These pathologic changes are closely associated with the main clinical characteristics observed in long-term PD patients, namely the increased peritoneal solute transport rate and decreased ultrafiltration capacity.<\/p>\n<\/div>\n<\/div>\n<h2>Our main topics<\/h2>\n<div class=\"exp-col-content-holder\"><a class=\"expand-cnt-link\" href=\"#\">Parkinson disease 7 protein (<strong>PARK7<\/strong>)<\/a><\/p>\n<div class=\"hidden-content\">\n<p class=\"hiddenContentp\">Parkinson disease 7 (PARK7) is a multifunctional protein, which was primarily investigated in connection with neurodegenerative diseases, including Parkinson\u2019s disease, Alzheimer\u2019s disease or ischemic stroke. However, the possible biological role of PARK7 was suspected in other diseases with inflammatory and fibroproliferative processes as well.<br \/>\nPARK7 can exert its cytoprotective role through its antioxidant, antiapoptotic, enzymatic, chaperon or transcriptional- and signal transduction regulatory effects.<br \/>\nWe demonstrated, that pharmacological activation of PARK7 has a beneficial effect against oxidative damage and inflammation of various organs, including the kidney or the intestines.<\/p>\n<p class=\"hiddenContentp\"><a href=\"https:\/\/semmelweis.hu\/fibrosis\/files\/2022\/09\/Figure-7-scaled.jpg\"><img loading=\"lazy\" decoding=\"async\" class=\"aligncenter wp-image-249 size-large\" src=\"https:\/\/semmelweis.hu\/fibrosis\/files\/2022\/09\/Figure-7-1024x568.jpg\" alt=\"\" width=\"753\" height=\"418\" srcset=\"https:\/\/semmelweis.hu\/fibrosis\/files\/2022\/09\/Figure-7-1024x568.jpg 1024w, https:\/\/semmelweis.hu\/fibrosis\/files\/2022\/09\/Figure-7-400x222.jpg 400w, https:\/\/semmelweis.hu\/fibrosis\/files\/2022\/09\/Figure-7-768x426.jpg 768w, https:\/\/semmelweis.hu\/fibrosis\/files\/2022\/09\/Figure-7-1536x853.jpg 1536w, https:\/\/semmelweis.hu\/fibrosis\/files\/2022\/09\/Figure-7-2048x1137.jpg 2048w, https:\/\/semmelweis.hu\/fibrosis\/files\/2022\/09\/Figure-7-753x418.jpg 753w\" sizes=\"auto, (max-width: 753px) 100vw, 753px\" \/><\/a><\/p>\n<p>&nbsp;<\/p>\n<div class=\"keretes w-100\"><a href=\"https:\/\/www.mdpi.com\/1422-0067\/23\/12\/6626\">Pap, D., Veres-Sz\u00e9kely, A., Szebeni, B., &amp; Vannay, \u00c1. (2022).\u00a0<strong>PARK7\/DJ-1 as a Therapeutic Target in Gut-Brain Axis Diseases.<\/strong>\u00a0<em>International Journal of Molecular Sciences,\u00a023<\/em>(12), 6626.<\/a><\/div>\n<div class=\"keretes w-100\"><a href=\"https:\/\/www.nature.com\/articles\/s41598-021-93671-1\" target=\"_blank\" rel=\"nofollow noopener\">Lippai, R., Veres-Sz\u00e9kely, A., Sziksz, E., Iwakura, Y., Pap, D., Rokonay, R., &#8230; &amp; Vannay, \u00c1. (2021). <strong>Immunomodulatory role of Parkinson&#8217;s disease 7 in inflammatory bowel disease.<\/strong>\u00a0<em>Scientific reports<\/em>,\u00a0<em>11<\/em>(1), 1-14.<\/a><\/div>\n<div class=\"keretes w-100\"><a href=\"https:\/\/www.hindawi.com\/journals\/omcl\/2020\/4787202\/\" target=\"_blank\" rel=\"nofollow noopener\">Veres-Sz\u00e9kely, A., Bern\u00e1th, M., Pap, D., Rokonay, R., Szebeni, B., Tak\u00e1cs, I. M., &#8230; &amp; Vannay, \u00c1. (2020). <strong>PARK7 diminishes oxidative stress-induced mucosal damage in celiac disease.<\/strong>\u00a0<em>Oxidative Medicine and Cellular Longevity<\/em>,\u00a0<em>2020<\/em>.<\/a><\/div>\n<div class=\"keretes w-100\"><a href=\"https:\/\/www.hindawi.com\/journals\/omcl\/2020\/4787202\/\">V\u00f6r\u00f6s, P., Sziksz, E., Himer, L., \u00d3nody, A., Pap, D., Frivolt, K., &#8230; &amp; Vannay, \u00c1. (2013). <strong>Expression of PARK7 is increased in celiac disease.<\/strong> <em>Virchows Archiv<\/em>, 463(3), 401-408.<\/a><\/div>\n<\/div>\n<\/div>\n<div class=\"exp-col-content-holder\"><a class=\"expand-cnt-link\" href=\"#\">Extracellular vesicles<\/a><\/p>\n<div class=\"hidden-content\">\n<p class=\"hiddenContentp\">Extracellular vesicles (EVs) are a heterogeneous population of biological particles released by any cell types. The main function of EVs is to convey information via the molecular content of their cargo. Several studies have suggested that EVs may be mediators of inflammation, immunosuppression and tissue regeneration. Our investigations focus on the biological role of EVs on the activation and behaviour of fibroblasts.<\/p>\n<p><img decoding=\"async\" src=\"https:\/\/semmelweis.hu\/fibrosis\/files\/2024\/04\/Image_20240402_091409.png\" alt=\"\" \/><\/p>\n<div class=\"keretes w-100\">\n<p><a href=\"https:\/\/www.mdpi.com\/2073-4409\/13\/7\/605\">Szebeni, B., Veres-Sz\u00e9kely, A., Pap, D., Bokrossy, P., Varga, Z., Ga\u00e1l, A., &#8230; &amp; Vannay, \u00c1. (2024). Extracellular vesicles of patients on peritoneal dialysis inhibit the TGF-\u03b2-and PDGF-B-mediated fibrotic processes.\u00a0Cells,\u00a013(7), 605<\/a>.<\/p>\n<\/div>\n<\/div>\n<\/div>\n<div class=\"exp-col-content-holder\"><a class=\"expand-cnt-link\" href=\"#\">Interleukin 24 (<strong>IL-24<\/strong>)<\/a><\/p>\n<div class=\"hidden-content\">\n<p class=\"hiddenContentp\">Interleukin 24 (IL-24) is a member of IL-20 cytokine subfamily, which was primarily investigated in connection with immunoregulation and tumor progression. Involvement of IL-24 was suggested in inflammatory diseases associated with abnormal tissue remodeling.<br \/>\nRecently, our research group demonstrated that IL-24 plays a significant role in the mechanism of tissue remodeling in the intestine and kidney. The pro-fibrotic effect of IL-24 originates from its direct fibroblast activating effect and the ability to induce the expression of pro-fibrotic growth factors in epithelial cells.<\/p>\n<p class=\"hiddenContentp\"><a href=\"https:\/\/semmelweis.hu\/fibrosis\/files\/2022\/08\/IL-24.jpg\"><img loading=\"lazy\" decoding=\"async\" class=\"aligncenter wp-image-226 size-large\" src=\"https:\/\/semmelweis.hu\/fibrosis\/files\/2022\/08\/IL-24-1024x940.jpg\" alt=\"\" width=\"753\" height=\"691\" srcset=\"https:\/\/semmelweis.hu\/fibrosis\/files\/2022\/08\/IL-24-1024x940.jpg 1024w, https:\/\/semmelweis.hu\/fibrosis\/files\/2022\/08\/IL-24-400x367.jpg 400w, https:\/\/semmelweis.hu\/fibrosis\/files\/2022\/08\/IL-24-768x705.jpg 768w, https:\/\/semmelweis.hu\/fibrosis\/files\/2022\/08\/IL-24-1536x1410.jpg 1536w, https:\/\/semmelweis.hu\/fibrosis\/files\/2022\/08\/IL-24-753x691.jpg 753w, https:\/\/semmelweis.hu\/fibrosis\/files\/2022\/08\/IL-24.jpg 1660w\" sizes=\"auto, (max-width: 753px) 100vw, 753px\" \/><\/a><\/p>\n<div class=\"keretes w-100\"><a href=\"https:\/\/translational-medicine.biomedcentral.com\/articles\/10.1186\/s12967-021-02890-7\" target=\"_blank\" rel=\"nofollow noopener\">\u00d3nody, A., Veres-Sz\u00e9kely, A., Pap, D., Rokonay, R., Szebeni, B., Sziksz, E., &#8230; &amp; Vannay, \u00c1. (2021).\u00a0<strong>Interleukin-24 regulates mucosal remodeling in inflammatory bowel diseases. <\/strong><em>Journal of translational medicine<\/em>,\u00a0<em>19<\/em>(1), 1-16.<\/a><\/div>\n<div class=\"keretes w-100\"><a href=\"https:\/\/link.springer.com\/article\/10.1186\/s12967-020-02338-4\" target=\"_blank\" rel=\"nofollow noopener\">Pap, D., Veres-Sz\u00e9kely, A., Szebeni, B., Rokonay, R., \u00d3nody, A., Lippai, R., &#8230; &amp; Vannay, \u00c1. (2020).\u00a0<strong>Characterization of IL-19,-20, and-24 in acute and chronic kidney diseases reveals a pro-fibrotic role of IL-24. <\/strong><em>Journal of translational medicine<\/em>,\u00a0<em>18<\/em>(1), 1-15.<\/a><\/div>\n<div class=\"keretes w-100\"><a href=\"https:\/\/translational-medicine.biomedcentral.com\/articles\/10.1186\/s12967-020-02221-2\">Rokonay, R., Veres-Sz\u00e9kely, A., Szebeni, B., Pap, D., Lippai, R., B\u00e9res, N. J., &#8230; &amp; Vannay, \u00c1. (2020).\u00a0<strong>Role of IL-24 in the mucosal remodeling of children with coeliac disease.<\/strong><em>\u00a0Journal of translational medicine,<\/em>\u00a018(1), 1-13.<\/a><\/div>\n<div class=\"keretes w-100\"><a href=\"https:\/\/www.karger.com\/Article\/Abstract\/464317\">Pap, D., Sziksz, E., Kiss, Z., Rokonay, R., Veres-Sz\u00e9kely, A., Lippai, R., &#8230; &amp; Vannay, A. (2017).\u00a0<strong>Microarray analysis reveals increased expression of matrix metalloproteases and cytokines of interleukin-20 subfamily in the kidneys of neonate rats underwent unilateral ureteral obstruction: a potential role of IL-24 in the regulation of inflammation and tissue remodeling. <\/strong><em>Kidney and Blood Pressure Research<\/em>, 42(1), 16-32<\/a><\/div>\n<\/div>\n<\/div>\n<div class=\"exp-col-content-holder\"><a class=\"expand-cnt-link\" href=\"#\">PDGFR inhibitors<\/a><\/p>\n<div class=\"hidden-content\">\n<p class=\"hiddenContentp\">Platelet derived growth factor (PDGF) is a well-known pro-fibrotic protein which plays an important role in fibroblast proliferation. PDGF exerts its biological effect through its tyrosine kinase receptors (PDGFR). Based on previous preclinical literary data, blocking the PDGF pathways may have a significant antifibrotic outcome.<br \/>\nOur research group focuses on preclinical screening and optimatisation of small-molecule kinase inhibitors targeting PDGFR-B.<\/p>\n<\/div>\n<\/div>\n","protected":false},"excerpt":{"rendered":"<p>WHAT IS FIBROSIS? Fibrosis means a structural and functional alteration of a tissue, mostly developed on a basis of chronic inflammation. During the process independently from the aetiology, fibrosis shows similar cellular and molecular mechanisms. Injured cells and activated immune cells produce high amount of cytokines, chemokines and growth factors leading to the activation of &hellip;<\/p>\n","protected":false},"author":102096,"featured_media":0,"parent":0,"menu_order":0,"comment_status":"closed","ping_status":"closed","template":"","meta":{"_acf_changed":false,"footnotes":""},"categories":[],"tags":[],"class_list":["post-30","page","type-page","status-publish","hentry"],"acf":[],"_links":{"self":[{"href":"https:\/\/semmelweis.hu\/fibrosis\/wp-json\/wp\/v2\/pages\/30","targetHints":{"allow":["GET"]}}],"collection":[{"href":"https:\/\/semmelweis.hu\/fibrosis\/wp-json\/wp\/v2\/pages"}],"about":[{"href":"https:\/\/semmelweis.hu\/fibrosis\/wp-json\/wp\/v2\/types\/page"}],"author":[{"embeddable":true,"href":"https:\/\/semmelweis.hu\/fibrosis\/wp-json\/wp\/v2\/users\/102096"}],"replies":[{"embeddable":true,"href":"https:\/\/semmelweis.hu\/fibrosis\/wp-json\/wp\/v2\/comments?post=30"}],"version-history":[{"count":11,"href":"https:\/\/semmelweis.hu\/fibrosis\/wp-json\/wp\/v2\/pages\/30\/revisions"}],"predecessor-version":[{"id":432,"href":"https:\/\/semmelweis.hu\/fibrosis\/wp-json\/wp\/v2\/pages\/30\/revisions\/432"}],"wp:attachment":[{"href":"https:\/\/semmelweis.hu\/fibrosis\/wp-json\/wp\/v2\/media?parent=30"}],"wp:term":[{"taxonomy":"category","embeddable":true,"href":"https:\/\/semmelweis.hu\/fibrosis\/wp-json\/wp\/v2\/categories?post=30"},{"taxonomy":"post_tag","embeddable":true,"href":"https:\/\/semmelweis.hu\/fibrosis\/wp-json\/wp\/v2\/tags?post=30"}],"curies":[{"name":"wp","href":"https:\/\/api.w.org\/{rel}","templated":true}]}}