{"id":3707,"date":"2022-11-10T18:29:13","date_gmt":"2022-11-10T17:29:13","guid":{"rendered":"https:\/\/semmelweis.hu\/farmakognozia\/?page_id=3707"},"modified":"2024-09-20T11:27:10","modified_gmt":"2024-09-20T09:27:10","slug":"kutatocsoportok","status":"publish","type":"page","link":"https:\/\/semmelweis.hu\/farmakognozia\/kutatasi-tevekenyseg\/kutatocsoportok\/","title":{"rendered":"Kutat\u00f3csoportok"},"content":{"rendered":"<ul>\n<li>Fitoanalitikai \u00e9s bioanalitikai kutat\u00f3csoport (vezet\u0151: Dr. Alberti \u00c1gnes): Bioakt\u00edv n\u00f6v\u00e9nyi eredet\u0171 term\u00e9szetes vegy\u00fcletek kutat\u00e1sa, kromatogr\u00e1fi\u00e1s m\u00f3dszerek fejleszt\u00e9se, n\u00f6v\u00e9nyi kivonatok hat\u00e1s-vez\u00e9relt frakcion\u00e1l\u00e1sa, az izol\u00e1lt komponensek fizikai-k\u00e9miai, farmakodin\u00e1mi\u00e1s \u00e9s farmakokinetikai tulajdons\u00e1gainak jellemz\u00e9se. fito-, bio- \u00e9s glikoanalitikai m\u00f3dszerek fejleszt\u00e9se d\u00f6nt\u0151en kromatogr\u00e1fi\u00e1s \u00e9s elektroforetikus technik\u00e1k kidolgoz\u00e1sa a ciklodextrin-komplexek \u00e9s az anyatej oligoszacharidok jellemz\u00e9s\u00e9re. T\u00e1mogatott p\u00e1ly\u00e1zat: NKFIH K120342.<\/li>\n<li>Kemotaxon\u00f3mia kutat\u00f3csoport (vezet\u0151: Dr. Boldizs\u00e1r Imre): A n\u00f6v\u00e9nyi speci\u00e1lis anyagcsereterm\u00e9kek kutat\u00e1sa: rendszerez\u00e9sben val\u00f3 felhaszn\u00e1lhat\u00f3s\u00e1guk elemz\u00e9se, rendszertani egys\u00e9gekre jellemz\u0151 vegy\u00fcletek meghat\u00e1roz\u00e1sa, ismert vegy\u00fcletek \u00faj forr\u00e1sainak azonos\u00edt\u00e1sa, \u00faj term\u00e9szetes vegy\u00fcletek kinyer\u00e9se. T\u00e1mogatott p\u00e1ly\u00e1zat: NKFIH K135712.<\/li>\n<li>Fitoanalitikai \u00e9s farmakokinetikai kutat\u00f3csoport (vezet\u0151: Dr. Riethm\u00fcller Eszter): optim\u00e1lis fizikai-k\u00e9miai \u00e9s farmakokinetikai tulajdons\u00e1gokkal rendelkez\u0151 diarilheptanoidok felt\u00e1r\u00e1sa, az izol\u00e1lt vegy\u00fcletek v\u00edzoldhat\u00f3s\u00e1g\u00e1nak, stabilit\u00e1s\u00e1nak, membr\u00e1npenetr\u00e1ci\u00f3s k\u00e9pess\u00e9g\u00e9nek vizsg\u00e1lata. T\u00e1mogatott p\u00e1ly\u00e1zat: NKFIH FK125302.<\/li>\n<li>Mikok\u00e9miai kutat\u00f3csoport (vezet\u0151: V\u00e1nyol\u00f3s Attila): Magyarorsz\u00e1gon honos makroszkopikus gomb\u00e1k hat\u00e1stani sz\u0171r\u0151vizsg\u00e1lata (tumorsejtek prolifer\u00e1ci\u00f3j\u00e1t g\u00e1tl\u00f3, antimikrobi\u00e1lis, antioxid\u00e1ns hat\u00e1sok), a hat\u00e1s\u00e9rt felel\u0151s vegy\u00fcletek izol\u00e1l\u00e1sa kromatogr\u00e1fi\u00e1s m\u00f3dszerekkel. T\u00e1mogatott p\u00e1ly\u00e1zat: NKFIH FK146487.<\/li>\n<\/ul>\n","protected":false},"excerpt":{"rendered":"<p>Fitoanalitikai \u00e9s bioanalitikai kutat\u00f3csoport (vezet\u0151: Dr. Alberti \u00c1gnes): Bioakt\u00edv n\u00f6v\u00e9nyi eredet\u0171 term\u00e9szetes vegy\u00fcletek kutat\u00e1sa, kromatogr\u00e1fi\u00e1s m\u00f3dszerek fejleszt\u00e9se, n\u00f6v\u00e9nyi kivonatok hat\u00e1s-vez\u00e9relt frakcion\u00e1l\u00e1sa, az izol\u00e1lt komponensek fizikai-k\u00e9miai, farmakodin\u00e1mi\u00e1s \u00e9s farmakokinetikai tulajdons\u00e1gainak jellemz\u00e9se. fito-, bio- \u00e9s glikoanalitikai m\u00f3dszerek fejleszt\u00e9se d\u00f6nt\u0151en kromatogr\u00e1fi\u00e1s \u00e9s elektroforetikus technik\u00e1k kidolgoz\u00e1sa a ciklodextrin-komplexek \u00e9s az anyatej oligoszacharidok jellemz\u00e9s\u00e9re. T\u00e1mogatott p\u00e1ly\u00e1zat: NKFIH K120342. Kemotaxon\u00f3mia kutat\u00f3csoport &hellip;<\/p>\n","protected":false},"author":104,"featured_media":0,"parent":18,"menu_order":2,"comment_status":"closed","ping_status":"closed","template":"","meta":{"_acf_changed":false,"footnotes":""},"categories":[],"tags":[],"class_list":["post-3707","page","type-page","status-publish","hentry"],"acf":[],"_links":{"self":[{"href":"https:\/\/semmelweis.hu\/farmakognozia\/wp-json\/wp\/v2\/pages\/3707","targetHints":{"allow":["GET"]}}],"collection":[{"href":"https:\/\/semmelweis.hu\/farmakognozia\/wp-json\/wp\/v2\/pages"}],"about":[{"href":"https:\/\/semmelweis.hu\/farmakognozia\/wp-json\/wp\/v2\/types\/page"}],"author":[{"embeddable":true,"href":"https:\/\/semmelweis.hu\/farmakognozia\/wp-json\/wp\/v2\/users\/104"}],"replies":[{"embeddable":true,"href":"https:\/\/semmelweis.hu\/farmakognozia\/wp-json\/wp\/v2\/comments?post=3707"}],"version-history":[{"count":3,"href":"https:\/\/semmelweis.hu\/farmakognozia\/wp-json\/wp\/v2\/pages\/3707\/revisions"}],"predecessor-version":[{"id":3773,"href":"https:\/\/semmelweis.hu\/farmakognozia\/wp-json\/wp\/v2\/pages\/3707\/revisions\/3773"}],"up":[{"embeddable":true,"href":"https:\/\/semmelweis.hu\/farmakognozia\/wp-json\/wp\/v2\/pages\/18"}],"wp:attachment":[{"href":"https:\/\/semmelweis.hu\/farmakognozia\/wp-json\/wp\/v2\/media?parent=3707"}],"wp:term":[{"taxonomy":"category","embeddable":true,"href":"https:\/\/semmelweis.hu\/farmakognozia\/wp-json\/wp\/v2\/categories?post=3707"},{"taxonomy":"post_tag","embeddable":true,"href":"https:\/\/semmelweis.hu\/farmakognozia\/wp-json\/wp\/v2\/tags?post=3707"}],"curies":[{"name":"wp","href":"https:\/\/api.w.org\/{rel}","templated":true}]}}