{"id":3515,"date":"2021-01-25T13:14:45","date_gmt":"2021-01-25T12:14:45","guid":{"rendered":"https:\/\/semmelweis.hu\/farmakognozia\/?page_id=3515"},"modified":"2024-09-20T14:10:22","modified_gmt":"2024-09-20T12:10:22","slug":"mergezo-novenyek-novenyi-mergezesek","status":"publish","type":"page","link":"https:\/\/semmelweis.hu\/farmakognozia\/oktatas\/szabadon-valaszthato-tantargyak\/mergezo-novenyek-novenyi-mergezesek\/","title":{"rendered":"M\u00c9RGEZ\u0150 N\u00d6V\u00c9NYEK, N\u00d6V\u00c9NYI M\u00c9RGEZ\u00c9SEK"},"content":{"rendered":"<p style=\"text-align: center\"><strong>M\u00e9rgez\u0151 n\u00f6v\u00e9nyek, n\u00f6v\u00e9nyi m\u00e9rgez\u00e9sek<\/strong><\/p>\n<p><strong>\u00a0<\/strong><\/p>\n<p><strong>A tant\u00e1rgy r\u00f6vid le\u00edr\u00e1sa:<\/strong><\/p>\n<p>\u00a0\u00a0\u00a0\u00a0\u00a0\u00a0\u00a0\u00a0\u00a0\u00a0\u00a0 A m\u00e9rgez\u0151 n\u00f6v\u00e9nyek megismer\u00e9se, hat\u00f3anyagaik \u00e9s m\u00e9reganyagaik kimutat\u00e1sa.<\/p>\n<p>\u00a0\u00a0\u00a0\u00a0\u00a0\u00a0\u00a0\u00a0\u00a0\u00a0\u00a0 N\u00f6v\u00e9nyi m\u00e9rgez\u00e9sek felismer\u00e9se, els\u0151seg\u00e9lyny\u00fajt\u00e1s \u00e9s ter\u00e1pi\u00e1s lehet\u0151s\u00e9gek.<\/p>\n<p><strong>\u00a0<\/strong><\/p>\n<p><strong>Tematika:<\/strong><\/p>\n<ol>\n<li>h\u00e9t: tant\u00e1rgy k\u00f6vetelm\u00e9nyeinek ismertet\u00e9se.<\/li>\n<li>h\u00e9t: S\u00e9ta a budai arbor\u00e9tumban.<\/li>\n<li>h\u00e9t: M\u00e9rgez\u0151 n\u00f6v\u00e9nyek fogalma, csoportos\u00edt\u00e1sa, m\u00e9rgez\u00e9si statisztik\u00e1k. Toxikol\u00f3giailag jelent\u0151s n\u00f6v\u00e9nyi anyagcsereterm\u00e9kek csoportos\u00edt\u00e1sa biok\u00e9miai szempontok alapj\u00e1n, el\u0151fordul\u00e1suk a n\u00f6v\u00e9nyvil\u00e1gban. A n\u00f6v\u00e9nyi m\u00e9rgez\u00e9sek megel\u0151z\u00e9s\u00e9nek \u00e1ltal\u00e1nos szab\u00e1lyai. Ter\u00e1pi\u00e1s kezel\u00e9si lehet\u0151s\u00e9gek n\u00f6v\u00e9nyi m\u00e9rgez\u00e9sekn\u00e9l.<\/li>\n<li>h\u00e9t: Toxikus fenoloidok.<\/li>\n<li>h\u00e9t: Toxikus savak, savsz\u00e1rmaz\u00e9kok el\u0151fordul\u00e1sa n\u00f6v\u00e9nyfajokban.<\/li>\n<li>h\u00e9t: Toxikus poliinek.<\/li>\n<li>h\u00e9t: Terp\u00e9nsz\u00e1rmaz\u00e9kok el\u0151fordul\u00e1sa m\u00e9rgez\u0151 n\u00f6v\u00e9nyekben (mono-, szeszkvi-, diterp\u00e9nek).<\/li>\n<li>h\u00e9t: Triterp\u00e9neket, szaponin-glikozidokat tartalmaz\u00f3 m\u00e9rgez\u0151 n\u00f6v\u00e9nyek.<\/li>\n<li>h\u00e9t: Cianog\u00e9n glikozidokat, feh\u00e9rj\u00e9ket, aminosavakat, aminokat, peptideket, lektineket tartalmaz\u00f3 m\u00e9rgez\u0151 n\u00f6v\u00e9nyek.<\/li>\n<li>h\u00e9t: Alkaloidokat tartalmaz\u00f3 m\u00e9rgez\u0151 n\u00f6v\u00e9nyek I<\/li>\n<li>h\u00e9t: Alkaloidokat tartalmaz\u00f3 m\u00e9rgez\u0151 n\u00f6v\u00e9nyek II.<\/li>\n<li>h\u00e9t: Gombam\u00e9rgez\u00e9sek.<\/li>\n<li>h\u00e9t: A m\u00e9reganyagok kimutat\u00e1s\u00e1nak lehet\u0151s\u00e9gei \/ m\u00e9rgez\u0151 \u00e1llatok<\/li>\n<li>h\u00e9t: Tesztdolgozat.<\/li>\n<\/ol>\n<p>&nbsp;<\/p>\n<p><strong>Kurzus k\u00f6vetelm\u00e9nyrendszere<\/strong><\/p>\n<ul>\n<li>A kurzus felv\u00e9tel\u00e9nek el\u0151zetes k\u00f6vetelm\u00e9nyei: Gy\u00f3gyn\u00f6v\u00e9ny- \u00e9s drogismeret I.<\/li>\n<li>A foglalkoz\u00e1sokon val\u00f3 r\u00e9szv\u00e9tel k\u00f6vetelm\u00e9nyei, az elfogadhat\u00f3 hi\u00e1nyz\u00e1sok m\u00e9rt\u00e9ke, a t\u00e1volmarad\u00e1s igazol\u00e1s\u00e1nak m\u00f3dja, p\u00f3tl\u00e1s lehet\u0151s\u00e9ge: k\u00e9t alkalom igazol\u00e1sa, p\u00f3tl\u00e1sra a konzult\u00e1ci\u00f3n van lehet\u0151s\u00e9g.<\/li>\n<li>A f\u00e9l\u00e9v v\u00e9gi al\u00e1\u00edr\u00e1s k\u00f6vetelm\u00e9nyei: a foglalkoz\u00e1sokon val\u00f3 r\u00e9szv\u00e9tel. Eredm\u00e9nyes tesztdolgozat meg\u00edr\u00e1sa.<\/li>\n<li>A f\u00e9l\u00e9v v\u00e9gi sz\u00e1monk\u00e9r\u00e9s m\u00f3dja: kollokvium.<\/li>\n<li>A f\u00e9l\u00e9v v\u00e9gi sz\u00e1monk\u00e9r\u00e9s form\u00e1ja: \u00cdr\u00e1sbeli teszt.<\/li>\n<\/ul>\n<p>&nbsp;<\/p>\n<p>&nbsp;<\/p>\n<p><strong>A tananyag elsaj\u00e1t\u00edt\u00e1s\u00e1hoz felhaszn\u00e1lhat\u00f3 jegyzetek, tank\u00f6nyvek, seg\u00e9dletek \u00e9s szakirodalom list\u00e1ja: <\/strong><\/p>\n<p>\u2013\u00a0\u00a0\u00a0\u00a0\u00a0\u00a0\u00a0\u00a0\u00a0 Sz\u0151ke \u00c9. (Szerk.): Marczal Gabriella: M\u00e9rgez\u0151 n\u00f6v\u00e9nyek, n\u00f6v\u00e9nyi m\u00e9rgez\u00e9sek. Semmelweis Kiad\u00f3, 2008. ISBN 978-963-9656-89-5<\/p>\n<p>\u2013\u00a0\u00a0\u00a0\u00a0\u00a0\u00a0\u00a0\u00a0\u00a0 Frohne, D. &#8211; Pf\u00e4nder, J.: Giftpflanzen. Wissenschaftliche Verlagsgesellschaft mbH, Stuttgart 1997.<\/p>\n<p>\u2013\u00a0\u00a0\u00a0\u00a0\u00a0\u00a0\u00a0\u00a0\u00a0 Teuscher, E. &#8211; Lindeguist, U.: Biogene Gifte. Academie &#8211; Verlag, Berlin, 1988.<\/p>\n<p>\u2013\u00a0\u00a0\u00a0\u00a0\u00a0\u00a0\u00a0\u00a0\u00a0 L. S. Nelson: Handbook of poisonous and injurious plants. Springer, 2005.<\/p>\n<p>\u2013\u00a0\u00a0\u00a0\u00a0\u00a0\u00a0\u00a0\u00a0\u00a0 D. G. Barceloux: Medical toxicology of natural substances: foods, fungi, medicinal herbs, plants and venomous animal book. 2008.\u00a0 ISBN: 047172761X.<\/p>\n","protected":false},"excerpt":{"rendered":"<p>M\u00e9rgez\u0151 n\u00f6v\u00e9nyek, n\u00f6v\u00e9nyi m\u00e9rgez\u00e9sek \u00a0 A tant\u00e1rgy r\u00f6vid le\u00edr\u00e1sa: \u00a0\u00a0\u00a0\u00a0\u00a0\u00a0\u00a0\u00a0\u00a0\u00a0\u00a0 A m\u00e9rgez\u0151 n\u00f6v\u00e9nyek megismer\u00e9se, hat\u00f3anyagaik \u00e9s m\u00e9reganyagaik kimutat\u00e1sa. \u00a0\u00a0\u00a0\u00a0\u00a0\u00a0\u00a0\u00a0\u00a0\u00a0\u00a0 N\u00f6v\u00e9nyi m\u00e9rgez\u00e9sek felismer\u00e9se, els\u0151seg\u00e9lyny\u00fajt\u00e1s \u00e9s ter\u00e1pi\u00e1s lehet\u0151s\u00e9gek. \u00a0 Tematika: h\u00e9t: tant\u00e1rgy k\u00f6vetelm\u00e9nyeinek ismertet\u00e9se. h\u00e9t: S\u00e9ta a budai arbor\u00e9tumban. h\u00e9t: M\u00e9rgez\u0151 n\u00f6v\u00e9nyek fogalma, csoportos\u00edt\u00e1sa, m\u00e9rgez\u00e9si statisztik\u00e1k. Toxikol\u00f3giailag jelent\u0151s n\u00f6v\u00e9nyi anyagcsereterm\u00e9kek csoportos\u00edt\u00e1sa biok\u00e9miai szempontok alapj\u00e1n, el\u0151fordul\u00e1suk a n\u00f6v\u00e9nyvil\u00e1gban. &hellip;<\/p>\n","protected":false},"author":104,"featured_media":0,"parent":13,"menu_order":3,"comment_status":"closed","ping_status":"closed","template":"template-fullwidth.php","meta":{"_acf_changed":false,"footnotes":""},"categories":[],"tags":[],"class_list":["post-3515","page","type-page","status-publish","hentry"],"acf":[],"_links":{"self":[{"href":"https:\/\/semmelweis.hu\/farmakognozia\/wp-json\/wp\/v2\/pages\/3515","targetHints":{"allow":["GET"]}}],"collection":[{"href":"https:\/\/semmelweis.hu\/farmakognozia\/wp-json\/wp\/v2\/pages"}],"about":[{"href":"https:\/\/semmelweis.hu\/farmakognozia\/wp-json\/wp\/v2\/types\/page"}],"author":[{"embeddable":true,"href":"https:\/\/semmelweis.hu\/farmakognozia\/wp-json\/wp\/v2\/users\/104"}],"replies":[{"embeddable":true,"href":"https:\/\/semmelweis.hu\/farmakognozia\/wp-json\/wp\/v2\/comments?post=3515"}],"version-history":[{"count":1,"href":"https:\/\/semmelweis.hu\/farmakognozia\/wp-json\/wp\/v2\/pages\/3515\/revisions"}],"predecessor-version":[{"id":3516,"href":"https:\/\/semmelweis.hu\/farmakognozia\/wp-json\/wp\/v2\/pages\/3515\/revisions\/3516"}],"up":[{"embeddable":true,"href":"https:\/\/semmelweis.hu\/farmakognozia\/wp-json\/wp\/v2\/pages\/13"}],"wp:attachment":[{"href":"https:\/\/semmelweis.hu\/farmakognozia\/wp-json\/wp\/v2\/media?parent=3515"}],"wp:term":[{"taxonomy":"category","embeddable":true,"href":"https:\/\/semmelweis.hu\/farmakognozia\/wp-json\/wp\/v2\/categories?post=3515"},{"taxonomy":"post_tag","embeddable":true,"href":"https:\/\/semmelweis.hu\/farmakognozia\/wp-json\/wp\/v2\/tags?post=3515"}],"curies":[{"name":"wp","href":"https:\/\/api.w.org\/{rel}","templated":true}]}}