{"id":3509,"date":"2021-01-25T12:55:29","date_gmt":"2021-01-25T11:55:29","guid":{"rendered":"https:\/\/semmelweis.hu\/farmakognozia\/?page_id=3509"},"modified":"2021-01-25T12:55:29","modified_gmt":"2021-01-25T11:55:29","slug":"gyogynovenyek-bioszervetlen-kemiaja","status":"publish","type":"page","link":"https:\/\/semmelweis.hu\/farmakognozia\/oktatas\/szabadon-valaszthato-tantargyak\/gyogynovenyek-bioszervetlen-kemiaja\/","title":{"rendered":"GY\u00d3GYN\u00d6V\u00c9NYEK BIOSZERVETLEN K\u00c9MI\u00c1JA"},"content":{"rendered":"<p style=\"text-align: center\"><strong>GY\u00d3GYN\u00d6V\u00c9NYEK BIOSZERVETLEN K\u00c9MI\u00c1JA<\/strong><\/p>\n<p>&nbsp;<\/p>\n<p><strong>A tant\u00e1rgy feladata a szakk\u00e9pz\u00e9s c\u00e9lj\u00e1nak megval\u00f3s\u00edt\u00e1s\u00e1ban: <\/strong><\/p>\n<p>A gy\u00f3gyn\u00f6v\u00e9nyek szervetlen \u00f6sszetev\u0151inek \u00e9s azok hat\u00e1sainak megismer\u00e9se.\u00a0<\/p>\n<p>&nbsp;<\/p>\n<p><strong>A tant\u00e1rgy r\u00f6vid le\u00edr\u00e1sa: <\/strong><\/p>\n<p>A gy\u00f3gyn\u00f6v\u00e9nyekben l\u00e9v\u0151 esszenci\u00e1lis elemek fontoss\u00e1g\u00e1nak \u00e9s mennyis\u00e9geinek ismertet\u00e9se, az alkalmazott gy\u00f3gyn\u00f6v\u00e9nykivonatokba \u00e1tker\u00fcl\u0151 esszenci\u00e1lis \u00e9s toxikus elemek koncentr\u00e1ci\u00f3i, jelent\u0151s\u00e9g\u00fck ter\u00e1pi\u00e1s \u00e9s t\u00e1pl\u00e1lkoz\u00e1s-\u00e9lettani szempontb\u00f3l, felsz\u00edv\u00f3d\u00e1suk, hat\u00e1saik in vitro \u00e9s vivo.<\/p>\n<p>&nbsp;<\/p>\n<p><strong>Tematika:<\/strong><\/p>\n<ol>\n<li>Az \u00e1sv\u00e1nyi elemek biol\u00f3giai oszt\u00e1lyoz\u00e1sa, detekt\u00e1l\u00e1suk, a n\u00f6v\u00e9nyek \u00e1sv\u00e1nyi anyagai \u00e9s fontoss\u00e1guk<\/li>\n<li>Az esszenci\u00e1lis f\u00e9melemek fiziol\u00f3gi\u00e1s szerepe: 1. Makroelelemek (Ca, Mg, K, Na)<\/li>\n<li>Az esszenci\u00e1lis f\u00e9melemek fiziol\u00f3gi\u00e1s szerepe: 2. Mikroelemek (Fe, Zn, Cu, stb.)<\/li>\n<li>Gy\u00f3gyn\u00f6v\u00e9nyek, t\u00e1pl\u00e1l\u00e9kok \u00e9s \u00e1sv\u00e1nyi anyagok<\/li>\n<li>Gy\u00f3gyn\u00f6v\u00e9nyek elemtartama, szab\u00e1lyoz\u00e1s<\/li>\n<li>Kivonatk\u00e9sz\u00edt\u00e9s \u00e9s a n\u00f6v\u00e9nyi kivonatok szervetlen \u00f6sszetev\u0151i<\/li>\n<li>N\u00f6v\u00e9nyi kivonatok \u00f6sszetev\u0151i \u00e9s az antioxid\u00e1ns tulajdons\u00e1g<\/li>\n<li>N\u00f6v\u00e9nyi kivonatok \u00f6sszetev\u0151i \u00e9s in vitro felsz\u00edv\u00f3d\u00e1s<\/li>\n<li>N\u00f6v\u00e9nyi kivonatok elemtartalmainak \u00e9rt\u00e9kel\u00e9se referencia\u00e9rt\u00e9kek alapj\u00e1n<\/li>\n<li>N\u00f6v\u00e9nyi kivonatok elemtartalmainak \u00e9rt\u00e9kel\u00e9se indik\u00e1ci\u00f3s ter\u00fclet alapj\u00e1n<\/li>\n<li>N\u00f6v\u00e9nyi kivonatok \u00e1sv\u00e1nyi \u00f6sszetev\u0151i \u00e9s in vivo hat\u00e1sai 1.<\/li>\n<li>N\u00f6v\u00e9nyi kivonatok \u00e1sv\u00e1nyi \u00f6sszetev\u0151i \u00e9s in vivo hat\u00e1sai 2.<\/li>\n<li>\u00c1sv\u00e1nyi elemek a kozmetikai k\u00e9sz\u00edtm\u00e9nyekben<\/li>\n<li>Konzult\u00e1ci\u00f3<\/li>\n<\/ol>\n<p>&nbsp;<\/p>\n<p><strong>Kurzus k\u00f6vetelm\u00e9nyrendszere:<\/strong><\/p>\n<ul>\n<li>A kurzus felv\u00e9tel\u00e9nek el\u0151zetes k\u00f6vetelm\u00e9nyei: Gy\u00f3gyn\u00f6v\u00e9ny- \u00e9s drogismeret II.<\/li>\n<\/ul>\n<p>Gy\u00f3gyszer\u00e9szi k\u00e9mia III.<\/p>\n<p>&nbsp;<\/p>\n<ul>\n<li>A foglalkoz\u00e1sokon val\u00f3 r\u00e9szv\u00e9tel k\u00f6vetelm\u00e9nyei, az elfogadhat\u00f3 hi\u00e1nyz\u00e1sok m\u00e9rt\u00e9ke, a t\u00e1volmarad\u00e1s igazol\u00e1s\u00e1nak m\u00f3dja, p\u00f3tl\u00e1s lehet\u0151s\u00e9ge: r\u00e9szv\u00e9tel k\u00f6telez\u0151 az el\u0151ad\u00e1sokon, t\u00e1volmarad\u00e1s igazol\u00e1ssal, p\u00f3tl\u00e1si lehet\u0151s\u00e9g konzult\u00e1ci\u00f3val.<\/li>\n<li>A f\u00e9l\u00e9v v\u00e9gi al\u00e1\u00edr\u00e1s k\u00f6vetelm\u00e9nyei: el\u0151ad\u00e1sok l\u00e1togat\u00e1sa.<\/li>\n<li>A hallgat\u00f3 f\u00e9l\u00e9v sor\u00e1n egy\u00e9ni munk\u00e1val megoldand\u00f3 feladatai: a hallgat\u00f3 \u00e9rdekl\u0151d\u00e9si ter\u00fclet\u00e9nek megfelel\u0151 gy\u00f3gyn\u00f6v\u00e9ny \u00e9s \u00e1sv\u00e1nyi elemtartalom felkutat\u00e1sa, \u00e9rt\u00e9kel\u00e9se.<\/li>\n<li>A f\u00e9l\u00e9v v\u00e9gi sz\u00e1monk\u00e9r\u00e9s m\u00f3dja: sz\u00f3beli vizsga<\/li>\n<li>A f\u00e9l\u00e9v v\u00e9gi sz\u00e1monk\u00e9r\u00e9s form\u00e1ja: kollokvium<\/li>\n<\/ul>\n<p>&nbsp;<\/p>\n<p><strong>A tananyag elsaj\u00e1t\u00edt\u00e1s\u00e1hoz felhaszn\u00e1lhat\u00f3 jegyzetek, tank\u00f6nyvek, seg\u00e9dletek \u00e9s szakirodalom list\u00e1ja: <\/strong><\/p>\n<p>&#8211;\u00a0\u00a0\u00a0\u00a0\u00a0\u00a0\u00a0\u00a0\u00a0\u00a0 DRI: Dietary Reference Intakes for vitamin A, vitamin K, arsenic, boron, chromium, copper, iodine, iron, manganese, molybdenum, nickel, silicon, vanadium, and zinc. Food and Nutritional Board, Institute of Medicine. National Academic Press, Boston, 772-773 (2002)<\/p>\n<p>&#8211;\u00a0\u00a0\u00a0\u00a0\u00a0\u00a0\u00a0\u00a0\u00a0\u00a0 Kabata-Pendias A, Mukherjee AB: Trace Elements from Soil to Human. Heidelberg, Nem York, Berlin: Springer Verlag, 2007.<\/p>\n<p>&#8211;\u00a0\u00a0\u00a0\u00a0\u00a0\u00a0\u00a0\u00a0\u00a0\u00a0 K\u0151r\u00f6s E: Bioszervetlen k\u00e9mia. Gondolat Kiad\u00f3, Budapest, 1980.<\/p>\n<p>&#8211;\u00a0\u00a0\u00a0\u00a0\u00a0\u00a0\u00a0\u00a0\u00a0\u00a0 Szentmih\u00e1lyi K, Bl\u00e1zovics A, Hajd\u00fa M, Sz\u00f6ll\u0151si R, Rapavi E, Then M: Makro- \u00e9s mikroelem-vizsg\u00e1latok jelent\u0151s\u00e9ge a gy\u00f3gyn\u00f6v\u00e9nykutat\u00e1sban Mikroelemek a T\u00e1pl\u00e1l\u00e9kl\u00e1ncban, Bessenyei Gy\u00f6rgy Kiad\u00f3, Nyiregyh\u00e1za, 2003.<\/p>\n<p>&#8211;\u00a0\u00a0\u00a0\u00a0\u00a0\u00a0\u00a0\u00a0\u00a0\u00a0 Szentmih\u00e1lyi K, Hajd\u00fa M, Then M: Inorganic biochemistry of medicinal plants. Med. Arom. Plant Sci. Biotechnol. 2, 57-62 (2008)<\/p>\n","protected":false},"excerpt":{"rendered":"<p>GY\u00d3GYN\u00d6V\u00c9NYEK BIOSZERVETLEN K\u00c9MI\u00c1JA &nbsp; A tant\u00e1rgy feladata a szakk\u00e9pz\u00e9s c\u00e9lj\u00e1nak megval\u00f3s\u00edt\u00e1s\u00e1ban: A gy\u00f3gyn\u00f6v\u00e9nyek szervetlen \u00f6sszetev\u0151inek \u00e9s azok hat\u00e1sainak megismer\u00e9se.\u00a0 &nbsp; A tant\u00e1rgy r\u00f6vid le\u00edr\u00e1sa: A gy\u00f3gyn\u00f6v\u00e9nyekben l\u00e9v\u0151 esszenci\u00e1lis elemek fontoss\u00e1g\u00e1nak \u00e9s mennyis\u00e9geinek ismertet\u00e9se, az alkalmazott gy\u00f3gyn\u00f6v\u00e9nykivonatokba \u00e1tker\u00fcl\u0151 esszenci\u00e1lis \u00e9s toxikus elemek koncentr\u00e1ci\u00f3i, jelent\u0151s\u00e9g\u00fck ter\u00e1pi\u00e1s \u00e9s t\u00e1pl\u00e1lkoz\u00e1s-\u00e9lettani szempontb\u00f3l, felsz\u00edv\u00f3d\u00e1suk, hat\u00e1saik in vitro \u00e9s vivo. &nbsp; Tematika: &hellip;<\/p>\n","protected":false},"author":104,"featured_media":0,"parent":13,"menu_order":2,"comment_status":"closed","ping_status":"closed","template":"","meta":{"_acf_changed":false,"footnotes":""},"categories":[],"tags":[],"class_list":["post-3509","page","type-page","status-publish","hentry"],"acf":[],"_links":{"self":[{"href":"https:\/\/semmelweis.hu\/farmakognozia\/wp-json\/wp\/v2\/pages\/3509","targetHints":{"allow":["GET"]}}],"collection":[{"href":"https:\/\/semmelweis.hu\/farmakognozia\/wp-json\/wp\/v2\/pages"}],"about":[{"href":"https:\/\/semmelweis.hu\/farmakognozia\/wp-json\/wp\/v2\/types\/page"}],"author":[{"embeddable":true,"href":"https:\/\/semmelweis.hu\/farmakognozia\/wp-json\/wp\/v2\/users\/104"}],"replies":[{"embeddable":true,"href":"https:\/\/semmelweis.hu\/farmakognozia\/wp-json\/wp\/v2\/comments?post=3509"}],"version-history":[{"count":1,"href":"https:\/\/semmelweis.hu\/farmakognozia\/wp-json\/wp\/v2\/pages\/3509\/revisions"}],"predecessor-version":[{"id":3510,"href":"https:\/\/semmelweis.hu\/farmakognozia\/wp-json\/wp\/v2\/pages\/3509\/revisions\/3510"}],"up":[{"embeddable":true,"href":"https:\/\/semmelweis.hu\/farmakognozia\/wp-json\/wp\/v2\/pages\/13"}],"wp:attachment":[{"href":"https:\/\/semmelweis.hu\/farmakognozia\/wp-json\/wp\/v2\/media?parent=3509"}],"wp:term":[{"taxonomy":"category","embeddable":true,"href":"https:\/\/semmelweis.hu\/farmakognozia\/wp-json\/wp\/v2\/categories?post=3509"},{"taxonomy":"post_tag","embeddable":true,"href":"https:\/\/semmelweis.hu\/farmakognozia\/wp-json\/wp\/v2\/tags?post=3509"}],"curies":[{"name":"wp","href":"https:\/\/api.w.org\/{rel}","templated":true}]}}