{"id":3506,"date":"2021-01-25T12:52:08","date_gmt":"2021-01-25T11:52:08","guid":{"rendered":"https:\/\/semmelweis.hu\/farmakognozia\/?page_id=3506"},"modified":"2025-02-20T14:43:38","modified_gmt":"2025-02-20T13:43:38","slug":"aok-fitoterapia","status":"publish","type":"page","link":"https:\/\/semmelweis.hu\/farmakognozia\/oktatas\/szabadon-valaszthato-tantargyak\/aok-fitoterapia\/","title":{"rendered":"FITOTER\u00c1PIA, GY\u00d3GYN\u00d6V\u00c9NYEK ALKALMAZ\u00c1SA  A MINDENNAPI ORVOSI GYAKORLATBAN"},"content":{"rendered":"<p style=\"text-align: center\"><strong>FITOTER\u00c1PIA, GY\u00d3GYN\u00d6V\u00c9NYEK ALKALMAZ\u00c1SA <\/strong><\/p>\n<p style=\"text-align: center\"><strong>A MINDENNAPI ORVOSI GYAKORLATBAN<\/strong><\/p>\n<p><strong>\u00a0<\/strong><\/p>\n<p><strong>A tant\u00e1rgy feladata a szakk\u00e9pz\u00e9s c\u00e9lj\u00e1nak megval\u00f3s\u00edt\u00e1s\u00e1ban:<\/strong><\/p>\n<p>A tant\u00e1rgy c\u00e9lja, hogy megismertesse a gy\u00f3gyszer\u00e9sz \u00e9s orvostanhallgat\u00f3kat a racion\u00e1lis fitoter\u00e1pi\u00e1ban felhaszn\u00e1lhat\u00f3 gy\u00f3gyn\u00f6v\u00e9nyekkel \u00e9s a bel\u0151l\u00fck el\u0151\u00e1ll\u00edtott egy\u00e9b gy\u00f3gyszerek \u00e9s term\u00e9kek \u00f6sszet\u00e9tel\u00e9vel, hat\u00e1s\u00e1val, alkalmaz\u00e1si m\u00f3djaival, a ter\u00e1pi\u00e1ban figyelembeveend\u0151 indik\u00e1ci\u00f3kkal, a vonatkoz\u00f3 farmakol\u00f3giai \u00e9s klinikai adatokkal, a fontosabb mell\u00e9khat\u00e1sokkal \u00e9s interakci\u00f3kkal. Seg\u00edt eligazodni, \u00e9s kiv\u00e1lasztani az \u00f6n\u00e1ll\u00f3, vagy kieg\u00e9sz\u00edt\u0151 ter\u00e1pi\u00e1ban alkalmazhat\u00f3 tradicion\u00e1lis \u00e9s megalapozott hat\u00e1s\u00fa n\u00f6v\u00e9nyi gy\u00f3gyszereket a sok sz\u00e1z forgalomban l\u00e9v\u0151 n\u00f6v\u00e9nyi alap\u00fa term\u00e9k\/\u00e9trendkieg\u00e9sz\u00edt\u0151 k\u00f6z\u00fcl. Hozz\u00e1j\u00e1rul a gy\u00f3gyn\u00f6v\u00e9nyek val\u00f3s \u00e9rt\u00e9keiknek megfelel\u0151 meg\u00edt\u00e9l\u00e9s\u00e9hez, a prevenci\u00f3ban \u00e9s ter\u00e1pi\u00e1ban val\u00f3 jelent\u0151s\u00e9g\u00fck megismer\u00e9s\u00e9hez.<\/p>\n<p>&nbsp;<\/p>\n<p><strong>A tant\u00e1rgy r\u00f6vid le\u00edr\u00e1sa:<\/strong><\/p>\n<p>A t\u00e1rgy keret\u00e9ben az el\u0151ad\u00f3 ismerteti a fitoter\u00e1pi\u00e1ban relev\u00e1ns indik\u00e1ci\u00f3s ter\u00fcleteket \u00e9s az ott alkalmazhat\u00f3 gy\u00f3gyn\u00f6v\u00e9nyeket, kit\u00e9rve hat\u00f3anyagaikra is. Ismerteti a gy\u00f3gyn\u00f6v\u00e9nyeket tartalmaz\u00f3 gy\u00e1ri\/galenusi k\u00e9sz\u00edtm\u00e9nyeket, teakever\u00e9keket \u00e9s recept\u00far\u00e1kat. Bemutatja az eddig felt\u00e1rt hat\u00e1smechanizmusokat, jelent\u0151sebb szinerg hat\u00e1sokat, az esetleges mell\u00e9khat\u00e1sokat ill. interakci\u00f3kat. Foglalkozik a klinikofarmakol\u00f3giai vizsg\u00e1latok adataival, az alkalmaz\u00e1s \u00e9s a doziroz\u00e1s aj\u00e1nl\u00e1saival, tov\u00e1bb\u00e1 p\u00e9ld\u00e1kat mutat be a hazai ill. k\u00fclf\u00f6ldi n\u00f6v\u00e9nyi gy\u00f3gyszerek\/fitoter\u00e1pi\u00e1s k\u00e9sz\u00edtm\u00e9nyek k\u00f6r\u00e9b\u0151l.<\/p>\n<p>&nbsp;<\/p>\n<p>Tematika:<\/p>\n<ol>\n<li>h\u00e9t: A fitoter\u00e1pia t\u00f6rt\u00e9nete \u00e9s helye a gy\u00f3gyszeres ter\u00e1pi\u00e1ban. A fitoter\u00e1pi\u00e1s k\u00e9sz\u00edtm\u00e9nyek saj\u00e1toss\u00e1gai. Innov\u00e1ci\u00f3 a fitoter\u00e1pi\u00e1ban.<\/li>\n<li>h\u00e9t: K\u00f6lcs\u00f6nhat\u00e1s, mint a fitoterapeutikumok jellemz\u0151 saj\u00e1ts\u00e1ga \u00e9s \u00e9rt\u00e9ke: Szinergisztikus \u00e9s antagonisztikus k\u00f6lcs\u00f6nhat\u00e1sok bemutat\u00e1sa p\u00e9ld\u00e1kon. Farmakodin\u00e1mi\u00e1s \u00e9s farmakokinetikai k\u00f6lcs\u00f6nhat\u00e1sok. K\u00f6lcs\u00f6nhat\u00e1sok farmakol\u00f3giai \u00e9s klinikai bizony\u00edt\u00e1sa. Fitoterapeutikumok farmakokinetik\u00e1ja. Fitotechnol\u00f3gia szerepe n\u00f6v\u00e9nyi hat\u00f3anyagok farmakokinetik\u00e1j\u00e1ban \u00f6sszetett n\u00f6v\u00e9nyi k\u00e9sz\u00edtm\u00e9nyekn\u00e9l.<\/li>\n<li>h\u00e9t: Fitoterapeutikumok hat\u00e1soss\u00e1g igazol\u00e1s\u00e1nak k\u00fcl\u00f6nb\u00f6z\u0151 szintjei. Tradicion\u00e1lis alkalmaz\u00e1s, mint bizony\u00edt\u00e9k.<\/li>\n<li>h\u00e9t: Gy\u00f3gyn\u00f6v\u00e9nyek mell\u00e9khat\u00e1sai. Nem megfelel\u0151 min\u0151s\u00e9g, mint mell\u00e9khat\u00e1sok forr\u00e1sa. Legfontosabb gy\u00f3gyn\u00f6v\u00e9nyek \u00e9s hat\u00f3anyagok mell\u00e9khat\u00e1sai. Gy\u00f3gyn\u00f6v\u00e9ny monogr\u00e1fi\u00e1k (ESCOP, WHO, EMEA\/HMPC, stb.).<\/li>\n<li>h\u00e9t: Fitoterapeutikumok \u00e9s szintetikus gy\u00f3gyszerek k\u00f6z\u00f6tti egy\u00fctthat\u00e1sok.<\/li>\n<li>h\u00e9t: K\u00f6zponti idegrendszerre hat\u00f3 gy\u00f3gyn\u00f6v\u00e9nyek.<\/li>\n<li>h\u00e9t: Fels\u0151-l\u00e9guti megbeteged\u00e9sekben haszn\u00e1lhat\u00f3 gy\u00f3gyn\u00f6v\u00e9nyek.<\/li>\n<li>h\u00e9t: Gyomor- b\u00e9ltraktus megbeteged\u00e9seiben haszn\u00e1lhat\u00f3 gy\u00f3gyn\u00f6v\u00e9nyek.<\/li>\n<li>h\u00e9t: Hepatobili\u00e1ris rendszer kezel\u00e9s\u00e9ben haszn\u00e1lhat\u00f3 gy\u00f3gyn\u00f6v\u00e9nyek.<\/li>\n<li>h\u00e9t: Sz\u00edv \u00e9s \u00e9rrendszerre hat\u00f3 gy\u00f3gyn\u00f6v\u00e9nyek. Gy\u00f3gyn\u00f6v\u00e9nyek \u00e9s metabolikus szindr\u00f3ma.<\/li>\n<li>h\u00e9t: Gy\u00f3gyn\u00f6v\u00e9nyek az urogenit\u00e1lis rendszer megbeteged\u00e9seiben. Fito\u00f6sztrog\u00e9nek.<\/li>\n<li>h\u00e9t: A b\u0151rgy\u00f3gy\u00e1szat \u00e9s kozmetika gy\u00f3gyn\u00f6v\u00e9nyei.<\/li>\n<li>h\u00e9t: N\u00f6v\u00e9nyi gyullad\u00e1scs\u00f6kkent\u0151k. Mozg\u00e1sszervi megbeteged\u00e9sek gy\u00f3gyn\u00f6v\u00e9nyei. Adaptog\u00e9n gy\u00f3gyn\u00f6v\u00e9nyek.<\/li>\n<li>h\u00e9t: Gy\u00f3gyn\u00f6v\u00e9nyek a r\u00e1k megel\u0151z\u00e9s\u00e9ben \u00e9s kieg\u00e9sz\u00edt\u0151 ter\u00e1pi\u00e1j\u00e1ban.<\/li>\n<\/ol>\n<p>&nbsp;<\/p>\n<p><strong>Kurzus k\u00f6vetelm\u00e9nyrendszere:<\/strong><\/p>\n<p>A kurzus felv\u00e9tel\u00e9nek el\u0151zetes k\u00f6vetelm\u00e9nyei: Gy\u00f3gyn\u00f6v\u00e9ny- \u00e9s drogismeret II.<\/p>\n<p>A foglalkoz\u00e1sokon val\u00f3 r\u00e9szv\u00e9tel k\u00f6vetelm\u00e9nyei, az elfogadhat\u00f3 hi\u00e1nyz\u00e1sok m\u00e9rt\u00e9ke, a t\u00e1volmarad\u00e1s igazol\u00e1s\u00e1nak m\u00f3dja, p\u00f3tl\u00e1s lehet\u0151s\u00e9ge: legfeljebb 3 el\u0151ad\u00e1sr\u00f3l val\u00f3 t\u00e1volmarad\u00e1s, p\u00f3tl\u00e1sa konzult\u00e1ci\u00f3n.<\/p>\n<p>A f\u00e9l\u00e9v v\u00e9gi al\u00e1\u00edr\u00e1s k\u00f6vetelm\u00e9nyei: el\u0151ad\u00e1sok l\u00e1togat\u00e1sa.<\/p>\n<p>A f\u00e9l\u00e9v v\u00e9gi sz\u00e1monk\u00e9r\u00e9s m\u00f3dja: sz\u00f3beli vizsga<\/p>\n<p>A f\u00e9l\u00e9v v\u00e9gi sz\u00e1monk\u00e9r\u00e9s form\u00e1ja: gyakorlati jegy<\/p>\n<p>&nbsp;<\/p>\n<p><strong>A tananyag elsaj\u00e1t\u00edt\u00e1s\u00e1hoz felhaszn\u00e1lhat\u00f3 jegyzetek, tank\u00f6nyvek, seg\u00e9dletek \u00e9s szakirodalom list\u00e1ja: <\/strong><\/p>\n<p>\u2013\u00a0\u00a0\u00a0\u00a0\u00a0\u00a0\u00a0\u00a0\u00a0 Capasso F., Gaginella T., Grandolini G., Izzo A.: Phytotherapy. A quick reference to herbal medicine. Springer Verlag, Berlin, Heidelberg, New York, 2002.<\/p>\n<p>\u2013\u00a0\u00a0\u00a0\u00a0\u00a0\u00a0\u00a0\u00a0\u00a0 Simon Mills, Kerry Bone: Principles and Practice of Phytotherapy. Churchill Livingstone, Toronto, 2000.<\/p>\n<p>\u2013\u00a0\u00a0\u00a0\u00a0\u00a0\u00a0\u00a0\u00a0\u00a0 Volker Schultz, Rudolf H\u00e4nsel, Varro E. Tyler: Rational Phytotherapy.\u00a0 Springer Verlag, Berlin, Heidelberg, New York, 2001.<\/p>\n<p>\u2013\u00a0\u00a0\u00a0\u00a0\u00a0\u00a0\u00a0\u00a0\u00a0 Petri Gizella: Gy\u00f3gyn\u00f6v\u00e9nyek \u00e9s k\u00e9sz\u00edtm\u00e9nyek a ter\u00e1pi\u00e1ban. Galenus Kiad\u00f3. Budapest, 2006.<\/p>\n","protected":false},"excerpt":{"rendered":"<p>FITOTER\u00c1PIA, GY\u00d3GYN\u00d6V\u00c9NYEK ALKALMAZ\u00c1SA A MINDENNAPI ORVOSI GYAKORLATBAN \u00a0 A tant\u00e1rgy feladata a szakk\u00e9pz\u00e9s c\u00e9lj\u00e1nak megval\u00f3s\u00edt\u00e1s\u00e1ban: A tant\u00e1rgy c\u00e9lja, hogy megismertesse a gy\u00f3gyszer\u00e9sz \u00e9s orvostanhallgat\u00f3kat a racion\u00e1lis fitoter\u00e1pi\u00e1ban felhaszn\u00e1lhat\u00f3 gy\u00f3gyn\u00f6v\u00e9nyekkel \u00e9s a bel\u0151l\u00fck el\u0151\u00e1ll\u00edtott egy\u00e9b gy\u00f3gyszerek \u00e9s term\u00e9kek \u00f6sszet\u00e9tel\u00e9vel, hat\u00e1s\u00e1val, alkalmaz\u00e1si m\u00f3djaival, a ter\u00e1pi\u00e1ban figyelembeveend\u0151 indik\u00e1ci\u00f3kkal, a vonatkoz\u00f3 farmakol\u00f3giai \u00e9s klinikai adatokkal, a fontosabb mell\u00e9khat\u00e1sokkal \u00e9s &hellip;<\/p>\n","protected":false},"author":104,"featured_media":0,"parent":13,"menu_order":4,"comment_status":"closed","ping_status":"closed","template":"template-fullwidth.php","meta":{"_acf_changed":false,"footnotes":""},"categories":[],"tags":[],"class_list":["post-3506","page","type-page","status-publish","hentry"],"acf":[],"_links":{"self":[{"href":"https:\/\/semmelweis.hu\/farmakognozia\/wp-json\/wp\/v2\/pages\/3506","targetHints":{"allow":["GET"]}}],"collection":[{"href":"https:\/\/semmelweis.hu\/farmakognozia\/wp-json\/wp\/v2\/pages"}],"about":[{"href":"https:\/\/semmelweis.hu\/farmakognozia\/wp-json\/wp\/v2\/types\/page"}],"author":[{"embeddable":true,"href":"https:\/\/semmelweis.hu\/farmakognozia\/wp-json\/wp\/v2\/users\/104"}],"replies":[{"embeddable":true,"href":"https:\/\/semmelweis.hu\/farmakognozia\/wp-json\/wp\/v2\/comments?post=3506"}],"version-history":[{"count":4,"href":"https:\/\/semmelweis.hu\/farmakognozia\/wp-json\/wp\/v2\/pages\/3506\/revisions"}],"predecessor-version":[{"id":3833,"href":"https:\/\/semmelweis.hu\/farmakognozia\/wp-json\/wp\/v2\/pages\/3506\/revisions\/3833"}],"up":[{"embeddable":true,"href":"https:\/\/semmelweis.hu\/farmakognozia\/wp-json\/wp\/v2\/pages\/13"}],"wp:attachment":[{"href":"https:\/\/semmelweis.hu\/farmakognozia\/wp-json\/wp\/v2\/media?parent=3506"}],"wp:term":[{"taxonomy":"category","embeddable":true,"href":"https:\/\/semmelweis.hu\/farmakognozia\/wp-json\/wp\/v2\/categories?post=3506"},{"taxonomy":"post_tag","embeddable":true,"href":"https:\/\/semmelweis.hu\/farmakognozia\/wp-json\/wp\/v2\/tags?post=3506"}],"curies":[{"name":"wp","href":"https:\/\/api.w.org\/{rel}","templated":true}]}}