{"id":3502,"date":"2021-01-25T12:43:23","date_gmt":"2021-01-25T11:43:23","guid":{"rendered":"https:\/\/semmelweis.hu\/farmakognozia\/?page_id=3502"},"modified":"2021-01-25T12:43:23","modified_gmt":"2021-01-25T11:43:23","slug":"altalanos-es-szervetlen-kemiai-alapszamitasok","status":"publish","type":"page","link":"https:\/\/semmelweis.hu\/farmakognozia\/oktatas\/szabadon-valaszthato-tantargyak\/altalanos-es-szervetlen-kemiai-alapszamitasok\/","title":{"rendered":"\u00c1LTAL\u00c1NOS \u00c9S SZERVETLEN K\u00c9MIAI ALAPSZ\u00c1M\u00cdT\u00c1SOK"},"content":{"rendered":"<p style=\"text-align: center\"><strong>\u00c1LTAL\u00c1NOS \u00c9S SZERVETLEN K\u00c9MIAI ALAPSZ\u00c1M\u00cdT\u00c1SOK<\/strong><\/p>\n<p><strong>\u00a0<\/strong><\/p>\n<p><strong>A tant\u00e1rgy feladata a k\u00e9pz\u00e9s c\u00e9lj\u00e1nak megval\u00f3s\u00edt\u00e1s\u00e1ban:<\/strong><\/p>\n<p>A t\u00e1rgy feladata, hogy a k\u00fcl\u00f6nb\u00f6z\u0151 el\u0151k\u00e9pzetts\u00e9g\u0171 k\u00e9miai alapismeretekkel rendelkez\u0151 els\u0151\u00e9ves hallgat\u00f3k elsaj\u00e1t\u00edthass\u00e1k az alapvet\u0151 laborat\u00f3riumi sz\u00e1m\u00edt\u00e1sokat. Ezen k\u00e9szs\u00e9gek elsaj\u00e1t\u00edt\u00e1s\u00e1val seg\u00edts\u00e9get kapnak az \u00c1ltal\u00e1nos \u00e9s Szervetlen K\u00e9miai Gyakorlatok tant\u00e1rgy sikeres teljes\u00edt\u00e9s\u00e9hez.<\/p>\n<p>&nbsp;<\/p>\n<p><strong>A tant\u00e1rgy r\u00f6vid le\u00edr\u00e1sa:<\/strong><\/p>\n<p>Az \u00c1ltal\u00e1nos \u00e9s Szervetlen K\u00e9miai Alapsz\u00e1m\u00edt\u00e1sok tant\u00e1rgy sor\u00e1n a gy\u00f3gyszer\u00e9szek sz\u00e1m\u00e1ra fontos laborat\u00f3riumi sz\u00e1m\u00edt\u00e1sok k\u00f6z\u00fcl a koncentr\u00e1ci\u00f3sz\u00e1m\u00edt\u00e1sok (t\u00f6megsz\u00e1zal\u00e9k, vegyes-sz\u00e1zal\u00e9k, t\u00f6megt\u00f6rt, m\u00f3lt\u00f6rt, m\u00f3lsz\u00e1zal\u00e9k, molarit\u00e1s, molalit\u00e1s) ker\u00fclnek els\u0151k\u00e9nt t\u00e1rgyal\u00e1sra. Az \u00e1tkrist\u00e1lyos\u00edt\u00e1si \u00e9s a szt\u00f6chiometriai probl\u00e9m\u00e1k megold\u00e1s\u00e1n kereszt\u00fcl sav-b\u00e1zis \u00e9s redox egyenlet\u00edr\u00e1si k\u00e9pess\u00e9g\u00fcket fejlesztj\u00fck \u00e9s \u00f6sszetett szt\u00f6chiometriai \u00e9s g\u00e1zt\u00f6rv\u00e9nyekkel kapcsolatos p\u00e9ld\u00e1kon kereszt\u00fcl saj\u00e1t\u00edtj\u00e1k el a limit\u00e1l\u00f3 reakt\u00e1ns fogalm\u00e1t, s\u00f3k\u00e9pz\u0151d\u00e9ssel \u00e9s g\u00e1zk\u00e9pz\u0151d\u00e9ssel j\u00e1r\u00f3 reakci\u00f3k \u00e1ltal\u00e1nos szab\u00e1lyait. Az elektrok\u00e9mia t\u00e1rgyk\u00f6r\u00e9be tartoz\u00f3 sz\u00e1mol\u00e1sok k\u00f6z\u00fcl megismerkednek a galv\u00e1nelem, a koncentr\u00e1ci\u00f3s-elem \u00e9s az elektrol\u00edzissel kapcsolatos sz\u00e1mol\u00e1si probl\u00e9m\u00e1kkal. Az egyens\u00falyi reakci\u00f3kon alapul\u00f3 sz\u00e1mol\u00e1si feladatok k\u00f6z\u00fcl r\u00e9szletesen t\u00e1rgyalt pH-sz\u00e1m\u00edt\u00e1s (savak, b\u00e1zisok, puffer rendszerek, hidrol\u00edzis) \u00e9s oldhat\u00f3s\u00e1gi sz\u00e1m\u00edt\u00e1sok tov\u00e1bb\u00e1 a komplex vegy\u00fcletek egyens\u00falyi viszonyai az analitikai k\u00e9miai probl\u00e9m\u00e1k megold\u00e1s\u00e1ra k\u00e9sz\u00edtik fel a hallgat\u00f3kat. Termok\u00e9miai probl\u00e9m\u00e1k k\u00f6z\u00fcl a reakci\u00f3h\u0151 \u00e9s a k\u00e9pz\u0151d\u00e9sh\u0151 fogalm\u00e1n t\u00fal a fajh\u0151, h\u0151kapacit\u00e1s, k\u00f6z\u00f6mb\u00f6s\u00edt\u00e9si h\u0151 stb. fogalmakat p\u00e9ld\u00e1kon kereszt\u00fcl ismerhetik meg a hallgat\u00f3k. A reakci\u00f3kinetikai sz\u00e1m\u00edt\u00e1sok sor\u00e1n nullad- els\u0151- \u00e9s m\u00e1sodrend\u0171 reakci\u00f3k reakci\u00f3sebess\u00e9ge, felez\u00e9si ideje \u00e9s az aktiv\u00e1l\u00e1si energia sz\u00e1m\u00edt\u00e1sa ker\u00fcl r\u00e9szletes t\u00e1rgyal\u00e1sra. H\u00edg oldatok t\u00f6rv\u00e9nyeivel kapcsolatos sz\u00e1m\u00edt\u00e1sok sor\u00e1n a g\u0151znyom\u00e1scs\u00f6kken\u00e9s, fagy\u00e1spontcs\u00f6kken\u00e9s, forr\u00e1spontemelked\u00e9s \u00e9s ozm\u00f3zisnyom\u00e1s sz\u00e1mol\u00e1si feladatai ker\u00fclnek r\u00e9szletes t\u00e1rgyal\u00e1sra.<\/p>\n<p><strong>Tematika: <\/strong><\/p>\n<ol>\n<li>h\u00e9t: M\u00e9rt\u00e9kegys\u00e9gek, oldatk\u00e9sz\u00edt\u00e9s, h\u00edg\u00edt\u00e1s, a koncentr\u00e1ci\u00f3k t\u00edpusai<\/li>\n<li>h\u00e9t: K\u00e9miai nevez\u00e9ktan, egyenlet\u00edr\u00e1s, szt\u00f6chiometriai alapsz\u00e1m\u00edt\u00e1sok<\/li>\n<li>h\u00e9t: Sav-b\u00e1zis reakci\u00f3kon alapul\u00f3 sz\u00e1mol\u00e1si feladatok, \u00e1tkrist\u00e1lyos\u00edt\u00e1si p\u00e9ld\u00e1k<\/li>\n<li>h\u00e9t: Redoxireakci\u00f3k<\/li>\n<li>h\u00e9t: Szt\u00f6chioometriai sz\u00e1mol\u00e1sok redoxireakci\u00f3kkal<\/li>\n<li>h\u00e9t: Elektrok\u00e9miai sz\u00e1m\u00edt\u00e1sok (galv\u00e1nelemek \u00e9s elektrol\u00edzis)<\/li>\n<li>h\u00e9t: G\u00e1zt\u00f6rv\u00e9nyek<\/li>\n<li>h\u00e9t: A k\u00e9miai egyens\u00falyok, egyszer\u0171 (sav-b\u00e1zis) egyens\u00falyokkal kapcsolatos sz\u00e1mol\u00e1sok<\/li>\n<li>h\u00e9t: pH sz\u00e1mol\u00e1sok gyakorl\u00e1sa I.<\/li>\n<li>h\u00e9t: pH sz\u00e1mol\u00e1sok gyakorl\u00e1sa II.<\/li>\n<li>h\u00e9t: Sz\u00e1mol\u00e1si probl\u00e9m\u00e1k a heterog\u00e9n k\u00e9miai egyens\u00falyok k\u00f6r\u00e9ben, oldhat\u00f3s\u00e1gi p\u00e9ld\u00e1k<\/li>\n<li>h\u00e9t: Termok\u00e9miai \u00e9s reakci\u00f3kinetikai sz\u00e1m\u00edt\u00e1sok<\/li>\n<li>h\u00e9t: H\u00edg oldatok t\u00f6rv\u00e9nyeivel kapcsolatos sz\u00e1m\u00edt\u00e1sok<\/li>\n<li>h\u00e9t: \u00cdr\u00e1sbeli vizsga<\/li>\n<\/ol>\n<p>&nbsp;<\/p>\n<p><strong>Kurzus k\u00f6vetelm\u00e9nyrendszere:<\/strong><\/p>\n<ul>\n<li>A kurzus felv\u00e9tel\u00e9nek el\u0151zetes k\u00f6vetelm\u00e9nyei: &#8211;<\/li>\n<li>A foglalkoz\u00e1sokon val\u00f3 r\u00e9szv\u00e9tel k\u00f6vetelm\u00e9nyei, az elfogadhat\u00f3 hi\u00e1nyz\u00e1sok m\u00e9rt\u00e9ke, a t\u00e1volmarad\u00e1s igazol\u00e1s\u00e1nak m\u00f3dja, p\u00f3tl\u00e1s lehet\u0151s\u00e9ge: legfeljebb 3 \u00f3r\u00e1r\u00f3l val\u00f3 hi\u00e1nyz\u00e1s elfogadhat\u00f3. P\u00f3tl\u00e1s konzult\u00e1ci\u00f3val lehets\u00e9ges.<\/li>\n<li>A f\u00e9l\u00e9v v\u00e9gi al\u00e1\u00edr\u00e1s k\u00f6vetelm\u00e9nyei: a megengedettn\u00e9l nem t\u00f6bb hi\u00e1nyz\u00e1s eset\u00e9n az al\u00e1\u00edr\u00e1s megadhat\u00f3.<\/li>\n<li>A f\u00e9l\u00e9v v\u00e9gi sz\u00e1monk\u00e9r\u00e9s m\u00f3dja: kollokvium<\/li>\n<li>A f\u00e9l\u00e9v v\u00e9gi sz\u00e1monk\u00e9r\u00e9s form\u00e1ja: \u00edr\u00e1sbeli vizsga<\/li>\n<\/ul>\n<p>&nbsp;<\/p>\n","protected":false},"excerpt":{"rendered":"<p>\u00c1LTAL\u00c1NOS \u00c9S SZERVETLEN K\u00c9MIAI ALAPSZ\u00c1M\u00cdT\u00c1SOK \u00a0 A tant\u00e1rgy feladata a k\u00e9pz\u00e9s c\u00e9lj\u00e1nak megval\u00f3s\u00edt\u00e1s\u00e1ban: A t\u00e1rgy feladata, hogy a k\u00fcl\u00f6nb\u00f6z\u0151 el\u0151k\u00e9pzetts\u00e9g\u0171 k\u00e9miai alapismeretekkel rendelkez\u0151 els\u0151\u00e9ves hallgat\u00f3k elsaj\u00e1t\u00edthass\u00e1k az alapvet\u0151 laborat\u00f3riumi sz\u00e1m\u00edt\u00e1sokat. Ezen k\u00e9szs\u00e9gek elsaj\u00e1t\u00edt\u00e1s\u00e1val seg\u00edts\u00e9get kapnak az \u00c1ltal\u00e1nos \u00e9s Szervetlen K\u00e9miai Gyakorlatok tant\u00e1rgy sikeres teljes\u00edt\u00e9s\u00e9hez. &nbsp; A tant\u00e1rgy r\u00f6vid le\u00edr\u00e1sa: Az \u00c1ltal\u00e1nos \u00e9s Szervetlen K\u00e9miai Alapsz\u00e1m\u00edt\u00e1sok &hellip;<\/p>\n","protected":false},"author":104,"featured_media":0,"parent":13,"menu_order":0,"comment_status":"closed","ping_status":"closed","template":"","meta":{"_acf_changed":false,"footnotes":""},"categories":[],"tags":[],"class_list":["post-3502","page","type-page","status-publish","hentry"],"acf":[],"_links":{"self":[{"href":"https:\/\/semmelweis.hu\/farmakognozia\/wp-json\/wp\/v2\/pages\/3502","targetHints":{"allow":["GET"]}}],"collection":[{"href":"https:\/\/semmelweis.hu\/farmakognozia\/wp-json\/wp\/v2\/pages"}],"about":[{"href":"https:\/\/semmelweis.hu\/farmakognozia\/wp-json\/wp\/v2\/types\/page"}],"author":[{"embeddable":true,"href":"https:\/\/semmelweis.hu\/farmakognozia\/wp-json\/wp\/v2\/users\/104"}],"replies":[{"embeddable":true,"href":"https:\/\/semmelweis.hu\/farmakognozia\/wp-json\/wp\/v2\/comments?post=3502"}],"version-history":[{"count":1,"href":"https:\/\/semmelweis.hu\/farmakognozia\/wp-json\/wp\/v2\/pages\/3502\/revisions"}],"predecessor-version":[{"id":3503,"href":"https:\/\/semmelweis.hu\/farmakognozia\/wp-json\/wp\/v2\/pages\/3502\/revisions\/3503"}],"up":[{"embeddable":true,"href":"https:\/\/semmelweis.hu\/farmakognozia\/wp-json\/wp\/v2\/pages\/13"}],"wp:attachment":[{"href":"https:\/\/semmelweis.hu\/farmakognozia\/wp-json\/wp\/v2\/media?parent=3502"}],"wp:term":[{"taxonomy":"category","embeddable":true,"href":"https:\/\/semmelweis.hu\/farmakognozia\/wp-json\/wp\/v2\/categories?post=3502"},{"taxonomy":"post_tag","embeddable":true,"href":"https:\/\/semmelweis.hu\/farmakognozia\/wp-json\/wp\/v2\/tags?post=3502"}],"curies":[{"name":"wp","href":"https:\/\/api.w.org\/{rel}","templated":true}]}}