{"id":3476,"date":"2021-01-21T15:58:36","date_gmt":"2021-01-21T14:58:36","guid":{"rendered":"https:\/\/semmelweis.hu\/farmakognozia\/?page_id=3476"},"modified":"2024-09-20T14:08:00","modified_gmt":"2024-09-20T12:08:00","slug":"fitokemia","status":"publish","type":"page","link":"https:\/\/semmelweis.hu\/farmakognozia\/oktatas\/kotelezoen-valaszthato-tantargyak-2\/fitokemia\/","title":{"rendered":"FITOK\u00c9MIA"},"content":{"rendered":"<p style=\"text-align: center\"><strong>FITOK\u00c9MIA<\/strong><\/p>\n<p><strong>A tant\u00e1rgy feladata a szakk\u00e9pz\u00e9s c\u00e9lj\u00e1nak megval\u00f3s\u00edt\u00e1s\u00e1ban:<\/strong><\/p>\n<p>Term\u00e9szetes eredet\u0171 anyagok bioszint\u00e9zise, biogenetikai \u00f6sszef\u00fcgg\u00e9sek megismer\u00e9se. Fitok\u00e9miai szkrin vizsg\u00e1latok.<\/p>\n<p>\u00daj gy\u00f3gyszerk\u00f6nyvi drogok hat\u00f3anyagainak tanulm\u00e1nyoz\u00e1sa (k\u00e9miai szerkezet, analitika).<\/p>\n<p>&nbsp;<\/p>\n<p><strong>A tant\u00e1rgy r\u00f6vid le\u00edr\u00e1sa:<\/strong><\/p>\n<p>J\u00f3l reproduk\u00e1lhat\u00f3 fitoanalitikai m\u00f3dszerek megismertet\u00e9se gy\u00f3gyn\u00f6v\u00e9nyek, n\u00f6v\u00e9nyi extraktumok, ill\u00f3olajok \u00e9s k\u00fcl\u00f6nb\u00f6z\u0151 gy\u00f3gyszerform\u00e1j\u00fa k\u00e9sz\u00edtm\u00e9nyeik hat\u00f3anyagainak kvalitat\u00edv \u00e9s kvantitat\u00edv \u00e9rt\u00e9kel\u00e9s\u00e9n alapul\u00f3 min\u0151s\u00edt\u00e9s\u00e9re.<\/p>\n<p>Term\u00e9szetes, n\u00f6v\u00e9nyi vegy\u00fcletek izol\u00e1ci\u00f3s \u00e9s szerkezetazonos\u00edt\u00e1si lehet\u0151s\u00e9geinek bemutat\u00e1sa, vegy\u00fcletek hat\u00e1s-szerkezet \u00f6sszef\u00fcgg\u00e9s\u00e9nek tanulm\u00e1nyoz\u00e1sa.<\/p>\n<p>N\u00f6v\u00e9nyi alap\u00fa, gy\u00f3gyhat\u00e1s\u00fa k\u00e9sz\u00edtm\u00e9nyek tervez\u00e9s\u00e9re \u00e9s kifejleszt\u00e9s\u00e9re ir\u00e1nyul\u00f3 fitotechnol\u00f3giai elj\u00e1r\u00e1sok elsaj\u00e1t\u00edt\u00e1sa.<\/p>\n<p>Gy\u00f3gyszerk\u00f6nyvi analitikai vizsg\u00e1latok megismer\u00e9se, kritikai \u00e9rt\u00e9kel\u00e9se.<\/p>\n<p>&nbsp;<\/p>\n<p><strong>Tematika:<\/strong><\/p>\n<ol>\n<li>h\u00e9t: Fitok\u00e9miai sz\u0171r\u0151vizsg\u00e1latok \u00e9s kivitelez\u00e9se.<\/li>\n<li>h\u00e9t: Extrakci\u00f3s, kromatogr\u00e1fi\u00e1s, spektroszk\u00f3pi\u00e1s metodik\u00e1k alkalmaz\u00e1sa a fitotechnol\u00f3gia \u00e9s fitoanalitika ter\u00fclet\u00e9n.<\/li>\n<li>h\u00e9t: Gy\u00f3gyszerk\u00f6nyvi, szabv\u00e1ny \u00e9s egy\u00e9b analitikai elj\u00e1r\u00e1sok \u00f6sszehasonl\u00edt\u00e1sa, kritikai \u00e9rt\u00e9kel\u00e9se.<\/li>\n<li>h\u00e9t: N\u00f6v\u00e9nyi hat\u00f3anyag (vegy\u00fclet) csoportok bioszint\u00e9zise \u00e9s a biogenetikai \u00f6sszef\u00fcgg\u00e9sek tanulm\u00e1nyoz\u00e1sa.<\/li>\n<li>h\u00e9t: K\u00fcl\u00f6nb\u00f6z\u0151 hat\u00f3anyag tartalm\u00fa drogok fitok\u00e9miai vizsg\u00e1lata. Alkaloid tartalm\u00fa drogok fitok\u00e9miai vizsg\u00e1lata. Alkaloidok kimutat\u00e1sa \u00e9s mennyis\u00e9gi meghat\u00e1roz\u00e1sa drogokban. Alkaloidok szelekt\u00edv izol\u00e1ci\u00f3s lehet\u0151s\u00e9gei.<\/li>\n<li>h\u00e9t: Flavonoid tartalm\u00fa drogok fitok\u00e9miai vizsg\u00e1lata (izol\u00e1ci\u00f3, kimutat\u00e1s, kvantitat\u00edv m\u00e9r\u00e9s glikozid \u00e9s aglikon form\u00e1ban.). K\u00fcl\u00f6nleges szerkezet\u0171 flavonoidok analitik\u00e1ja.<\/li>\n<li>h\u00e9t: Antraglikozid tartalm\u00fa drogok fitok\u00e9miai vizsg\u00e1lata, k\u00fcl\u00f6n\u00f6s tekintettel a szerkezet \u00e9s az alkalmazott mennyis\u00e9gi m\u00e9r\u00e9si m\u00f3dszerek k\u00f6z\u00f6tti \u00f6sszef\u00fcgg\u00e9sre.<\/li>\n<li>h\u00e9t: Antocianin, procianidin \u00e9s cserz\u0151anyag tartalm\u00fa drogok fitok\u00e9miai vizsg\u00e1lata(kimutat\u00e1s, kvantitat\u00edv meghat\u00e1roz\u00e1s, izol\u00e1ci\u00f3).<\/li>\n<li>h\u00e9t: Kumarinok, valamint ci\u00e1n- \u00e9s must\u00e1rolaj-glikozidok a n\u00f6v\u00e9nyvil\u00e1gban \u00e9s k\u00e9miai vizsg\u00e1latuk.<\/li>\n<li>h\u00e9t: Ill\u00f3olaj tartalm\u00fa drogok \u00e9s ill\u00f3olajok vizsg\u00e1lata.<\/li>\n<li>h\u00e9t: Ill\u00f3olaj el\u0151\u00e1ll\u00edt\u00e1s, \u00f6sszill\u00f3olaj tartalom meghat\u00e1roz\u00e1s. Ill\u00f3olaj komponensek VRK \u00e9s GC m\u00f3dszerekkel t\u00f6rt\u00e9n\u0151 kimutat\u00e1sa (HS-GC, SPME-GC, kir\u00e1lis g\u00e1zkromatogr\u00e1fia).<\/li>\n<li>h\u00e9t: Monoterp\u00e9n (szekoiridoidok) \u00e9s diterp\u00e9n sz\u00e1rmaz\u00e9k tartalm\u00fa drogok, valamint szeszkviterp\u00e9n-lakton tartalm\u00fa drogok fitok\u00e9miai vizsg\u00e1lata (szeszkviterp\u00e9n laktonok t\u00edpusai, k\u00e9miai tulajdons\u00e1gaik, izol\u00e1ci\u00f3s \u00e9s azonos\u00edt\u00e1si metodik\u00e1k).<\/li>\n<li>h\u00e9t: Triterp\u00e9n (szaponinok) \u00e9s szter\u00e1nv\u00e1zas glikozid tartalm\u00fa drogok fitok\u00e9miai vizsg\u00e1lata (izol\u00e1ci\u00f3, kimutat\u00e1s, kvantitat\u00edv m\u00e9r\u00e9s).<\/li>\n<li>h\u00e9t: N\u00f6v\u00e9nyi galenikumok \u00e9s k\u00fcl\u00f6nb\u00f6z\u0151 gy\u00f3gyszerform\u00e1j\u00fa \u00f6sszetett n\u00f6v\u00e9nyi k\u00e9sz\u00edtm\u00e9nyek analitik\u00e1j\u00e1nak speci\u00e1lis k\u00e9rd\u00e9sei.<\/li>\n<\/ol>\n<p>&nbsp;<\/p>\n<p>&nbsp;<\/p>\n<p><strong>Kurzus k\u00f6vetelm\u00e9nyrendszere:<\/strong><\/p>\n<ul>\n<li>A kurzus felv\u00e9tel\u00e9nek el\u0151zetes k\u00f6vetelm\u00e9nyei: Gy\u00f3gyn\u00f6v\u00e9ny- \u00e9s drogismeret I.<\/li>\n<li>A foglalkoz\u00e1sokon val\u00f3 r\u00e9szv\u00e9tel k\u00f6vetelm\u00e9nyei, az elfogadhat\u00f3 hi\u00e1nyz\u00e1sok m\u00e9rt\u00e9ke, a t\u00e1volmarad\u00e1s igazol\u00e1s\u00e1nak m\u00f3dja, p\u00f3tl\u00e1s lehet\u0151s\u00e9ge: hi\u00e1nyz\u00e1si lehet\u0151s\u00e9gek max. 2 alkalom, p\u00f3tl\u00e1s &#8211; konzult\u00e1ci\u00f3, szakirodalom.<\/li>\n<li>\u00c9vk\u00f6zi ellen\u0151rz\u00e9s: k\u00f6tetlen form\u00e1ban (k\u00e9rd\u00e9s-v\u00e1lasz)<\/li>\n<li>A f\u00e9l\u00e9v v\u00e9gi al\u00e1\u00edr\u00e1s k\u00f6vetelm\u00e9nyei: el\u0151ad\u00e1sokon val\u00f3 r\u00e9szv\u00e9tel, jelenl\u00e9ti \u00edv al\u00e1\u00edr\u00e1sa<\/li>\n<li>A f\u00e9l\u00e9v v\u00e9gi sz\u00e1monk\u00e9r\u00e9s m\u00f3dja: kollokvium<\/li>\n<li>A f\u00e9l\u00e9v v\u00e9gi sz\u00e1monk\u00e9r\u00e9s form\u00e1ja: sz\u00f3beli<\/li>\n<\/ul>\n<p>&nbsp;<\/p>\n<p><strong>A tananyag elsaj\u00e1t\u00edt\u00e1s\u00e1hoz felhaszn\u00e1lhat\u00f3 jegyzetek, tank\u00f6nyvek, seg\u00e9dletek \u00e9s szakirodalom list\u00e1ja: <\/strong><\/p>\n<ul>\n<li>Linskensi et al.: Modern Methods of Plant Analysis. Springer, Germany &#8211; Australia, 1997.<\/li>\n<li>E-k\u00f6nyv. Bal\u00e1zs A. &#8211; Bl\u00e1zovics A. &#8211; K\u00e9ry \u00c1. &#8211; Kursinszki L. &#8211; Lemberkovics \u00c9. &#8211; Sz\u0151ke \u00c9. &#8211; Then M. (Ed. Sz\u0151ke \u00c9.).: Farmakogn\u00f3zia-Fitok\u00e9mia. Gy\u00f3gyn\u00f6v\u00e9nyek alkalmaz\u00e1sa. Semmelweis Egyetem, www.tank\u00f6nyvt\u00e1r.hu, 2013.<\/li>\n<li>Sz\u0151ke \u00c9va &#8211; K\u00e9ry \u00c1gnes &#8211; Lemberkovics \u00c9va: Farmakogn\u00f3zia. N\u00f6v\u00e9nyi drogok farmakobotanikai \u00e9s fitok\u00e9miai vizsg\u00e1lata + CD \u00c1tdolgozott kiad\u00e1s. Semmelweis Kiad\u00f3, Budapest. pp.1-385. 2009.<\/li>\n<li>Wagner, H., Bladt, S.: Plant Drug Analyses. Springer, Heidelberg, 1997.<\/li>\n<li>Lemberkovics \u00c9va: G\u00e1zkromatogr\u00e1fia alkalmaz\u00e1sa, In: Gy\u00f3gyszerek szervezetbeni sorsa \u00e9s vizsg\u00e1l\u00f3 m\u00f3dszerei. (Eds.: Kal\u00e1sz H., Lengyel J.). Semmelweis Kiad\u00f3, Budapest 2006. 175-198. ISBN 9789656097<\/li>\n<li>Bruneton J.: Pharmacognosy Phytochemistry Medicinal Plants. Lavoisier Publ. 2nd ed. Paris, 1999. ISBN 1-898298637<\/li>\n<li>Dewick P.M.: Medicinal Natural Products. III.th Edition. 2009. ISBN 978-0-470-74168-9<\/li>\n<\/ul>\n","protected":false},"excerpt":{"rendered":"<p>FITOK\u00c9MIA A tant\u00e1rgy feladata a szakk\u00e9pz\u00e9s c\u00e9lj\u00e1nak megval\u00f3s\u00edt\u00e1s\u00e1ban: Term\u00e9szetes eredet\u0171 anyagok bioszint\u00e9zise, biogenetikai \u00f6sszef\u00fcgg\u00e9sek megismer\u00e9se. Fitok\u00e9miai szkrin vizsg\u00e1latok. \u00daj gy\u00f3gyszerk\u00f6nyvi drogok hat\u00f3anyagainak tanulm\u00e1nyoz\u00e1sa (k\u00e9miai szerkezet, analitika). &nbsp; A tant\u00e1rgy r\u00f6vid le\u00edr\u00e1sa: J\u00f3l reproduk\u00e1lhat\u00f3 fitoanalitikai m\u00f3dszerek megismertet\u00e9se gy\u00f3gyn\u00f6v\u00e9nyek, n\u00f6v\u00e9nyi extraktumok, ill\u00f3olajok \u00e9s k\u00fcl\u00f6nb\u00f6z\u0151 gy\u00f3gyszerform\u00e1j\u00fa k\u00e9sz\u00edtm\u00e9nyeik hat\u00f3anyagainak kvalitat\u00edv \u00e9s kvantitat\u00edv \u00e9rt\u00e9kel\u00e9s\u00e9n alapul\u00f3 min\u0151s\u00edt\u00e9s\u00e9re. Term\u00e9szetes, n\u00f6v\u00e9nyi vegy\u00fcletek izol\u00e1ci\u00f3s &hellip;<\/p>\n","protected":false},"author":104,"featured_media":0,"parent":3467,"menu_order":3,"comment_status":"closed","ping_status":"closed","template":"template-fullwidth.php","meta":{"_acf_changed":false,"footnotes":""},"categories":[],"tags":[],"class_list":["post-3476","page","type-page","status-publish","hentry"],"acf":[],"_links":{"self":[{"href":"https:\/\/semmelweis.hu\/farmakognozia\/wp-json\/wp\/v2\/pages\/3476","targetHints":{"allow":["GET"]}}],"collection":[{"href":"https:\/\/semmelweis.hu\/farmakognozia\/wp-json\/wp\/v2\/pages"}],"about":[{"href":"https:\/\/semmelweis.hu\/farmakognozia\/wp-json\/wp\/v2\/types\/page"}],"author":[{"embeddable":true,"href":"https:\/\/semmelweis.hu\/farmakognozia\/wp-json\/wp\/v2\/users\/104"}],"replies":[{"embeddable":true,"href":"https:\/\/semmelweis.hu\/farmakognozia\/wp-json\/wp\/v2\/comments?post=3476"}],"version-history":[{"count":1,"href":"https:\/\/semmelweis.hu\/farmakognozia\/wp-json\/wp\/v2\/pages\/3476\/revisions"}],"predecessor-version":[{"id":3477,"href":"https:\/\/semmelweis.hu\/farmakognozia\/wp-json\/wp\/v2\/pages\/3476\/revisions\/3477"}],"up":[{"embeddable":true,"href":"https:\/\/semmelweis.hu\/farmakognozia\/wp-json\/wp\/v2\/pages\/3467"}],"wp:attachment":[{"href":"https:\/\/semmelweis.hu\/farmakognozia\/wp-json\/wp\/v2\/media?parent=3476"}],"wp:term":[{"taxonomy":"category","embeddable":true,"href":"https:\/\/semmelweis.hu\/farmakognozia\/wp-json\/wp\/v2\/categories?post=3476"},{"taxonomy":"post_tag","embeddable":true,"href":"https:\/\/semmelweis.hu\/farmakognozia\/wp-json\/wp\/v2\/tags?post=3476"}],"curies":[{"name":"wp","href":"https:\/\/api.w.org\/{rel}","templated":true}]}}