{"id":3472,"date":"2021-01-21T15:54:32","date_gmt":"2021-01-21T14:54:32","guid":{"rendered":"https:\/\/semmelweis.hu\/farmakognozia\/?page_id=3472"},"modified":"2024-09-20T14:07:26","modified_gmt":"2024-09-20T12:07:26","slug":"etrend-kiegeszitok","status":"publish","type":"page","link":"https:\/\/semmelweis.hu\/farmakognozia\/oktatas\/kotelezoen-valaszthato-tantargyak-2\/etrend-kiegeszitok\/","title":{"rendered":"\u00c9TREND-KIEG\u00c9SZ\u00cdT\u0150K"},"content":{"rendered":"<p style=\"text-align: center\"><strong>\u00c9TREND-KIEG\u00c9SZ\u00cdT\u0150K<\/strong><\/p>\n<p style=\"text-align: center\"><strong>\u00a0<\/strong><\/p>\n<p><strong>A tant\u00e1rgy feladata a k\u00e9pz\u00e9s c\u00e9lj\u00e1nak megval\u00f3s\u00edt\u00e1s\u00e1ban:<\/strong><\/p>\n<p>A t\u00e1rgy feladata, hogy \u00e1tfog\u00f3 k\u00e9pet ny\u00fajtson az \u00e9trend-kieg\u00e9sz\u00edt\u0151k piac\u00e1nak jelenlegi viszonyair\u00f3l. Kiemelt szerepet sz\u00e1n a term\u00e9kk\u00f6r piac\u00e1n tapasztalhat\u00f3 vissza\u00e9l\u00e9sekre, a szab\u00e1lytalan aj\u00e1nl\u00e1sokra \u00e9s hamis\u00edtott term\u00e9kekre. A diplom\u00e1juk megszerz\u00e9se el\u0151tt \u00e1ll\u00f3 gy\u00f3gyszer\u00e9szek az el\u0151ad\u00e1sok sor\u00e1n megb\u00edzhat\u00f3 szakmai ismereteket saj\u00e1t\u00edthatnak el, mellyel z\u00e1r\u00f3vizsg\u00e1s gyakorlatuk sor\u00e1n illetve hivat\u00e1suk gyakorl\u00e1sakor egyar\u00e1nt szakszer\u0171 t\u00e1j\u00e9koztat\u00e1ssal \u00e1llhatnak a betegek\/laikusok rendelkez\u00e9s\u00e9re.<\/p>\n<p>&nbsp;<\/p>\n<p><strong>A tant\u00e1rgy r\u00f6vid le\u00edr\u00e1sa:<\/strong><\/p>\n<p>Az \u00c9trend-kieg\u00e9sz\u00edt\u0151k c t\u00e1rgy (k\u00f6vetve a t\u00e1rskarok oktat\u00e1si portfoli\u00f3j\u00e1t) a budapesti gy\u00f3gyszer\u00e9szk\u00e9pz\u00e9sben is azt az \u00e9vek \u00f3ta fenn\u00e1ll\u00f3 hi\u00e1nyt hivatott p\u00f3tolni, hogy pontos, szakmailag megalapozott \u00e9s megb\u00edzhat\u00f3 inform\u00e1ci\u00f3k alapj\u00e1n seg\u00edtsen a leend\u0151 gy\u00f3gyszer\u00e9szeknek eligazodni az \u00e9trend-kieg\u00e9sz\u00edt\u0151k gy\u00e1rt\u00e1s\u00e1t, forgalmaz\u00e1s\u00e1t (szab\u00e1lyoz\u00e1s\u00e1t) \u00e9s alkalmaz\u00e1s\u00e1t illet\u0151en. Az O\u00c9TI OGY\u00c9I-ba t\u00f6rt\u00e9n\u0151 integr\u00e1ci\u00f3j\u00e1val az \u00e9trend-kieg\u00e9sz\u00edt\u0151k szab\u00e1lyoz\u00e1sa \u00fajra kiemelt szerepet kapott, a gy\u00f3gyszer\u00e9szhallgat\u00f3k eset\u00e9ben elker\u00fclhetetlen\u00fcl sz\u00fcks\u00e9ges a term\u00e9kcsoport meghat\u00e1roz\u00e1s\u00e1nak \u00e9s az alapvet\u0151 fogalmaknak az ismerete. Az \u00e9trend-kieg\u00e9sz\u00edt\u0151k, mint a leggyorsabban n\u00f6vekv\u0151 (k\u00f6ztes) term\u00e9kcsoport a hagyom\u00e1nyos \u00e9lelmiszerek \u00e9s a gy\u00f3gyszerek k\u00f6z\u00f6tt m\u00e1ra az \u00e9trend kieg\u00e9sz\u00edt\u0151ib\u0151l azok meghat\u00e1roz\u00f3 r\u00e9sz\u00e9v\u00e9 v\u00e1ltak. A notifik\u00e1lt \u00e9trend-kieg\u00e9sz\u00edt\u0151k sz\u00e1ma meghaladja a t\u00edzezret, nem megalapozatlan az a meg\u00e1llap\u00edt\u00e1s, hogy a lakoss\u00e1g jelent\u0151s h\u00e1nyada fogyaszt valamilyen \u00e9trend-kieg\u00e9sz\u00edt\u0151t, t\u00f6bbnyire az orvos vagy gy\u00f3gyszer\u00e9sz tudta n\u00e9lk\u00fcl. B\u00e1r sz\u00e1mos \u00e9trend-kieg\u00e9sz\u00edt\u0151 tartalmaz gy\u00f3gyn\u00f6v\u00e9nyeket (gyakran olyat, amely nem r\u00e9sze a Farmakogn\u00f3zia t\u00e1rgy tematik\u00e1j\u00e1nak), a tananyag elk\u00fcl\u00f6n\u00fcl a farmakogn\u00f3zia \u00e9s a fitoter\u00e1pia t\u00e1rgyakt\u00f3l, mert \u00e9trendi-\u00e9lelmiszer jelleg\u0171 alkalmaz\u00e1si szeml\u00e9lettel (a ter\u00e1pia \u00e9s a betegs\u00e9gmegel\u0151z\u00e9s helyett az eg\u00e9szs\u00e9gmeg\u0151rz\u00e9st el\u0151t\u00e9rbe helyezve) t\u00e1rgyalja a term\u00e9kekben el\u0151fordul\u00f3 komponenseket, \u00e9s ad \u00fatmutat\u00e1st a leend\u0151 gy\u00f3gyszer\u00e9szek sz\u00e1m\u00e1ra a term\u00e9kcsoport szakmailag megalapozott meg\u00edt\u00e9l\u00e9s\u00e9hez.<\/p>\n<p>A tant\u00e1rgy \u00e1ttekinti az \u00e9trend-kieg\u00e9sz\u00edt\u0151kkel kapcsolatos min\u0151s\u00e9gi k\u00f6vetelm\u00e9nyek rendszer\u00e9t, a jogi szab\u00e1lyoz\u00e1s\u00e1t \u00e9s a rendeleti v\u00e9grehajt\u00e1st, ill. ellen\u0151rz\u00e9st. A gy\u00f3gyszerekkel ellent\u00e9tben az \u00e9trend-kieg\u00e9sz\u00edt\u0151k gy\u00e1rt\u00e1s\u00e1nak, forgalmaz\u00e1s\u00e1nak \u00e9s min\u0151s\u00e9g-ellen\u0151rz\u00e9s\u00e9nek szab\u00e1lyoz\u00e1sa megenged\u0151bb, mely a k\u00e9szterm\u00e9kek min\u0151s\u00e9g\u00e9t negat\u00edvan befoly\u00e1solja, a term\u00e9kaj\u00e1nl\u00e1sokban megjelen\u0151 szakszer\u0171tlen \u00e1ll\u00edt\u00e1soknak kedvez. A tematika az EFSA (European Food Safety Authority) \u00e1ltal alkalmazott eg\u00e9szs\u00e9gre vonatkoz\u00f3 \u00e1ll\u00edt\u00e1sok alapj\u00e1n csoportos\u00edtja \u00e9s r\u00e9szletesen t\u00e1rgyalja a fontosabb \u00e9trend-kieg\u00e9sz\u00edt\u0151 \u00f6sszetev\u0151ket. K\u00fcl\u00f6n el\u0151ad\u00e1sban t\u00e1rgyalja a t\u00e1pszereket, kit\u00e9rve a speci\u00e1lis \u00e9lethelyzetekre \u00e9s korcsoportokra, illetve taglalja a kiegyens\u00falyozott t\u00e1pl\u00e1lkoz\u00e1s, mint eg\u00e9szs\u00e9gmegtart\u00f3 t\u00e9nyez\u0151 szerep\u00e9t. A tematika hangs\u00falyt fektet a n\u00f6v\u00e9nyi \u00e9trend-kieg\u00e9sz\u00edt\u0151k kock\u00e1zatainak ismertet\u00e9s\u00e9re, k\u00fcl\u00f6n\u00f6s tekintettel a gy\u00f3gyszerekkel fell\u00e9p\u0151 k\u00f6lcs\u00f6nhat\u00e1sokra, de bemutatja a negat\u00edv list\u00e1t is azokr\u00f3l a n\u00f6v\u00e9nyekr\u0151l, amelyek nem javasoltak \u00e9trend-kieg\u00e9sz\u00edt\u0151kben.<\/p>\n<p>&nbsp;<\/p>\n<p>&nbsp;<\/p>\n<p><strong>Tematika: <\/strong><\/p>\n<ol>\n<li>h\u00e9t: A term\u00e9kcsoport meghat\u00e1roz\u00e1sa, alapfogalmak, jellegzetess\u00e9gek. A mennyis\u00e9g (d\u00f3zis) \u00e9s a min\u0151s\u00e9g szerepe. Jogi szab\u00e1lyoz\u00e1s, gy\u00f3gyszer vs. \u00e9trend-kieg\u00e9sz\u00edt\u0151, rendeleti v\u00e9grehajt\u00e1s, ellen\u0151rz\u00e9s.<\/li>\n<li>h\u00e9t: A hi\u00e1nyp\u00f3tl\u00e1s \u00e9s helyettes\u00edt\u00e9s: elfogadhat\u00f3 \u00e9s sz\u00fcks\u00e9gtelen kieg\u00e9sz\u00edt\u00e9sek. Jogszer\u0171 \u00e9s szab\u00e1lyellenes alkalmaz\u00e1sok, vissza\u00e9l\u00e9sek, jelenlegi piaci \u00e1llapotok.<\/li>\n<li>h\u00e9t: A kiegyens\u00falyozott t\u00e1pl\u00e1lkoz\u00e1s, mint eg\u00e9szs\u00e9gmegtart\u00f3 t\u00e9nyez\u0151. Vitaminok \u00e9s \u00e1sv\u00e1nyi anyagok.<\/li>\n<li>h\u00e9t: Antioxid\u00e1nsok<\/li>\n<li>h\u00e9t: A sz\u00edv-\u00e9rrendszer eg\u00e9szs\u00e9g\u00e9t t\u00e1mogat\u00f3 szerek: a fiziol\u00f3gi\u00e1s v\u00e9rcukorszintet \u00e9s a norm\u00e1lis koleszterinszintet el\u0151seg\u00edt\u0151 szerek<\/li>\n<li>h\u00e9t: Az ide\u00e1lis tests\u00faly el\u00e9r\u00e9s\u00e9t\/fenntart\u00e1s\u00e1t t\u00e1mogat\u00f3 k\u00e9sz\u00edtm\u00e9nyek jellemz\u00e9se. A testizom n\u00f6veked\u00e9s\u00e9t el\u0151seg\u00edt\u0151 \u00e9trend-kieg\u00e9sz\u00edt\u0151k.<\/li>\n<li>h\u00e9t: Az idegrendszer megfelel\u0151 m\u0171k\u00f6d\u00e9s\u00e9t t\u00e1mogat\u00f3 k\u00e9sz\u00edtm\u00e9nyek \u00f6sszetev\u0151i.<\/li>\n<li>h\u00e9t: Az immunrendszer megfelel\u0151 m\u0171k\u00f6d\u00e9s\u00e9t el\u0151seg\u00edt\u0151 \u00f6sszetev\u0151k.<\/li>\n<li>h\u00e9t: A csontok \u00e9s \u00edz\u00fcletek eg\u00e9szs\u00e9g\u00e9t t\u00e1mogat\u00f3 szerek. A menopauza okozta diszkomfort \u00e9rz\u00e9st m\u00e9rs\u00e9kl\u0151 szerek.<\/li>\n<li>h\u00e9t: A megfelel\u0151 gyomor-b\u00e9lm\u0171k\u00f6d\u00e9st el\u0151seg\u00edt\u0151 szerek, a szexu\u00e1lis zavarok kezel\u00e9se \u00e9trend-kieg\u00e9sz\u00edt\u0151kkel.<\/li>\n<li>h\u00e9t: A k\u00fcl\u00f6nleges t\u00e1pl\u00e1lkoz\u00e1si c\u00e9l\u00fa \u00e9lelmiszerek.<\/li>\n<li>h\u00e9t: Anyatej-helyettes\u00edt\u0151 \u00e9s anyatej-kieg\u00e9sz\u00edt\u0151 t\u00e1pszerek.<\/li>\n<li>h\u00e9t: Az \u00e9trend-kieg\u00e9sz\u00edt\u0151k analitikai vizsg\u00e1lat\u00e1ban alkalmazott m\u00f3dszerek, p\u00e9ld\u00e1k bemutat\u00e1sa.<\/li>\n<li>h\u00e9t: Az \u00e9trend-kieg\u00e9sz\u00edt\u0151k \u00e9s gy\u00f3gyszerek k\u00f6z\u00f6tti interakci\u00f3k.<\/li>\n<\/ol>\n<p>&nbsp;<\/p>\n<p><strong>Kurzus k\u00f6vetelm\u00e9nyrendszere:<\/strong><\/p>\n<ul>\n<li>A kurzus felv\u00e9tel\u00e9nek el\u0151zetes k\u00f6vetelm\u00e9nyei: Gy\u00f3gyn\u00f6v\u00e9ny- \u00e9s drogismeret II. Gy\u00f3gyszerhat\u00e1stan-toxikol\u00f3gia I.<\/li>\n<li>A foglalkoz\u00e1sokon val\u00f3 r\u00e9szv\u00e9tel k\u00f6vetelm\u00e9nyei, az elfogadhat\u00f3 hi\u00e1nyz\u00e1sok m\u00e9rt\u00e9ke, a t\u00e1volmarad\u00e1s igazol\u00e1s\u00e1nak m\u00f3dja, p\u00f3tl\u00e1s lehet\u0151s\u00e9ge: legfeljebb 3 el\u0151ad\u00e1sr\u00f3l val\u00f3 hi\u00e1nyz\u00e1s elfogadhat\u00f3. P\u00f3tl\u00e1s konzult\u00e1ci\u00f3val lehets\u00e9ges.<\/li>\n<li>A f\u00e9l\u00e9v v\u00e9gi al\u00e1\u00edr\u00e1s k\u00f6vetelm\u00e9nyei: a megengedettn\u00e9l nem t\u00f6bb hi\u00e1nyz\u00e1s eset\u00e9n az al\u00e1\u00edr\u00e1s megadhat\u00f3.<\/li>\n<li>A f\u00e9l\u00e9v v\u00e9gi sz\u00e1monk\u00e9r\u00e9s m\u00f3dja: kollokvium a vizsgaid\u0151szakban: a megszerzett ismeretek ellen\u0151rz\u00e9se c\u00e9lj\u00e1b\u00f3l \u00edr\u00e1sbeli dolgozat form\u00e1j\u00e1ban teszt \u00e9s essz\u00e9 jelleg\u0171 k\u00e9rd\u00e9sekre kell felelni a teljes kurzus anyag\u00e1b\u00f3l.<\/li>\n<li>A f\u00e9l\u00e9v v\u00e9gi sz\u00e1monk\u00e9r\u00e9s form\u00e1ja: \u00edr\u00e1sbeli vizsga<\/li>\n<\/ul>\n","protected":false},"excerpt":{"rendered":"<p>\u00c9TREND-KIEG\u00c9SZ\u00cdT\u0150K \u00a0 A tant\u00e1rgy feladata a k\u00e9pz\u00e9s c\u00e9lj\u00e1nak megval\u00f3s\u00edt\u00e1s\u00e1ban: A t\u00e1rgy feladata, hogy \u00e1tfog\u00f3 k\u00e9pet ny\u00fajtson az \u00e9trend-kieg\u00e9sz\u00edt\u0151k piac\u00e1nak jelenlegi viszonyair\u00f3l. Kiemelt szerepet sz\u00e1n a term\u00e9kk\u00f6r piac\u00e1n tapasztalhat\u00f3 vissza\u00e9l\u00e9sekre, a szab\u00e1lytalan aj\u00e1nl\u00e1sokra \u00e9s hamis\u00edtott term\u00e9kekre. A diplom\u00e1juk megszerz\u00e9se el\u0151tt \u00e1ll\u00f3 gy\u00f3gyszer\u00e9szek az el\u0151ad\u00e1sok sor\u00e1n megb\u00edzhat\u00f3 szakmai ismereteket saj\u00e1t\u00edthatnak el, mellyel z\u00e1r\u00f3vizsg\u00e1s gyakorlatuk sor\u00e1n illetve hivat\u00e1suk &hellip;<\/p>\n","protected":false},"author":104,"featured_media":0,"parent":3467,"menu_order":2,"comment_status":"closed","ping_status":"closed","template":"template-fullwidth.php","meta":{"_acf_changed":false,"footnotes":""},"categories":[],"tags":[],"class_list":["post-3472","page","type-page","status-publish","hentry"],"acf":[],"_links":{"self":[{"href":"https:\/\/semmelweis.hu\/farmakognozia\/wp-json\/wp\/v2\/pages\/3472","targetHints":{"allow":["GET"]}}],"collection":[{"href":"https:\/\/semmelweis.hu\/farmakognozia\/wp-json\/wp\/v2\/pages"}],"about":[{"href":"https:\/\/semmelweis.hu\/farmakognozia\/wp-json\/wp\/v2\/types\/page"}],"author":[{"embeddable":true,"href":"https:\/\/semmelweis.hu\/farmakognozia\/wp-json\/wp\/v2\/users\/104"}],"replies":[{"embeddable":true,"href":"https:\/\/semmelweis.hu\/farmakognozia\/wp-json\/wp\/v2\/comments?post=3472"}],"version-history":[{"count":1,"href":"https:\/\/semmelweis.hu\/farmakognozia\/wp-json\/wp\/v2\/pages\/3472\/revisions"}],"predecessor-version":[{"id":3473,"href":"https:\/\/semmelweis.hu\/farmakognozia\/wp-json\/wp\/v2\/pages\/3472\/revisions\/3473"}],"up":[{"embeddable":true,"href":"https:\/\/semmelweis.hu\/farmakognozia\/wp-json\/wp\/v2\/pages\/3467"}],"wp:attachment":[{"href":"https:\/\/semmelweis.hu\/farmakognozia\/wp-json\/wp\/v2\/media?parent=3472"}],"wp:term":[{"taxonomy":"category","embeddable":true,"href":"https:\/\/semmelweis.hu\/farmakognozia\/wp-json\/wp\/v2\/categories?post=3472"},{"taxonomy":"post_tag","embeddable":true,"href":"https:\/\/semmelweis.hu\/farmakognozia\/wp-json\/wp\/v2\/tags?post=3472"}],"curies":[{"name":"wp","href":"https:\/\/api.w.org\/{rel}","templated":true}]}}