{"id":3467,"date":"2021-01-21T15:48:28","date_gmt":"2021-01-21T14:48:28","guid":{"rendered":"https:\/\/semmelweis.hu\/farmakognozia\/?page_id=3467"},"modified":"2021-01-21T16:05:25","modified_gmt":"2021-01-21T15:05:25","slug":"kotelezoen-valaszthato-tantargyak-2","status":"publish","type":"page","link":"https:\/\/semmelweis.hu\/farmakognozia\/oktatas\/kotelezoen-valaszthato-tantargyak-2\/","title":{"rendered":"K\u00d6TELEZ\u0150EN V\u00c1LASZTHAT\u00d3 TANT\u00c1RGYAK"},"content":{"rendered":"<p>&nbsp;<\/p>\n<p><a href=\"https:\/\/semmelweis.hu\/farmakognozia\/oktatas\/kotelezoen-valaszthato-tantargyak-2\/a-folyadekkromatografia-es-analitikai-alkalmazasai\/\"><strong>A FOLYAD\u00c9KKROMATOGR\u00c1FIA \u00c9S ANALITIKAI ALKALMAZ\u00c1SAI<\/strong><\/a><\/p>\n<p>&nbsp;<\/p>\n<p><a href=\"https:\/\/semmelweis.hu\/farmakognozia\/oktatas\/kotelezoen-valaszthato-tantargyak-2\/etrend-kiegeszitok\/\"><strong>\u00c9TREND-KIEG\u00c9SZ\u00cdT\u0150K<\/strong><\/a><\/p>\n<p>&nbsp;<\/p>\n<p><a href=\"https:\/\/semmelweis.hu\/farmakognozia\/oktatas\/kotelezoen-valaszthato-tantargyak-2\/fitokemia\/\"><strong>FITOK\u00c9MIA<\/strong><\/a><\/p>\n<p>&nbsp;<\/p>\n<p><a href=\"https:\/\/semmelweis.hu\/farmakognozia\/oktatas\/kotelezoen-valaszthato-tantargyak-2\/gyogyszereszi-biotechnologia\/\"><b>GY\u00d3GYSZER\u00c9SZI BIOTECHNOL\u00d3GIA<\/b><\/a><\/p>\n","protected":false},"excerpt":{"rendered":"<p>&nbsp;<br \/>\n<a href=\"https:\/\/semmelweis.hu\/farmakognozia\/oktatas\/kotelezoen-valaszthato-tantargyak-2\/a-folyadekkromatografia-es-analitikai-alkalmazasai\/\">A FOLYAD\u00c9KKROMATOGR\u00c1FIA \u00c9S ANALITIKAI ALKALMAZ\u00c1SAI<\/a><br \/>\n&nbsp;<br \/>\n<a href=\"https:\/\/semmelweis.hu\/farmakognozia\/oktatas\/kotelezoen-valaszthato-tantargyak-2\/etrend-kiegeszitok\/\">\u00c9TREND-KIEG\u00c9SZ\u00cdT\u0150K<\/a><br \/>\n&nbsp;<br \/>\n<a href=\"https:\/\/semmelweis.hu\/farmakognozia\/oktatas\/kotelezoen-valaszthato-tantargyak-2\/fitokemia\/\">FITOK\u00c9MIA<\/a><br \/>\n&nbsp;<br \/>\n<a href=\"https:\/\/semmelweis.hu\/farmakognozia\/oktatas\/kotelezoen-valaszthato-tantargyak-2\/gyogyszereszi-biotechnologia\/\">GY\u00d3GYSZER\u00c9SZI BIOTECHNOL\u00d3GIA<\/a><\/p>\n","protected":false},"author":104,"featured_media":0,"parent":6,"menu_order":2,"comment_status":"closed","ping_status":"closed","template":"","meta":{"_acf_changed":false,"footnotes":""},"categories":[],"tags":[],"class_list":["post-3467","page","type-page","status-publish","hentry"],"acf":[],"_links":{"self":[{"href":"https:\/\/semmelweis.hu\/farmakognozia\/wp-json\/wp\/v2\/pages\/3467","targetHints":{"allow":["GET"]}}],"collection":[{"href":"https:\/\/semmelweis.hu\/farmakognozia\/wp-json\/wp\/v2\/pages"}],"about":[{"href":"https:\/\/semmelweis.hu\/farmakognozia\/wp-json\/wp\/v2\/types\/page"}],"author":[{"embeddable":true,"href":"https:\/\/semmelweis.hu\/farmakognozia\/wp-json\/wp\/v2\/users\/104"}],"replies":[{"embeddable":true,"href":"https:\/\/semmelweis.hu\/farmakognozia\/wp-json\/wp\/v2\/comments?post=3467"}],"version-history":[{"count":6,"href":"https:\/\/semmelweis.hu\/farmakognozia\/wp-json\/wp\/v2\/pages\/3467\/revisions"}],"predecessor-version":[{"id":3481,"href":"https:\/\/semmelweis.hu\/farmakognozia\/wp-json\/wp\/v2\/pages\/3467\/revisions\/3481"}],"up":[{"embeddable":true,"href":"https:\/\/semmelweis.hu\/farmakognozia\/wp-json\/wp\/v2\/pages\/6"}],"wp:attachment":[{"href":"https:\/\/semmelweis.hu\/farmakognozia\/wp-json\/wp\/v2\/media?parent=3467"}],"wp:term":[{"taxonomy":"category","embeddable":true,"href":"https:\/\/semmelweis.hu\/farmakognozia\/wp-json\/wp\/v2\/categories?post=3467"},{"taxonomy":"post_tag","embeddable":true,"href":"https:\/\/semmelweis.hu\/farmakognozia\/wp-json\/wp\/v2\/tags?post=3467"}],"curies":[{"name":"wp","href":"https:\/\/api.w.org\/{rel}","templated":true}]}}