{"id":3466,"date":"2021-01-21T15:50:54","date_gmt":"2021-01-21T14:50:54","guid":{"rendered":"https:\/\/semmelweis.hu\/farmakognozia\/?page_id=3466"},"modified":"2024-09-20T14:06:46","modified_gmt":"2024-09-20T12:06:46","slug":"a-folyadekkromatografia-es-analitikai-alkalmazasai","status":"publish","type":"page","link":"https:\/\/semmelweis.hu\/farmakognozia\/oktatas\/kotelezoen-valaszthato-tantargyak-2\/a-folyadekkromatografia-es-analitikai-alkalmazasai\/","title":{"rendered":"A FOLYAD\u00c9KKROMATOGR\u00c1FIA \u00c9S ANALITIKAI ALKALMAZ\u00c1SAI"},"content":{"rendered":"<p style=\"text-align: center\"><strong>A FOLYAD\u00c9KKROMATOGR\u00c1FIA \u00c9S ANALITIKAI ALKALMAZ\u00c1SAI<\/strong><\/p>\n<p><strong>\u00a0<\/strong><\/p>\n<p><strong>A tant\u00e1rgy feladata a k\u00e9pz\u00e9s c\u00e9lj\u00e1nak megval\u00f3s\u00edt\u00e1s\u00e1ban:<\/strong><\/p>\n<p>A folyad\u00e9kkromatogr\u00e1fia \u00e9s analitikai alkalmaz\u00e1sai kurzus feladata, hogy a jelenleg legsz\u00e9lesebb k\u00f6rben alkalmazott analitikai technika gradu\u00e1lis kurzusban oktatott alapjain t\u00fal, annak gyakorlati gy\u00f3gyszeripari alkalmaz\u00e1s\u00e1t bemutassa \u00e9s \u00e1tfog\u00f3 k\u00e9pet adjon a folyad\u00e9kkromatogr\u00e1fia modern alkalmaz\u00e1sair\u00f3l, d\u00f6nt\u0151en harmad- \u00e9s negyed\u00e9ves hallgat\u00f3knak.<\/p>\n<p>&nbsp;<\/p>\n<p><strong>A tant\u00e1rgy r\u00f6vid le\u00edr\u00e1sa:<\/strong><\/p>\n<p>A folyad\u00e9kkromatogr\u00e1fia \u00e9s analitikai alkalmaz\u00e1sai kurzus c\u00e9lja, hogy gyakorlati p\u00e9ld\u00e1kon kereszt\u00fcl bemutassa a folyad\u00e9kkromatogr\u00e1fia alkalmaz\u00e1si ter\u00fcleteit \u00e9s a bemutatott p\u00e9ld\u00e1kon kereszt\u00fcl megalapozott elm\u00e9leti ismereteket ny\u00fajtson ahhoz, hogy a folyad\u00e9kkromatogr\u00e1fi\u00e1ban j\u00e1rtas, annak modern v\u00edvm\u00e1nyait (gyors folyad\u00e9kkromatogr\u00e1fia), leg\u00fajabb innov\u00e1ci\u00f3it (centrifug\u00e1lis megoszl\u00e1si kromatogr\u00e1fia) \u00e9s rutin alkalmaz\u00e1sait (m\u00f3dszerfejleszt\u00e9sek) ismer\u0151 szakemberek ker\u00fcljenek ki a Gy\u00f3gyszer\u00e9sztudom\u00e1nyi Karr\u00f3l. A gyakorlatorient\u00e1lts\u00e1g z\u00e1loga, hogy a gy\u00f3gyszeripar vezet\u0151, fokozattal rendelkez\u0151 kromatogr\u00e1fusai tartj\u00e1k az \u00f3r\u00e1k t\u00falnyom\u00f3 t\u00f6bbs\u00e9g\u00e9t, k\u00f6z\u00fcl\u00fck t\u00f6bben hasonl\u00f3 kurzusokat tartanak vegy\u00e9szeknek, vegy\u00e9szm\u00e9rn\u00f6k\u00f6knek, akikkel a v\u00e9gz\u0151s gy\u00f3gyszer\u00e9szhallgat\u00f3knak fel kell venni\u00fck a versenyt a munkaer\u0151piacon. A kurzus sor\u00e1n t\u00e1rgyaljuk a ter\u00e1pi\u00e1s feh\u00e9rj\u00e9k kromatogr\u00e1fi\u00e1j\u00e1t \u00e9s mindazon \u00faj, felt\u00f6rekv\u0151 technik\u00e1kat (HILIC, szuperkritikus fluid- \u00e9s ionkromatogr\u00e1fia), amelyeket jelenleg az gy\u00f3gyszeriparban alkalmaznak.<\/p>\n<p>&nbsp;<\/p>\n<p><strong>Tematika: <\/strong><\/p>\n<ol>\n<li>h\u00e9t: Az elv\u00e1laszt\u00e1stechnika alapjai, tudom\u00e1nyt\u00f6rt\u00e9net, a kromatogr\u00e1fi\u00e1s m\u00f3dszerek csoportos\u00edt\u00e1sa. Kromatogr\u00e1fi\u00e1s alapfogalmak, alap\u00f6sszef\u00fcgg\u00e9sek.<\/li>\n<li>h\u00e9t: A folyad\u00e9kkromatogr\u00e1fia alapjai (retenci\u00f3s modellek, izokratikus vs. gradiens el\u00faci\u00f3)<\/li>\n<li>h\u00e9t: A folyad\u00e9kkromatogr\u00e1fia m\u0171szerezetts\u00e9ge (mozg\u00f3f\u00e1zis sz\u00e1ll\u00edt\u00f3 rendszerek, mintabevitel, detektorok fajt\u00e1i)<\/li>\n<li>h\u00e9t: Folyad\u00e9kkromatogr\u00e1fi\u00e1s \u00e1ll\u00f3f\u00e1zisok<\/li>\n<li>h\u00e9t: Folyad\u00e9kkromatogr\u00e1fi\u00e1s technik\u00e1k \u2013 I. (norm\u00e1l f\u00e1zis, ford\u00edtott f\u00e1zis)<\/li>\n<li>h\u00e9t: M\u00f3dszeroptimaliz\u00e1l\u00e1s ford\u00edtott f\u00e1zison.<\/li>\n<li>h\u00e9t: Folyad\u00e9kkromatogr\u00e1fi\u00e1s technik\u00e1k \u2013 II. HILIC<\/li>\n<li>h\u00e9t: Gyors folyad\u00e9kkromatogr\u00e1fia (UHPLC, h\u00e9jszer\u0171 t\u00f6ltetek, monolitok)<\/li>\n<li>h\u00e9t: Kir\u00e1lis folyad\u00e9kkromatogr\u00e1fia<\/li>\n<li>h\u00e9t: Ter\u00e1pi\u00e1s feh\u00e9rj\u00e9k folyad\u00e9kkromatogr\u00e1fi\u00e1s vizsg\u00e1lata<\/li>\n<li>h\u00e9t: Preparat\u00edv folyad\u00e9kkromatogr\u00e1fia<\/li>\n<li>h\u00e9t: A centrifug\u00e1lis megoszl\u00e1si kromatogr\u00e1fia<\/li>\n<li>h\u00e9t: Speci\u00e1lis kromatogr\u00e1fi\u00e1s m\u00f3dszerek (ionkromatogr\u00e1fia, szuperkritikus f\u00e1zis\u00fa kromatogr\u00e1fia)<\/li>\n<li>h\u00e9t: Folyad\u00e9kkromatogr\u00e1fi\u00e1s m\u00f3dszerek a fitoanalitik\u00e1ban<\/li>\n<\/ol>\n<p>&nbsp;<\/p>\n<p><strong>Kurzus k\u00f6vetelm\u00e9nyrendszere:<\/strong><\/p>\n<ul>\n<li>A kurzus felv\u00e9tel\u00e9nek el\u0151zetes k\u00f6vetelm\u00e9nyei: Analitikai K\u00e9mia II., Szerves K\u00e9mia I.<\/li>\n<li>A foglalkoz\u00e1sokon val\u00f3 r\u00e9szv\u00e9tel k\u00f6vetelm\u00e9nyei, az elfogadhat\u00f3 hi\u00e1nyz\u00e1sok m\u00e9rt\u00e9ke, a t\u00e1volmarad\u00e1s igazol\u00e1s\u00e1nak m\u00f3dja, p\u00f3tl\u00e1s lehet\u0151s\u00e9ge: az \u00e9rv\u00e9nyes Szab\u00e1lyzat szerint.<\/li>\n<li>A f\u00e9l\u00e9v v\u00e9gi al\u00e1\u00edr\u00e1s k\u00f6vetelm\u00e9nyei: az el\u0151ad\u00e1sok l\u00e1togat\u00e1sa a szab\u00e1lyzat szerint.<\/li>\n<li>A f\u00e9l\u00e9v v\u00e9gi sz\u00e1monk\u00e9r\u00e9s form\u00e1ja: sz\u00f3beli kollokvium<\/li>\n<\/ul>\n<p>&nbsp;<\/p>\n<p><strong>A tananyag elsaj\u00e1t\u00edt\u00e1s\u00e1hoz felhaszn\u00e1lhat\u00f3 jegyzetek, tank\u00f6nyvek, seg\u00e9dletek \u00e9s szakirodalom list\u00e1ja: <\/strong><\/p>\n<p>&#8211;\u00a0\u00a0\u00a0\u00a0\u00a0\u00a0\u00a0\u00a0\u00a0\u00a0 Modern folyad\u00e9kkromatogr\u00e1fia (szerk.: Dr. Fekete Jen\u0151, Dr. Korm\u00e1ny R\u00f3bert, Dr. Fekete Szabolcs) 2017, kiadja a KromKorm Kft.<\/p>\n<p>&#8211;\u00a0\u00a0\u00a0\u00a0\u00a0\u00a0\u00a0\u00a0\u00a0\u00a0 Elv\u00e1laszt\u00e1stechnikai m\u00f3dszerek elm\u00e9lete \u00e9s gyakorlata (szerk.: Dr. Kremmer Tibor, Dr. Torkos Korn\u00e9l) 2010, kiadja az Akad\u00e9miai Kiad\u00f3<\/p>\n<p>&#8211;\u00a0\u00a0\u00a0\u00a0\u00a0\u00a0\u00a0\u00a0\u00a0\u00a0 A gy\u00f3gyszerkutat\u00e1s m\u0171szeres m\u00f3dszerei (szerk.: Dr. Soh\u00e1r P\u00e1l) 2015, kiadja a Magyar K\u00e9mikusok Egyes\u00fclete<\/p>\n","protected":false},"excerpt":{"rendered":"<p>A FOLYAD\u00c9KKROMATOGR\u00c1FIA \u00c9S ANALITIKAI ALKALMAZ\u00c1SAI \u00a0 A tant\u00e1rgy feladata a k\u00e9pz\u00e9s c\u00e9lj\u00e1nak megval\u00f3s\u00edt\u00e1s\u00e1ban: A folyad\u00e9kkromatogr\u00e1fia \u00e9s analitikai alkalmaz\u00e1sai kurzus feladata, hogy a jelenleg legsz\u00e9lesebb k\u00f6rben alkalmazott analitikai technika gradu\u00e1lis kurzusban oktatott alapjain t\u00fal, annak gyakorlati gy\u00f3gyszeripari alkalmaz\u00e1s\u00e1t bemutassa \u00e9s \u00e1tfog\u00f3 k\u00e9pet adjon a folyad\u00e9kkromatogr\u00e1fia modern alkalmaz\u00e1sair\u00f3l, d\u00f6nt\u0151en harmad- \u00e9s negyed\u00e9ves hallgat\u00f3knak. &nbsp; A tant\u00e1rgy r\u00f6vid &hellip;<\/p>\n","protected":false},"author":104,"featured_media":0,"parent":3467,"menu_order":0,"comment_status":"closed","ping_status":"closed","template":"template-fullwidth.php","meta":{"_acf_changed":false,"footnotes":""},"categories":[],"tags":[],"class_list":["post-3466","page","type-page","status-publish","hentry"],"acf":[],"_links":{"self":[{"href":"https:\/\/semmelweis.hu\/farmakognozia\/wp-json\/wp\/v2\/pages\/3466","targetHints":{"allow":["GET"]}}],"collection":[{"href":"https:\/\/semmelweis.hu\/farmakognozia\/wp-json\/wp\/v2\/pages"}],"about":[{"href":"https:\/\/semmelweis.hu\/farmakognozia\/wp-json\/wp\/v2\/types\/page"}],"author":[{"embeddable":true,"href":"https:\/\/semmelweis.hu\/farmakognozia\/wp-json\/wp\/v2\/users\/104"}],"replies":[{"embeddable":true,"href":"https:\/\/semmelweis.hu\/farmakognozia\/wp-json\/wp\/v2\/comments?post=3466"}],"version-history":[{"count":1,"href":"https:\/\/semmelweis.hu\/farmakognozia\/wp-json\/wp\/v2\/pages\/3466\/revisions"}],"predecessor-version":[{"id":3470,"href":"https:\/\/semmelweis.hu\/farmakognozia\/wp-json\/wp\/v2\/pages\/3466\/revisions\/3470"}],"up":[{"embeddable":true,"href":"https:\/\/semmelweis.hu\/farmakognozia\/wp-json\/wp\/v2\/pages\/3467"}],"wp:attachment":[{"href":"https:\/\/semmelweis.hu\/farmakognozia\/wp-json\/wp\/v2\/media?parent=3466"}],"wp:term":[{"taxonomy":"category","embeddable":true,"href":"https:\/\/semmelweis.hu\/farmakognozia\/wp-json\/wp\/v2\/categories?post=3466"},{"taxonomy":"post_tag","embeddable":true,"href":"https:\/\/semmelweis.hu\/farmakognozia\/wp-json\/wp\/v2\/tags?post=3466"}],"curies":[{"name":"wp","href":"https:\/\/api.w.org\/{rel}","templated":true}]}}