{"id":3452,"date":"2021-01-21T14:49:04","date_gmt":"2021-01-21T13:49:04","guid":{"rendered":"https:\/\/semmelweis.hu\/farmakognozia\/?page_id=3452"},"modified":"2025-02-17T13:59:19","modified_gmt":"2025-02-17T12:59:19","slug":"gyogynoveny-es-drogismeret-gyakorlat-ii","status":"publish","type":"page","link":"https:\/\/semmelweis.hu\/farmakognozia\/oktatas\/kotelezo-tantargyak\/gyogynoveny-es-drogismeret-gyakorlat-ii\/","title":{"rendered":"GY\u00d3GYN\u00d6V\u00c9NY- \u00c9S DROGISMERET (GYAKORLAT) II"},"content":{"rendered":"<p style=\"text-align: center\"><strong>GY\u00d3GYN\u00d6V\u00c9NY- \u00c9S DROGISMERET (GYAKORLAT) II.\u00a0\u00a0\u00a0\u00a0\u00a0\u00a0\u00a0\u00a0\u00a0\u00a0 <\/strong><\/p>\n<p><strong>\u00a0<\/strong><\/p>\n<p><strong>A tant\u00e1rgy szakmai tartalma elsaj\u00e1t\u00edt\u00e1s\u00e1nak c\u00e9lja \u00e9s feladata a k\u00e9pz\u00e9s c\u00e9lj\u00e1nak megval\u00f3s\u00edt\u00e1s\u00e1ban:<\/strong><\/p>\n<p>A gy\u00f3gy\u00e1szatban \u00e9s az eg\u00e9szs\u00e9g-meg\u0151rz\u00e9sben felhaszn\u00e1lt gy\u00f3gyn\u00f6v\u00e9nyek \u00e9s drogjaik megismer\u00e9se, felismer\u00e9se \u00e9s azonos\u00edt\u00e1sa, valamint min\u0151s\u00e9g\u00fck biztos\u00edt\u00e1s\u00e1t szolg\u00e1l\u00f3 ismeretek \u00e9s vizsg\u00e1lati m\u00f3dszerek elsaj\u00e1t\u00edt\u00e1sa. Ezzel hozz\u00e1j\u00e1rul a gy\u00f3gyszer\u00e9szhallgat\u00f3knak a n\u00f6v\u00e9nyi gy\u00f3gyszerek kiemelt szak\u00e9rt\u0151iv\u00e9 val\u00f3 nevel\u00e9s\u00e9ben. A korszer\u0171 farmakogn\u00f3ziai ismeretek birtok\u00e1ban versenyk\u00e9pes tud\u00e1ssal rendelkez\u0151 hallgat\u00f3k k\u00e9pz\u00e9s\u00e9hez j\u00e1rul hozz\u00e1 egy olyan id\u0151szakban, amikor az el\u0151t\u00e9rbe ker\u00fclt term\u00e9szetes anyagokkal, gy\u00f3gyn\u00f6v\u00e9nyekkel kapcsolatos ismeretanyag fel\u00e9rt\u00e9kel\u0151d\u00f6tt \u00e9s az eur\u00f3pai harmoniz\u00e1ci\u00f3, valamint a meg\u00fajul\u00f3 hazai szab\u00e1lyoz\u00e1si rendszer k\u00f6vetkezt\u00e9ben is \u00faj szempontokkal b\u0151v\u00fclt.<\/p>\n<p>&nbsp;<\/p>\n<p><strong>A tant\u00e1rgy r\u00f6vid le\u00edr\u00e1sa:<\/strong><\/p>\n<p>Anyagismeret: drogok felismer\u00e9se; makroszk\u00f3pos \u00e9s mikroszk\u00f3pos vizsg\u00e1lata. Drogok hat\u00f3- \u00e9s tartalomanyagainak kimutat\u00e1sa (el\u0151k\u00e9sz\u00edt\u00e9s, kivon\u00e1s \u00e9s tiszt\u00edt\u00f3 m\u0171veletek, \u00e1ltal\u00e1nos \u00e9s specifikus k\u00e9miai reakci\u00f3k, kromatogr\u00e1fi\u00e1s m\u00f3dszerek), mennyis\u00e9gi \u00e9rt\u00e9kel\u00e9sek (gy\u00f3gyszerk\u00f6nyvi \u00e9s szabv\u00e1ny vizsg\u00e1l\u00f3 m\u00f3dszerek) \u00e9s az egyes komponensek izol\u00e1l\u00e1sa v. szelekt\u00edv meghat\u00e1roz\u00e1sa komplex kromatogr\u00e1fi\u00e1s \u00e9s spektroszk\u00f3pi\u00e1s elj\u00e1r\u00e1sokkal. N\u00f6v\u00e9nyi drogok felhaszn\u00e1l\u00e1sa vezet\u0151 hat\u00e1saik alapj\u00e1n a prevenci\u00f3ban, fitoter\u00e1pi\u00e1ban \u00e9s az \u00e9letmin\u0151s\u00e9g jav\u00edt\u00e1s\u00e1ban.<\/p>\n<p>&nbsp;<\/p>\n<p><strong>Tematika: <\/strong><\/p>\n<ol>\n<li>h\u00e9t: T\u0171z \u00e9s munkav\u00e9delmi ismeretek, a f\u00e9l\u00e9v k\u00f6vetelm\u00e9nyeinek ismertet\u00e9se. Keser\u0171anyag (szekoiridoid, szeszkviterp\u00e9nlakton, diterp\u00e9n) \u00e9s valepotri\u00e1t tartalm\u00fa drogok vizsg\u00e1lata. Keser\u0171\u00e9rt\u00e9k meghat\u00e1roz\u00e1sa (Ph.Hg.VIII.)<\/li>\n<\/ol>\n<p>2-3.\u00a0 h\u00e9t:\u00a0\u00a0\u00a0\u00a0\u00a0\u00a0\u00a0\u00a0 Ill\u00f3olaj tartalm\u00fa drogok vizsg\u00e1lata. Ill\u00f3olaj-tartalom meghat\u00e1roz\u00e1sa. Ill\u00f3olajok \u00f6sszet\u00e9tel\u00e9nek vizsg\u00e1lata VRK \u00e9s GC m\u00f3dszerekkel.<\/p>\n<p>4-6. h\u00e9t: \u00a0\u00a0\u00a0\u00a0\u00a0\u00a0\u00a0\u00a0 Triterp\u00e9n tartalm\u00fa drogok vizsg\u00e1lata. Szaponin tartalm\u00fa drogok vizsg\u00e1lata. Hemolitikus index meghat\u00e1roz\u00e1sa.\u00a0\u00a0\u00a0\u00a0\u00a0 Sz\u00edvre hat\u00f3 glikozidokat tartalmaz\u00f3 drogok vizsg\u00e1lata.<\/p>\n<ol start=\"7\">\n<li>h\u00e9t: Trop\u00e1nv\u00e1zas alkaloidokat tartalmaz\u00f3 drogok vizsg\u00e1lata. Alkaloidok n\u00f6v\u00e9nyi drogokb\u00f3l val\u00f3 \u00a0\u00a0\u00a0\u00a0\u00a0\u00a0\u00a0\u00a0\u00a0\u00a0\u00a0 kivon\u00e1s\u00e1nak m\u00f3dszerei. Alkaloid tartalom m\u00e9r\u00e9se titrimetri\u00e1s m\u00f3dszerrel (Ph.Hg.VIII.).<\/li>\n<\/ol>\n<p>8-9. h\u00e9t: \u00a0\u00a0\u00a0\u00a0\u00a0\u00a0\u00a0\u00a0 Kinolin-, izokinolin- \u00e9s fenantr\u00e9nv\u00e1zas alkaloidokat tartalmaz\u00f3 drogok vizsg\u00e1lata. Kinaalkaloidok meghat\u00e1roz\u00e1sa spektroszk\u00f3pi\u00e1s m\u00f3dszerrel (Ph.Hg.VIII.). Morfin\u00e1n alkaloidok m\u00e9r\u00e9se VRK-denzitometri\u00e1val.<\/p>\n<p>10-11. h\u00e9t: \u00a0\u00a0\u00a0\u00a0 Proto- \u00e9s pszeudoalkaloidokat tartalmaz\u00f3 drogok vizsg\u00e1lata. Koffein preparat\u00edv izol\u00e1l\u00e1sa drogokb\u00f3l.<\/p>\n<ol start=\"12\">\n<li>h\u00e9t: Gy\u00f3gyszer\u00e9szi biotechnol\u00f3gia<\/li>\n<li>h\u00e9t: K\u00e9sz\u00edtm\u00e9nyfejleszt\u00e9s<\/li>\n<li>h\u00e9t: Ismeretlen drogminta azonos\u00edt\u00e1sa \u00e9s vizsg\u00e1lata.<\/li>\n<\/ol>\n<p>&nbsp;<\/p>\n<p><strong>Kurzus k\u00f6vetelm\u00e9nyrendszere:<\/strong><\/p>\n<ul>\n<li>A kurzus felv\u00e9tel\u00e9nek el\u0151zetes k\u00f6vetelm\u00e9nyei: Gy\u00f3gyn\u00f6v\u00e9ny \u00e9s drogismeret I.<\/li>\n<li>A foglalkoz\u00e1sokon val\u00f3 r\u00e9szv\u00e9tel k\u00f6vetelm\u00e9nyei, az elfogadhat\u00f3 hi\u00e1nyz\u00e1sok m\u00e9rt\u00e9ke, a t\u00e1volmarad\u00e1s igazol\u00e1s\u00e1nak m\u00f3dja, p\u00f3tl\u00e1s lehet\u0151s\u00e9ge: a r\u00e9szv\u00e9tel k\u00f6telez\u0151 a gyakorlatok 75 %-\u00e1n. Tov\u00e1bbi hi\u00e1nyz\u00e1sok p\u00f3tl\u00e1sa k\u00f6telez\u0151.<\/li>\n<li>\u00c9vk\u00f6zi ellen\u0151rz\u00e9sek (besz\u00e1mol\u00f3k, z\u00e1rthelyi dolgozatok) sz\u00e1ma, t\u00e9mak\u00f6rei \u00e9s id\u0151pontjai, p\u00f3tl\u00e1si \u00e9s jav\u00edt\u00e1si lehet\u0151s\u00e9gek: a szorgalmi id\u0151szakban: f\u00e9l\u00e9venk\u00e9nt k\u00e9t besz\u00e1mol\u00f3 \u00edr\u00e1sban \u00e9s\/vagy sz\u00f3ban a gyakorlat anyag\u00e1ra \u00e9p\u00edtve. Anyagismeret ellen\u0151rz\u00e9se (ismeretlen drogkever\u00e9kek vizsg\u00e1lata).<\/li>\n<li>A f\u00e9l\u00e9v v\u00e9gi al\u00e1\u00edr\u00e1s k\u00f6vetelm\u00e9nyei: gyakorlatokon val\u00f3 r\u00e9szv\u00e9tel\/p\u00f3tl\u00e1s. Gyakorlati jegyz\u0151k\u00f6nyvek lead\u00e1sa \u00e9s elfogad\u00e1sa. Az \u00e9vk\u00f6zi sz\u00e1monk\u00e9r\u00e9sek \u00e9rdemjegyeinek \u00e1tlaga legal\u00e1bb 2,0.<\/li>\n<li>A hallgat\u00f3 f\u00e9l\u00e9v sor\u00e1n egy\u00e9ni munk\u00e1val megoldand\u00f3 feladatainak sz\u00e1ma \u00e9s t\u00edpusa: kisel\u0151ad\u00e1s tart\u00e1sa v\u00e1lasztott t\u00e9m\u00e1ban.<\/li>\n<li>A f\u00e9l\u00e9v v\u00e9gi sz\u00e1monk\u00e9r\u00e9s t\u00edpusa: gyakorlati jegy<\/li>\n<li>A f\u00e9l\u00e9v v\u00e9gi sz\u00e1monk\u00e9r\u00e9s form\u00e1ja: k\u00f6telez\u0151 teszt dolgozat meg\u00edr\u00e1sa.<\/li>\n<\/ul>\n<p>&nbsp;<\/p>\n<p><strong>A tananyag elsaj\u00e1t\u00edt\u00e1s\u00e1hoz felhaszn\u00e1lhat\u00f3 jegyzetek, tank\u00f6nyvek, seg\u00e9dletek \u00e9s szakirodalom list\u00e1ja:<\/strong><\/p>\n<ul>\n<li>Sz\u0151ke \u00c9va &#8211; K\u00e9ry \u00c1gnes &#8211; Lemberkovics \u00c9va: Farmakogn\u00f3zia. N\u00f6v\u00e9nyi drogok farmakobotanikai \u00e9s fitok\u00e9miai vizsg\u00e1lata + CD. \u00c1tdolgozott kiad\u00e1s. Semmelweis Kiad\u00f3, Budapest. pp.1-385. 2009.<\/li>\n<li>Sz\u0151ke \u00c9. \u00e9s munkat\u00e1rsai: Gy\u00f3gyn\u00f6v\u00e9nyt\u0151l a gy\u00f3gy\u00edt\u00e1sig. Farmakogn\u00f3zia-fitok\u00e9mia-fitoter\u00e1pia-biotechnol\u00f3gia.,Semmelweis Kiad\u00f3 \u00e9s Multim\u00e9dia St\u00fadi\u00f3, Budapest, 2019.<\/li>\n<\/ul>\n<p>&nbsp;<\/p>\n","protected":false},"excerpt":{"rendered":"<p>GY\u00d3GYN\u00d6V\u00c9NY- \u00c9S DROGISMERET (GYAKORLAT) II.\u00a0\u00a0\u00a0\u00a0\u00a0\u00a0\u00a0\u00a0\u00a0\u00a0 \u00a0 A tant\u00e1rgy szakmai tartalma elsaj\u00e1t\u00edt\u00e1s\u00e1nak c\u00e9lja \u00e9s feladata a k\u00e9pz\u00e9s c\u00e9lj\u00e1nak megval\u00f3s\u00edt\u00e1s\u00e1ban: A gy\u00f3gy\u00e1szatban \u00e9s az eg\u00e9szs\u00e9g-meg\u0151rz\u00e9sben felhaszn\u00e1lt gy\u00f3gyn\u00f6v\u00e9nyek \u00e9s drogjaik megismer\u00e9se, felismer\u00e9se \u00e9s azonos\u00edt\u00e1sa, valamint min\u0151s\u00e9g\u00fck biztos\u00edt\u00e1s\u00e1t szolg\u00e1l\u00f3 ismeretek \u00e9s vizsg\u00e1lati m\u00f3dszerek elsaj\u00e1t\u00edt\u00e1sa. Ezzel hozz\u00e1j\u00e1rul a gy\u00f3gyszer\u00e9szhallgat\u00f3knak a n\u00f6v\u00e9nyi gy\u00f3gyszerek kiemelt szak\u00e9rt\u0151iv\u00e9 val\u00f3 nevel\u00e9s\u00e9ben. A korszer\u0171 farmakogn\u00f3ziai ismeretek &hellip;<\/p>\n","protected":false},"author":104,"featured_media":0,"parent":3435,"menu_order":9,"comment_status":"closed","ping_status":"closed","template":"","meta":{"_acf_changed":false,"footnotes":""},"categories":[],"tags":[],"class_list":["post-3452","page","type-page","status-publish","hentry"],"acf":[],"_links":{"self":[{"href":"https:\/\/semmelweis.hu\/farmakognozia\/wp-json\/wp\/v2\/pages\/3452","targetHints":{"allow":["GET"]}}],"collection":[{"href":"https:\/\/semmelweis.hu\/farmakognozia\/wp-json\/wp\/v2\/pages"}],"about":[{"href":"https:\/\/semmelweis.hu\/farmakognozia\/wp-json\/wp\/v2\/types\/page"}],"author":[{"embeddable":true,"href":"https:\/\/semmelweis.hu\/farmakognozia\/wp-json\/wp\/v2\/users\/104"}],"replies":[{"embeddable":true,"href":"https:\/\/semmelweis.hu\/farmakognozia\/wp-json\/wp\/v2\/comments?post=3452"}],"version-history":[{"count":3,"href":"https:\/\/semmelweis.hu\/farmakognozia\/wp-json\/wp\/v2\/pages\/3452\/revisions"}],"predecessor-version":[{"id":3811,"href":"https:\/\/semmelweis.hu\/farmakognozia\/wp-json\/wp\/v2\/pages\/3452\/revisions\/3811"}],"up":[{"embeddable":true,"href":"https:\/\/semmelweis.hu\/farmakognozia\/wp-json\/wp\/v2\/pages\/3435"}],"wp:attachment":[{"href":"https:\/\/semmelweis.hu\/farmakognozia\/wp-json\/wp\/v2\/media?parent=3452"}],"wp:term":[{"taxonomy":"category","embeddable":true,"href":"https:\/\/semmelweis.hu\/farmakognozia\/wp-json\/wp\/v2\/categories?post=3452"},{"taxonomy":"post_tag","embeddable":true,"href":"https:\/\/semmelweis.hu\/farmakognozia\/wp-json\/wp\/v2\/tags?post=3452"}],"curies":[{"name":"wp","href":"https:\/\/api.w.org\/{rel}","templated":true}]}}