{"id":3449,"date":"2021-01-21T14:23:16","date_gmt":"2021-01-21T13:23:16","guid":{"rendered":"https:\/\/semmelweis.hu\/farmakognozia\/?page_id=3449"},"modified":"2025-02-17T14:12:15","modified_gmt":"2025-02-17T13:12:15","slug":"etk-termeszetes-eredetu-anyagok-gyogyszerek-gyogyhatasu-keszitmenyek-gyogynovenyek","status":"publish","type":"page","link":"https:\/\/semmelweis.hu\/farmakognozia\/oktatas\/kotelezo-tantargyak\/etk-termeszetes-eredetu-anyagok-gyogyszerek-gyogyhatasu-keszitmenyek-gyogynovenyek\/","title":{"rendered":"ETK Term\u00e9szetes eredet\u0171 anyagok , gy\u00f3gyszerek, gy\u00f3gyhat\u00e1s\u00fa k\u00e9sz\u00edtm\u00e9nyek, gy\u00f3gyn\u00f6v\u00e9nyek"},"content":{"rendered":"<p style=\"text-align: center\"><strong>TERM\u00c9SZETES EREDET\u0170 ANYAGOK , GY\u00d3GYSZEREK, GY\u00d3GYHAT\u00c1S\u00da K\u00c9SZ\u00cdTM\u00c9NYEK, GY\u00d3GYN\u00d6V\u00c9NYEK<\/strong><\/p>\n<p><strong>\u00a0<\/strong><\/p>\n<p><strong>A tant\u00e1rgyi szakmai tartalom elsaj\u00e1t\u00edt\u00e1snak c\u00e9lja:<\/strong><\/p>\n<p>A tant\u00e1rgy feladata \u00e9s c\u00e9lja a T\u00e1pl\u00e1lkoz\u00e1studom\u00e1nyok mesterszakot v\u00e9gz\u0151 hallgat\u00f3k sz\u00e1m\u00e1ra egyr\u00e9szt a k\u00fcl\u00f6nb\u00f6z\u0151\u00a0 szerkezet\u0171 n\u00f6v\u00e9nyi hat\u00f3anyagok\u00a0 rendszerez\u00e9s\u00e9nek megismer\u00e9se \u00e9s hat\u00e1s-szerkezet \u00f6sszef\u00fcgg\u00e9sek tanulm\u00e1nyoz\u00e1sa konkr\u00e9t p\u00e9ld\u00e1kon; m\u00e1sr\u00e9szt a gyakorlatban el\u0151fordul\u00f3 n\u00f6v\u00e9nyi alap\u00fa gy\u00f3gyszerek, gy\u00f3gyhat\u00e1s\u00fa k\u00e9sz\u00edtm\u00e9nyek \u00f6sszet\u00e9tel\u00e9nek ismeret\u00e9ben a megfelel\u0151 indik\u00e1ci\u00f3s ter\u00fcletek kiv\u00e1laszt\u00e1sa ill. alkalmaz\u00e1suk elb\u00edr\u00e1l\u00e1sa, valamint adott ter\u00e1pi\u00e1s c\u00e9l\u00fa term\u00e9szetes eredet\u0171 anyagokat tartalmaz\u00f3 k\u00e9sz\u00edtm\u00e9nyek \u00f6sszet\u00e9tel\u00e9nek tervez\u00e9se. A tant\u00e1rgy megfelel\u0151 szint\u0171 elsaj\u00e1t\u00edt\u00e1sa a t\u00e1pl\u00e1lkoz\u00e1s tudom\u00e1nnyal foglalkoz\u00f3 szakemberek min\u00e9l sz\u00e9lesebb k\u00f6r\u0171 szeml\u00e9let\u00e9nek kialak\u00edt\u00e1s\u00e1hoz j\u00e1rul hozz\u00e1; az al\u00e1bbi szakter\u00fcletekre ny\u00fajt kompetenci\u00e1t: oktat\u00e1si int\u00e9zm\u00e9nyek, kutat\u00f3 int\u00e9zetek, hazai, Eur\u00f3pai Uni\u00f3s \u00e9s nemzetk\u00f6zi K+F projektek \u00e9s v\u00e1llalkoz\u00e1sok, fitness \u00e9s sport, eg\u00e9szs\u00e9gipar, n\u00e9peg\u00e9szs\u00e9g\u00fcgyi programok. A tant\u00e1rgy felk\u00e9sz\u00edti a hallgat\u00f3t a szakter\u00fclethez tartoz\u00f3 tudom\u00e1nyos tev\u00e9kenys\u00e9g v\u00e9gz\u00e9s\u00e9re. C\u00e9lja, hogy a hallgat\u00f3k alkalmass\u00e1 v\u00e1ljanak a magas szint\u0171 t\u00e1pl\u00e1lkoz\u00e1studom\u00e1nyi kutat\u00f3, prevent\u00edv jelleg\u0171 eg\u00e9szs\u00e9gnevel\u0151 munk\u00e1ra. A tant\u00e1rgy sor\u00e1n a hallgat\u00f3k alkalmass\u00e1 v\u00e1lnak ismereteik folyamatos b\u0151v\u00edt\u00e9s\u00e9re magyar \u00e9s idegen nyelv\u0171 szakirodalom felhaszn\u00e1l\u00e1s\u00e1val, valamint \u00f6nfejleszt\u00e9sre, a saj\u00e1t tud\u00e1s magasabb szintre emel\u00e9s\u00e9re, tudom\u00e1ny- \u00e9s munkater\u00fclet\u00fck alkot\u00f3 m\u0171vel\u00e9s\u00e9re, tov\u00e1bbfejleszt\u00e9s\u00e9re \u00e9s eredm\u00e9nyeik gyakorlati hasznos\u00edt\u00e1s\u00e1ra. Az auton\u00f3mia \u00e9s felel\u0151ss\u00e9gv\u00e1llal\u00e1s ter\u00e9n a t\u00e1rgy hozz\u00e1j\u00e1rul ahhoz, hogy a hallgat\u00f3k alkalmass\u00e1 v\u00e1ljanak a megoldand\u00f3 probl\u00e9m\u00e1k meg\u00e9rt\u00e9s\u00e9re, azok biztons\u00e1gos megold\u00e1s\u00e1ra, eredeti \u00f6tletek felvet\u00e9s\u00e9re, innovat\u00edv tev\u00e9kenys\u00e9g folytat\u00e1s\u00e1ra, illetve alkalmass\u00e1 v\u00e1lnak multidiszciplin\u00e1ris team tagjak\u00e9nt tev\u00e9kenykedni.<\/p>\n<p>&nbsp;<\/p>\n<p><strong>Tematika:<\/strong><\/p>\n<p>Elm\u00e9leti \u00f3r\u00e1k:<\/p>\n<p>A farmakogn\u00f3zia\u00a0 t\u00f6rt\u00e9nete. Gy\u00f3gyn\u00f6v\u00e9nyek \u00e9s drogok fogalma, nevez\u00e9ktana. N\u00f6v\u00e9nyi hat\u00f3anyagok \u00e1ttekint\u00e9se, f\u0151 vegy\u00fcletcsoportok.<\/p>\n<p>A gy\u00f3gyn\u00f6v\u00e9nyek termeszt\u00e9se, gy\u0171jt\u00e9se, feldolgoz\u00e1sa \u00e9s \u00e9rt\u00e9kes\u00edt\u00e9se. A gy\u00f3gyn\u00f6v\u00e9nyek min\u0151s\u00e9g\u00e9t befoly\u00e1sol\u00f3 t\u00e9nyez\u0151k. A n\u00f6v\u00e9nyi drogok min\u0151s\u00e9gellen\u0151rz\u00e9se.<\/p>\n<p>A fitoter\u00e1pi\u00e1s k\u00e9sz\u00edtm\u00e9nyek saj\u00e1toss\u00e1gai, term\u00e9kkateg\u00f3ri\u00e1k bemutat\u00e1sa. Jogi szab\u00e1lyoz\u00e1s, rendeleti v\u00e9grehajt\u00e1s, ellen\u0151rz\u00e9s. Gy\u00f3gyn\u00f6v\u00e9ny monogr\u00e1fi\u00e1k.<\/p>\n<p>K\u00f6zponti idegrendszerre hat\u00f3 gy\u00f3gyn\u00f6v\u00e9nyek. Er\u0151s hat\u00e1s\u00fa n\u00f6v\u00e9nyi drogok.<\/p>\n<p>Nyugtat\u00f3, altat\u00f3, antidepressz\u00e1ns hat\u00e1s\u00fa gy\u00f3gyn\u00f6v\u00e9nyek.<\/p>\n<p>L\u00e9g\u00fati megbeteged\u00e9sekben haszn\u00e1lhat\u00f3 gy\u00f3gyn\u00f6v\u00e9nyek.<\/p>\n<p>Gyomor-b\u00e9ltraktus megbeteged\u00e9seiben haszn\u00e1lhat\u00f3 gy\u00f3gyn\u00f6v\u00e9nyek.<\/p>\n<p>Hepatobili\u00e1ris rendszer megbeteged\u00e9seiben haszn\u00e1lhat\u00f3 gy\u00f3gyn\u00f6v\u00e9nyek.<\/p>\n<p>Sz\u00edv \u00e9s \u00e9rrendszerre hat\u00f3 gy\u00f3gyn\u00f6v\u00e9nyek. Gy\u00f3gyn\u00f6v\u00e9nyek \u00e9s metabolikus szindr\u00f3ma.<\/p>\n<p>Gy\u00f3gyn\u00f6v\u00e9nyek az urogenit\u00e1lis rendszer megbeteged\u00e9seiben. Fito\u00f6sztrog\u00e9nek.<\/p>\n<p>A b\u0151rgy\u00f3gy\u00e1szat \u00e9s kozmetika gy\u00f3gyn\u00f6v\u00e9nyei.<\/p>\n<p>N\u00f6v\u00e9nyi gyullad\u00e1scs\u00f6kkent\u0151k. Mozg\u00e1sszervi megbeteged\u00e9sek gy\u00f3gyn\u00f6v\u00e9nyei.<\/p>\n<p>Adaptog\u00e9n gy\u00f3gyn\u00f6v\u00e9nyek. Gy\u00f3gyn\u00f6v\u00e9nyek, n\u00f6v\u00e9nyi eredet\u0171 hat\u00f3anyagok a r\u00e1k megel\u0151z\u00e9s\u00e9ben \u00e9s ter\u00e1pi\u00e1j\u00e1ban.<\/p>\n<p>&nbsp;<\/p>\n<p>Gyakorlati \u00f3r\u00e1k:<\/p>\n<p>\u00c1ltal\u00e1nos gy\u00f3gyn\u00f6v\u00e9ny \u00e9s drogismeret, makromorfol\u00f3giai \u00e9s mikroszk\u00f3pos vizsg\u00e1latok. Gy\u00f3gyszerk\u00f6nyvek (Ph. Eur. \u00e9s Ph. Hg.VIII.), Formulae Normales tanulm\u00e1nyoz\u00e1sa.\u00a0\u00a0\u00a0\u00a0\u00a0\u00a0\u00a0\u00a0\u00a0\u00a0\u00a0\u00a0\u00a0\u00a0\u00a0\u00a0\u00a0\u00a0\u00a0\u00a0\u00a0\u00a0\u00a0 A drogok morfol\u00f3giai jellemz\u00e9se. Legfontosabb analitikai m\u00f3dszerek megbesz\u00e9l\u00e9se, gy\u00f3gyn\u00f6v\u00e9nyek, n\u00f6v\u00e9nyi gy\u00f3gyszerek, t\u00e1pl\u00e1l\u00e9kkieg\u00e9sz\u00edt\u0151k vizsg\u00e1lata.<\/p>\n<p>&nbsp;<\/p>\n<p>&nbsp;<\/p>\n<p><strong>K\u00f6vetelm\u00e9nyrendszer:<\/strong><\/p>\n<ul>\n<li>A megengedett hi\u00e1nyz\u00e1sok m\u00e9rt\u00e9ke: elm\u00e9leti el\u0151ad\u00e1sokr\u00f3l 2 \u00f3ra, gyakorlatr\u00f3l\u00a0 1\u00f3ra<\/li>\n<li>A f\u00e9l\u00e9vv\u00e9gi al\u00e1\u00edr\u00e1s k\u00f6vetelm\u00e9nye: elm\u00e9leti el\u0151ad\u00e1sok meghallgat\u00e1sa \u00e9s a gyakorlat elv\u00e9gz\u00e9se<\/li>\n<li>A sz\u00e1monk\u00e9r\u00e9s form\u00e1ja: sz\u00f3beli kollokvium t\u00e9telsor alapj\u00e1n, melynek r\u00e9sz\u00e9t k\u00e9pezi az el\u0151ad\u00e1s \u00e9s a gyakorlat anyaga, valamint egy gy\u00f3gyn\u00f6v\u00e9ny felismer\u00e9se \u00e9s bemutat\u00e1sa<\/li>\n<li>A sz\u00e1monk\u00e9r\u00e9s \u00fctemez\u00e9se: a vizsgaid\u0151szakban<\/li>\n<\/ul>\n","protected":false},"excerpt":{"rendered":"<p>TERM\u00c9SZETES EREDET\u0170 ANYAGOK , GY\u00d3GYSZEREK, GY\u00d3GYHAT\u00c1S\u00da K\u00c9SZ\u00cdTM\u00c9NYEK, GY\u00d3GYN\u00d6V\u00c9NYEK \u00a0 A tant\u00e1rgyi szakmai tartalom elsaj\u00e1t\u00edt\u00e1snak c\u00e9lja: A tant\u00e1rgy feladata \u00e9s c\u00e9lja a T\u00e1pl\u00e1lkoz\u00e1studom\u00e1nyok mesterszakot v\u00e9gz\u0151 hallgat\u00f3k sz\u00e1m\u00e1ra egyr\u00e9szt a k\u00fcl\u00f6nb\u00f6z\u0151\u00a0 szerkezet\u0171 n\u00f6v\u00e9nyi hat\u00f3anyagok\u00a0 rendszerez\u00e9s\u00e9nek megismer\u00e9se \u00e9s hat\u00e1s-szerkezet \u00f6sszef\u00fcgg\u00e9sek tanulm\u00e1nyoz\u00e1sa konkr\u00e9t p\u00e9ld\u00e1kon; m\u00e1sr\u00e9szt a gyakorlatban el\u0151fordul\u00f3 n\u00f6v\u00e9nyi alap\u00fa gy\u00f3gyszerek, gy\u00f3gyhat\u00e1s\u00fa k\u00e9sz\u00edtm\u00e9nyek \u00f6sszet\u00e9tel\u00e9nek ismeret\u00e9ben a megfelel\u0151 indik\u00e1ci\u00f3s ter\u00fcletek &hellip;<\/p>\n","protected":false},"author":104,"featured_media":0,"parent":3435,"menu_order":4,"comment_status":"closed","ping_status":"closed","template":"template-fullwidth.php","meta":{"_acf_changed":false,"footnotes":""},"categories":[],"tags":[],"class_list":["post-3449","page","type-page","status-publish","hentry"],"acf":[],"_links":{"self":[{"href":"https:\/\/semmelweis.hu\/farmakognozia\/wp-json\/wp\/v2\/pages\/3449","targetHints":{"allow":["GET"]}}],"collection":[{"href":"https:\/\/semmelweis.hu\/farmakognozia\/wp-json\/wp\/v2\/pages"}],"about":[{"href":"https:\/\/semmelweis.hu\/farmakognozia\/wp-json\/wp\/v2\/types\/page"}],"author":[{"embeddable":true,"href":"https:\/\/semmelweis.hu\/farmakognozia\/wp-json\/wp\/v2\/users\/104"}],"replies":[{"embeddable":true,"href":"https:\/\/semmelweis.hu\/farmakognozia\/wp-json\/wp\/v2\/comments?post=3449"}],"version-history":[{"count":1,"href":"https:\/\/semmelweis.hu\/farmakognozia\/wp-json\/wp\/v2\/pages\/3449\/revisions"}],"predecessor-version":[{"id":3450,"href":"https:\/\/semmelweis.hu\/farmakognozia\/wp-json\/wp\/v2\/pages\/3449\/revisions\/3450"}],"up":[{"embeddable":true,"href":"https:\/\/semmelweis.hu\/farmakognozia\/wp-json\/wp\/v2\/pages\/3435"}],"wp:attachment":[{"href":"https:\/\/semmelweis.hu\/farmakognozia\/wp-json\/wp\/v2\/media?parent=3449"}],"wp:term":[{"taxonomy":"category","embeddable":true,"href":"https:\/\/semmelweis.hu\/farmakognozia\/wp-json\/wp\/v2\/categories?post=3449"},{"taxonomy":"post_tag","embeddable":true,"href":"https:\/\/semmelweis.hu\/farmakognozia\/wp-json\/wp\/v2\/tags?post=3449"}],"curies":[{"name":"wp","href":"https:\/\/api.w.org\/{rel}","templated":true}]}}