{"id":3446,"date":"2021-01-21T14:15:53","date_gmt":"2021-01-21T13:15:53","guid":{"rendered":"https:\/\/semmelweis.hu\/farmakognozia\/?page_id=3446"},"modified":"2024-09-20T14:05:15","modified_gmt":"2024-09-20T12:05:15","slug":"fitoterapia-alapjai","status":"publish","type":"page","link":"https:\/\/semmelweis.hu\/farmakognozia\/oktatas\/kotelezo-tantargyak\/fitoterapia-alapjai\/","title":{"rendered":"FITOTER\u00c1PIA"},"content":{"rendered":"<p style=\"text-align: center\"><strong>FITOTER\u00c1PIA<\/strong><\/p>\n<p><strong>A tant\u00e1rgy szakmai tartalma elsaj\u00e1t\u00edt\u00e1s\u00e1nak c\u00e9lja \u00e9s feladata a k\u00e9pz\u00e9s c\u00e9lj\u00e1nak megval\u00f3s\u00edt\u00e1s\u00e1ban:<\/strong><\/p>\n<p>A tant\u00e1rgy c\u00e9lja, hogy megismertesse a gy\u00f3gyszer\u00e9szhallgat\u00f3kat a racion\u00e1lis fitoter\u00e1pi\u00e1ban felhaszn\u00e1lhat\u00f3 gy\u00f3gyn\u00f6v\u00e9nyekkel \u00e9s a bel\u0151l\u00fck el\u0151\u00e1ll\u00edtott gy\u00f3gyszerekkel, \u00e9trend-kieg\u00e9sz\u00edt\u0151kel \u00e9s egy\u00e9b k\u00e9sz\u00edtm\u00e9nyekkel: hangs\u00falyt helyezve ezek \u00f6sszet\u00e9tel\u00e9re, hat\u00e1s\u00e1ra, alkalmaz\u00e1si m\u00f3djaira, a ter\u00e1pi\u00e1ban figyelembe veend\u0151 indik\u00e1ci\u00f3s ter\u00fcletekre, a vonatkoz\u00f3 farmakol\u00f3giai \u00e9s klinikai adatokra, a fontosabb mell\u00e9khat\u00e1sokra \u00e9s interakci\u00f3kra. T\u00e1mpontot ad az \u00f6n\u00e1ll\u00f3 vagy kieg\u00e9sz\u00edt\u0151 ter\u00e1pi\u00e1ban alkalmazhat\u00f3, tradicion\u00e1lis \u00e9s megalapozott hat\u00e1s\u00fa n\u00f6v\u00e9nyi gy\u00f3gyszerek kiv\u00e1laszt\u00e1s\u00e1hoz. Seg\u00edt eligazodni a sz\u00e1mos forgalomban l\u00e9v\u0151 n\u00f6v\u00e9nyi alap\u00fa term\u00e9k k\u00f6z\u00f6tt. Hozz\u00e1j\u00e1rul a gy\u00f3gyn\u00f6v\u00e9nyek val\u00f3s \u00e9rt\u00e9keiknek megfelel\u0151 meg\u00edt\u00e9l\u00e9s\u00e9hez, a prevenci\u00f3ban \u00e9s ter\u00e1pi\u00e1ban val\u00f3 jelent\u0151s\u00e9g\u00fck megismer\u00e9s\u00e9hez.<\/p>\n<p><strong>A tant\u00e1rgy r\u00f6vid le\u00edr\u00e1sa:<\/strong><\/p>\n<p>A t\u00e1rgy keret\u00e9ben az el\u0151ad\u00f3 ismerteti a racion\u00e1lis fitoter\u00e1pi\u00e1ban relev\u00e1ns indik\u00e1ci\u00f3s ter\u00fcleteket \u00e9s az ott alkalmazhat\u00f3 gy\u00f3gyn\u00f6v\u00e9nyeket, n\u00f6v\u00e9nyi alap\u00fa k\u00e9sz\u00edtm\u00e9nyeket, kit\u00e9rve hat\u00f3anyagaikra is. Ismerteti a gy\u00f3gyn\u00f6v\u00e9nyeket tartalmaz\u00f3 gy\u00e1ri\/galenusi k\u00e9sz\u00edtm\u00e9nyeket, teakever\u00e9keket \u00e9s recept\u00far\u00e1kat. Bemutatja az eddig felt\u00e1rt hat\u00e1smechanizmusokat, a jelent\u0151sebb szinerg hat\u00e1sokat, az esetleges mell\u00e9khat\u00e1sokat, ill. interakci\u00f3kat. Foglalkozik a kliniko-farmakol\u00f3giai vizsg\u00e1latok adataival, az alkalmaz\u00e1s \u00e9s a doz\u00edroz\u00e1s aj\u00e1nl\u00e1saival, tov\u00e1bb\u00e1 p\u00e9ld\u00e1kat mutat be a hazai, ill. k\u00fclf\u00f6ldi n\u00f6v\u00e9nyi gy\u00f3gyszerek, fitoter\u00e1pi\u00e1s k\u00e9sz\u00edtm\u00e9nyek k\u00f6r\u00e9b\u0151l.<\/p>\n<p><strong>Tematika:<\/strong><\/p>\n<p>1. A fitoter\u00e1pia helye a gy\u00f3gyszeres ter\u00e1pi\u00e1ban. Fitoterapeutikumok jellemz\u0151i \u00e9s fejleszt\u00e9se<br \/>\n2. A fitoterapeutikumok hat\u00e1soss\u00e1g\u00e1nak igazol\u00e1sa, gy\u00f3gyn\u00f6v\u00e9ny-monogr\u00e1fi\u00e1k<br \/>\n3. Gy\u00f3gyn\u00f6v\u00e9nyek \u00e9s hat\u00f3anyagaik mell\u00e9khat\u00e1sai \u00e9s k\u00f6lcs\u00f6nhat\u00e1sai<br \/>\n4. Az em\u00e9szt\u0151rendszerre hat\u00f3 n\u00f6v\u00e9nyi szerek 1. <br \/>\n5. Az em\u00e9szt\u0151rendszerre hat\u00f3 n\u00f6v\u00e9nyi szerek 2. <br \/>\n6. N\u00f6v\u00e9nyi gyullad\u00e1scs\u00f6kkent\u0151k \u00e9s f\u00e1jdalomcsillap\u00edt\u00f3k<br \/>\n7. Fels\u0151 l\u00e9g\u00fati megbeteged\u00e9sekben haszn\u00e1lhat\u00f3 gy\u00f3gyn\u00f6v\u00e9nyek \u00e9s k\u00e9sz\u00edtm\u00e9nyeik<br \/>\n8. Immunmodul\u00e1ns \u00e9s adaptog\u00e9n hat\u00e1s\u00fa gy\u00f3gyn\u00f6v\u00e9nyek<br \/>\n9. Esetmegbesz\u00e9l\u00e9s<br \/>\n10. Az urogenit\u00e1lis rendszer megbeteged\u00e9seiben haszn\u00e1lhat\u00f3 gy\u00f3gyn\u00f6v\u00e9nyek \u00e9s k\u00e9sz\u00edtm\u00e9nyeik<br \/>\n11. A sz\u00edv- \u00e9s \u00e9rrendszerre hat\u00f3 gy\u00f3gyn\u00f6v\u00e9nyek \u00e9s k\u00e9sz\u00edtm\u00e9nyeik. Gy\u00f3gyn\u00f6v\u00e9nyek \u00e9s a metabolikus szindr\u00f3ma<br \/>\n12. A k\u00f6zponti idegrendszerre hat\u00f3 gy\u00f3gyn\u00f6v\u00e9nyek \u00e9s k\u00e9sz\u00edtm\u00e9nyeik<br \/>\n13. A b\u0151r \u00e9s a sz\u00e1jny\u00e1lkah\u00e1rtya betegs\u00e9geiben alkalmazhat\u00f3 gy\u00f3gyn\u00f6v\u00e9nyek <br \/>\n14. Esetmegbesz\u00e9l\u00e9s<\/p>\n<p><strong>Kurzus k\u00f6vetelm\u00e9nyrendszere: <\/strong><\/p>\n<ul>\n<li>A kurzus felv\u00e9tel\u00e9nek el\u0151zetes k\u00f6vetelm\u00e9nyei: Gy\u00f3gyn\u00f6v\u00e9ny- \u00e9s drogismeret II.<\/li>\n<li>A f\u00e9l\u00e9v v\u00e9gi al\u00e1\u00edr\u00e1s k\u00f6vetelm\u00e9nyei: el\u0151ad\u00e1sok l\u00e1togat\u00e1sa<\/li>\n<li>A f\u00e9l\u00e9v v\u00e9gi sz\u00e1monk\u00e9r\u00e9s t\u00edpusa: kollokvium<\/li>\n<li>A f\u00e9l\u00e9v v\u00e9gi sz\u00e1monk\u00e9r\u00e9s form\u00e1ja: sz\u00f3beli vizsga<\/li>\n<\/ul>\n<p><strong>A tananyag elsaj\u00e1t\u00edt\u00e1s\u00e1hoz felhaszn\u00e1lhat\u00f3 jegyzetek, tank\u00f6nyvek, seg\u00e9dletek \u00e9s szakirodalom list\u00e1ja:<\/strong><\/p>\n<p>\u2013 el\u0151ad\u00e1sok diasora (el\u00e9rhet\u0151 a Moodle fel\u00fcleten)<\/p>\n<p>\u2013 Csupor Dezs\u0151: Fitoter\u00e1pia &#8211; N\u00f6v\u00e9nyi szerek a gy\u00f3gy\u00e1szatban. JATEPress, Szeged, 2015.<\/p>\n<p>\u2013 EMA n\u00f6v\u00e9nyi gy\u00f3gyszer-monogr\u00e1fi\u00e1k: https:\/\/www.ema.europa.eu\/en\/medicines\/<\/p>\n<p>\u2013 WHO gy\u00f3gyn\u00f6v\u00e9ny-monogr\u00e1fi\u00e1k: https:\/\/apps.who.int\/iris\/handle\/10665\/42052<\/p>\n<p>\u2013 Kerry Bone, Simon Mills: Principles and Practice of Phytotherapy. 2. kiad\u00e1s, Churchill Livingstone, 2013.<\/p>\n","protected":false},"excerpt":{"rendered":"<p>FITOTER\u00c1PIA A tant\u00e1rgy szakmai tartalma elsaj\u00e1t\u00edt\u00e1s\u00e1nak c\u00e9lja \u00e9s feladata a k\u00e9pz\u00e9s c\u00e9lj\u00e1nak megval\u00f3s\u00edt\u00e1s\u00e1ban: A tant\u00e1rgy c\u00e9lja, hogy megismertesse a gy\u00f3gyszer\u00e9szhallgat\u00f3kat a racion\u00e1lis fitoter\u00e1pi\u00e1ban felhaszn\u00e1lhat\u00f3 gy\u00f3gyn\u00f6v\u00e9nyekkel \u00e9s a bel\u0151l\u00fck el\u0151\u00e1ll\u00edtott gy\u00f3gyszerekkel, \u00e9trend-kieg\u00e9sz\u00edt\u0151kel \u00e9s egy\u00e9b k\u00e9sz\u00edtm\u00e9nyekkel: hangs\u00falyt helyezve ezek \u00f6sszet\u00e9tel\u00e9re, hat\u00e1s\u00e1ra, alkalmaz\u00e1si m\u00f3djaira, a ter\u00e1pi\u00e1ban figyelembe veend\u0151 indik\u00e1ci\u00f3s ter\u00fcletekre, a vonatkoz\u00f3 farmakol\u00f3giai \u00e9s klinikai adatokra, a fontosabb &hellip;<\/p>\n","protected":false},"author":104,"featured_media":0,"parent":3435,"menu_order":3,"comment_status":"closed","ping_status":"closed","template":"template-fullwidth.php","meta":{"_acf_changed":false,"footnotes":""},"categories":[],"tags":[],"class_list":["post-3446","page","type-page","status-publish","hentry"],"acf":[],"_links":{"self":[{"href":"https:\/\/semmelweis.hu\/farmakognozia\/wp-json\/wp\/v2\/pages\/3446","targetHints":{"allow":["GET"]}}],"collection":[{"href":"https:\/\/semmelweis.hu\/farmakognozia\/wp-json\/wp\/v2\/pages"}],"about":[{"href":"https:\/\/semmelweis.hu\/farmakognozia\/wp-json\/wp\/v2\/types\/page"}],"author":[{"embeddable":true,"href":"https:\/\/semmelweis.hu\/farmakognozia\/wp-json\/wp\/v2\/users\/104"}],"replies":[{"embeddable":true,"href":"https:\/\/semmelweis.hu\/farmakognozia\/wp-json\/wp\/v2\/comments?post=3446"}],"version-history":[{"count":4,"href":"https:\/\/semmelweis.hu\/farmakognozia\/wp-json\/wp\/v2\/pages\/3446\/revisions"}],"predecessor-version":[{"id":3782,"href":"https:\/\/semmelweis.hu\/farmakognozia\/wp-json\/wp\/v2\/pages\/3446\/revisions\/3782"}],"up":[{"embeddable":true,"href":"https:\/\/semmelweis.hu\/farmakognozia\/wp-json\/wp\/v2\/pages\/3435"}],"wp:attachment":[{"href":"https:\/\/semmelweis.hu\/farmakognozia\/wp-json\/wp\/v2\/media?parent=3446"}],"wp:term":[{"taxonomy":"category","embeddable":true,"href":"https:\/\/semmelweis.hu\/farmakognozia\/wp-json\/wp\/v2\/categories?post=3446"},{"taxonomy":"post_tag","embeddable":true,"href":"https:\/\/semmelweis.hu\/farmakognozia\/wp-json\/wp\/v2\/tags?post=3446"}],"curies":[{"name":"wp","href":"https:\/\/api.w.org\/{rel}","templated":true}]}}