{"id":3435,"date":"2021-01-21T13:29:04","date_gmt":"2021-01-21T12:29:04","guid":{"rendered":"https:\/\/semmelweis.hu\/farmakognozia\/?page_id=3435"},"modified":"2025-02-20T14:38:32","modified_gmt":"2025-02-20T13:38:32","slug":"kotelezo-tantargyak","status":"publish","type":"page","link":"https:\/\/semmelweis.hu\/farmakognozia\/oktatas\/kotelezo-tantargyak\/","title":{"rendered":"K\u00d6TELEZ\u0150 TANT\u00c1RGYAK"},"content":{"rendered":"<h1>\u00a0<\/h1>\n<p>&nbsp;<\/p>\n<ul>\n<li><a href=\"https:\/\/semmelweis.hu\/farmakognozia\/oktatas\/kotelezo-tantargyak\/gyogyszereszi-novenytan\/\">GY\u00d3GYSZER\u00c9SZI N\u00d6V\u00c9NYTAN<\/a><\/li>\n<li><a href=\"https:\/\/semmelweis.hu\/farmakognozia\/oktatas\/kotelezo-tantargyak\/gyogynoveny-es-drogismeret-i-magyar\/\">GY\u00d3GYN\u00d6V\u00c9NY \u00c9S DROGISMERET I.<\/a><\/li>\n<li><a href=\"https:\/\/semmelweis.hu\/farmakognozia\/oktatas\/kotelezo-tantargyak\/gyogynoveny-es-drogismeret-ii\/\">GY\u00d3GYN\u00d6V\u00c9NY- \u00c9S DROGISMERET II.<\/a><\/li>\n<li><a href=\"https:\/\/semmelweis.hu\/farmakognozia\/oktatas\/kotelezo-tantargyak\/fitoterapia-alapjai\/\">FITOTER\u00c1PIA<\/a><\/li>\n<li><a href=\"https:\/\/semmelweis.hu\/farmakognozia\/oktatas\/kotelezo-tantargyak\/etk-termeszetes-eredetu-anyagok-gyogyszerek-gyogyhatasu-keszitmenyek-gyogynovenyek\/\">ETK Term\u00e9szetes eredet\u0171 anyagok , gy\u00f3gyszerek, gy\u00f3gyhat\u00e1s\u00fa k\u00e9sz\u00edtm\u00e9nyek, gy\u00f3gyn\u00f6v\u00e9nyek<\/a><\/li>\n<\/ul>\n<p>&nbsp;<\/p>\n<p>&nbsp;<\/p>\n<p>&nbsp;<\/p>\n","protected":false},"excerpt":{"rendered":"<p>\u00a0<br \/>\n&nbsp;<\/p>\n<p><a href=\"https:\/\/semmelweis.hu\/farmakognozia\/oktatas\/kotelezo-tantargyak\/gyogyszereszi-novenytan\/\">GY\u00d3GYSZER\u00c9SZI N\u00d6V\u00c9NYTAN<\/a><br \/>\n<a href=\"https:\/\/semmelweis.hu\/farmakognozia\/oktatas\/kotelezo-tantargyak\/gyogynoveny-es-drogismeret-i-magyar\/\">GY\u00d3GYN\u00d6V\u00c9NY \u00c9S DROGISMERET I.<\/a><br \/>\n<a href=\"https:\/\/semmelweis.hu\/farmakognozia\/oktatas\/kotelezo-tantargyak\/gyogynoveny-es-drogismeret-ii\/\">GY\u00d3GYN\u00d6V\u00c9NY- \u00c9S DROGISMERET II.<\/a><br \/>\n<a href=\"https:\/\/semmelweis.hu\/farmakognozia\/oktatas\/kotelezo-tantargyak\/fitoterapia-alapjai\/\">FITOTER\u00c1PIA<\/a><br \/>\n<a href=\"https:\/\/semmelweis.hu\/farmakognozia\/oktatas\/kotelezo-tantargyak\/etk-termeszetes-eredetu-anyagok-gyogyszerek-gyogyhatasu-keszitmenyek-gyogynovenyek\/\">ETK Term\u00e9szetes eredet\u0171 anyagok , gy\u00f3gyszerek, gy\u00f3gyhat\u00e1s\u00fa k\u00e9sz\u00edtm\u00e9nyek, gy\u00f3gyn\u00f6v\u00e9nyek<\/a><\/p>\n<p>&nbsp;<br \/>\n&nbsp;<br \/>\n&nbsp;<\/p>\n","protected":false},"author":104,"featured_media":0,"parent":6,"menu_order":0,"comment_status":"closed","ping_status":"closed","template":"template-fullwidth.php","meta":{"_acf_changed":false,"footnotes":""},"categories":[],"tags":[],"class_list":["post-3435","page","type-page","status-publish","hentry"],"acf":[],"_links":{"self":[{"href":"https:\/\/semmelweis.hu\/farmakognozia\/wp-json\/wp\/v2\/pages\/3435","targetHints":{"allow":["GET"]}}],"collection":[{"href":"https:\/\/semmelweis.hu\/farmakognozia\/wp-json\/wp\/v2\/pages"}],"about":[{"href":"https:\/\/semmelweis.hu\/farmakognozia\/wp-json\/wp\/v2\/types\/page"}],"author":[{"embeddable":true,"href":"https:\/\/semmelweis.hu\/farmakognozia\/wp-json\/wp\/v2\/users\/104"}],"replies":[{"embeddable":true,"href":"https:\/\/semmelweis.hu\/farmakognozia\/wp-json\/wp\/v2\/comments?post=3435"}],"version-history":[{"count":10,"href":"https:\/\/semmelweis.hu\/farmakognozia\/wp-json\/wp\/v2\/pages\/3435\/revisions"}],"predecessor-version":[{"id":3831,"href":"https:\/\/semmelweis.hu\/farmakognozia\/wp-json\/wp\/v2\/pages\/3435\/revisions\/3831"}],"up":[{"embeddable":true,"href":"https:\/\/semmelweis.hu\/farmakognozia\/wp-json\/wp\/v2\/pages\/6"}],"wp:attachment":[{"href":"https:\/\/semmelweis.hu\/farmakognozia\/wp-json\/wp\/v2\/media?parent=3435"}],"wp:term":[{"taxonomy":"category","embeddable":true,"href":"https:\/\/semmelweis.hu\/farmakognozia\/wp-json\/wp\/v2\/categories?post=3435"},{"taxonomy":"post_tag","embeddable":true,"href":"https:\/\/semmelweis.hu\/farmakognozia\/wp-json\/wp\/v2\/tags?post=3435"}],"curies":[{"name":"wp","href":"https:\/\/api.w.org\/{rel}","templated":true}]}}