{"id":2534,"date":"2019-10-14T16:44:50","date_gmt":"2019-10-14T14:44:50","guid":{"rendered":"http:\/\/semmelweis.hu\/farmakognozia\/?page_id=2534"},"modified":"2025-09-16T10:29:26","modified_gmt":"2025-09-16T08:29:26","slug":"phd-kepzes","status":"publish","type":"page","link":"https:\/\/semmelweis.hu\/farmakognozia\/kutatasi-tevekenyseg\/phd-kepzes\/","title":{"rendered":"Ph.D. k\u00e9pz\u00e9s"},"content":{"rendered":"<p>Doktori Iskola: GY\u00d3GYSZERTUDOM\u00c1NYOK DOKTORI ISKOLA<br \/>\n(Vezet\u0151: Dr. Zelk\u00f3 Rom\u00e1na)<br \/>\n(Doktori iskola tanulm\u00e1nyi adminisztr\u00e1tora: Sz\u00e9kely Ilona)<\/p>\n<p>Program:<br \/>\nA gy\u00f3gyszer\u00e9szeti tudom\u00e1nyok korszer\u0171 kutat\u00e1s ir\u00e1nyai. <br \/>\n(Programvezet\u0151: Dr. Antal Istv\u00e1n)<\/p>\n<p>Egyetemi doktori fokozat (Ph.D.) megszerz\u00e9s\u00e9re szervezett k\u00e9pz\u00e9s, illetve egy\u00e9ni felk\u00e9sz\u00fcl\u00e9s form\u00e1j\u00e1ban\u00a0 lehet az Int\u00e9zetbe jelentkezni.<\/p>\n<p><strong>Meghirdetett PhD kutat\u00e1si t\u00e9m\u00e1k<\/strong><\/p>\n<ul>\n<li>Bioakt\u00edv term\u00e9szetes vegy\u00fcletek fitoanalitikai jellemz\u00e9se (Dr. Alberti \u00c1gnes)<\/li>\n<li>N\u00f6v\u00e9nyi eredet\u0171, gy\u00f3gyhat\u00e1s\u00fa flavonoidok \u00e9s lign\u00e1nok azonos\u00edt\u00e1sa \u00e9s mennyis\u00e9gi meghat\u00e1roz\u00e1sa a kromatogr\u00e1fia m\u00f3d- szereivel (Dr. Boldizs\u00e1r Imre)<\/li>\n<li>Term\u00e9szetes vegy\u00fcletek komplexk\u00e9pz\u00e9s\u00e9nek vizsg\u00e1lata (Dr. Fej\u0151s Ida)<\/li>\n<li>Gy\u00f3gy\u00e1szati szempontb\u00f3l jelent\u00f5s Zingiberaceae fajok hat\u00f3anyagainak farmakokinetikai vizsg\u00e1lata (Dr. Riethm\u00fcller Eszter)<\/li>\n<li>Magyarorsz\u00e1gon honos makroszkopikus gomb\u00e1k biol\u00f3giailag akt\u00edv vegy\u00fcleteinek vizsg\u00e1lata (Dr. V\u00e1nyol\u00f3s Attila)<\/li>\n<\/ul>\n<p>&nbsp;<\/p>\n<p><a href=\"https:\/\/semmelweis.hu\/farmakognozia\/files\/2019\/10\/komplex_vizsga_tomegspektrometria-farmakognozia_2018-19_2.pdf\">Komplex vizsga: t\u00f6megspektrometria-farmakogn\u00f3zia\u00a0 <\/a>(\u00e9rv\u00e9nyes visszavon\u00e1sig)<\/p>\n<p>&nbsp;<\/p>\n","protected":false},"excerpt":{"rendered":"<p>Doktori Iskola: GY\u00d3GYSZERTUDOM\u00c1NYOK DOKTORI ISKOLA (Vezet\u0151: Dr. Zelk\u00f3 Rom\u00e1na) (Doktori iskola tanulm\u00e1nyi adminisztr\u00e1tora: Sz\u00e9kely Ilona) Program: A gy\u00f3gyszer\u00e9szeti tudom\u00e1nyok korszer\u0171 kutat\u00e1s ir\u00e1nyai. (Programvezet\u0151: Dr. Antal Istv\u00e1n) Egyetemi doktori fokozat (Ph.D.) megszerz\u00e9s\u00e9re szervezett k\u00e9pz\u00e9s, illetve egy\u00e9ni felk\u00e9sz\u00fcl\u00e9s form\u00e1j\u00e1ban\u00a0 lehet az Int\u00e9zetbe jelentkezni. Meghirdetett PhD kutat\u00e1si t\u00e9m\u00e1k Bioakt\u00edv term\u00e9szetes vegy\u00fcletek fitoanalitikai jellemz\u00e9se (Dr. Alberti \u00c1gnes) N\u00f6v\u00e9nyi eredet\u0171, &hellip;<\/p>\n","protected":false},"author":104,"featured_media":0,"parent":18,"menu_order":2,"comment_status":"closed","ping_status":"closed","template":"","meta":{"_acf_changed":false,"footnotes":""},"categories":[],"tags":[],"class_list":["post-2534","page","type-page","status-publish","hentry"],"acf":[],"_links":{"self":[{"href":"https:\/\/semmelweis.hu\/farmakognozia\/wp-json\/wp\/v2\/pages\/2534","targetHints":{"allow":["GET"]}}],"collection":[{"href":"https:\/\/semmelweis.hu\/farmakognozia\/wp-json\/wp\/v2\/pages"}],"about":[{"href":"https:\/\/semmelweis.hu\/farmakognozia\/wp-json\/wp\/v2\/types\/page"}],"author":[{"embeddable":true,"href":"https:\/\/semmelweis.hu\/farmakognozia\/wp-json\/wp\/v2\/users\/104"}],"replies":[{"embeddable":true,"href":"https:\/\/semmelweis.hu\/farmakognozia\/wp-json\/wp\/v2\/comments?post=2534"}],"version-history":[{"count":10,"href":"https:\/\/semmelweis.hu\/farmakognozia\/wp-json\/wp\/v2\/pages\/2534\/revisions"}],"predecessor-version":[{"id":3860,"href":"https:\/\/semmelweis.hu\/farmakognozia\/wp-json\/wp\/v2\/pages\/2534\/revisions\/3860"}],"up":[{"embeddable":true,"href":"https:\/\/semmelweis.hu\/farmakognozia\/wp-json\/wp\/v2\/pages\/18"}],"wp:attachment":[{"href":"https:\/\/semmelweis.hu\/farmakognozia\/wp-json\/wp\/v2\/media?parent=2534"}],"wp:term":[{"taxonomy":"category","embeddable":true,"href":"https:\/\/semmelweis.hu\/farmakognozia\/wp-json\/wp\/v2\/categories?post=2534"},{"taxonomy":"post_tag","embeddable":true,"href":"https:\/\/semmelweis.hu\/farmakognozia\/wp-json\/wp\/v2\/tags?post=2534"}],"curies":[{"name":"wp","href":"https:\/\/api.w.org\/{rel}","templated":true}]}}