{"id":2043,"date":"2018-11-22T10:59:10","date_gmt":"2018-11-22T09:59:10","guid":{"rendered":"http:\/\/semmelweis.hu\/farmakognozia\/?page_id=2043"},"modified":"2024-09-20T13:02:56","modified_gmt":"2024-09-20T11:02:56","slug":"intezeti-publikaciok","status":"publish","type":"page","link":"https:\/\/semmelweis.hu\/farmakognozia\/kutatasi-tevekenyseg\/intezeti-publikaciok\/","title":{"rendered":"Int\u00e9zeti k\u00f6zlem\u00e9nyek"},"content":{"rendered":"<p>&nbsp;<\/p>\n<h3 style=\"text-align: center\"><a href=\"https:\/\/lib.semmelweis.hu\/publikaciok\/pubList?filterType=DepartPubs&amp;departID=10348&amp;pubListOrder=1\">Int\u00e9zeti k\u00f6zlem\u00e9nyek (2019-2024)<\/a><\/h3>\n","protected":false},"excerpt":{"rendered":"<p>&nbsp;<br \/>\n<a href=\"https:\/\/lib.semmelweis.hu\/publikaciok\/pubList?filterType=DepartPubs&amp;departID=10348&amp;pubListOrder=1\">Int\u00e9zeti k\u00f6zlem\u00e9nyek (2019-2024)<\/a><\/p>\n","protected":false},"author":104,"featured_media":0,"parent":18,"menu_order":4,"comment_status":"closed","ping_status":"closed","template":"","meta":{"_acf_changed":false,"footnotes":""},"categories":[],"tags":[],"class_list":["post-2043","page","type-page","status-publish","hentry"],"acf":[],"_links":{"self":[{"href":"https:\/\/semmelweis.hu\/farmakognozia\/wp-json\/wp\/v2\/pages\/2043","targetHints":{"allow":["GET"]}}],"collection":[{"href":"https:\/\/semmelweis.hu\/farmakognozia\/wp-json\/wp\/v2\/pages"}],"about":[{"href":"https:\/\/semmelweis.hu\/farmakognozia\/wp-json\/wp\/v2\/types\/page"}],"author":[{"embeddable":true,"href":"https:\/\/semmelweis.hu\/farmakognozia\/wp-json\/wp\/v2\/users\/104"}],"replies":[{"embeddable":true,"href":"https:\/\/semmelweis.hu\/farmakognozia\/wp-json\/wp\/v2\/comments?post=2043"}],"version-history":[{"count":5,"href":"https:\/\/semmelweis.hu\/farmakognozia\/wp-json\/wp\/v2\/pages\/2043\/revisions"}],"predecessor-version":[{"id":3796,"href":"https:\/\/semmelweis.hu\/farmakognozia\/wp-json\/wp\/v2\/pages\/2043\/revisions\/3796"}],"up":[{"embeddable":true,"href":"https:\/\/semmelweis.hu\/farmakognozia\/wp-json\/wp\/v2\/pages\/18"}],"wp:attachment":[{"href":"https:\/\/semmelweis.hu\/farmakognozia\/wp-json\/wp\/v2\/media?parent=2043"}],"wp:term":[{"taxonomy":"category","embeddable":true,"href":"https:\/\/semmelweis.hu\/farmakognozia\/wp-json\/wp\/v2\/categories?post=2043"},{"taxonomy":"post_tag","embeddable":true,"href":"https:\/\/semmelweis.hu\/farmakognozia\/wp-json\/wp\/v2\/tags?post=2043"}],"curies":[{"name":"wp","href":"https:\/\/api.w.org\/{rel}","templated":true}]}}