{"id":19,"date":"2012-06-12T15:38:50","date_gmt":"2012-06-12T13:38:50","guid":{"rendered":"http:\/\/semmelweis-egyetem.hu\/farmakognozia\/?page_id=19"},"modified":"2025-09-29T15:53:42","modified_gmt":"2025-09-29T13:53:42","slug":"munkatarsaink","status":"publish","type":"page","link":"https:\/\/semmelweis.hu\/farmakognozia\/munkatarsaink\/","title":{"rendered":"Munkat\u00e1rsaink"},"content":{"rendered":"<p><strong>AZ INT\u00c9ZET C\u00cdME\u00a0 \u00c9S EL\u00c9RHET\u0150S\u00c9GEI:<\/strong><\/p>\n<p><em>Az al\u00e1bbi el\u00e9rhet\u0151s\u00e9gi adatok nem haszn\u00e1lhat\u00f3k fel az 1995. \u00e9vi CXIX. t\u00f6rv\u00e9ny szerinti kutat\u00e1s \u00e9s k\u00f6zvetlen \u00fczletszerz\u00e9s c\u00e9lj\u00e1ra.<\/em><\/p>\n<p><strong>1085 Budapest, VIII. \u00dcll\u0151i \u00fat. 26., III. emelet<\/strong><strong><br \/>\n<\/strong><strong>TITK\u00c1RS\u00c1G:\u00a0 Tel.:\u00a0 317-2979; 459-1500\/55206<\/strong><strong><br \/>\n<\/strong><strong>INT\u00c9ZETI HONLAP \u00a0 \u00a0 \u00a0 \u00a0 https:\/\/semmelweis.hu\/farmakognozia\/ <\/strong><\/p>\n<p><strong>Titk\u00e1rs\u00e1g: Sz\u00e9kely Ilona (\u00fcgyviv\u0151 szak\u00e9rt\u0151)<\/strong><strong><br \/>\n<\/strong><strong>e-mail: titkarsag.drog(at)pharma.semmelweis-univ.hu <\/strong><strong><\/p>\n<p><\/strong><\/p>\n<p><strong>MUNKAT\u00c1RSAK<\/strong><\/p>\n<p><strong>IGAZGAT\u00d3<\/strong><\/p>\n<p><strong>Alberti-D\u00e9r \u00c1gnes Ph.D. \u00a0egyetemi docens<\/strong><strong><br \/>\n<\/strong><strong>e-mail:\u00a0 alberti.agnes(at)semmelweis.hu <\/strong><strong><br \/>\n<\/strong><strong>Titk\u00e1rs\u00e1gi\u00a0 tel.:\u00a0 317-2979 ; 459-1500 \/ 55206<\/strong><\/p>\n<p><strong>IGAZGAT\u00d3HELYETTES<\/strong><\/p>\n<p><strong>Boldizs\u00e1r Imre Ph.D. egyetemi docens<em><br \/>\n<\/em>e-mail: boldizsar.imre(at)semmelweis.hu<\/p>\n<p><\/strong><\/p>\n<p>&nbsp;<\/p>\n<table style=\"width: 74.3885%\" width=\"73%\">\n<tbody>\n<tr>\n<td style=\"width: 100%\">\n<p><strong>Adila Nazli\u00a0<\/strong>(Ph.D. hallgat\u00f3)<\/p>\n<p>e-mail: nazli.adila(at)phd.semmelweis.hu<\/p>\n<\/td>\n<\/tr>\n<tr>\n<td style=\"width: 100%\" width=\"99%\">\n<p><strong>B\u00e1nyai P\u00e9ter<\/strong> (megb\u00edzott oktat\u00f3)<em><br \/>\n<\/em>e-mail: banyai.peter(at)semmelweis.hu<\/p>\n<\/td>\n<\/tr>\n<tr>\n<td style=\"width: 100%\" width=\"99%\">\n<p><strong>Czegl\u00e9di Tam\u00e1s<\/strong> (oktat\u00e1si-kutat\u00e1si szakasszisztens)<br \/>\ne-mail: czegledi.tamas(at)semmelweis.hu<\/p>\n<\/td>\n<\/tr>\n<tr>\n<td style=\"width: 100%\" width=\"99%\">\n<p><strong>Csern\u00e1k Orsolya<\/strong> Ph.D. (egyetemi adjunktus)<br \/>\ne-mail: csernak.orsolya(at)semmelweis.hu<\/p>\n<\/td>\n<\/tr>\n<tr>\n<td style=\"width: 100%\">\n<p><strong>Ditr\u00f3i K\u00e1lm\u00e1n\u00a0<\/strong>(\u00f6nk\u00e9ntes seg\u00edt\u0151)<\/p>\n<\/td>\n<\/tr>\n<tr>\n<td style=\"width: 100%\">\n<p><strong>Doh\u00e1rszky Andr\u00e1s <\/strong>(rezidens, Ph.D. hallgat\u00f3)<\/p>\n<p>e-mail: doharszky.andras(at)semmelweis.hu<\/p>\n<\/td>\n<\/tr>\n<tr>\n<td style=\"width: 100%\" width=\"99%\">\n<p><strong>Fej\u0151s Ida<\/strong> Ph.D. (egyetemi adjunktus)<br \/>\ne-mail: fejos.ida(at)semmelweis.hu<\/p>\n<\/td>\n<\/tr>\n<tr>\n<td style=\"width: 100%\" width=\"99%\">\n<p><strong>Felegyi-T\u00f3th Csenge<\/strong> (egyetemi tan\u00e1rseg\u00e9d)<br \/>\ne-mail: felegyi.toth.csenge.anna(at)semmelweis.hu<\/p>\n<p><em>*tart\u00f3san t\u00e1vol<\/em><\/p>\n<\/td>\n<\/tr>\n<tr>\n<td style=\"width: 100%\" width=\"99%\">\n<p><strong>Gampe N\u00f3ra<\/strong> Ph.D. (egyetemi adjunktus)<br \/>\ne-mail: gampe.nora(at)semmelweis.hu<\/p>\n<\/td>\n<\/tr>\n<tr>\n<td style=\"width: 100%\" width=\"99%\">\n<p><strong>K\u00e1tai L\u00e1szl\u00f3<\/strong> (oktat\u00e1si szakasszisztens)<br \/>\ne-mail: katai.laszlo(at)semmelweis.hu<\/p>\n<\/td>\n<\/tr>\n<tr>\n<td style=\"width: 100%\">\n<p><strong>Kursinszki L\u00e1szl\u00f3<\/strong> Ph.D. <br \/>\n(nyugalmazott egyetemi docens, megb\u00edzott oktat\u00f3)<br \/>\ne-mail: kursinszki.laszlo(at)semmelweis.hu<\/p>\n<\/td>\n<\/tr>\n<tr>\n<td style=\"width: 100%\">\n<p><strong>Lemberkovics \u00c9va\u00a0<\/strong>Ph.D., C.Sc,<\/p>\n<p>(nyugalmazott egyetemi tan\u00e1r, \u00f6nk\u00e9ntes seg\u00edt\u0151)<\/p>\n<p>e-mail: lemberkovics.eva(at)semmelweis.hu<\/p>\n<\/td>\n<\/tr>\n<tr>\n<td style=\"width: 100%\" width=\"99%\">\n<p><strong>Malcsiner Petra<\/strong> (Ph.D. hallgat\u00f3)<br \/>\n<em>*tart\u00f3san t\u00e1vol<\/em><\/p>\n<\/td>\n<\/tr>\n<tr>\n<td style=\"width: 100%\" width=\"99%\">\n<p><strong>Osztie Rita<\/strong> (Ph.D. hallgat\u00f3)<\/p>\n<p>e-mail: osztie.rita(at)stud.semmelweis.hu<\/p>\n<\/td>\n<\/tr>\n<tr>\n<td style=\"width: 100%\" width=\"99%\">\n<p><strong>R\u00e1cz \u00c1kos<\/strong> Ph.D. (egyetemi adjunktus)<br \/>\ne-mail: racz.akos(at)semmelweis.hu<\/p>\n<\/td>\n<\/tr>\n<tr>\n<td style=\"width: 100%\" width=\"99%\">\n<p><strong>Rem\u00e9nyin\u00e9 K\u00f3r\u00f3di Zsuzsanna<\/strong> (adminisztrat\u00edv munkat\u00e1rs, k\u00e9zbes\u00edt\u0151)<br \/>\ne-mail: korodi.zsuzsanna(at)semmelweis.hu<\/p>\n<\/td>\n<\/tr>\n<tr>\n<td style=\"width: 100%\" width=\"99%\">\n<p><strong>Riethm\u00fcller Eszter<\/strong> Ph.D. (egyetemi adjunktus)<br \/>\ne-mail: riethmuller.eszter(at)semmelweis.hu<\/p>\n<p><em>angol tanulm\u00e1nyi felel\u0151s<\/em><\/p>\n<\/td>\n<\/tr>\n<tr>\n<td style=\"width: 100%\" width=\"99%\">\n<p><strong>Simon Alexandra<\/strong> (k\u00f6zponti gyakornok)<br \/>\ne-mail: simon.alexandra1(at)semmelweis.hu<\/p>\n<p><em>*tart\u00f3san t\u00e1vol<\/em><\/p>\n<\/td>\n<\/tr>\n<tr>\n<td style=\"width: 100%\" width=\"99%\">\n<p><strong>Sz\u00e9kely Ilona<\/strong>\u00a0(\u00fcgyviv\u0151 szak\u00e9rt\u0151)<br \/>\nTel.:55206<br \/>\ne-mail: szekely.ilona(at)semmelweis.hu<\/p>\n<\/td>\n<\/tr>\n<tr>\n<td style=\"width: 100%\" width=\"99%\">\n<p><strong>Sz\u0151ke \u00c9va<\/strong>\u00a0\u00a0 Ph.D., D.Sc. (professor emerita)<br \/>\ne-mail: szoke.eva(at)semmelweis.hu<\/p>\n<\/td>\n<\/tr>\n<tr>\n<td style=\"width: 100%\" width=\"99%\">\n<p><strong>T\u00f3th Lenke<\/strong> (gazdas\u00e1gi szak\u00e9rt\u0151)<br \/>\ne-mail: toth.lenke(at)semmelweis.hu<\/p>\n<\/td>\n<\/tr>\n<tr>\n<td style=\"width: 100%\" width=\"99%\">\n<p><strong>V\u00e1nyol\u00f3s Attila<\/strong> Ph.D. (egyetemi docens)<br \/>\ne-mail: vanyolos.attila(at)semmelweis.hu<\/p>\n<\/td>\n<\/tr>\n<tr>\n<td style=\"width: 100%\" width=\"99%\">\n<p><strong>V\u00e1rnagy Erzs\u00e9bet<\/strong> (Ph.D. hallgat\u00f3)<\/p>\n<p>e-mail: varnagy.erzsebet(at)phd.semmelweis.hu<\/p>\n<\/td>\n<\/tr>\n<tr>\n<td style=\"width: 100%\" width=\"99%\">\n<p><strong>Vesztergombi D\u00e1niel<\/strong> (Ph.D. hallgat\u00f3)<\/p>\n<p><em>*tart\u00f3san t\u00e1vol<\/em><\/p>\n<\/td>\n<\/tr>\n<\/tbody>\n<\/table>\n<p>&nbsp;<\/p>\n<h4>\n<span style=\"font-size: 14pt\"><br \/>\n<\/span><\/h4>\n<p>&nbsp;<\/p>\n","protected":false},"excerpt":{"rendered":"<p>AZ INT\u00c9ZET C\u00cdME\u00a0 \u00c9S EL\u00c9RHET\u0150S\u00c9GEI: Az al\u00e1bbi el\u00e9rhet\u0151s\u00e9gi adatok nem haszn\u00e1lhat\u00f3k fel az 1995. \u00e9vi CXIX. t\u00f6rv\u00e9ny szerinti kutat\u00e1s \u00e9s k\u00f6zvetlen \u00fczletszerz\u00e9s c\u00e9lj\u00e1ra. 1085 Budapest, VIII. \u00dcll\u0151i \u00fat. 26., III. emelet TITK\u00c1RS\u00c1G:\u00a0 Tel.:\u00a0 317-2979; 459-1500\/55206 INT\u00c9ZETI HONLAP \u00a0 \u00a0 \u00a0 \u00a0 https:\/\/semmelweis.hu\/farmakognozia\/ Titk\u00e1rs\u00e1g: Sz\u00e9kely Ilona (\u00fcgyviv\u0151 szak\u00e9rt\u0151) e-mail: titkarsag.drog(at)pharma.semmelweis-univ.hu MUNKAT\u00c1RSAK IGAZGAT\u00d3 Alberti-D\u00e9r \u00c1gnes Ph.D. \u00a0egyetemi &hellip;<\/p>\n","protected":false},"author":8,"featured_media":0,"parent":0,"menu_order":4,"comment_status":"closed","ping_status":"closed","template":"","meta":{"_acf_changed":false,"footnotes":""},"categories":[],"tags":[],"class_list":["post-19","page","type-page","status-publish","hentry"],"acf":[],"_links":{"self":[{"href":"https:\/\/semmelweis.hu\/farmakognozia\/wp-json\/wp\/v2\/pages\/19","targetHints":{"allow":["GET"]}}],"collection":[{"href":"https:\/\/semmelweis.hu\/farmakognozia\/wp-json\/wp\/v2\/pages"}],"about":[{"href":"https:\/\/semmelweis.hu\/farmakognozia\/wp-json\/wp\/v2\/types\/page"}],"author":[{"embeddable":true,"href":"https:\/\/semmelweis.hu\/farmakognozia\/wp-json\/wp\/v2\/users\/8"}],"replies":[{"embeddable":true,"href":"https:\/\/semmelweis.hu\/farmakognozia\/wp-json\/wp\/v2\/comments?post=19"}],"version-history":[{"count":12,"href":"https:\/\/semmelweis.hu\/farmakognozia\/wp-json\/wp\/v2\/pages\/19\/revisions"}],"predecessor-version":[{"id":3862,"href":"https:\/\/semmelweis.hu\/farmakognozia\/wp-json\/wp\/v2\/pages\/19\/revisions\/3862"}],"wp:attachment":[{"href":"https:\/\/semmelweis.hu\/farmakognozia\/wp-json\/wp\/v2\/media?parent=19"}],"wp:term":[{"taxonomy":"category","embeddable":true,"href":"https:\/\/semmelweis.hu\/farmakognozia\/wp-json\/wp\/v2\/categories?post=19"},{"taxonomy":"post_tag","embeddable":true,"href":"https:\/\/semmelweis.hu\/farmakognozia\/wp-json\/wp\/v2\/tags?post=19"}],"curies":[{"name":"wp","href":"https:\/\/api.w.org\/{rel}","templated":true}]}}