{"id":1703,"date":"2018-09-05T14:25:45","date_gmt":"2018-09-05T12:25:45","guid":{"rendered":"http:\/\/semmelweis.hu\/farmakognozia\/?page_id=1703"},"modified":"2025-02-17T13:57:36","modified_gmt":"2025-02-17T12:57:36","slug":"gyogynoveny-es-drogismeret-ii","status":"publish","type":"page","link":"https:\/\/semmelweis.hu\/farmakognozia\/oktatas\/kotelezo-tantargyak\/gyogynoveny-es-drogismeret-ii\/","title":{"rendered":"GY\u00d3GYN\u00d6V\u00c9NY \u00c9S DROGISMERET II."},"content":{"rendered":"<p style=\"text-align: center\"><strong>GY\u00d3GYN\u00d6V\u00c9NY- \u00c9S DROGISMERET II.\u00a0<\/strong><\/p>\n<p><strong>\u00a0<\/strong><strong>A tant\u00e1rgy feladata a szakk\u00e9pz\u00e9s c\u00e9lj\u00e1nak megval\u00f3s\u00edt\u00e1s\u00e1ban:<\/strong><\/p>\n<p>A gy\u00f3gy\u00e1szatban \u00e9s az eg\u00e9szs\u00e9g-meg\u0151rz\u00e9sben felhaszn\u00e1lt gy\u00f3gyn\u00f6v\u00e9nyek \u00e9s drogjaik megismer\u00e9se, felismer\u00e9se \u00e9s azonos\u00edt\u00e1sa, valamint min\u0151s\u00e9g\u00fck biztos\u00edt\u00e1s\u00e1t szolg\u00e1l\u00f3 ismeretek \u00e9s vizsg\u00e1lati m\u00f3dszerek elsaj\u00e1t\u00edt\u00e1sa. Ezzel hozz\u00e1j\u00e1rul a gy\u00f3gyszer\u00e9szhallgat\u00f3knak a n\u00f6v\u00e9nyi gy\u00f3gyszerek kiemelt szak\u00e9rt\u0151iv\u00e9 val\u00f3 nevel\u00e9s\u00e9ben. A korszer\u0171 farmakogn\u00f3ziai ismeretek birtok\u00e1ban versenyk\u00e9pes tud\u00e1ssal rendelkez\u0151 hallgat\u00f3k k\u00e9pz\u00e9s\u00e9hez j\u00e1rul hozz\u00e1 egy olyan id\u0151szakban, amikor az el\u0151t\u00e9rbe ker\u00fclt term\u00e9szetes anyagokkal, gy\u00f3gyn\u00f6v\u00e9nyekkel kapcsolatos ismeretanyag fel\u00e9rt\u00e9kel\u0151d\u00f6tt \u00e9s az eur\u00f3pai harmoniz\u00e1ci\u00f3, valamint a meg\u00fajul\u00f3 hazai szab\u00e1lyoz\u00e1si rendszer k\u00f6vetkezt\u00e9ben is \u00faj szempontokkal b\u0151v\u00fclt.<\/p>\n<p><strong>A tant\u00e1rgy r\u00f6vid le\u00edr\u00e1sa:<\/strong><\/p>\n<p>A tematika a n\u00f6v\u00e9nyi anyagok biogenetikai rendszer\u00e9t k\u00f6veti. Olyan ar\u00e1nyeltol\u00f3d\u00e1st \u00e9s r\u00e9szben szelekci\u00f3t jelent a tananyagban, amely kell\u0151en hangs\u00falyozza a ter\u00e1pi\u00e1s gyakorlatban jelent\u0151s n\u00f6v\u00e9nyi drogok \u00e9s hat\u00f3anyagaik ismeret\u00e9nek fontoss\u00e1g\u00e1t. Ugyanakkor kell\u0151 ismeretanyagot ny\u00fajt hat\u00e1s-k\u00e9miai szerkezet \u00f6sszef\u00fcgg\u00e9sben az \u00fajonnan el\u0151t\u00e9rbe ker\u00fcl\u0151, esetleg k\u00fclf\u00f6ldi sz\u00e1rmaz\u00e1s\u00fa n\u00f6v\u00e9nyi drogok feldolgoz\u00e1s\u00e1hoz k\u00e9miai anyag-csoportjaik alapj\u00e1n. Szem el\u0151tt tartja az Eur\u00f3pai Gy\u00f3gyszerk\u00f6nyv (Ph.Eur)\/VIII. Magyar Gy\u00f3gyszerk\u00f6nyv (Ph.Hg. VIII.) elv\u00e1r\u00e1sait. Biztos\u00edtja ez\u00e1ltal mindazon n\u00f6v\u00e9nyi drogok \u00e9s hat\u00f3anyagok ismeret\u00e9t, amelyek a fitogy\u00f3gyszerek (ide\u00e9rtve a k\u00f6zelj\u00f6v\u0151ben tradicion\u00e1lis OTC gy\u00f3gyszerekk\u00e9 v\u00e1l\u00f3 k\u00e9sz\u00edtm\u00e9nyeket) \u00e9s prevenci\u00f3s c\u00e9l\u00fa (\u00e9trendkieg\u00e9sz\u00edt\u0151k) term\u00e9kek alapanyag\u00e1ul szolg\u00e1lnak.<\/p>\n<p><strong>Tematika (el\u0151ad\u00e1sok):<\/strong><\/p>\n<ol>\n<li>h\u00e9t: Terpenoidok bioszint\u00e9zise. Ill\u00f3olajok a n\u00f6v\u00e9nyvil\u00e1gban \u00e9s gy\u00f3gy\u00e1szati jelent\u0151s\u00e9g\u00fck. Ill\u00f3olajok a n\u00f6v\u00e9nyvil\u00e1gban \u00e9s gy\u00f3gy\u00e1szati jelent\u0151s\u00e9g\u00fck.<\/li>\n<li>h\u00e9t: Aciklusos, monociklusos \u00e9s biciklusos monoterp\u00e9nek \u00e9s drogjaik.<\/li>\n<li>h\u00e9t: Fenilprop\u00e1n-sz\u00e1rmaz\u00e9kokat \u00e9s arom\u00e1s monoterp\u00e9neket tartalmaz\u00f3 ill\u00f3olajdrogok. Szeszkviterp\u00e9nek \u00e9s \u00a0\u00a0\u00a0\u00a0\u00a0\u00a0\u00a0\u00a0\u00a0\u00a0\u00a0 drogjaik. Balzsamok, gyant\u00e1k \u00e9s drogjaik.<\/li>\n<li>h\u00e9t: Valepotri\u00e1t iridoid\u00e9szter tartalm\u00fa drogok. Iridoidok \u00e9s drogjaik. A keser\u0171anyag tartalm\u00fa drogok \u00e9s k\u00e9sz\u00edtm\u00e9nyeik ter\u00e1pi\u00e1s jelent\u0151s\u00e9ge: szeko-iridoid, szeszkviterp\u00e9n-lakton, diterp\u00e9n, szeko-triterp\u00e9n, fah\u00e9jsavas pregn\u00e1n\u00e9szter, kukurbitacin t\u00edpus\u00fa keser\u0171anyagokat tartalmaz\u00f3 drogok.<\/li>\n<li>h\u00e9t: A triterp\u00e9nek \u00e9s a szter\u00e1nv\u00e1zas vegy\u00fcletek \u00e1ltal\u00e1nos ismertet\u00e9se. Szaponinok fel\u00e9p\u00edt\u00e9se \u00e9s k\u00e9miai feloszt\u00e1sa, hat\u00e1sa. Szteroid szaponinok. Triterp\u00e9n szaponinok \u00e9s drogjaik. Adaptog\u00e9n hat\u00e1s\u00fa drogok ter\u00e1pi\u00e1s jelent\u0151s\u00e9ge \u00e9s k\u00e9sz\u00edtm\u00e9nyeik. Egy\u00e9b szteroidok \u00e9s triterp\u00e9nek. Tetraterp\u00e9nek. Politerp\u00e9nek.<\/li>\n<li>h\u00e9t: Sz\u00edvre hat\u00f3, szter\u00e1nv\u00e1zas glikozidokat tartalmaz\u00f3 drogok \u00e9s jelent\u0151s\u00e9g\u00fck a gy\u00f3gy\u00e1szatban. Ekdiszterolok \u00e9s drogjaik.<\/li>\n<li>h\u00e9t: Azotoidok bioszint\u00e9zise. A n\u00f6v\u00e9nyi nitrog\u00e9n anyagcsere. Aminosavak, peptidek, biog\u00e9n aminok. Lektinek \u00e9s gy\u00f3gy\u00e1szati felhaszn\u00e1l\u00e1suk k\u00e9rd\u00e9sei. N\u00f6v\u00e9nyi enzimek a ter\u00e1pi\u00e1ban. Alkaloidokr\u00f3l \u00e1ltal\u00e1ban (Bioszint\u00e9zis, k\u00e9miai szerkezet\/hat\u00e1s). Ornitin \u00e9s lizin eredet\u0171 alkaloidok I.: Trop\u00e1n- \u00e9s ekgoninv\u00e1zas alkaloidok<\/li>\n<li>h\u00e9t: Ornitin \u00e9s lizin eredet\u0171 alkaloidok II.:\u00a0 Pirrolidin- \u00e9s piperidinv\u00e1zas, pirrolizidin \u00e9s kinolizidin v\u00e1zas alkaloidok \u00e9s drogjaik. Triptof\u00e1n eredet\u0171 alkaloidok. Egyszer\u0171 indolv\u00e1zas, hemiterpenoid &#8211; indol v\u00e1zas, monoterpenoid &#8211; indol v\u00e1zas \u00e9s dimer indil-indolin v\u00e1zas alkaloidok \u00e9s drogjaik. Sztrichn\u00e1n \u00e9s kinolin v\u00e1zas alkaloidok \u00e9s drogjaik.<\/li>\n<li>h\u00e9t: Fenilalanin (tirozin, DOPA) eredet\u0171 alkaloidok. Fenoloid-izokinolin v\u00e1zas, benzil-izokinolin, morfin\u00e1n v\u00e1zas, dimer benzil-izokinolin v\u00e1zas, fenil-izokinolin, fenantridin v\u00e1zas, monoterpenoid-izokinolin v\u00e1zas alkaloidok \u00e9s drogjaik.<\/li>\n<li>h\u00e9t: Fenilalanin eredet\u0171 protoalkaloidok: Tropolon-, amino-fenil-prop\u00e1n- \u00e9s benzil-amin v\u00e1zas alkaloidok \u00e9s drogjaik. Pszeudoalkaloidok. Purin, pirimidinv\u00e1zas \u00e9s imidazolv\u00e1zas alkaloidok, piridin karbonsavak \u00e9s drogjaik.<\/li>\n<li>h\u00e9t: Terp\u00e9n eredet\u0171 alkaloidok \u00e9s drogjaik. Ci\u00e1nog\u00e9n- \u00e9s must\u00e1rolaj glikozidok. Egy\u00e9b k\u00e9n tartalm\u00fa vegy\u00fcleteket tartalmaz\u00f3 drogok.<\/li>\n<li>h\u00e9t: Gy\u00f3gyszer\u00e9szi biotechnol\u00f3gia<\/li>\n<li>h\u00e9t: \u00c9vfolyam z\u00e1rthelyi<\/li>\n<li>h\u00e9t: Gy\u00f3gyn\u00f6v\u00e9nykutat\u00e1s \u00e9s fitoter\u00e1pia a XXI. sz\u00e1zadban.<\/li>\n<\/ol>\n<p><strong>Tematika (gyakorlatok): <\/strong><\/p>\n<ol>\n<li>h\u00e9t: T\u0171z \u00e9s munkav\u00e9delmi ismeretek, a f\u00e9l\u00e9v k\u00f6vetelm\u00e9nyeinek ismertet\u00e9se. \u00d6n\u00e1ll\u00f3 feladat, ism\u00e9tl\u00e9s.<\/li>\n<\/ol>\n<p>2-3.\u00a0 h\u00e9t:\u00a0\u00a0\u00a0\u00a0\u00a0\u00a0\u00a0\u00a0 Ill\u00f3olaj tartalm\u00fa drogok vizsg\u00e1lata. Ill\u00f3olaj-tartalom meghat\u00e1roz\u00e1sa. Ill\u00f3olajok \u00f6sszet\u00e9tel\u00e9nek vizsg\u00e1lata VRK \u00e9s GC m\u00f3dszerekkel.<\/p>\n<p>4. h\u00e9t: Keser\u0171anyag (szekoiridoid, szeszkviterp\u00e9nlakton, diterp\u00e9n) \u00e9s valepotri\u00e1t tartalm\u00fa drogok vizsg\u00e1lata. Keser\u0171\u00e9rt\u00e9k meghat\u00e1roz\u00e1sa (Ph.Hg.VIII.)<\/p>\n<p>5-7. h\u00e9t: \u00a0\u00a0\u00a0\u00a0\u00a0\u00a0\u00a0\u00a0 Triterp\u00e9n tartalm\u00fa drogok vizsg\u00e1lata. Szaponin tartalm\u00fa drogok vizsg\u00e1lata. Hemolitikus index meghat\u00e1roz\u00e1sa.\u00a0\u00a0\u00a0\u00a0\u00a0 Sz\u00edvre hat\u00f3 glikozidokat tartalmaz\u00f3 drogok vizsg\u00e1lata.<\/p>\n<p>8. h\u00e9t: Trop\u00e1nv\u00e1zas alkaloidokat tartalmaz\u00f3 drogok vizsg\u00e1lata. Alkaloidok n\u00f6v\u00e9nyi drogokb\u00f3l val\u00f3 \u00a0\u00a0\u00a0\u00a0\u00a0\u00a0\u00a0\u00a0\u00a0\u00a0\u00a0 kivon\u00e1s\u00e1nak m\u00f3dszerei. Alkaloid tartalom m\u00e9r\u00e9se titrimetri\u00e1s m\u00f3dszerrel (Ph.Hg.VIII.).<\/p>\n<p>9-10. h\u00e9t: \u00a0\u00a0\u00a0\u00a0\u00a0\u00a0\u00a0\u00a0 Kinolin-, izokinolin- \u00e9s fenantr\u00e9nv\u00e1zas alkaloidokat tartalmaz\u00f3 drogok vizsg\u00e1lata. Kinaalkaloidok meghat\u00e1roz\u00e1sa spektroszk\u00f3pi\u00e1s m\u00f3dszerrel (Ph.Hg.VIII.). Morfin\u00e1n alkaloidok m\u00e9r\u00e9se VRK-denzitometri\u00e1val.<\/p>\n<p>11-12. h\u00e9t: \u00a0\u00a0\u00a0\u00a0 Proto- \u00e9s pszeudoalkaloidokat tartalmaz\u00f3 drogok vizsg\u00e1lata. Koffein preparat\u00edv izol\u00e1l\u00e1sa drogokb\u00f3l.<\/p>\n<p>13. h\u00e9t: Gy\u00f3gyszer\u00e9szi biotechnol\u00f3gia<\/p>\n<p>14. h\u00e9t: K\u00e9sz\u00edtm\u00e9nyfejleszt\u00e9s, ismeretlen drogminta azonos\u00edt\u00e1sa \u00e9s vizsg\u00e1lata.<\/p>\n<p><strong>Kurzus k\u00f6vetelm\u00e9nyrendszere:<\/strong><\/p>\n<ul>\n<li>A kurzus felv\u00e9tel\u00e9nek el\u0151zetes k\u00f6vetelm\u00e9nyei: Gy\u00f3gyn\u00f6v\u00e9ny \u00e9s drogismeret I.<\/li>\n<li>A foglalkoz\u00e1sokon val\u00f3 r\u00e9szv\u00e9tel k\u00f6vetelm\u00e9nyei, az elfogadhat\u00f3 hi\u00e1nyz\u00e1sok m\u00e9rt\u00e9ke, a t\u00e1volmarad\u00e1s igazol\u00e1s\u00e1nak m\u00f3dja, p\u00f3tl\u00e1s lehet\u0151s\u00e9ge: a r\u00e9szv\u00e9tel k\u00f6telez\u0151 a gyakorlatok 75%-\u00e1n. Tov\u00e1bbi hi\u00e1nyz\u00e1sok p\u00f3tl\u00e1sa k\u00f6telez\u0151.<\/li>\n<li>\u00c9vk\u00f6zi ellen\u0151rz\u00e9sek (besz\u00e1mol\u00f3k, z\u00e1rthelyi dolgozatok) sz\u00e1ma, t\u00e9mak\u00f6rei \u00e9s id\u0151pontjai, p\u00f3tl\u00e1si \u00e9s jav\u00edt\u00e1si lehet\u0151s\u00e9gek: a szorgalmi id\u0151szakban: f\u00e9l\u00e9venk\u00e9nt k\u00e9t besz\u00e1mol\u00f3 \u00edr\u00e1sban \u00e9s\/vagy sz\u00f3ban a gyakorlat anyag\u00e1ra \u00e9p\u00edtve. Anyagismeret ellen\u0151rz\u00e9se (ismeretlen drogkever\u00e9kek vizsg\u00e1lata).<\/li>\n<li>A f\u00e9l\u00e9v v\u00e9gi al\u00e1\u00edr\u00e1s k\u00f6vetelm\u00e9nyei: gyakorlatokon val\u00f3 r\u00e9szv\u00e9tel (vagy p\u00f3tl\u00e1s). Gyakorlati jegyz\u0151k\u00f6nyvek lead\u00e1sa \u00e9s elfogad\u00e1sa. Az \u00e9vk\u00f6zi sz\u00e1monk\u00e9r\u00e9sek \u00e9rdemjegye legal\u00e1bb el\u00e9gs\u00e9ges (2).<\/li>\n<li>A hallgat\u00f3 f\u00e9l\u00e9v sor\u00e1n egy\u00e9ni munk\u00e1val megoldand\u00f3 feladatainak sz\u00e1ma \u00e9s t\u00edpusa: kisel\u0151ad\u00e1s tart\u00e1sa v\u00e1lasztott t\u00e9m\u00e1ban.<\/li>\n<li>A f\u00e9l\u00e9v v\u00e9gi sz\u00e1monk\u00e9r\u00e9s t\u00edpusa: gyakorlati jegy \u00e9s szigorlat. A sz\u00f3beli szigorlaton k\u00e9t elm\u00e9leti k\u00e9rd\u00e9s kifejt\u00e9se az I. \u00e9s II. f\u00e9l\u00e9v elm\u00e9leti \u00e9s gyakorlati anyag\u00e1nak ismerete alapj\u00e1n, amely fel\u00f6leli a k\u00f6telez\u0151 tank\u00f6nyv anyag\u00e1t \u00e9s kieg\u00e9sz\u00fcl az el\u0151ad\u00e1sok sor\u00e1n kiemelt ismeretekkel. Emellett egy n\u00f6v\u00e9nyi drog felismer\u00e9se \u00e9s farmakogn\u00f3ziai jellemz\u00e9se az anyagismeret ellen\u0151rz\u00e9se c\u00e9lj\u00e1b\u00f3l.<\/li>\n<\/ul>\n<p><strong>A tananyag elsaj\u00e1t\u00edt\u00e1s\u00e1hoz felhaszn\u00e1lhat\u00f3 jegyzetek, tank\u00f6nyvek, seg\u00e9dletek \u00e9s szakirodalom list\u00e1ja:<\/strong><\/p>\n<ul>\n<li>Az el\u0151ad\u00e1sok diasora (megtal\u00e1lhat\u00f3 a kurzus Moodle oldal\u00e1n)<\/li>\n<li>Sz\u0151ke \u00c9., K\u00e9ry \u00c1., Lemberkovics \u00c9. (eds): Gy\u00f3gyn\u00f6v\u00e9nyt\u00f5l a gy\u00f3gy\u00edt\u00e1sig. Farmakogn\u00f3zia \u2013 Fitok\u00e9mia \u2013 Fitoter\u00e1pia \u2013 Biotechnol\u00f3gia. M\u00e1sodik, \u00e1tdolgozott \u00e9s b\u0151v\u00edtett kiad\u00e1s. Semmelweis Kiad\u00f3, Budapest, 2023<\/li>\n<\/ul>\n<p>&nbsp;<\/p>\n","protected":false},"excerpt":{"rendered":"<p>GY\u00d3GYN\u00d6V\u00c9NY- \u00c9S DROGISMERET II.\u00a0 \u00a0A tant\u00e1rgy feladata a szakk\u00e9pz\u00e9s c\u00e9lj\u00e1nak megval\u00f3s\u00edt\u00e1s\u00e1ban: A gy\u00f3gy\u00e1szatban \u00e9s az eg\u00e9szs\u00e9g-meg\u0151rz\u00e9sben felhaszn\u00e1lt gy\u00f3gyn\u00f6v\u00e9nyek \u00e9s drogjaik megismer\u00e9se, felismer\u00e9se \u00e9s azonos\u00edt\u00e1sa, valamint min\u0151s\u00e9g\u00fck biztos\u00edt\u00e1s\u00e1t szolg\u00e1l\u00f3 ismeretek \u00e9s vizsg\u00e1lati m\u00f3dszerek elsaj\u00e1t\u00edt\u00e1sa. Ezzel hozz\u00e1j\u00e1rul a gy\u00f3gyszer\u00e9szhallgat\u00f3knak a n\u00f6v\u00e9nyi gy\u00f3gyszerek kiemelt szak\u00e9rt\u0151iv\u00e9 val\u00f3 nevel\u00e9s\u00e9ben. A korszer\u0171 farmakogn\u00f3ziai ismeretek birtok\u00e1ban versenyk\u00e9pes tud\u00e1ssal rendelkez\u0151 hallgat\u00f3k k\u00e9pz\u00e9s\u00e9hez j\u00e1rul &hellip;<\/p>\n","protected":false},"author":104,"featured_media":0,"parent":3435,"menu_order":8,"comment_status":"closed","ping_status":"closed","template":"template-fullwidth.php","meta":{"_acf_changed":false,"footnotes":""},"categories":[],"tags":[],"class_list":["post-1703","page","type-page","status-publish","hentry"],"acf":[],"_links":{"self":[{"href":"https:\/\/semmelweis.hu\/farmakognozia\/wp-json\/wp\/v2\/pages\/1703","targetHints":{"allow":["GET"]}}],"collection":[{"href":"https:\/\/semmelweis.hu\/farmakognozia\/wp-json\/wp\/v2\/pages"}],"about":[{"href":"https:\/\/semmelweis.hu\/farmakognozia\/wp-json\/wp\/v2\/types\/page"}],"author":[{"embeddable":true,"href":"https:\/\/semmelweis.hu\/farmakognozia\/wp-json\/wp\/v2\/users\/104"}],"replies":[{"embeddable":true,"href":"https:\/\/semmelweis.hu\/farmakognozia\/wp-json\/wp\/v2\/comments?post=1703"}],"version-history":[{"count":10,"href":"https:\/\/semmelweis.hu\/farmakognozia\/wp-json\/wp\/v2\/pages\/1703\/revisions"}],"predecessor-version":[{"id":3809,"href":"https:\/\/semmelweis.hu\/farmakognozia\/wp-json\/wp\/v2\/pages\/1703\/revisions\/3809"}],"up":[{"embeddable":true,"href":"https:\/\/semmelweis.hu\/farmakognozia\/wp-json\/wp\/v2\/pages\/3435"}],"wp:attachment":[{"href":"https:\/\/semmelweis.hu\/farmakognozia\/wp-json\/wp\/v2\/media?parent=1703"}],"wp:term":[{"taxonomy":"category","embeddable":true,"href":"https:\/\/semmelweis.hu\/farmakognozia\/wp-json\/wp\/v2\/categories?post=1703"},{"taxonomy":"post_tag","embeddable":true,"href":"https:\/\/semmelweis.hu\/farmakognozia\/wp-json\/wp\/v2\/tags?post=1703"}],"curies":[{"name":"wp","href":"https:\/\/api.w.org\/{rel}","templated":true}]}}