{"id":1679,"date":"2018-08-23T12:13:22","date_gmt":"2018-08-23T10:13:22","guid":{"rendered":"http:\/\/semmelweis.hu\/farmakognozia\/?page_id=1679"},"modified":"2024-09-20T13:07:21","modified_gmt":"2024-09-20T11:07:21","slug":"elerhetoseg","status":"publish","type":"page","link":"https:\/\/semmelweis.hu\/farmakognozia\/elerhetoseg\/","title":{"rendered":"El\u00e9rhet\u0151s\u00e9g"},"content":{"rendered":"<h4><span style=\"font-size: 14pt\">AZ INT\u00c9ZET C\u00cdME\u00a0 \u00c9S EL\u00c9RHET\u0150S\u00c9GEI:<\/span><\/h4>\n<h4><span style=\"font-size: 14pt\">1085 Budapest, VIII. \u00dcll\u0151i \u00fat. 26., III. emelet<\/span><\/h4>\n<h4><span style=\"font-size: 14pt\">TITK\u00c1RS\u00c1G:\u00a0 Tel.:\u00a0 317-2979; 459-1500\/55206<\/span><\/h4>\n<h4><span style=\"font-size: 14pt\">Titk\u00e1rs\u00e1g: Sz\u00e9kely Ilona <\/span><br \/>\n<span style=\"font-size: 14pt\">e-mail: titkarsag.DROG(at)PHARMa.semmelweis-univ.hu\u00a0\u00a0<\/span><\/h4>\n\n<!-- iframe plugin v.4.9 wordpress.org\/plugins\/iframe\/ -->\n<iframe loading=\"lazy\" src=\"https:\/\/www.google.com\/maps\/embed?pb=!1m18!1m12!1m3!1d2696.1302679378964!2d19.065187915626428!3d47.487375579177!2m3!1f0!2f0!3f0!3m2!1i1024!2i768!4f13.1!3m3!1m2!1s0x4741dc59ea752e89%3A0xb40ec86e08cebdbe!2zQnVkYXBlc3QsIMOcbGzFkWkgw7p0IDI2LCAxMDg1!5e0!3m2!1shu!2shu!4v1535019128748\" width=\"100%\" height=\"450\" scrolling=\"yes\" class=\"iframe-class\" frameborder=\"0\"><\/iframe>\n\n","protected":false},"excerpt":{"rendered":"<p>AZ INT\u00c9ZET C\u00cdME\u00a0 \u00c9S EL\u00c9RHET\u0150S\u00c9GEI:<br \/>\n1085 Budapest, VIII. \u00dcll\u0151i \u00fat. 26., III. emelet<br \/>\nTITK\u00c1RS\u00c1G:\u00a0 Tel.:\u00a0 317-2979; 459-1500\/55206<br \/>\nTitk\u00e1rs\u00e1g: Sz\u00e9kely Ilona<br \/>\ne-mail: titkarsag.DROG(at)PHARMa.semmelweis-univ.hu\u00a0\u00a0<\/p>\n","protected":false},"author":104,"featured_media":0,"parent":0,"menu_order":5,"comment_status":"closed","ping_status":"closed","template":"","meta":{"_acf_changed":false,"footnotes":""},"categories":[],"tags":[],"class_list":["post-1679","page","type-page","status-publish","hentry"],"acf":[],"_links":{"self":[{"href":"https:\/\/semmelweis.hu\/farmakognozia\/wp-json\/wp\/v2\/pages\/1679","targetHints":{"allow":["GET"]}}],"collection":[{"href":"https:\/\/semmelweis.hu\/farmakognozia\/wp-json\/wp\/v2\/pages"}],"about":[{"href":"https:\/\/semmelweis.hu\/farmakognozia\/wp-json\/wp\/v2\/types\/page"}],"author":[{"embeddable":true,"href":"https:\/\/semmelweis.hu\/farmakognozia\/wp-json\/wp\/v2\/users\/104"}],"replies":[{"embeddable":true,"href":"https:\/\/semmelweis.hu\/farmakognozia\/wp-json\/wp\/v2\/comments?post=1679"}],"version-history":[{"count":9,"href":"https:\/\/semmelweis.hu\/farmakognozia\/wp-json\/wp\/v2\/pages\/1679\/revisions"}],"predecessor-version":[{"id":3797,"href":"https:\/\/semmelweis.hu\/farmakognozia\/wp-json\/wp\/v2\/pages\/1679\/revisions\/3797"}],"wp:attachment":[{"href":"https:\/\/semmelweis.hu\/farmakognozia\/wp-json\/wp\/v2\/media?parent=1679"}],"wp:term":[{"taxonomy":"category","embeddable":true,"href":"https:\/\/semmelweis.hu\/farmakognozia\/wp-json\/wp\/v2\/categories?post=1679"},{"taxonomy":"post_tag","embeddable":true,"href":"https:\/\/semmelweis.hu\/farmakognozia\/wp-json\/wp\/v2\/tags?post=1679"}],"curies":[{"name":"wp","href":"https:\/\/api.w.org\/{rel}","templated":true}]}}