{"id":1665,"date":"2018-08-23T11:31:35","date_gmt":"2018-08-23T09:31:35","guid":{"rendered":"http:\/\/semmelweis.hu\/farmakognozia\/?page_id=1665"},"modified":"2025-02-18T13:13:50","modified_gmt":"2025-02-18T12:13:50","slug":"contacts","status":"publish","type":"page","link":"https:\/\/semmelweis.hu\/farmakognozia\/en\/contacts\/","title":{"rendered":"Contacts"},"content":{"rendered":"<p><span style=\"font-size: 14pt\">Address: H-1085 Budapest, \u00dcll\u0151i \u00fat 26. Tel.: (+36-1) 317-2900<\/span><br \/>\n<span style=\"font-size: 14pt\">Email: titkarsag.drog@pharma.semmelweis-univ.hu<\/span><br \/>\n<span style=\"font-size: 14pt\">Director: Associate Professor \u00c1gnes Alberti-D\u00e9r, Ph.D.<\/span><\/p>\n<p>&nbsp;<\/p>\n\n<!-- iframe plugin v.4.9 wordpress.org\/plugins\/iframe\/ -->\n<iframe loading=\"lazy\" src=\"https:\/\/www.google.com\/maps\/embed?pb=!1m18!1m12!1m3!1d2696.1302679378964!2d19.065187915626428!3d47.487375579177!2m3!1f0!2f0!3f0!3m2!1i1024!2i768!4f13.1!3m3!1m2!1s0x4741dc59ea752e89%3A0xb40ec86e08cebdbe!2zQnVkYXBlc3QsIMOcbGzFkWkgw7p0IDI2LCAxMDg1!5e0!3m2!1shu!2shu!4v1535019128748\" width=\"100%\" height=\"450\" scrolling=\"yes\" class=\"iframe-class\" frameborder=\"0\"><\/iframe>\n\n","protected":false},"excerpt":{"rendered":"<p>Address: H-1085 Budapest, \u00dcll\u0151i \u00fat 26. Tel.: (+36-1) 317-2900<br \/>\nEmail: titkarsag.drog@pharma.semmelweis-univ.hu<br \/>\nDirector: Associate Professor \u00c1gnes Alberti-D\u00e9r, Ph.D.<br \/>\n&nbsp;<\/p>\n","protected":false},"author":104,"featured_media":0,"parent":0,"menu_order":3,"comment_status":"closed","ping_status":"closed","template":"","meta":{"_acf_changed":false,"footnotes":""},"categories":[],"tags":[],"class_list":["post-1665","page","type-page","status-publish","hentry"],"acf":[],"_links":{"self":[{"href":"https:\/\/semmelweis.hu\/farmakognozia\/wp-json\/wp\/v2\/pages\/1665","targetHints":{"allow":["GET"]}}],"collection":[{"href":"https:\/\/semmelweis.hu\/farmakognozia\/wp-json\/wp\/v2\/pages"}],"about":[{"href":"https:\/\/semmelweis.hu\/farmakognozia\/wp-json\/wp\/v2\/types\/page"}],"author":[{"embeddable":true,"href":"https:\/\/semmelweis.hu\/farmakognozia\/wp-json\/wp\/v2\/users\/104"}],"replies":[{"embeddable":true,"href":"https:\/\/semmelweis.hu\/farmakognozia\/wp-json\/wp\/v2\/comments?post=1665"}],"version-history":[{"count":4,"href":"https:\/\/semmelweis.hu\/farmakognozia\/wp-json\/wp\/v2\/pages\/1665\/revisions"}],"predecessor-version":[{"id":3830,"href":"https:\/\/semmelweis.hu\/farmakognozia\/wp-json\/wp\/v2\/pages\/1665\/revisions\/3830"}],"wp:attachment":[{"href":"https:\/\/semmelweis.hu\/farmakognozia\/wp-json\/wp\/v2\/media?parent=1665"}],"wp:term":[{"taxonomy":"category","embeddable":true,"href":"https:\/\/semmelweis.hu\/farmakognozia\/wp-json\/wp\/v2\/categories?post=1665"},{"taxonomy":"post_tag","embeddable":true,"href":"https:\/\/semmelweis.hu\/farmakognozia\/wp-json\/wp\/v2\/tags?post=1665"}],"curies":[{"name":"wp","href":"https:\/\/api.w.org\/{rel}","templated":true}]}}