{"id":1599,"date":"2018-08-06T10:53:31","date_gmt":"2018-08-06T08:53:31","guid":{"rendered":"http:\/\/semmelweis.hu\/farmakognozia\/?page_id=1599"},"modified":"2025-02-17T13:49:09","modified_gmt":"2025-02-17T12:49:09","slug":"tudomanyos-diakkor","status":"publish","type":"page","link":"https:\/\/semmelweis.hu\/farmakognozia\/kutatasi-tevekenyseg\/tudomanyos-diakkor\/","title":{"rendered":"Tudom\u00e1nyos di\u00e1kk\u00f6r"},"content":{"rendered":"<p>&nbsp;<\/p>\n<p><strong>Int\u00e9zeti tudom\u00e1nyos di\u00e1kk\u00f6ri felel\u0151s:<\/strong> Dr. Fej\u0151s Ida<br \/>\ne-mail: fejos.ida(at)semmelweis.hu<\/p>\n<p><strong>Aktu\u00e1lis TDK t\u00e9m\u00e1k<\/strong><\/p>\n<ul>\n<li>Kromatogr\u00e1fi\u00e1s m\u00f3dszerek fejleszt\u00e9se fenoloidokat tartalmaz\u00f3 n\u00f6v\u00e9nyi drogok analitik\u00e1j\u00e1ra (t\u00e9mavezet\u0151: Dr. Alberti \u00c1gnes)<\/li>\n<li>Bioakt\u00edv diarilheptanoidok fitoanalitikai jellemz\u00e9se (t\u00e9mavezet\u0151: Dr. Alberti \u00c1gnes)<\/li>\n<li>Magyarorsz\u00e1gon el\u0151fordul\u00f3 kert\u00e9szeti fafajok fenoloidprofilj\u00e1nak fitok\u00e9miai jellemz\u00e9se (t\u00e9mavezet\u0151: Dr. Alberti \u00c1gnes)<\/li>\n<li><em>Maclura pomifera<\/em> fitok\u00e9miai vizsg\u00e1lata (t\u00e9mavezet\u0151: Dr. Alberti \u00c1gnes)<\/li>\n<li>Kiv\u00e1lasztott rokons\u00e1gi k\u00f6r kemotaxon\u00f3miai elemz\u00e9se (t\u00e9mavezet\u0151: Dr. Boldizs\u00e1r Imre)<\/li>\n<li>Anyatej oligoszacharidok stabilit\u00e1svizsg\u00e1lata (t\u00e9mavezet\u0151: Dr. Csern\u00e1k Orsolya)<\/li>\n<li>Ashwagandha tartalm\u00fa \u00e9trend-kieg\u00e9sz\u00edt\u0151k vizsg\u00e1lata (t\u00e9mavezet\u0151: Dr. Csern\u00e1k Orsolya)<\/li>\n<li>Kir\u00e1lis vegy\u00fcletek ciklodextrin komplexeinek vizsg\u00e1lata (Dr. Fej\u0151s Ida)<\/li>\n<li>\u00cdg\u00e9retes n\u00f6v\u00e9nyi komponensek ciklodextrin komplexeinek vizsg\u00e1lata (Dr. Fej\u0151s Ida)<\/li>\n<li>Ginzenozid tartalm\u00fa \u00e9trend-kieg\u00e9sz\u00edt\u0151k vizsg\u00e1lata (t\u00e9mavezet\u0151: Dr. Gampe N\u00f3ra)<\/li>\n<li>Ostorfa fajok fitok\u00e9miai vizsg\u00e1lata t\u00f6megspektrometri\u00e1s m\u00f3dszerekkel (t\u00e9mavezet\u0151: Dr. Riethm\u00fcller Eszter)<\/li>\n<li>Polyporaceae csal\u00e1dba tartoz\u00f3 gombafajok k\u00e9miai vizsg\u00e1lata (t\u00e9mavezet\u0151: Dr. V\u00e1nyol\u00f3s Attila)<\/li>\n<\/ul>\n<p style=\"text-align: center\">\u00a0<\/p>\n","protected":false},"excerpt":{"rendered":"<p>&nbsp; Int\u00e9zeti tudom\u00e1nyos di\u00e1kk\u00f6ri felel\u0151s: Dr. Fej\u0151s Ida e-mail: fejos.ida(at)semmelweis.hu Aktu\u00e1lis TDK t\u00e9m\u00e1k Kromatogr\u00e1fi\u00e1s m\u00f3dszerek fejleszt\u00e9se fenoloidokat tartalmaz\u00f3 n\u00f6v\u00e9nyi drogok analitik\u00e1j\u00e1ra (t\u00e9mavezet\u0151: Dr. Alberti \u00c1gnes) Bioakt\u00edv diarilheptanoidok fitoanalitikai jellemz\u00e9se (t\u00e9mavezet\u0151: Dr. Alberti \u00c1gnes) Magyarorsz\u00e1gon el\u0151fordul\u00f3 kert\u00e9szeti fafajok fenoloidprofilj\u00e1nak fitok\u00e9miai jellemz\u00e9se (t\u00e9mavezet\u0151: Dr. Alberti \u00c1gnes) Maclura pomifera fitok\u00e9miai vizsg\u00e1lata (t\u00e9mavezet\u0151: Dr. Alberti \u00c1gnes) Kiv\u00e1lasztott rokons\u00e1gi k\u00f6r &hellip;<\/p>\n","protected":false},"author":104,"featured_media":0,"parent":18,"menu_order":3,"comment_status":"closed","ping_status":"closed","template":"","meta":{"_acf_changed":false,"footnotes":""},"categories":[],"tags":[],"class_list":["post-1599","page","type-page","status-publish","hentry"],"acf":[],"_links":{"self":[{"href":"https:\/\/semmelweis.hu\/farmakognozia\/wp-json\/wp\/v2\/pages\/1599","targetHints":{"allow":["GET"]}}],"collection":[{"href":"https:\/\/semmelweis.hu\/farmakognozia\/wp-json\/wp\/v2\/pages"}],"about":[{"href":"https:\/\/semmelweis.hu\/farmakognozia\/wp-json\/wp\/v2\/types\/page"}],"author":[{"embeddable":true,"href":"https:\/\/semmelweis.hu\/farmakognozia\/wp-json\/wp\/v2\/users\/104"}],"replies":[{"embeddable":true,"href":"https:\/\/semmelweis.hu\/farmakognozia\/wp-json\/wp\/v2\/comments?post=1599"}],"version-history":[{"count":11,"href":"https:\/\/semmelweis.hu\/farmakognozia\/wp-json\/wp\/v2\/pages\/1599\/revisions"}],"predecessor-version":[{"id":3807,"href":"https:\/\/semmelweis.hu\/farmakognozia\/wp-json\/wp\/v2\/pages\/1599\/revisions\/3807"}],"up":[{"embeddable":true,"href":"https:\/\/semmelweis.hu\/farmakognozia\/wp-json\/wp\/v2\/pages\/18"}],"wp:attachment":[{"href":"https:\/\/semmelweis.hu\/farmakognozia\/wp-json\/wp\/v2\/media?parent=1599"}],"wp:term":[{"taxonomy":"category","embeddable":true,"href":"https:\/\/semmelweis.hu\/farmakognozia\/wp-json\/wp\/v2\/categories?post=1599"},{"taxonomy":"post_tag","embeddable":true,"href":"https:\/\/semmelweis.hu\/farmakognozia\/wp-json\/wp\/v2\/tags?post=1599"}],"curies":[{"name":"wp","href":"https:\/\/api.w.org\/{rel}","templated":true}]}}