{"id":15,"date":"2012-06-12T15:32:53","date_gmt":"2012-06-12T13:32:53","guid":{"rendered":"http:\/\/semmelweis-egyetem.hu\/farmakognozia\/?page_id=15"},"modified":"2025-02-20T15:03:31","modified_gmt":"2025-02-20T14:03:31","slug":"posztgradualis-oktatas","status":"publish","type":"page","link":"https:\/\/semmelweis.hu\/farmakognozia\/oktatas\/posztgradualis-oktatas\/","title":{"rendered":"Posztgradu\u00e1lis oktat\u00e1s"},"content":{"rendered":"<ul>\n<li><a href=\"https:\/\/semmelweis.hu\/farmakognozia\/oktatas\/posztgradualis-oktatas\/rezidenskepzes-fitoterapia\/\">Gy\u00f3gyszer\u00e9sz szakk\u00e9pz\u00e9s \u00e9s tov\u00e1bbk\u00e9pz\u00e9s<\/a><\/li>\n<li><a href=\"https:\/\/semmelweis.hu\/farmakognozia\/ph-d-kepzes\/\">Ph.D. k\u00e9pz\u00e9s<\/a><\/li>\n<\/ul>\n","protected":false},"excerpt":{"rendered":"<p><a href=\"https:\/\/semmelweis.hu\/farmakognozia\/oktatas\/posztgradualis-oktatas\/rezidenskepzes-fitoterapia\/\">Gy\u00f3gyszer\u00e9sz szakk\u00e9pz\u00e9s \u00e9s tov\u00e1bbk\u00e9pz\u00e9s<\/a><br \/>\n<a href=\"https:\/\/semmelweis.hu\/farmakognozia\/ph-d-kepzes\/\">Ph.D. k\u00e9pz\u00e9s<\/a><\/p>\n","protected":false},"author":8,"featured_media":0,"parent":6,"menu_order":9,"comment_status":"closed","ping_status":"closed","template":"template-fullwidth.php","meta":{"_acf_changed":false,"footnotes":""},"categories":[],"tags":[],"class_list":["post-15","page","type-page","status-publish","hentry"],"acf":[],"_links":{"self":[{"href":"https:\/\/semmelweis.hu\/farmakognozia\/wp-json\/wp\/v2\/pages\/15","targetHints":{"allow":["GET"]}}],"collection":[{"href":"https:\/\/semmelweis.hu\/farmakognozia\/wp-json\/wp\/v2\/pages"}],"about":[{"href":"https:\/\/semmelweis.hu\/farmakognozia\/wp-json\/wp\/v2\/types\/page"}],"author":[{"embeddable":true,"href":"https:\/\/semmelweis.hu\/farmakognozia\/wp-json\/wp\/v2\/users\/8"}],"replies":[{"embeddable":true,"href":"https:\/\/semmelweis.hu\/farmakognozia\/wp-json\/wp\/v2\/comments?post=15"}],"version-history":[{"count":9,"href":"https:\/\/semmelweis.hu\/farmakognozia\/wp-json\/wp\/v2\/pages\/15\/revisions"}],"predecessor-version":[{"id":3844,"href":"https:\/\/semmelweis.hu\/farmakognozia\/wp-json\/wp\/v2\/pages\/15\/revisions\/3844"}],"up":[{"embeddable":true,"href":"https:\/\/semmelweis.hu\/farmakognozia\/wp-json\/wp\/v2\/pages\/6"}],"wp:attachment":[{"href":"https:\/\/semmelweis.hu\/farmakognozia\/wp-json\/wp\/v2\/media?parent=15"}],"wp:term":[{"taxonomy":"category","embeddable":true,"href":"https:\/\/semmelweis.hu\/farmakognozia\/wp-json\/wp\/v2\/categories?post=15"},{"taxonomy":"post_tag","embeddable":true,"href":"https:\/\/semmelweis.hu\/farmakognozia\/wp-json\/wp\/v2\/tags?post=15"}],"curies":[{"name":"wp","href":"https:\/\/api.w.org\/{rel}","templated":true}]}}