{"id":14,"date":"2016-04-25T16:46:38","date_gmt":"2016-04-25T14:46:38","guid":{"rendered":"http:\/\/semmelweis-egyetem.hu\/farmakognozia\/?page_id=14"},"modified":"2025-02-25T14:00:33","modified_gmt":"2025-02-25T13:00:33","slug":"diplomamunka","status":"publish","type":"page","link":"https:\/\/semmelweis.hu\/farmakognozia\/oktatas\/diplomamunka\/","title":{"rendered":"Diplomamunka"},"content":{"rendered":"<p>&nbsp;<\/p>\n<h1><strong>DIPLOMAMUNKA<\/strong><\/h1>\n<h1>A diplomamunka c\u00e9lja:<\/h1>\n<p>A Gy\u00f3gyn\u00f6v\u00e9ny- \u00e9s drogismeret, Fitok\u00e9mia, Fitoter\u00e1pia, Gy\u00f3gyszer\u00e9szi biotechnol\u00f3gia vagy ezekkel \u00f6sszef\u00fcgg\u0151 hat\u00e1rter\u00fcletek ismeretanyag\u00e1nak \u00f6n\u00e1ll\u00f3 feldolgoz\u00e1sa r\u00e9v\u00e9n el\u0151seg\u00edteni, hogy a hallgat\u00f3 elsaj\u00e1t\u00edtsa a k\u00f6nyvt\u00e1rhaszn\u00e1lat \u00e9s az irodalmaz\u00e1s m\u00f3dszereit, az adott k\u00e9rd\u00e9sben k\u00e9pes legyen ismereteinek szintetiz\u00e1l\u00e1s\u00e1ra, v\u00e9lem\u00e9nyalkot\u00e1sra, illetve szakirodalmi szint\u0171 munka elk\u00e9sz\u00edt\u00e9s\u00e9re. Az Int\u00e9zet kiemelt t\u00e9m\u00e1kban k\u00eds\u00e9rletes munka v\u00e9gz\u00e9s\u00e9t is javasolja \u00e9s teszi lehet\u0151v\u00e9.<\/p>\n<h1>K\u00f6vetelm\u00e9nyek:<\/h1>\n<ul>\n<li>A v\u00e1lasztott t\u00e9ma az adott diszcipl\u00edna valamely aktu\u00e1lis probl\u00e9mak\u00f6r\u00e9t t\u00e1rgyalja.<\/li>\n<li>A t\u00e9ma feldolgoz\u00e1sa sor\u00e1n ismerni \u00e9s haszn\u00e1lni kell az \u00e9rintett szakter\u00fclettel kapcsolatos alapvet\u0151 k\u00fclf\u00f6ldi \u00e9s hazai forr\u00e1sokat, a legfontosabb nemzetk\u00f6zi foly\u00f3iratokat \u00e9s az elektronikus \u00faton el\u00e9rhet\u0151 szakirodalmi k\u00f6zlem\u00e9nyeket (bibliogr\u00e1fiai \u00e9s teljes sz\u00f6veg\u0171 publik\u00e1ci\u00f3kat). Az elektronikus forr\u00e1sok id\u00e9z\u00e9s\u00e9n\u00e9l fel kell t\u00fcntetni a DOI sz\u00e1mot, valamint az URL c\u00edmet is!<\/li>\n<li>A diplomamunka terjedelme 50 000 karaktern\u00e9l nem lehet kevesebb \u00e9s 100 000 karaktern\u00e9l \u2013 sz\u00f3k\u00f6z n\u00e9lk\u00fcl \u2013 nem lehet t\u00f6bb, ebbe a t\u00e1bl\u00e1zatok, \u00e1br\u00e1k \u00e9s az irodalomjegyz\u00e9k is beletartozik, kiv\u00e9ve a f\u00fcggel\u00e9ket.<\/li>\n<li>A diplomamunk\u00e1t a pl\u00e1gium nyilatkozattal egy\u00fctt dosszi\u00e9ba bef\u0171zve vagy bek\u00f6tve, 2 p\u00e9ld\u00e1nyban, valamint elektronikus \u00faton kell beny\u00fajtani a k\u00e9pz\u00e9s\u00e9rt felel\u0151s oktat\u00e1si szervezeti egys\u00e9ghez. A bor\u00edt\u00f3n fel kell t\u00fcntetni a dolgozat c\u00edm\u00e9t, a hallgat\u00f3 nev\u00e9t, \u00e9vfolyam\u00e1t \u00e9s csoportj\u00e1t, a bead\u00e1s \u00e9v\u00e9t \u00e9s a konzulens nev\u00e9t \u00e9s munkahely\u00e9t.<\/li>\n<li>A hallgat\u00f3 a konzulens javaslat\u00e1ra a tansz\u00e9kvezet\u0151 enged\u00e9lye alapj\u00e1n idegen nyelven is \u00edrhatja a dolgozatot.<\/li>\n<\/ul>\n<h1>Az Egyetem \u00e1ltal biztos\u00edtott felt\u00e9telek<\/h1>\n<ul>\n<li>A t\u00e9ma feldolgoz\u00e1s\u00e1t az illet\u00e9kes tansz\u00e9kvezet\u0151, illetve a t\u00e1rgy el\u0151ad\u00f3ja \u00e1ltal kijel\u00f6lt konzulens seg\u00edti.<\/li>\n<li>A t\u00e9mav\u00e1laszt\u00e1s megk\u00f6nny\u00edt\u00e9se \u00e9rdek\u00e9ben a tansz\u00e9kek t\u00e9majegyz\u00e9ket k\u00e9sz\u00edtenek, amelyeken a konzulensek nev\u00e9t is megadj\u00e1k. A Farmakogn\u00f3ziai Int\u00e9zet a t\u00e9majegyz\u00e9ket a Gy\u00f3gyn\u00f6v\u00e9ny- \u00e9s drogismeret II. t\u00e1rgy Moodle-fel\u00fclet\u00e9n teszi k\u00f6zz\u00e9, egy p\u00e9ld\u00e1nyt pedig a D\u00e9k\u00e1ni Hivatalba juttat el.<\/li>\n<li>A t\u00e9malista kif\u00fcggeszt\u00e9s\u00e9nek hat\u00e1rideje a IV. \u00e9vfolyam r\u00e9sz\u00e9re okt\u00f3ber 1.<\/li>\n<li>A diplomamunk\u00e1t k\u00e9sz\u00edt\u0151 hallgat\u00f3 haszn\u00e1lhatja az Egyetem k\u00f6zponti \u00e9s tansz\u00e9ki k\u00f6nyvt\u00e1rait, informatikai laborat\u00f3riumait, \u00e9s ig\u00e9nybe veheti azok szolg\u00e1ltat\u00e1sait hagyom\u00e1nyos, valamint elektronikus irodalomkutat\u00e1si c\u00e9lb\u00f3l.<\/li>\n<li>A diplomamunka sz\u00f6vegszerkeszt\u00e9s\u00e9hez, kinyomtat\u00e1s\u00e1hoz, k\u00f6ttet\u00e9s\u00e9hez, az \u00e1br\u00e1k elk\u00e9sz\u00edt\u00e9s\u00e9hez az Egyetem nem ny\u00fajt k\u00fcl\u00f6n seg\u00edts\u00e9get, ezek k\u00f6lts\u00e9ge a hallgat\u00f3t terheli.<\/li>\n<\/ul>\n<h1>A diplomamunka elk\u00e9sz\u00edt\u00e9s\u00e9nek rendje<\/h1>\n<ul>\n<li>Diplomamunka-t\u00e9m\u00e1t b\u00e1rmely ki\u00edrt t\u00e9m\u00e1b\u00f3l v\u00e1laszthat a hallgat\u00f3. A t\u00e9mav\u00e1laszt\u00e1s a ki\u00edrt t\u00e9m\u00e1t\u00f3l elt\u00e9r\u0151 is lehet, ha ezzel a tansz\u00e9k vezet\u0151je, illetve a t\u00e1rgy el\u0151ad\u00f3ja egyet\u00e9rt.<\/li>\n<li>A szakdolgozat\/diplomamunka t\u00e9m\u00e1j\u00e1t a \u00e9vfolyam 1. f\u00e9l\u00e9v\u00e9ben kell kiv\u00e1lasztani \u00e9s azt az adott tansz\u00e9k vezet\u0151j\u00e9nek, illetve a t\u00e1rgy el\u0151ad\u00f3j\u00e1nak bejelenteni okt\u00f3ber 16-ig, aki enged\u00e9lyez\u00e9s eset\u00e9n gondoskodik ennek nyilv\u00e1ntart\u00e1s\u00e1r\u00f3l \u00e9s a konzulens biztos\u00edt\u00e1s\u00e1r\u00f3l (okt\u00f3ber 21-ig). Konzulensk\u00e9nt a tansz\u00e9kvezet\u0151, illetve a t\u00e1rgy el\u0151ad\u00f3ja k\u00fcls\u0151 (c\u00edmzetes egyetemi tan\u00e1r, docens, kutat\u00f3 beoszt\u00e1sban lev\u0151) szakembert is megb\u00edzhat.<\/li>\n<li>A hallgat\u00f3 legal\u00e1bb h\u00e1rom alkalommal k\u00f6teles a konzulensn\u00e9l jelentkezni. Els\u0151 alkalommal (a \u00e9vfolyam december 15-ig) a konzulens ismerteti a diplomamunka elk\u00e9sz\u00edt\u00e9s\u00e9vel kapcsolatos k\u00f6vetelm\u00e9nyeket \u00e9s t\u00e1rgyi lehet\u0151s\u00e9geket. M\u00e1sodik alkalommal (m\u00e1jus 16-ig) a hallgat\u00f3 besz\u00e1mol az addig v\u00e9gzett munk\u00e1r\u00f3l. Harmadik alkalommal (november 15-ig) a konzulens \u00e9rt\u00e9keli a hallgat\u00f3 eredm\u00e9nyeit \u00e9s eligaz\u00edt\u00e1st ad azok v\u00e9gleges form\u00e1ba \u00f6nt\u00e9s\u00e9hez.<\/li>\n<li>D\u00edjjal jutalmazott \u00e9s dics\u00e9rettel jutalmazott rektori p\u00e1lyamunk\u00e1kat a t\u00e9ma szerint illet\u00e9kes oktat\u00e1si szervezeti egys\u00e9g vezet\u0151j\u00e9nek javaslata alapj\u00e1n a d\u00e9k\u00e1n jeles b\u00edr\u00e1lati javaslat\u00fa diplomamunk\u00e1nak fogadhatja el, amennyiben ezt a hallgat\u00f3 a tanulm\u00e1nyi oszt\u00e1lyon beny\u00fajtott k\u00e9rv\u00e9nyben k\u00e9ri. A diplomamunka meg\u00edr\u00e1sa al\u00f3li mentes\u00fcl\u00e9s a v\u00e9d\u00e9s k\u00f6telezetts\u00e9ge al\u00f3l nem mentes\u00edt. A tanulm\u00e1nyok keret\u00e9ben l\u00e9trehozott, lektor\u00e1lt tudom\u00e1nyos foly\u00f3iratban els\u0151 szerz\u0151s m\u0171k\u00e9nt k\u00f6zz\u00e9 tett dolgozatot diplomamunkak\u00e9nt elfogadhatja a d\u00e9k\u00e1n, mely esetben a b\u00edr\u00e1latot az \u00e1ltal\u00e1nos szab\u00e1lyok szerint kell elv\u00e9gezni.<\/li>\n<li>Az elk\u00e9sz\u00fclt diplomamunk\u00e1t <strong>m\u00e1rcius 1-j\u00e9ig<\/strong> kell a tansz\u00e9khez beny\u00fajtani.<\/li>\n<li>A tansz\u00e9k a diplomamunk\u00e1t \u00f6tfokozat\u00fa [jeles (5), j\u00f3 (4), k\u00f6zepes (3), el\u00e9gs\u00e9ges (2), el\u00e9gtelen (1)] min\u0151s\u00edt\u00e9ssel \u00e9rt\u00e9keli, emellett legfeljebb egy oldalas sz\u00f6veges b\u00edr\u00e1latot k\u00e9sz\u00edt.<\/li>\n<li>A diplomamunka megv\u00e9d\u00e9se m\u00e1rcius 22-ig, a tansz\u00e9k legal\u00e1bb h\u00e1romtag\u00fa bizotts\u00e1ga el\u0151tt t\u00f6rt\u00e9nik, ennek tagjai legal\u00e1bb a tansz\u00e9kvezet\u0151, illetve helyettese, a konzulens \u00e9s a tansz\u00e9k egyik oktat\u00f3ja.<\/li>\n<li>A bizotts\u00e1g harmadik tagjak\u00e9nt a tansz\u00e9k k\u00fcls\u0151 oktat\u00f3t is ig\u00e9nybe vehet, pl. az Egyetem c\u00edmzetes professzorai, illetve docensei k\u00f6z\u00fcl.<\/li>\n<li>El\u00e9gtelen min\u0151s\u00edt\u00e9s eset\u00e9n a hallgat\u00f3 nem bocs\u00e1that\u00f3 z\u00e1r\u00f3vizsg\u00e1ra. Ennek t\u00e9ny\u00e9r\u0151l a tansz\u00e9k \u00e9rtes\u00edti a hallgat\u00f3t. El\u00e9gtelen diplomamunk\u00e1t p\u00f3tolni csak egy alkalommal lehet.<\/li>\n<li>A tansz\u00e9kek a diplomamunka elk\u00e9sz\u00edt\u00e9s\u00e9t, megv\u00e9d\u00e9s\u00e9t \u00e9s \u00e9rt\u00e9kel\u00e9st igazol\u00f3 jelent\u00e9st, a dolgozatok egy-egy p\u00e9ld\u00e1ny\u00e1val egy\u00fctt m\u00e1rcius 31-ig eljuttatj\u00e1k a D\u00e9k\u00e1ni Hivatalba.<\/li>\n<li>A megv\u00e9d\u00e9st \u00e9s \u00e9rt\u00e9kel\u00e9st igazol\u00f3 jelent\u00e9st a tansz\u00e9k a \u201eDiplomav\u00e9d\u00e9si jegyz\u0151k\u00f6nyv\u201d nyomtatv\u00e1nyon t\u00f6lti ki. A kit\u00f6lt\u00f6tt nyomtatv\u00e1nyt a tansz\u00e9kvezet\u0151, illetve a t\u00e1rgy el\u0151ad\u00f3ja a diplomamunk\u00e1hoz csatolja \u00e9s az el\u0151\u00edrt hat\u00e1rid\u0151re bek\u00fcldi a D\u00e9k\u00e1ni Hivatalba. A nyomtatv\u00e1ny m\u00e1solata a tansz\u00e9ken marad.<\/li>\n<li>A D\u00e9k\u00e1ni Hivatal gondoskodik arr\u00f3l, hogy a z\u00e1r\u00f3vizsga bizotts\u00e1g tagjai a diplomamunk\u00e1t \u00e9s annak \u00edr\u00e1sos ki\u00e9rt\u00e9kel\u00e9s\u00e9t a vizsg\u00e1n k\u00e9zhez kapj\u00e1k. A z\u00e1r\u00f3vizsga bizotts\u00e1g tagjai a z\u00e1r\u00f3vizsg\u00e1n k\u00e9rd\u00e9seket tehetnek fel a hallgat\u00f3nak a diplomamunk\u00e1val kapcsolatban.<\/li>\n<li>Sikeres z\u00e1r\u00f3vizsga ut\u00e1n a diplomamunka egy p\u00e9ld\u00e1ny\u00e1t a hallgat\u00f3 visszakapja.<\/li>\n<\/ul>\n<h1>A diplomamunka k\u00e9sz\u00edt\u00e9s\u00e9nek formai szempontjai<\/h1>\n<ul>\n<li>A diplomamunka terjedelme 50 000-100 000 karakter, sz\u00f3k\u00f6z n\u00e9lk\u00fcl (ebbe a t\u00e1bl\u00e1zatok, \u00e1br\u00e1k \u00e9s az irodalomjegyz\u00e9k is beletartozik, kiv\u00e9ve a f\u00fcggel\u00e9ket)<\/li>\n<li>Bet\u0171t\u00edpus: Times New Roman, 12-es bet\u0171m\u00e9ret<\/li>\n<li>Sort\u00e1vols\u00e1g: 1,5<\/li>\n<li>Marg\u00f3: minden ir\u00e1nyban 3 cm<\/li>\n<li>Oldalsz\u00e1moz\u00e1s: lap alj\u00e1n, k\u00f6z\u00e9pen (minden oldal sz\u00e1mozva)<\/li>\n<li>C\u00edmlap: mell\u00e9kelt minta szerint &#8211; <a href=\"https:\/\/semmelweis.hu\/farmakognozia\/files\/2023\/11\/Szakdolgozat_cimlap_minta.docx\" rel=\"attachment wp-att-3739\">Szakdolgozat_cimlap_minta<\/a><\/li>\n<li>A n\u00f6v\u00e9nyek latin faj- \u00e9s nemzets\u00e9gneveit d\u0151lt bet\u0171vel kell \u00edrni.<\/li>\n<li>Az \u00e1br\u00e1kat \u00e9s a t\u00e1bl\u00e1zatokat magyar\u00e1z\u00f3 sz\u00f6veggel kell ell\u00e1tni, amely \u00f6nmag\u00e1ban is \u00e9rthet\u0151 legyen. Ezt a t\u00e1bl\u00e1zat f\u00f6l\u00f6tt, illetve az \u00e1bra alatt kell elhelyezni. Az \u00e1br\u00e1kat \u00e9s t\u00e1bl\u00e1zatokat k\u00fcl\u00f6n-k\u00fcl\u00f6n folyamatosan kell sz\u00e1mozni, \u00e9s r\u00e1juk a sz\u00f6vegben hivatkozni kell (pl.: 1. \u00e1bra, t\u00e1bl\u00e1zat).<\/li>\n<li>Foly\u00f3iratb\u00f3l, k\u00f6nyvb\u0151l \u00e1tvett \u00e1bra\/t\u00e1bl\u00e1zat eset\u00e9n a forr\u00e1sra hivatkozni kell az id\u00e9z\u00e9sn\u00e9l le\u00edrtak szerint.<\/li>\n<\/ul>\n<p>A sz\u00f6vegben forr\u00e1sokra k\u00e9t m\u00f3don lehet hivatkozni:<\/p>\n<ol>\n<li>a sz\u00f6vegbeli megjelen\u00e9s sorrendj\u00e9ben, a sz\u00e1mokat sz\u00f6gletes z\u00e1r\u00f3jelben kell megadni, pl. [10,\u00a022-24], vagy<\/li>\n<li>a szerz\u0151 vezet\u00e9knev\u00e9re \u00e9s a publik\u00e1ci\u00f3 megjelen\u00e9s\u00e9nek \u00e9v\u00e9re (pl. Holl\u00f3, 2018), k\u00e9tszerz\u0151s k\u00f6zlem\u00e9ny eset\u00e9n: (pl. Csan\u00e1dy \u00e9s T\u00f6r\u0151csik, 2019), kett\u0151n\u00e9l t\u00f6bb szerz\u0151 eset\u00e9n az els\u0151 szerz\u0151t t\u00fcntetj\u00fck fel, a munkat\u00e1rsakat &#8222;mtsai&#8221; r\u00f6vid\u00edt\u00e9ssel jelezz\u00fck: (Felegyi-T\u00f3th \u00e9s mtsai, 2023).<\/li>\n<\/ol>\n<p><em>\u00a0<\/em>Valamennyi k\u00f6zlem\u00e9nyt, melyre a dolgozatban hivatkoznak, szerepeltetni kell az irodalomjegyz\u00e9kben. Az irodalomjegyz\u00e9ket a sz\u00f6vegbeli hivatkoz\u00e1soknak megfelel\u0151en k\u00e9tf\u00e9lek\u00e9pp kell \u00f6ssze\u00e1ll\u00edtani:<\/p>\n<ol>\n<li>a sz\u00f6vegbeli megjelen\u00e9s (sz\u00e1moz\u00e1s) sorrendj\u00e9ben, vagy<\/li>\n<li>a szerz\u0151k nev\u00e9nek alfabetikus sorrendj\u00e9ben.<\/li>\n<\/ol>\n<p>&nbsp;<\/p>\n<ol>\n<li><em>Foly\u00f3iratban megjelent cikk id\u00e9z\u00e9se eset\u00e9n:<\/em><\/li>\n<\/ol>\n<p>a szerz\u0151(k) vezet\u00e9kneve \u00e9s keresztnev\u00e9nek kezd\u0151bet\u0171je, a foly\u00f3irat megjelen\u00e9s\u00e9nek \u00e9vsz\u00e1ma z\u00e1r\u00f3jelben, a k\u00f6zlem\u00e9ny c\u00edme, a foly\u00f3irat teljes, vagy hivatalos r\u00f6vid\u00edtett neve, a foly\u00f3irat k\u00f6tetsz\u00e1ma, ut\u00e1na kett\u0151spont, az id\u00e9zett k\u00f6zlem\u00e9ny oldalsz\u00e1ma (t\u00f3l-ig).<\/p>\n<p>Felegyi-T\u00f3th C.A., Heilmann T., Buda E., Stipsicz B., Simon A., Boldizs\u00e1r I., B\u0151sze S., Riethm\u00fcller E., Alberti \u00c1. (2023) Evaluation of the Chemical Stability, Membrane Permeability and Antiproliferative Activity of Cyclic Diarylheptanoids from European Hornbeam (<em>Carpinus betulus<\/em> L.). International Journal of Molecular Sciences, 24: 13489. https:\/\/doi.org\/10.3390\/ijms241713489, https:\/\/www.mdpi.com\/1422-0067\/24\/17\/13489<\/p>\n<ol start=\"2\">\n<li><em>K\u00f6nyv id\u00e9z\u00e9se eset\u00e9n:<\/em><\/li>\n<\/ol>\n<p>a szerz\u0151(k) vezet\u00e9kneve \u00e9s keresztnev\u00e9nek els\u0151 bet\u0171je, a k\u00f6nyv megjelen\u00e9s\u00e9nek \u00e9ve z\u00e1r\u00f3jelben, a k\u00f6nyv c\u00edme, a kiad\u00f3 neve, sz\u00e9khelye, oldalsz\u00e1m, p. vagy pp. (t\u00f3l-ig).<\/p>\n<p>Mabry T., Markham K.R., Thomas M.B. (1970) The Systematic Identification of Flavonoids. Springer Verlag, New York, pp. 62-68. https:\/\/doi.org\/10.1007\/978-3-642-88458-0, https:\/\/link.springer.com\/book\/10.1007\/978-3-642-88458-0<\/p>\n<ol start=\"3\">\n<li><em>Szerkesztett k\u00f6nyv id\u00e9z\u00e9se eset\u00e9n:<\/em><\/li>\n<\/ol>\n<p>az id\u00e9zett fejezet szerz\u0151j\u00e9nek\/szerz\u0151inek vezet\u00e9kneve \u00e9s kereszt-nev\u00e9nek els\u0151 bet\u0171je, az id\u00e9zett fejezet c\u00edme, ut\u00e1na &#8222;In:&#8221;, majd a szerkeszt\u0151(k) vezet\u00e9kneve, keresztnev\u00e9nek els\u0151 bet\u0171je \u00e9s z\u00e1r\u00f3jelben (Ed.) vagy (Eds.), a k\u00f6nyv c\u00edme (a k\u00f6tet sz\u00e1ma), a kiad\u00f3 neve \u00e9s sz\u00e9khelye, az id\u00e9zett fejezet oldalsz\u00e1ma, p. vagy pp. (t\u00f3l-ig).<\/p>\n<p>Harborne J.B. (1999) Plant Chemical Ecology. In: Barton D., Nakanishi K., Meth-Cohn O., (Eds.), Comprehensive Natural Products Chemistry, Vol. 8. Pergamon, Oxford, pp. 137-196. https:\/\/doi.org\/10.1016\/B978-0-08-091283-7.00051-5, https:\/\/www.sciencedirect.com\/science\/article\/abs\/pii\/B9780080912837000515<\/p>\n<p>&nbsp;<\/p>\n<p>&nbsp;<\/p>\n","protected":false},"excerpt":{"rendered":"<p>&nbsp; DIPLOMAMUNKA A diplomamunka c\u00e9lja: A Gy\u00f3gyn\u00f6v\u00e9ny- \u00e9s drogismeret, Fitok\u00e9mia, Fitoter\u00e1pia, Gy\u00f3gyszer\u00e9szi biotechnol\u00f3gia vagy ezekkel \u00f6sszef\u00fcgg\u0151 hat\u00e1rter\u00fcletek ismeretanyag\u00e1nak \u00f6n\u00e1ll\u00f3 feldolgoz\u00e1sa r\u00e9v\u00e9n el\u0151seg\u00edteni, hogy a hallgat\u00f3 elsaj\u00e1t\u00edtsa a k\u00f6nyvt\u00e1rhaszn\u00e1lat \u00e9s az irodalmaz\u00e1s m\u00f3dszereit, az adott k\u00e9rd\u00e9sben k\u00e9pes legyen ismereteinek szintetiz\u00e1l\u00e1s\u00e1ra, v\u00e9lem\u00e9nyalkot\u00e1sra, illetve szakirodalmi szint\u0171 munka elk\u00e9sz\u00edt\u00e9s\u00e9re. Az Int\u00e9zet kiemelt t\u00e9m\u00e1kban k\u00eds\u00e9rletes munka v\u00e9gz\u00e9s\u00e9t is javasolja \u00e9s &hellip;<\/p>\n","protected":false},"author":8,"featured_media":0,"parent":6,"menu_order":4,"comment_status":"open","ping_status":"open","template":"template-fullwidth.php","meta":{"_acf_changed":false,"footnotes":""},"categories":[],"tags":[],"class_list":["post-14","page","type-page","status-publish","hentry"],"acf":[],"_links":{"self":[{"href":"https:\/\/semmelweis.hu\/farmakognozia\/wp-json\/wp\/v2\/pages\/14","targetHints":{"allow":["GET"]}}],"collection":[{"href":"https:\/\/semmelweis.hu\/farmakognozia\/wp-json\/wp\/v2\/pages"}],"about":[{"href":"https:\/\/semmelweis.hu\/farmakognozia\/wp-json\/wp\/v2\/types\/page"}],"author":[{"embeddable":true,"href":"https:\/\/semmelweis.hu\/farmakognozia\/wp-json\/wp\/v2\/users\/8"}],"replies":[{"embeddable":true,"href":"https:\/\/semmelweis.hu\/farmakognozia\/wp-json\/wp\/v2\/comments?post=14"}],"version-history":[{"count":10,"href":"https:\/\/semmelweis.hu\/farmakognozia\/wp-json\/wp\/v2\/pages\/14\/revisions"}],"predecessor-version":[{"id":3849,"href":"https:\/\/semmelweis.hu\/farmakognozia\/wp-json\/wp\/v2\/pages\/14\/revisions\/3849"}],"up":[{"embeddable":true,"href":"https:\/\/semmelweis.hu\/farmakognozia\/wp-json\/wp\/v2\/pages\/6"}],"wp:attachment":[{"href":"https:\/\/semmelweis.hu\/farmakognozia\/wp-json\/wp\/v2\/media?parent=14"}],"wp:term":[{"taxonomy":"category","embeddable":true,"href":"https:\/\/semmelweis.hu\/farmakognozia\/wp-json\/wp\/v2\/categories?post=14"},{"taxonomy":"post_tag","embeddable":true,"href":"https:\/\/semmelweis.hu\/farmakognozia\/wp-json\/wp\/v2\/tags?post=14"}],"curies":[{"name":"wp","href":"https:\/\/api.w.org\/{rel}","templated":true}]}}