{"id":1320,"date":"2018-02-07T11:50:42","date_gmt":"2018-02-07T10:50:42","guid":{"rendered":"http:\/\/semmelweis.hu\/farmakognozia\/?page_id=1320"},"modified":"2025-02-18T11:19:22","modified_gmt":"2025-02-18T10:19:22","slug":"gyogynoveny-es-drogismeret-i-magyar","status":"publish","type":"page","link":"https:\/\/semmelweis.hu\/farmakognozia\/oktatas\/kotelezo-tantargyak\/gyogynoveny-es-drogismeret-i-magyar\/","title":{"rendered":"GY\u00d3GYN\u00d6V\u00c9NY- \u00c9S DROGISMERET I."},"content":{"rendered":"<p style=\"text-align: center\"><strong>GY\u00d3GYN\u00d6V\u00c9NY- \u00c9S DROGISMERET I.<\/strong><\/p>\n<p><strong>\u00a0<\/strong><\/p>\n<p><strong>A tant\u00e1rgy szakmai tartalma elsaj\u00e1t\u00edt\u00e1s\u00e1nak c\u00e9lja \u00e9s feladata a k\u00e9pz\u00e9s c\u00e9lj\u00e1nak megval\u00f3s\u00edt\u00e1s\u00e1ban:<\/strong><\/p>\n<p>A gy\u00f3gy\u00e1szatban \u00e9s az eg\u00e9szs\u00e9g-meg\u0151rz\u00e9sben felhaszn\u00e1lt gy\u00f3gyn\u00f6v\u00e9nyek \u00e9s drogjaik megismer\u00e9se, felismer\u00e9se \u00e9s azonos\u00edt\u00e1sa, valamint min\u0151s\u00e9g\u00fck biztos\u00edt\u00e1s\u00e1t szolg\u00e1l\u00f3 ismeretek \u00e9s vizsg\u00e1lati m\u00f3dszerek elsaj\u00e1t\u00edt\u00e1sa. Ezzel hozz\u00e1j\u00e1rul a gy\u00f3gyszer\u00e9szhallgat\u00f3knak a n\u00f6v\u00e9nyi gy\u00f3gyszerek kiemelt szak\u00e9rt\u0151iv\u00e9 val\u00f3 nevel\u00e9s\u00e9ben. A korszer\u0171 farmakogn\u00f3ziai ismeretek birtok\u00e1ban versenyk\u00e9pes tud\u00e1ssal rendelkez\u0151 hallgat\u00f3k k\u00e9pz\u00e9s\u00e9hez j\u00e1rul hozz\u00e1 egy olyan id\u0151szakban, amikor az el\u0151t\u00e9rbe ker\u00fclt term\u00e9szetes anyagokkal, gy\u00f3gyn\u00f6v\u00e9nyekkel kapcsolatos ismeretanyag fel\u00e9rt\u00e9kel\u0151d\u00f6tt \u00e9s az eur\u00f3pai harmoniz\u00e1ci\u00f3, valamint a meg\u00fajul\u00f3 hazai szab\u00e1lyoz\u00e1si rendszer k\u00f6vetkezt\u00e9ben is \u00faj szempontokkal b\u0151v\u00fclt.<\/p>\n<p>&nbsp;<\/p>\n<p><strong>A tant\u00e1rgy r\u00f6vid le\u00edr\u00e1sa:<\/strong><\/p>\n<p><em>Elm\u00e9let:<\/em> A tematika a n\u00f6v\u00e9nyi anyagok biogenetikai rendszer\u00e9t k\u00f6veti. Olyan ar\u00e1nyeltol\u00f3d\u00e1st \u00e9s r\u00e9szben szelekci\u00f3t jelent a tananyagban, amely kell\u0151en hangs\u00falyozza a ter\u00e1pi\u00e1s gyakorlatban jelent\u0151s n\u00f6v\u00e9nyi drogok \u00e9s hat\u00f3anyagaik ismeret\u00e9nek fontoss\u00e1g\u00e1t. Ugyanakkor kell\u0151 ismeretanyagot ny\u00fajt hat\u00e1s-k\u00e9miai szerkezet \u00f6sszef\u00fcgg\u00e9sben az \u00fajonnan el\u0151t\u00e9rbe ker\u00fcl\u0151, esetleg k\u00fclf\u00f6ldi sz\u00e1rmaz\u00e1s\u00fa n\u00f6v\u00e9nyi drogok feldolgoz\u00e1s\u00e1hoz k\u00e9miai anyag-csoportjaik alapj\u00e1n. Szem el\u0151tt tartja az Eur\u00f3pai Gy\u00f3gyszerk\u00f6nyv (Ph.Eur)\/VIII. Magyar Gy\u00f3gyszerk\u00f6nyv (Ph.Hg. VIII.) elv\u00e1r\u00e1sait. Biztos\u00edtja ez\u00e1ltal mindazon n\u00f6v\u00e9nyi drogok \u00e9s hat\u00f3anyagok ismeret\u00e9t, amelyek a fitogy\u00f3gyszerek (ide\u00e9rtve a k\u00f6zelj\u00f6v\u0151ben tradicion\u00e1lis OTC gy\u00f3gyszerekk\u00e9 v\u00e1l\u00f3 k\u00e9sz\u00edtm\u00e9nyeket) \u00e9s prevenci\u00f3s c\u00e9l\u00fa term\u00e9kek (\u00e9trendkieg\u00e9sz\u00edt\u0151k) alapanyag\u00e1ul szolg\u00e1lnak.<\/p>\n<p><em>\u00a0<\/em><\/p>\n<p><em>Gyakorlat:<\/em> Anyagismeret: drogok felismer\u00e9se; makroszk\u00f3pos \u00e9s mikroszk\u00f3pos vizsg\u00e1lata. Drogok hat\u00f3- \u00e9s tartalomanyagainak kimutat\u00e1sa (el\u0151k\u00e9sz\u00edt\u00e9s, kivon\u00e1s \u00e9s tiszt\u00edt\u00f3 m\u0171veletek, \u00e1ltal\u00e1nos \u00e9s specifikus k\u00e9miai reakci\u00f3k, kromatogr\u00e1fi\u00e1s m\u00f3dszerek), mennyis\u00e9gi \u00e9rt\u00e9kel\u00e9sek (gy\u00f3gyszerk\u00f6nyvi \u00e9s szabv\u00e1ny vizsg\u00e1l\u00f3 m\u00f3dszerek) \u00e9s az egyes komponensek izol\u00e1l\u00e1sa v. szelekt\u00edv meghat\u00e1roz\u00e1sa komplex kromatogr\u00e1fi\u00e1s \u00e9s spektroszk\u00f3pi\u00e1s elj\u00e1r\u00e1sokkal. N\u00f6v\u00e9nyi drogok felhaszn\u00e1l\u00e1sa vezet\u0151 hat\u00e1saik alapj\u00e1n a prevenci\u00f3ban, fitoter\u00e1pi\u00e1ban \u00e9s az \u00e9letmin\u0151s\u00e9g jav\u00edt\u00e1s\u00e1ban<\/p>\n<p>&nbsp;<\/p>\n<p><strong>Tematika:<\/strong><\/p>\n<p><em>Elm\u00e9leti \u00f3r\u00e1k tematik\u00e1ja<\/em>:<\/p>\n<ol>\n<li>h\u00e9t: A Gy\u00f3gyn\u00f6v\u00e9ny- \u00e9s drogismeret t\u00e1rgy helye a kurrikulumban. Gy\u00f3gyn\u00f6v\u00e9nyt\u0151l a n\u00f6v\u00e9nyi drogok, gy\u00f3gyn\u00f6v\u00e9ny-k\u00e9sz\u00edtm\u00e9nyek, gy\u00f3gyszerek el\u0151\u00e1ll\u00edt\u00e1s\u00e1ig. A n\u00f6v\u00e9nyi drogok nevez\u00e9ktana, csoportos\u00edt\u00e1suk szempontjai. T\u00f6rt\u00e9neti \u00e1ttekint\u00e9s.<\/li>\n<li>h\u00e9t: A gy\u00f3gyn\u00f6v\u00e9nyek gy\u0171jt\u00e9se, v\u00e9dett n\u00f6v\u00e9nyek. Gy\u00f3gyn\u00f6v\u00e9nyek termeszt\u00e9se, nemes\u00edt\u00e9se. A n\u00f6v\u00e9nyi drogok feldolgoz\u00e1sa, kereskedelme \u00e9s min\u0151s\u00edt\u00e9se. Gy\u00f3gyszerk\u00f6nyvek (Ph. Hg. VIII., Ph. Eur. 11.), gy\u00f3gyn\u00f6v\u00e9ny-szabv\u00e1nyok el\u0151\u00edr\u00e1sai. <span style=\"font-size: 1rem\">Az univerz\u00e1lis \u00e9s speci\u00e1lis (primer \u00e9s szekunder) anyagcsere fogalma \u00e9s \u00f6sszef\u00fcgg\u00e9se.<\/span><\/li>\n<li>h\u00e9t:\u00a0 Sz\u00e9nhidr\u00e1t drogok. Monoszacharidok. Oligoszacharidok. Homo-poliszacharidok \u00e9s drogjaik. Heteropoliszacharidok \u00e9s drogjaik. Poliuronidok, pektinek, alginsavak. Ny\u00e1lkaanyagok \u00e9s drogjaik.<\/li>\n<li>h\u00e9t: N\u00f6v\u00e9nyi savanyagcsere, savdrogok. A C-vitamin jelent\u0151s\u00e9ge. Poliketidek bioszint\u00e9zise. Zsiros olajok \u00e9s egy\u00e9b lipidek.<\/li>\n<li>h\u00e9t: Fenoloidok bioszint\u00e9zise \u00e9s csoportos\u00edt\u00e1sa. Egyszer\u0171 fenolglikozidok, fah\u00e9jsavsz\u00e1rmaz\u00e9kok, szalicilglikozidok \u00e9s drogjaik. Fenolos karbonsavak \u00e9s gy\u00f3gy\u00e1szati jelent\u0151s\u00e9g\u00fck. Benzoe- \u00e9s fah\u00e9jsav\u00e9sztereket tartalmaz\u00f3 drogok<\/li>\n<li>h\u00e9t: Kumarinok k\u00e9pz\u0151d\u00e9se, csoportjai \u00e9s drogjai.<\/li>\n<li>h\u00e9t: Diarilhept\u00e1n sz\u00e1rmaz\u00e9kok, stirilpironok, stilbenoid sz\u00e1rmaz\u00e9kok, arilalkanonok,\u00a0 lign\u00e1nok \u00e9s drogjaik<\/li>\n<li>h\u00e9t: Flavonoidok k\u00e9pz\u0151d\u00e9se \u00e9s biol\u00f3giai tulajdons\u00e1gai \u00e9s drogjaik.<\/li>\n<li>h\u00e9t: Kalkonok, izoflavonoidok, rotenoidok, antocianinok, flavonolign\u00e1nok \u00e9s drogjaik.<\/li>\n<li>h\u00e9t: Cserz\u0151anyagok biol\u00f3gi\u00e1ja, k\u00e9mi\u00e1ja. Cserz\u0151anyag tartalm\u00fa drogok. Proantocianidinek gy\u00f3gy\u00e1szati jelent\u0151s\u00e9ge.<\/li>\n<li>h\u00e9t: Naftokinonok. Antraglikozidokat \u00e9s sz\u00e1rmaz\u00e9kaikat tartalmaz\u00f3 drogok. Farmakol\u00f3giai hat\u00e1suk \u00e9s gy\u00f3gy\u00e1szati felhaszn\u00e1l\u00e1suk k\u00e9rd\u00e9sei. Naftodiantronok, floroglucin sz\u00e1rmaz\u00e9kok, kannabinoidok<\/li>\n<li>h\u00e9t: Gomb\u00e1k gy\u00f3gy\u00e1szati jelent\u0151s\u00e9ge<\/li>\n<li>h\u00e9t:\u00a0 \u00d6sszefoglal\u00e1s, felk\u00e9sz\u00fcl\u00e9s az \u00e9vfolyam z\u00e1rthelyire<\/li>\n<li>h\u00e9t: \u00c9vfolyam z\u00e1rthelyi<\/li>\n<\/ol>\n<p>&nbsp;<\/p>\n<p>Gyakorlati \u00f3r\u00e1k tematik\u00e1ja:<\/p>\n<ol>\n<li>h\u00e9t: Bevezet\u0151 gyakorlat (T\u0171z \u00e9s munkav\u00e9delmi ismeretek, szakirodalmaz\u00e1s, k\u00f6nyvt\u00e1rhaszn\u00e1lat \u00e9s sz\u00e1m\u00edt\u00f3g\u00e9pes adatb\u00e1zisok). N\u00f6v\u00e9nyi drogok mikromorfol\u00f3giai vizsg\u00e1lata k\u00fcl\u00f6n\u00f6s tekintettel a porprepar\u00e1tumokra (Ph.Hg.VIII.).<\/li>\n<li>h\u00e9t: N\u00f6v\u00e9nyi drogok \u00e1ltal\u00e1nos vizsg\u00e1l\u00f3 m\u00f3dszerei. Azonoss\u00e1gi- \u00e9s tisztas\u00e1gi vizsg\u00e1latok, k\u00f6vetelm\u00e9nyek.<\/li>\n<li>h\u00e9t: Fitoanalitikai m\u00f3dszerek<\/li>\n<li>h\u00e9t: Sz\u00e9nhidr\u00e1t tartalm\u00fa drogok vizsg\u00e1lata. Duzzad\u00e1si \u00e9rt\u00e9k meghat\u00e1roz\u00e1sa.<\/li>\n<li>h\u00e9t: Zs\u00edrosolajok vizsg\u00e1lata. Zs\u00edrsav tartalom, \u00f6sszet\u00e9tel, el nem szappanos\u00edthat\u00f3 r\u00e9sz vizsg\u00e1lata.<\/li>\n<li>h\u00e9t: Szerves \u00e9s szervetlen n\u00f6v\u00e9nyi savakat \u00e9s sz\u00e1rmaz\u00e9kaikat tartalmaz\u00f3 drogok vizsg\u00e1lata. C-vitamin tartalom meghat\u00e1roz\u00e1sa.<\/li>\n<li>h\u00e9t:\u00a0\u00a0\u00a0\u00a0\u00a0\u00a0\u00a0\u00a0\u00a0 ZH, Irodalmaz\u00e1s<\/li>\n<li>h\u00e9t: Fenolglikozidok, lign\u00e1nok, kumarinok \u00e9s diarilhept\u00e1nok vizsg\u00e1lata.<\/li>\n<li>h\u00e9t: Flavonoidok I.<\/li>\n<li>h\u00e9t: Flavonoidok II.<\/li>\n<li>h\u00e9t: Cserz\u0151anyag tartalm\u00fa drogok vizsg\u00e1lata.\u00a0 Cserz\u0151anyag tartalom meghat\u00e1roz\u00e1sa.<\/li>\n<li>h\u00e9t: Antraglikozid \u00e9s antrakinon sz\u00e1rmaz\u00e9kokat tartalmaz\u00f3 drogok vizsg\u00e1lata. Antraglikozid tartalom meghat\u00e1roz\u00e1sa gy\u00f3gyszerk\u00f6nyvben hivatalos drogokban<\/li>\n<li>h\u00e9t: Terpenofenoloidok vizsg\u00e1lata.<\/li>\n<li>h\u00e9t: K\u00e9sz\u00edtm\u00e9nyfejleszt\u00e9s. Egy\u00e9ni feladat: porismeretlen vizsg\u00e1lata.<\/li>\n<\/ol>\n<p>&nbsp;<\/p>\n<p><strong>Kurzus k\u00f6vetelm\u00e9nyrendszere:<\/strong><\/p>\n<ul>\n<li>A kurzus felv\u00e9tel\u00e9nek el\u0151zetes k\u00f6vetelm\u00e9nyei: Gy\u00f3gyszer\u00e9szi n\u00f6v\u00e9nytan<\/li>\n<li>A foglalkoz\u00e1sokon val\u00f3 r\u00e9szv\u00e9tel k\u00f6vetelm\u00e9nyei, az elfogadhat\u00f3 hi\u00e1nyz\u00e1sok m\u00e9rt\u00e9ke, a t\u00e1volmarad\u00e1s igazol\u00e1s\u00e1nak m\u00f3dja, p\u00f3tl\u00e1s lehet\u0151s\u00e9ge: a r\u00e9szv\u00e9tel k\u00f6telez\u0151 a gyakorlatok 75 %-\u00e1n. Tov\u00e1bbi hi\u00e1nyz\u00e1sok p\u00f3tl\u00e1sa k\u00f6telez\u0151.<\/li>\n<li>\u00c9vk\u00f6zi ellen\u0151rz\u00e9sek (besz\u00e1mol\u00f3k, z\u00e1rthelyi dolgozatok) sz\u00e1ma, t\u00e9mak\u00f6rei \u00e9s id\u0151pontjai, p\u00f3tl\u00e1si \u00e9s jav\u00edt\u00e1si lehet\u0151s\u00e9gek: a szorgalmi id\u0151szakban: f\u00e9l\u00e9venk\u00e9nt h\u00e1rom besz\u00e1mol\u00f3 \u00edr\u00e1sban \u00e9s\/vagy sz\u00f3ban a gyakorlati \u00e9s az elm\u00e9leti \u00f3r\u00e1k anyag\u00e1ra \u00e9p\u00edtve. Anyagismeret ellen\u0151rz\u00e9se (ismeretlen drogkever\u00e9kek vizsg\u00e1lata).<\/li>\n<li>A f\u00e9l\u00e9v v\u00e9gi al\u00e1\u00edr\u00e1s k\u00f6vetelm\u00e9nyei: Gyakorlatokon val\u00f3 r\u00e9szv\u00e9tel (vagy p\u00f3tl\u00e1s). Gyakorlati jegyz\u0151k\u00f6nyvek lead\u00e1sa \u00e9s elfogad\u00e1sa. Az \u00e9vk\u00f6zi sz\u00e1monk\u00e9r\u00e9sek \u00e9rdemjegye legal\u00e1bb el\u00e9gs\u00e9ges (2).<\/li>\n<li>A hallgat\u00f3 f\u00e9l\u00e9v sor\u00e1n egy\u00e9ni munk\u00e1val megoldand\u00f3 feladatainak sz\u00e1ma \u00e9s t\u00edpusa, ezek lead\u00e1si hat\u00e1rideje: kisel\u0151ad\u00e1s tart\u00e1sa v\u00e1lasztott t\u00e9m\u00e1ban.<\/li>\n<li>A f\u00e9l\u00e9v v\u00e9gi sz\u00e1monk\u00e9r\u00e9s t\u00edpusa: gyakorlati jegy<\/li>\n<li>A f\u00e9l\u00e9v v\u00e9gi sz\u00e1monk\u00e9r\u00e9s form\u00e1ja: k\u00f6telez\u0151 teszt dolgozat meg\u00edr\u00e1sa.<\/li>\n<\/ul>\n<p>&nbsp;<\/p>\n<p><strong>A tananyag elsaj\u00e1t\u00edt\u00e1s\u00e1hoz felhaszn\u00e1lhat\u00f3 jegyzetek, tank\u00f6nyvek, seg\u00e9dletek \u00e9s szakirodalom list\u00e1ja: <\/strong><\/p>\n<ul>\n<li>Az el\u0151ad\u00e1sok diasora (megtal\u00e1lhat\u00f3 a korzus Moodle oldal\u00e1n)<\/li>\n<li>Sz\u0151ke \u00c9va &#8211; K\u00e9ry \u00c1gnes &#8211; Lemberkovics \u00c9va: Farmakogn\u00f3zia. N\u00f6v\u00e9nyi drogok farmakobotanikai \u00e9s fitok\u00e9miai vizsg\u00e1lata + CD. \u00c1tdolgozott kiad\u00e1s. Semmelweis Kiad\u00f3, Budapest. pp.1-385. 2009.<\/li>\n<li>Sz\u0151ke \u00c9. \u00e9s munkat\u00e1rsai: Gy\u00f3gyn\u00f6v\u00e9nyt\u0151l a gy\u00f3gy\u00edt\u00e1sig. Farmakogn\u00f3zia-fitok\u00e9mia-fitoter\u00e1pia-biotechnol\u00f3gia.,Semmelweis Kiad\u00f3 \u00e9s Multim\u00e9dia St\u00fadi\u00f3, Budapest, 2019.<\/li>\n<\/ul>\n<div>\n<p>&nbsp;<\/p>\n<\/div>\n","protected":false},"excerpt":{"rendered":"<p>GY\u00d3GYN\u00d6V\u00c9NY- \u00c9S DROGISMERET I. \u00a0 A tant\u00e1rgy szakmai tartalma elsaj\u00e1t\u00edt\u00e1s\u00e1nak c\u00e9lja \u00e9s feladata a k\u00e9pz\u00e9s c\u00e9lj\u00e1nak megval\u00f3s\u00edt\u00e1s\u00e1ban: A gy\u00f3gy\u00e1szatban \u00e9s az eg\u00e9szs\u00e9g-meg\u0151rz\u00e9sben felhaszn\u00e1lt gy\u00f3gyn\u00f6v\u00e9nyek \u00e9s drogjaik megismer\u00e9se, felismer\u00e9se \u00e9s azonos\u00edt\u00e1sa, valamint min\u0151s\u00e9g\u00fck biztos\u00edt\u00e1s\u00e1t szolg\u00e1l\u00f3 ismeretek \u00e9s vizsg\u00e1lati m\u00f3dszerek elsaj\u00e1t\u00edt\u00e1sa. Ezzel hozz\u00e1j\u00e1rul a gy\u00f3gyszer\u00e9szhallgat\u00f3knak a n\u00f6v\u00e9nyi gy\u00f3gyszerek kiemelt szak\u00e9rt\u0151iv\u00e9 val\u00f3 nevel\u00e9s\u00e9ben. A korszer\u0171 farmakogn\u00f3ziai ismeretek birtok\u00e1ban &hellip;<\/p>\n","protected":false},"author":104,"featured_media":0,"parent":3435,"menu_order":7,"comment_status":"closed","ping_status":"closed","template":"template-fullwidth.php","meta":{"_acf_changed":false,"footnotes":""},"categories":[],"tags":[],"class_list":["post-1320","page","type-page","status-publish","hentry"],"acf":[],"_links":{"self":[{"href":"https:\/\/semmelweis.hu\/farmakognozia\/wp-json\/wp\/v2\/pages\/1320","targetHints":{"allow":["GET"]}}],"collection":[{"href":"https:\/\/semmelweis.hu\/farmakognozia\/wp-json\/wp\/v2\/pages"}],"about":[{"href":"https:\/\/semmelweis.hu\/farmakognozia\/wp-json\/wp\/v2\/types\/page"}],"author":[{"embeddable":true,"href":"https:\/\/semmelweis.hu\/farmakognozia\/wp-json\/wp\/v2\/users\/104"}],"replies":[{"embeddable":true,"href":"https:\/\/semmelweis.hu\/farmakognozia\/wp-json\/wp\/v2\/comments?post=1320"}],"version-history":[{"count":10,"href":"https:\/\/semmelweis.hu\/farmakognozia\/wp-json\/wp\/v2\/pages\/1320\/revisions"}],"predecessor-version":[{"id":3828,"href":"https:\/\/semmelweis.hu\/farmakognozia\/wp-json\/wp\/v2\/pages\/1320\/revisions\/3828"}],"up":[{"embeddable":true,"href":"https:\/\/semmelweis.hu\/farmakognozia\/wp-json\/wp\/v2\/pages\/3435"}],"wp:attachment":[{"href":"https:\/\/semmelweis.hu\/farmakognozia\/wp-json\/wp\/v2\/media?parent=1320"}],"wp:term":[{"taxonomy":"category","embeddable":true,"href":"https:\/\/semmelweis.hu\/farmakognozia\/wp-json\/wp\/v2\/categories?post=1320"},{"taxonomy":"post_tag","embeddable":true,"href":"https:\/\/semmelweis.hu\/farmakognozia\/wp-json\/wp\/v2\/tags?post=1320"}],"curies":[{"name":"wp","href":"https:\/\/api.w.org\/{rel}","templated":true}]}}