{"id":1306,"date":"2017-12-12T12:47:43","date_gmt":"2017-12-12T11:47:43","guid":{"rendered":"http:\/\/semmelweis.hu\/farmakognozia\/?page_id=1306"},"modified":"2025-09-16T09:39:06","modified_gmt":"2025-09-16T07:39:06","slug":"rezidenskepzes-fitoterapia","status":"publish","type":"page","link":"https:\/\/semmelweis.hu\/farmakognozia\/oktatas\/posztgradualis-oktatas\/rezidenskepzes-fitoterapia\/","title":{"rendered":"Szakgy\u00f3gyszer\u00e9sz k\u00e9pz\u00e9s"},"content":{"rendered":"<p><strong>Gy\u00f3gyszer\u00e9sz szakk\u00e9pz\u00e9s \u00e9s tov\u00e1bbk\u00e9pz\u00e9s<\/strong><\/p>\n<p>A 2000. janu\u00e1r 1-\u00e9n hat\u00e1lyba l\u00e9pett E\u00fc.M. rendelet \u00e9rtelm\u00e9ben az Int\u00e9zet az MGYK Orsz\u00e1gos Szervezete t\u00e1mogat\u00e1s\u00e1val, az MGYT Orsz\u00e1gos Szervezet\u00e9vel k\u00f6z\u00f6s rendez\u00e9sben Farmakogn\u00f3zia (fitok\u00e9mia, fitoter\u00e1pia \u00e9s biotechnol\u00f3gia) c\u00edmmel tov\u00e1bbk\u00e9pz\u0151 el\u0151ad\u00e1s-sorozatot szervez gy\u00f3gyszer\u00e9szek, orvosok \u00e9s rokon ter\u00fcleten szerzett egyetemi diplom\u00e1val rendelkez\u0151k sz\u00e1m\u00e1ra. Az el\u0151ad\u00e1s-sorozatok tematik\u00e1ja \u00e9s felt\u00e9telei az Int\u00e9zetben, illetve az Eg\u00e9szs\u00e9g\u00fcgyi K\u00f6zl\u00f6ny megfelel\u0151 sz\u00e1maiban tekinthet\u0151 meg.<\/p>\n<p>A szakk\u00e9pz\u00e9s \u00faj rendszere<\/p>\n<p>A haz\u00e1nkban egys\u00e9ges fel\u00e9p\u00edt\u00e9s\u0171 eg\u00e9szs\u00e9g\u00fcgyi fels\u0151fok\u00fa szakk\u00e9pz\u00e9s keret\u00e9ben jelenleg 12 alapszak\u00e1gban szerezhet\u0151 szakgy\u00f3gyszer\u00e9szi k\u00e9pes\u00edt\u00e9s (66\/1999. XII.25. E\u00fc.M. rendelet). Ezek egyike a Farmakogn\u00f3zia \u00e9s Fitoter\u00e1pia, melynek k\u00e9pz\u00e9si helye a Semmelweis Egyetem Farmakogn\u00f3zia Int\u00e9zete.<br \/>\nC\u00e9lja a ter\u00e1pi\u00e1ban \u00e9s prevenci\u00f3ban alkalmazott, els\u0151sorban az ut\u00f3bbi \u00e9vekben az \u00e9rdekl\u0151d\u00e9s k\u00f6z\u00e9ppontj\u00e1ba ker\u00fclt gy\u00f3gyn\u00f6v\u00e9nyek \u00e9s bel\u0151l\u00fck el\u0151\u00e1ll\u00edtott fitofarmakonok bemutat\u00e1sa. A tematika a gy\u00f3gyn\u00f6v\u00e9nyek ismeret\u00e9n t\u00fal fel\u00f6leli a hat\u00f3anyagok, azok bioszint\u00e9zis\u00e9nek \u00e9s standardiz\u00e1l\u00e1s\u00e1nak k\u00e9rd\u00e9seit \u00e9s a hat\u00e1st hordoz\u00f3 vegy\u00fcletek\/vegy\u00fcletcsoportok alkalmaz\u00e1si ter\u00fcleteit, hat\u00e1s \u00e9s szerkezet k\u00f6z\u00f6tti \u00f6sszef\u00fcgg\u00e9seket, hat\u00e1s, mell\u00e9khat\u00e1s, egy\u00fctthat\u00e1s k\u00f6z\u00f6tti \u00f6sszef\u00fcgg\u00e9seket. Foglalkozik az eur\u00f3pai el\u0151\u00edr\u00e1sokkal \u00e9s min\u0151s\u00e9gbiztos\u00edt\u00e1si k\u00f6vetelm\u00e9nyekkel.<br \/>\nSzakmai programja k\u00f6telez\u0151 \u00e9s szabadon v\u00e1laszthat\u00f3 tanfolyamokat, valamint az Int\u00e9zetben teljes\u00edtend\u0151 gyakorlatot foglal mag\u00e1ban. K\u00f6telez\u0151 tanfolyamok: a farmakogn\u00f3zia aktu\u00e1lis k\u00e9rd\u00e9sei, fitotechnol\u00f3gia, fitok\u00e9mia \u00e9s fitoanalitika, fitoter\u00e1pia alapjai, m\u00e9rgez\u0151 n\u00f6v\u00e9nyek, n\u00f6v\u00e9nyi m\u00e9rgez\u00e9sek.<\/p>\n<p>&nbsp;<\/p>\n<p style=\"text-align: center\">TEMATIK\u00c1K<\/p>\n<p>&nbsp;<\/p>\n<p>FARMAKOGN\u00d3ZIA SZAKIR\u00c1NY:<\/p>\n<p style=\"text-align: left\">N\u00d6V\u00c9NYI ALAP\u00da SZEREK FEJLESZT\u00c9SE \u00c9S EL\u0150\u00c1LL\u00cdT\u00c1SA <br \/>\n<a href=\"https:\/\/semmelweis.hu\/farmakognozia\/files\/2021\/10\/NOVENYI_ALAPU_SZEREK_szakvizsga_vizsgatetelek_2021.pdf\">N\u00d6V\u00c9NYI ALAP\u00da SZEREK FEJLESZT\u00c9SE \u00c9S EL\u0150\u00c1LL\u00cdT\u00c1SA, FARMAKOGN\u00d3ZIA SZAKIR\u00c1NY &#8211; Szakvizsga vizsgat\u00e9telek 2021<\/a> \u00a0(\u00e9rv\u00e9nyes visszavon\u00e1sig)<\/p>\n<p>&nbsp;<\/p>\n<p><a href=\"https:\/\/semmelweis.hu\/farmakognozia\/files\/2019\/10\/Fitoterapia_2019.pdf\">FITOTER\u00c1PIA SZAKIR\u00c1NY<\/a> \u00a0(\u00e9rv\u00e9nyes visszavon\u00e1sig)<\/p>\n<p style=\"text-align: left\"><a href=\"https:\/\/semmelweis.hu\/farmakognozia\/files\/2021\/06\/FITOTERAPIA-SZAKIRANY_szakvizsga-vizsgatetelek_2021.pdf\">FITOTER\u00c1PIA SZAKIR\u00c1NY szakvizsga vizsgat\u00e9telek 2021<\/a>\u00a0(\u00e9rv\u00e9nyes visszavon\u00e1sig)<\/p>\n<p>&nbsp;<\/p>\n<p><a href=\"https:\/\/semmelweis.hu\/farmakognozia\/files\/2019\/10\/Etrend_kiegeszitok.pdf\">\u00c9trend-kieg\u00e9sz\u00edt\u0151k\u00a0 \u00a0<\/a>(\u00e9rv\u00e9nyes visszavon\u00e1sig)<\/p>\n<p><a href=\"https:\/\/semmelweis.hu\/farmakognozia\/files\/2019\/10\/Gyogyszereszi_biotechnologia.pdf\">Gy\u00f3gyszer\u00e9szi biotechnol\u00f3gia <\/a>(\u00e9rv\u00e9nyes visszavon\u00e1sig)<\/p>\n<p><a href=\"https:\/\/semmelweis.hu\/farmakognozia\/files\/2019\/10\/Gyogynovenyek_a_kozmetikaban.pdf\">Gy\u00f3gyn\u00f6v\u00e9nyek a kozmetik\u00e1ban <\/a>(\u00e9rv\u00e9nyes visszavon\u00e1sig)<\/p>\n<p><a href=\"https:\/\/semmelweis.hu\/farmakognozia\/files\/2019\/10\/Mergezo_novenyek.pdf\">M\u00e9rgez\u0151 n\u00f6v\u00e9nyek <\/a>(\u00e9rv\u00e9nyes visszavon\u00e1sig)<\/p>\n<p>&nbsp;<\/p>\n<p>&nbsp;<\/p>\n<p>&nbsp;<\/p>\n","protected":false},"excerpt":{"rendered":"<p>Gy\u00f3gyszer\u00e9sz szakk\u00e9pz\u00e9s \u00e9s tov\u00e1bbk\u00e9pz\u00e9s A 2000. janu\u00e1r 1-\u00e9n hat\u00e1lyba l\u00e9pett E\u00fc.M. rendelet \u00e9rtelm\u00e9ben az Int\u00e9zet az MGYK Orsz\u00e1gos Szervezete t\u00e1mogat\u00e1s\u00e1val, az MGYT Orsz\u00e1gos Szervezet\u00e9vel k\u00f6z\u00f6s rendez\u00e9sben Farmakogn\u00f3zia (fitok\u00e9mia, fitoter\u00e1pia \u00e9s biotechnol\u00f3gia) c\u00edmmel tov\u00e1bbk\u00e9pz\u0151 el\u0151ad\u00e1s-sorozatot szervez gy\u00f3gyszer\u00e9szek, orvosok \u00e9s rokon ter\u00fcleten szerzett egyetemi diplom\u00e1val rendelkez\u0151k sz\u00e1m\u00e1ra. Az el\u0151ad\u00e1s-sorozatok tematik\u00e1ja \u00e9s felt\u00e9telei az Int\u00e9zetben, illetve az Eg\u00e9szs\u00e9g\u00fcgyi &hellip;<\/p>\n","protected":false},"author":104,"featured_media":0,"parent":15,"menu_order":1,"comment_status":"closed","ping_status":"closed","template":"template-fullwidth.php","meta":{"_acf_changed":false,"footnotes":""},"categories":[],"tags":[],"class_list":["post-1306","page","type-page","status-publish","hentry"],"acf":[],"_links":{"self":[{"href":"https:\/\/semmelweis.hu\/farmakognozia\/wp-json\/wp\/v2\/pages\/1306","targetHints":{"allow":["GET"]}}],"collection":[{"href":"https:\/\/semmelweis.hu\/farmakognozia\/wp-json\/wp\/v2\/pages"}],"about":[{"href":"https:\/\/semmelweis.hu\/farmakognozia\/wp-json\/wp\/v2\/types\/page"}],"author":[{"embeddable":true,"href":"https:\/\/semmelweis.hu\/farmakognozia\/wp-json\/wp\/v2\/users\/104"}],"replies":[{"embeddable":true,"href":"https:\/\/semmelweis.hu\/farmakognozia\/wp-json\/wp\/v2\/comments?post=1306"}],"version-history":[{"count":11,"href":"https:\/\/semmelweis.hu\/farmakognozia\/wp-json\/wp\/v2\/pages\/1306\/revisions"}],"predecessor-version":[{"id":3857,"href":"https:\/\/semmelweis.hu\/farmakognozia\/wp-json\/wp\/v2\/pages\/1306\/revisions\/3857"}],"up":[{"embeddable":true,"href":"https:\/\/semmelweis.hu\/farmakognozia\/wp-json\/wp\/v2\/pages\/15"}],"wp:attachment":[{"href":"https:\/\/semmelweis.hu\/farmakognozia\/wp-json\/wp\/v2\/media?parent=1306"}],"wp:term":[{"taxonomy":"category","embeddable":true,"href":"https:\/\/semmelweis.hu\/farmakognozia\/wp-json\/wp\/v2\/categories?post=1306"},{"taxonomy":"post_tag","embeddable":true,"href":"https:\/\/semmelweis.hu\/farmakognozia\/wp-json\/wp\/v2\/tags?post=1306"}],"curies":[{"name":"wp","href":"https:\/\/api.w.org\/{rel}","templated":true}]}}