{"id":13,"date":"2012-06-12T15:31:02","date_gmt":"2012-06-12T13:31:02","guid":{"rendered":"http:\/\/semmelweis-egyetem.hu\/farmakognozia\/?page_id=13"},"modified":"2025-02-20T14:47:46","modified_gmt":"2025-02-20T13:47:46","slug":"szabadon-valaszthato-tantargyak","status":"publish","type":"page","link":"https:\/\/semmelweis.hu\/farmakognozia\/oktatas\/szabadon-valaszthato-tantargyak\/","title":{"rendered":"SZABADON V\u00c1LASZTHAT\u00d3 TANT\u00c1RGYAK"},"content":{"rendered":"<div style=\"text-align: center\">Az Int\u00e9zet az al\u00e1bbi<b> SZABADON V\u00c1LASZTHAT\u00d3 TANT\u00c1RGYAKAT <\/b>hirdeti meg, melyekre III., IV. illetve V. \u00e9ves hallgat\u00f3k jelentkez\u00e9s\u00e9t v\u00e1rja.<\/div>\n<div>\u00a0<\/div>\n<div>\u00a0<\/div>\n<div>\n<ul>\n<li style=\"list-style-type: none\">\n<ul>\n<li><a href=\"https:\/\/semmelweis.hu\/farmakognozia\/oktatas\/kotelezoen-valaszthato-tantargyak-2\/a-folyadekkromatografia-es-analitikai-alkalmazasai\/\">A FOLYAD\u00c9KKROMATOGR\u00c1FIA \u00c9S ANALITIKAI ALKALMAZ\u00c1SAI<\/a><\/li>\n<li><a href=\"https:\/\/semmelweis.hu\/farmakognozia\/oktatas\/kotelezoen-valaszthato-tantargyak-2\/etrend-kiegeszitok\/\">\u00c9TREND-KIEG\u00c9SZ\u00cdT\u0150K<\/a><\/li>\n<li><a href=\"https:\/\/semmelweis.hu\/farmakognozia\/oktatas\/kotelezoen-valaszthato-tantargyak-2\/fitokemia\/\">FITOK\u00c9MIA<\/a><\/li>\n<li><a href=\"https:\/\/semmelweis.hu\/farmakognozia\/oktatas\/kotelezoen-valaszthato-tantargyak-2\/gyogyszereszi-biotechnologia\/\">GY\u00d3GYN\u00d6V\u00c9NY BIOTECHNOL\u00d3GIA<\/a><\/li>\n<li><a href=\"https:\/\/semmelweis.hu\/farmakognozia\/oktatas\/szabadon-valaszthato-tantargyak\/gyogynovenyek-es-a-kozmetika-kapcsolata\/\">GY\u00d3GYN\u00d6V\u00c9NYEK \u00c9S A KOZMETIKA KAPCSOLATA<\/a><\/li>\n<li><a href=\"https:\/\/semmelweis.hu\/farmakognozia\/oktatas\/szabadon-valaszthato-tantargyak\/mergezo-novenyek-novenyi-mergezesek\/\">M\u00c9RGEZ\u0150 N\u00d6V\u00c9NYEK, N\u00d6V\u00c9NYI M\u00c9RGEZ\u00c9SEK<\/a><\/li>\n<li><a href=\"https:\/\/semmelweis.hu\/farmakognozia\/oktatas\/szabadon-valaszthato-tantargyak\/aok-fitoterapia\/\">FITOTER\u00c1PIA, GY\u00d3GYN\u00d6V\u00c9NYEK ALKALMAZ\u00c1SA A MINDENNAPI ORVOSI GYAKORLATBAN<strong><br \/>\n<\/strong><\/a><\/li>\n<\/ul>\n<\/li>\n<\/ul>\n<\/div>\n<div>\u00a0<\/div>\n<div>\n<ul class=\" dropdown-menu \" role=\"menu\">\n<li id=\"menu-item-3496\" class=\"menu-item menu-item-type-post_type menu-item-object-page menu-item-3496\"><a href=\"https:\/\/semmelweis.hu\/farmakognozia\/oktatas\/kotelezoen-valaszthato-tantargyak-2\/a-folyadekkromatografia-es-analitikai-alkalmazasai\/\">LKALMAZ\u00c1SAI<\/a><\/li>\n<li id=\"menu-item-3497\" class=\"menu-item menu-item-type-post_type menu-item-object-page menu-item-3497\"><a href=\"https:\/\/semmelweis.hu\/farmakognozia\/oktatas\/kotelezoen-valaszthato-tantargyak-2\/etrend-kiegeszitok\/\">\u00c9TREND-KIEG\u00c9SZ\u00cdT\u0150K<\/a><\/li>\n<li id=\"menu-item-3498\" class=\"menu-item menu-item-type-post_type menu-item-object-page menu-item-3498\"><a href=\"https:\/\/semmelweis.hu\/farmakognozia\/oktatas\/kotelezoen-valaszthato-tantargyak-2\/fitokemia\/\">FITOK\u00c9MIA<\/a><\/li>\n<li id=\"menu-item-3499\" class=\"menu-item menu-item-type-post_type menu-item-object-page menu-item-3499\"><a href=\"https:\/\/semmelweis.hu\/farmakognozia\/oktatas\/kotelezoen-valaszthato-tantargyak-2\/gyogyszereszi-biotechnologia\/\">GY\u00d3GYN\u00d6V\u00c9NY BIOTECHNOL\u00d3GIA<\/a><\/li>\n<li id=\"menu-item-3522\" class=\"menu-item menu-item-type-post_type menu-item-object-page menu-item-3522\"><a href=\"https:\/\/semmelweis.hu\/farmakognozia\/oktatas\/szabadon-valaszthato-tantargyak\/gyogynovenyek-es-a-kozmetika-kapcsolata\/\">GY\u00d3GYN\u00d6V\u00c9NYEK \u00c9S A KOZMETIKA KAPCSOLATA<\/a><\/li>\n<li id=\"menu-item-3524\" class=\"menu-item menu-item-type-post_type menu-item-object-page menu-item-3524\"><a href=\"https:\/\/semmelweis.hu\/farmakognozia\/oktatas\/szabadon-valaszthato-tantargyak\/mergezo-novenyek-novenyi-mergezesek\/\">M\u00c9RGEZ\u0150 N\u00d6V\u00c9NYEK, N\u00d6V\u00c9NYI M\u00c9RGEZ\u00c9SEK<\/a><\/li>\n<li id=\"menu-item-3520\" class=\"menu-item menu-item-type-post_type menu-item-object-page menu-item-3520\"><a href=\"https:\/\/semmelweis.hu\/farmakognozia\/oktatas\/szabadon-valaszthato-tantargyak\/aok-fitoterapia\/\">\u00c1OK- FITOTER\u00c1PIA<\/a><\/li>\n<li id=\"menu-item-3496\" class=\"menu-item menu-item-type-post_type menu-item-object-page menu-item-3496\"><a href=\"https:\/\/semmelweis.hu\/farmakognozia\/oktatas\/kotelezoen-valaszthato-tantargyak-2\/a-folyadekkromatografia-es-analitikai-alkalmazasai\/\">LKALMAZ\u00c1SAI<\/a><\/li>\n<li id=\"menu-item-3497\" class=\"menu-item menu-item-type-post_type menu-item-object-page menu-item-3497\"><a href=\"https:\/\/semmelweis.hu\/farmakognozia\/oktatas\/kotelezoen-valaszthato-tantargyak-2\/etrend-kiegeszitok\/\">\u00c9TREND-KIEG\u00c9SZ\u00cdT\u0150K<\/a><\/li>\n<li id=\"menu-item-3498\" class=\"menu-item menu-item-type-post_type menu-item-object-page menu-item-3498\"><a href=\"https:\/\/semmelweis.hu\/farmakognozia\/oktatas\/kotelezoen-valaszthato-tantargyak-2\/fitokemia\/\">FITOK\u00c9MIA<\/a><\/li>\n<li id=\"menu-item-3499\" class=\"menu-item menu-item-type-post_type menu-item-object-page menu-item-3499\"><a href=\"https:\/\/semmelweis.hu\/farmakognozia\/oktatas\/kotelezoen-valaszthato-tantargyak-2\/gyogyszereszi-biotechnologia\/\">GY\u00d3GYN\u00d6V\u00c9NY BIOTECHNOL\u00d3GIA<\/a><\/li>\n<li id=\"menu-item-3522\" class=\"menu-item menu-item-type-post_type menu-item-object-page menu-item-3522\"><a href=\"https:\/\/semmelweis.hu\/farmakognozia\/oktatas\/szabadon-valaszthato-tantargyak\/gyogynovenyek-es-a-kozmetika-kapcsolata\/\">GY\u00d3GYN\u00d6V\u00c9NYEK \u00c9S A KOZMETIKA KAPCSOLATA<\/a><\/li>\n<li id=\"menu-item-3524\" class=\"menu-item menu-item-type-post_type menu-item-object-page menu-item-3524\"><a href=\"https:\/\/semmelweis.hu\/farmakognozia\/oktatas\/szabadon-valaszthato-tantargyak\/mergezo-novenyek-novenyi-mergezesek\/\">M\u00c9RGEZ\u0150 N\u00d6V\u00c9NYEK, N\u00d6V\u00c9NYI M\u00c9RGEZ\u00c9SEK<\/a><\/li>\n<li id=\"menu-item-3520\" class=\"menu-item menu-item-type-post_type menu-item-object-page menu-item-3520\"><a href=\"https:\/\/semmelweis.hu\/farmakognozia\/oktatas\/szabadon-valaszthato-tantargyak\/aok-fitoterapia\/\">\u00c1OK- FITOTER\u00c1PIA<\/a>https:\/\/semmelweis.hu\/farmakognozia\/oktatas\/kotelezoen-valaszthato-tantargyak-2\/a-folyadekkromatografia-es-analitikai-alkalmazasai\/<\/li>\n<\/ul>\n<\/div>\n","protected":false},"excerpt":{"rendered":"<p>Az Int\u00e9zet az al\u00e1bbi SZABADON V\u00c1LASZTHAT\u00d3 TANT\u00c1RGYAKAT hirdeti meg, melyekre III., IV. illetve V. \u00e9ves hallgat\u00f3k jelentkez\u00e9s\u00e9t v\u00e1rja.<br \/>\n\u00a0<br \/>\n\u00a0<\/p>\n<p><a href=\"https:\/\/semmelweis.hu\/farmakognozia\/oktatas\/kotelezoen-valaszthato-tantargyak-2\/a-folyadekkromatografia-es-analitikai-alkalmazasai\/\">A FOLYAD\u00c9KKROMATOGR\u00c1FIA \u00c9S ANALITIKAI ALKALMAZ\u00c1SAI<\/a><br \/>\n<a href=\"https:\/\/semmelweis.hu\/farmakognozia\/oktatas\/kotelezoen-valaszthato-tantargyak-2\/etrend-kiegeszitok\/\">\u00c9TREND-KIEG\u00c9SZ\u00cdT\u0150K<\/a><br \/>\n<a href=\"https:\/\/semmelweis.hu\/farmakognozia\/oktatas\/kotelezoen-valaszthato-tantargyak-2\/fitokemia\/\">FITOK\u00c9MIA<\/a><br \/>\n<a href=\"https:\/\/semmelweis.hu\/farmakognozia\/oktatas\/kotelezoen-valaszthato-tantargyak-2\/gyogyszereszi-biotechnologia\/\">GY\u00d3GYN\u00d6V\u00c9NY BIOTECHNOL\u00d3GIA<\/a><br \/>\n<a href=\"https:\/\/semmelweis.hu\/farmakognozia\/oktatas\/szabadon-valaszthato-tantargyak\/gyogynovenyek-es-a-kozmetika-kapcsolata\/\">GY\u00d3GYN\u00d6V\u00c9NYEK \u00c9S A KOZMETIKA KAPCSOLATA<\/a><br \/>\n<a href=\"https:\/\/semmelweis.hu\/farmakognozia\/oktatas\/szabadon-valaszthato-tantargyak\/mergezo-novenyek-novenyi-mergezesek\/\">M\u00c9RGEZ\u0150 N\u00d6V\u00c9NYEK, N\u00d6V\u00c9NYI M\u00c9RGEZ\u00c9SEK<\/a><br \/>\n<a href=\"https:\/\/semmelweis.hu\/farmakognozia\/oktatas\/szabadon-valaszthato-tantargyak\/aok-fitoterapia\/\">FITOTER\u00c1PIA, GY\u00d3GYN\u00d6V\u00c9NYEK ALKALMAZ\u00c1SA A MINDENNAPI ORVOSI GYAKORLATBAN<br \/>\n<\/a><\/p>\n<p>\u00a0<\/p>\n<p><a href=\"https:\/\/semmelweis.hu\/farmakognozia\/oktatas\/kotelezoen-valaszthato-tantargyak-2\/a-folyadekkromatografia-es-analitikai-alkalmazasai\/\">LKALMAZ\u00c1SAI<\/a><br \/>\n<a href=\"https:\/\/semmelweis.hu\/farmakognozia\/oktatas\/kotelezoen-valaszthato-tantargyak-2\/etrend-kiegeszitok\/\">\u00c9TREND-KIEG\u00c9SZ\u00cdT\u0150K<\/a><br \/>\n<a href=\"https:\/\/semmelweis.hu\/farmakognozia\/oktatas\/kotelezoen-valaszthato-tantargyak-2\/fitokemia\/\">FITOK\u00c9MIA<\/a><br \/>\n<a href=\"https:\/\/semmelweis.hu\/farmakognozia\/oktatas\/kotelezoen-valaszthato-tantargyak-2\/gyogyszereszi-biotechnologia\/\">GY\u00d3GYN\u00d6V\u00c9NY BIOTECHNOL\u00d3GIA<\/a><br \/>\n<a href=\"https:\/\/semmelweis.hu\/farmakognozia\/oktatas\/szabadon-valaszthato-tantargyak\/gyogynovenyek-es-a-kozmetika-kapcsolata\/\">GY\u00d3GYN\u00d6V\u00c9NYEK \u00c9S A KOZMETIKA KAPCSOLATA<\/a><br \/>\n<a href=\"https:\/\/semmelweis.hu\/farmakognozia\/oktatas\/szabadon-valaszthato-tantargyak\/mergezo-novenyek-novenyi-mergezesek\/\">M\u00c9RGEZ\u0150 N\u00d6V\u00c9NYEK, N\u00d6V\u00c9NYI M\u00c9RGEZ\u00c9SEK<\/a><br \/>\n<a href=\"https:\/\/semmelweis.hu\/farmakognozia\/oktatas\/szabadon-valaszthato-tantargyak\/aok-fitoterapia\/\">\u00c1OK- FITOTER\u00c1PIA<\/a><br \/>\n<a href=\"https:\/\/semmelweis.hu\/farmakognozia\/oktatas\/kotelezoen-valaszthato-tantargyak-2\/a-folyadekkromatografia-es-analitikai-alkalmazasai\/\">LKALMAZ\u00c1SAI<\/a><br \/>\n<a href=\"https:\/\/semmelweis.hu\/farmakognozia\/oktatas\/kotelezoen-valaszthato-tantargyak-2\/etrend-kiegeszitok\/\">\u00c9TREND-KIEG\u00c9SZ\u00cdT\u0150K<\/a><br \/>\n<a href=\"https:\/\/semmelweis.hu\/farmakognozia\/oktatas\/kotelezoen-valaszthato-tantargyak-2\/fitokemia\/\">FITOK\u00c9MIA<\/a><br \/>\n<a href=\"https:\/\/semmelweis.hu\/farmakognozia\/oktatas\/kotelezoen-valaszthato-tantargyak-2\/gyogyszereszi-biotechnologia\/\">GY\u00d3GYN\u00d6V\u00c9NY BIOTECHNOL\u00d3GIA<\/a><br \/>\n<a href=\"https:\/\/semmelweis.hu\/farmakognozia\/oktatas\/szabadon-valaszthato-tantargyak\/gyogynovenyek-es-a-kozmetika-kapcsolata\/\">GY\u00d3GYN\u00d6V\u00c9NYEK \u00c9S A KOZMETIKA KAPCSOLATA<\/a><br \/>\n<a href=\"https:\/\/semmelweis.hu\/farmakognozia\/oktatas\/szabadon-valaszthato-tantargyak\/mergezo-novenyek-novenyi-mergezesek\/\">M\u00c9RGEZ\u0150 N\u00d6V\u00c9NYEK, N\u00d6V\u00c9NYI M\u00c9RGEZ\u00c9SEK<\/a><br \/>\n<a href=\"https:\/\/semmelweis.hu\/farmakognozia\/oktatas\/szabadon-valaszthato-tantargyak\/aok-fitoterapia\/\">\u00c1OK- FITOTER\u00c1PIA<\/a>https:\/\/semmelweis.hu\/farmakognozia\/oktatas\/kotelezoen-valaszthato-tantargyak-2\/a-folyadekkromatografia-es-analitikai-alkalmazasai\/<\/p>\n","protected":false},"author":8,"featured_media":0,"parent":6,"menu_order":6,"comment_status":"closed","ping_status":"closed","template":"template-fullwidth.php","meta":{"_acf_changed":false,"footnotes":""},"categories":[],"tags":[],"class_list":["post-13","page","type-page","status-publish","hentry"],"acf":[],"_links":{"self":[{"href":"https:\/\/semmelweis.hu\/farmakognozia\/wp-json\/wp\/v2\/pages\/13","targetHints":{"allow":["GET"]}}],"collection":[{"href":"https:\/\/semmelweis.hu\/farmakognozia\/wp-json\/wp\/v2\/pages"}],"about":[{"href":"https:\/\/semmelweis.hu\/farmakognozia\/wp-json\/wp\/v2\/types\/page"}],"author":[{"embeddable":true,"href":"https:\/\/semmelweis.hu\/farmakognozia\/wp-json\/wp\/v2\/users\/8"}],"replies":[{"embeddable":true,"href":"https:\/\/semmelweis.hu\/farmakognozia\/wp-json\/wp\/v2\/comments?post=13"}],"version-history":[{"count":10,"href":"https:\/\/semmelweis.hu\/farmakognozia\/wp-json\/wp\/v2\/pages\/13\/revisions"}],"predecessor-version":[{"id":3834,"href":"https:\/\/semmelweis.hu\/farmakognozia\/wp-json\/wp\/v2\/pages\/13\/revisions\/3834"}],"up":[{"embeddable":true,"href":"https:\/\/semmelweis.hu\/farmakognozia\/wp-json\/wp\/v2\/pages\/6"}],"wp:attachment":[{"href":"https:\/\/semmelweis.hu\/farmakognozia\/wp-json\/wp\/v2\/media?parent=13"}],"wp:term":[{"taxonomy":"category","embeddable":true,"href":"https:\/\/semmelweis.hu\/farmakognozia\/wp-json\/wp\/v2\/categories?post=13"},{"taxonomy":"post_tag","embeddable":true,"href":"https:\/\/semmelweis.hu\/farmakognozia\/wp-json\/wp\/v2\/tags?post=13"}],"curies":[{"name":"wp","href":"https:\/\/api.w.org\/{rel}","templated":true}]}}