{"id":86,"date":"2020-10-30T16:48:16","date_gmt":"2020-10-30T15:48:16","guid":{"rendered":"https:\/\/semmelweis.hu\/ellatasszervezes\/?page_id=86"},"modified":"2025-02-04T15:36:39","modified_gmt":"2025-02-04T14:36:39","slug":"csaladbarat-egyetem-program","status":"publish","type":"page","link":"https:\/\/semmelweis.hu\/euszolg\/csaladbarat-egyetem-program\/","title":{"rendered":"Eg\u00e9szs\u00e9g\u00fcgyi ell\u00e1t\u00e1s a csal\u00e1dbar\u00e1t egyetem program keret\u00e9ben"},"content":{"rendered":"<div class=\"keretes w-100\">\n<p>A Semmelweis Egyetem vezet\u00e9se elk\u00f6telezett a polg\u00e1rai eg\u00e9szs\u00e9g\u00e9nek v\u00e9delme, meg\u0151rz\u00e9se ir\u00e1ny\u00e1ban, ez\u00e9rt az egyetem <strong>a Semmelweis K\u00e1rtya Program keretein bel\u00fcl minden egyetemi polg\u00e1r sz\u00e1m\u00e1ra a sz\u00fcks\u00e9g szerinti legmagasabb szint\u0171 eg\u00e9szs\u00e9g\u00fcgyi ell\u00e1t\u00e1st k\u00edv\u00e1nja biztos\u00edtani<\/strong>.<\/p>\n<\/div>\n<p>A <strong>Semmelweis Egyetem Szakrendel\u0151 Int\u00e9zet (SESZI)<\/strong> m\u0171k\u00f6dteti a csal\u00e1dbar\u00e1t rendel\u00e9st, ami alapell\u00e1t\u00e1si \u00e9s beteg\u00fat-szervez\u00e9si szolg\u00e1ltat\u00e1st ny\u00fajt, tov\u00e1bb\u00e1 szervezi az ig\u00e9nybe vehet\u0151 sz\u0171r\u0151vizsg\u00e1latokat.<\/p>\n<ul>\n<li><a href=\"https:\/\/semmelweis.hu\/euszolg\/csaladbarat-egyetem-program\/csaladbarat-rendelo\/\">Csal\u00e1dbar\u00e1t rendel\u0151<\/a><\/li>\n<li><a href=\"https:\/\/semmelweis.hu\/csaladbarat\/szurovizsgalatok\/\">Sz\u0171r\u0151vizsg\u00e1latok<\/a><\/li>\n<\/ul>\n<p><img loading=\"lazy\" decoding=\"async\" class=\"aligncenter size-full wp-image-430\" src=\"https:\/\/semmelweis.hu\/euszolg\/files\/2025\/02\/131868_transform.jpg\" alt=\"\" width=\"1280\" height=\"420\" srcset=\"https:\/\/semmelweis.hu\/euszolg\/files\/2025\/02\/131868_transform.jpg 1280w, https:\/\/semmelweis.hu\/euszolg\/files\/2025\/02\/131868_transform-400x131.jpg 400w, https:\/\/semmelweis.hu\/euszolg\/files\/2025\/02\/131868_transform-1024x336.jpg 1024w, https:\/\/semmelweis.hu\/euszolg\/files\/2025\/02\/131868_transform-768x252.jpg 768w, https:\/\/semmelweis.hu\/euszolg\/files\/2025\/02\/131868_transform-753x247.jpg 753w\" sizes=\"auto, (max-width: 1280px) 100vw, 1280px\" \/><\/p>\n<p>&nbsp;<\/p>\n","protected":false},"excerpt":{"rendered":"<p>A Semmelweis Egyetem vezet\u00e9se elk\u00f6telezett a polg\u00e1rai eg\u00e9szs\u00e9g\u00e9nek v\u00e9delme, meg\u0151rz\u00e9se ir\u00e1ny\u00e1ban, ez\u00e9rt az egyetem a Semmelweis K\u00e1rtya Program keretein bel\u00fcl minden egyetemi polg\u00e1r sz\u00e1m\u00e1ra a sz\u00fcks\u00e9g szerinti legmagasabb szint\u0171 eg\u00e9szs\u00e9g\u00fcgyi ell\u00e1t\u00e1st k\u00edv\u00e1nja biztos\u00edtani. A Semmelweis Egyetem Szakrendel\u0151 Int\u00e9zet (SESZI) m\u0171k\u00f6dteti a csal\u00e1dbar\u00e1t rendel\u00e9st, ami alapell\u00e1t\u00e1si \u00e9s beteg\u00fat-szervez\u00e9si szolg\u00e1ltat\u00e1st ny\u00fajt, tov\u00e1bb\u00e1 szervezi az ig\u00e9nybe vehet\u0151 sz\u0171r\u0151vizsg\u00e1latokat. &hellip;<\/p>\n","protected":false},"author":101836,"featured_media":0,"parent":0,"menu_order":0,"comment_status":"closed","ping_status":"closed","template":"","meta":{"_acf_changed":false,"footnotes":""},"categories":[],"tags":[],"class_list":["post-86","page","type-page","status-publish","hentry"],"acf":[],"_links":{"self":[{"href":"https:\/\/semmelweis.hu\/euszolg\/wp-json\/wp\/v2\/pages\/86","targetHints":{"allow":["GET"]}}],"collection":[{"href":"https:\/\/semmelweis.hu\/euszolg\/wp-json\/wp\/v2\/pages"}],"about":[{"href":"https:\/\/semmelweis.hu\/euszolg\/wp-json\/wp\/v2\/types\/page"}],"author":[{"embeddable":true,"href":"https:\/\/semmelweis.hu\/euszolg\/wp-json\/wp\/v2\/users\/101836"}],"replies":[{"embeddable":true,"href":"https:\/\/semmelweis.hu\/euszolg\/wp-json\/wp\/v2\/comments?post=86"}],"version-history":[{"count":11,"href":"https:\/\/semmelweis.hu\/euszolg\/wp-json\/wp\/v2\/pages\/86\/revisions"}],"predecessor-version":[{"id":431,"href":"https:\/\/semmelweis.hu\/euszolg\/wp-json\/wp\/v2\/pages\/86\/revisions\/431"}],"wp:attachment":[{"href":"https:\/\/semmelweis.hu\/euszolg\/wp-json\/wp\/v2\/media?parent=86"}],"wp:term":[{"taxonomy":"category","embeddable":true,"href":"https:\/\/semmelweis.hu\/euszolg\/wp-json\/wp\/v2\/categories?post=86"},{"taxonomy":"post_tag","embeddable":true,"href":"https:\/\/semmelweis.hu\/euszolg\/wp-json\/wp\/v2\/tags?post=86"}],"curies":[{"name":"wp","href":"https:\/\/api.w.org\/{rel}","templated":true}]}}