{"id":259,"date":"2021-05-13T16:58:23","date_gmt":"2021-05-13T14:58:23","guid":{"rendered":"https:\/\/semmelweis.hu\/ellatasszervezes\/?page_id=259"},"modified":"2025-02-26T11:17:34","modified_gmt":"2025-02-26T10:17:34","slug":"csaladbarat-rendelo","status":"publish","type":"page","link":"https:\/\/semmelweis.hu\/euszolg\/csaladbarat-egyetem-program\/csaladbarat-rendelo\/","title":{"rendered":"Csal\u00e1dbar\u00e1t rendel\u0151"},"content":{"rendered":"<h5>Alapell\u00e1t\u00e1s a Semmelweis Polg\u00e1rok sz\u00e1m\u00e1ra<\/h5>\n<p>A Klinikai K\u00f6zpont Csal\u00e1dbar\u00e1t Rendel\u0151je a Semmelweis Egyetem Szakrendel\u0151 Int\u00e9zetben (SESZI) v\u00e1rja az egyetemi polg\u00e1rokat, ahov\u00e1 akut ell\u00e1t\u00e1st nem ig\u00e9nyl\u0151 eg\u00e9szs\u00e9g\u00fcgyi panaszokkal rendelkez\u0151k j\u00f6hetnek.<\/p>\n<p>A konzult\u00e1ci\u00f3 sor\u00e1n felv\u00e9telre ker\u00fcl az anamn\u00e9zis, megt\u00f6rt\u00e9nik egy alapszint\u0171, belgy\u00f3gy\u00e1szati jelleg\u0171 kivizsg\u00e1l\u00e1s, majd sz\u00fcks\u00e9g eset\u00e9n az \u00e9rintett tov\u00e1bb utal\u00e1sra ker\u00fcl az egyetemen bel\u00fcl labor- \u00e9s k\u00e9palkot\u00f3 vizsg\u00e1latokra, valamint tov\u00e1bbi sz\u00fcks\u00e9ges szakorvosi rendel\u00e9sekre. A beteg\u00fatszervez\u00e9s, id\u0151pontk\u00e9r\u00e9s is a szolg\u00e1ltat\u00e1s r\u00e9sze, a klinik\u00e1kkal egy\u00fcttm\u0171k\u00f6d\u00e9sben.<\/p>\n<div class=\"fontos_div\">\n<p>A Csal\u00e1dbar\u00e1t Rendel\u00e9s felkeres\u00e9s\u00e9hez el\u0151zetes id\u0151pontegyeztet\u00e9s sz\u00fcks\u00e9ges.<\/p>\n<\/div>\n<p>A szolg\u00e1ltat\u00e1s c\u00e9lja, hogy az egyetemi dolgoz\u00f3k szervezett m\u00f3don, az egyetemen bel\u00fcl juthassanak eg\u00e9szs\u00e9g\u00fcgyi ell\u00e1t\u00e1shoz.<\/p>\n<div class=\"keretes w-100\">\n<p>Bejelentkez\u00e9s h\u00e9tk\u00f6znapokon 9 \u00e9s 12 \u00f3ra k\u00f6z\u00f6tt lehets\u00e9ges a +36-30-016-4645 telefonsz\u00e1mon, vagy a <a href=\"mailto:csaladorvosipraxis.seszi@semmelweis.hu\">csaladorvosipraxis.seszi@semmelweis.hu<\/a> email c\u00edmen. A rendel\u00e9s helysz\u00edne a Semmelweis Egyetem Szakrendel\u0151 Int\u00e9zet, 1085 Gyulai P\u00e1l u. 2. (K\u00f3rh\u00e1z \u00e9p\u00fclete)<\/p>\n<\/div>\n","protected":false},"excerpt":{"rendered":"<p>Alapell\u00e1t\u00e1s a Semmelweis Polg\u00e1rok sz\u00e1m\u00e1ra A Klinikai K\u00f6zpont Csal\u00e1dbar\u00e1t Rendel\u0151je a Semmelweis Egyetem Szakrendel\u0151 Int\u00e9zetben (SESZI) v\u00e1rja az egyetemi polg\u00e1rokat, ahov\u00e1 akut ell\u00e1t\u00e1st nem ig\u00e9nyl\u0151 eg\u00e9szs\u00e9g\u00fcgyi panaszokkal rendelkez\u0151k j\u00f6hetnek. A konzult\u00e1ci\u00f3 sor\u00e1n felv\u00e9telre ker\u00fcl az anamn\u00e9zis, megt\u00f6rt\u00e9nik egy alapszint\u0171, belgy\u00f3gy\u00e1szati jelleg\u0171 kivizsg\u00e1l\u00e1s, majd sz\u00fcks\u00e9g eset\u00e9n az \u00e9rintett tov\u00e1bb utal\u00e1sra ker\u00fcl az egyetemen bel\u00fcl labor- \u00e9s &hellip;<\/p>\n","protected":false},"author":101884,"featured_media":0,"parent":86,"menu_order":0,"comment_status":"closed","ping_status":"closed","template":"","meta":{"_acf_changed":false,"footnotes":""},"categories":[],"tags":[],"class_list":["post-259","page","type-page","status-publish","hentry"],"acf":[],"_links":{"self":[{"href":"https:\/\/semmelweis.hu\/euszolg\/wp-json\/wp\/v2\/pages\/259","targetHints":{"allow":["GET"]}}],"collection":[{"href":"https:\/\/semmelweis.hu\/euszolg\/wp-json\/wp\/v2\/pages"}],"about":[{"href":"https:\/\/semmelweis.hu\/euszolg\/wp-json\/wp\/v2\/types\/page"}],"author":[{"embeddable":true,"href":"https:\/\/semmelweis.hu\/euszolg\/wp-json\/wp\/v2\/users\/101884"}],"replies":[{"embeddable":true,"href":"https:\/\/semmelweis.hu\/euszolg\/wp-json\/wp\/v2\/comments?post=259"}],"version-history":[{"count":10,"href":"https:\/\/semmelweis.hu\/euszolg\/wp-json\/wp\/v2\/pages\/259\/revisions"}],"predecessor-version":[{"id":436,"href":"https:\/\/semmelweis.hu\/euszolg\/wp-json\/wp\/v2\/pages\/259\/revisions\/436"}],"up":[{"embeddable":true,"href":"https:\/\/semmelweis.hu\/euszolg\/wp-json\/wp\/v2\/pages\/86"}],"wp:attachment":[{"href":"https:\/\/semmelweis.hu\/euszolg\/wp-json\/wp\/v2\/media?parent=259"}],"wp:term":[{"taxonomy":"category","embeddable":true,"href":"https:\/\/semmelweis.hu\/euszolg\/wp-json\/wp\/v2\/categories?post=259"},{"taxonomy":"post_tag","embeddable":true,"href":"https:\/\/semmelweis.hu\/euszolg\/wp-json\/wp\/v2\/tags?post=259"}],"curies":[{"name":"wp","href":"https:\/\/api.w.org\/{rel}","templated":true}]}}