{"id":14,"date":"2020-05-27T10:21:51","date_gmt":"2020-05-27T08:21:51","guid":{"rendered":"https:\/\/semmelweis.hu\/ellatasszervezes\/?page_id=14"},"modified":"2024-08-29T11:01:26","modified_gmt":"2024-08-29T09:01:26","slug":"elerhetosegek","status":"publish","type":"page","link":"https:\/\/semmelweis.hu\/euszolg\/elerhetosegek\/","title":{"rendered":"El\u00e9rhet\u0151s\u00e9gek"},"content":{"rendered":"<p><strong>SEMMELWEIS EGYETEM, <\/strong><strong>ELL\u00c1T\u00c1SSZERVEZ\u00c9SI IGAZGAT\u00d3S\u00c1G<\/strong><\/p>\n<p><strong>C\u00edm:<\/strong> 1085 Budapest, St\u00e1hly u. 7-9. III. emelet 336.<br \/>\n<strong>Postac\u00edm:<\/strong> Szakrendel\u0151 Int\u00e9zet \u00e9p\u00fclet\u00e9nek fel\u00faj\u00edt\u00e1si munk\u00e1inak idej\u00e9re <strong>\u00e1tmenetileg elk\u00f6lt\u00f6zt\u00fcnk<\/strong> \u2013 Gyulai P\u00e1l. 2. K\u00f3rh\u00e1z \u00e9p\u00fclete II. emelet<br \/>\n<strong>Telefon:<\/strong> 06-1-235-6519<br \/>\n<strong>E-mail:<\/strong> titkarsag.eszi@semmelweis.hu<\/p>\n","protected":false},"excerpt":{"rendered":"<p>SEMMELWEIS EGYETEM, ELL\u00c1T\u00c1SSZERVEZ\u00c9SI IGAZGAT\u00d3S\u00c1G<br \/>\nC\u00edm: 1085 Budapest, St\u00e1hly u. 7-9. III. emelet 336.<br \/>\nPostac\u00edm: Szakrendel\u0151 Int\u00e9zet \u00e9p\u00fclet\u00e9nek fel\u00faj\u00edt\u00e1si munk\u00e1inak idej\u00e9re \u00e1tmenetileg elk\u00f6lt\u00f6zt\u00fcnk \u2013 Gyulai P\u00e1l. 2. K\u00f3rh\u00e1z \u00e9p\u00fclete II. emelet<br \/>\nTelefon: 06-1-235-6519<br \/>\nE-mail: titkarsag.eszi@semmelweis.hu<\/p>\n","protected":false},"author":12,"featured_media":0,"parent":0,"menu_order":8,"comment_status":"closed","ping_status":"closed","template":"","meta":{"_acf_changed":false,"footnotes":""},"categories":[],"tags":[],"class_list":["post-14","page","type-page","status-publish","hentry"],"acf":[],"_links":{"self":[{"href":"https:\/\/semmelweis.hu\/euszolg\/wp-json\/wp\/v2\/pages\/14","targetHints":{"allow":["GET"]}}],"collection":[{"href":"https:\/\/semmelweis.hu\/euszolg\/wp-json\/wp\/v2\/pages"}],"about":[{"href":"https:\/\/semmelweis.hu\/euszolg\/wp-json\/wp\/v2\/types\/page"}],"author":[{"embeddable":true,"href":"https:\/\/semmelweis.hu\/euszolg\/wp-json\/wp\/v2\/users\/12"}],"replies":[{"embeddable":true,"href":"https:\/\/semmelweis.hu\/euszolg\/wp-json\/wp\/v2\/comments?post=14"}],"version-history":[{"count":10,"href":"https:\/\/semmelweis.hu\/euszolg\/wp-json\/wp\/v2\/pages\/14\/revisions"}],"predecessor-version":[{"id":423,"href":"https:\/\/semmelweis.hu\/euszolg\/wp-json\/wp\/v2\/pages\/14\/revisions\/423"}],"wp:attachment":[{"href":"https:\/\/semmelweis.hu\/euszolg\/wp-json\/wp\/v2\/media?parent=14"}],"wp:term":[{"taxonomy":"category","embeddable":true,"href":"https:\/\/semmelweis.hu\/euszolg\/wp-json\/wp\/v2\/categories?post=14"},{"taxonomy":"post_tag","embeddable":true,"href":"https:\/\/semmelweis.hu\/euszolg\/wp-json\/wp\/v2\/tags?post=14"}],"curies":[{"name":"wp","href":"https:\/\/api.w.org\/{rel}","templated":true}]}}